{"id":11966,"date":"2021-04-29T08:18:07","date_gmt":"2021-04-29T08:18:07","guid":{"rendered":"https:\/\/deski.org\/?page_id=11966"},"modified":"2022-03-21T15:57:51","modified_gmt":"2022-03-21T15:57:51","slug":"polkolonie-tenisowe-lato-5","status":"publish","type":"page","link":"https:\/\/deski.org\/en\/tenis\/polkolonie-tenisowe-lato-5\/","title":{"rendered":"P\u00f3\u0142kolonie Tenisowe Lato #5"},"content":{"rendered":"<div class=\"wpb-content-wrapper\"><p>[vc_row][vc_column width=&#8221;1\/6&#8243;][\/vc_column][vc_column width=&#8221;2\/3&#8243;]<div class=\"spacer\" style=\"height: 40px;\"><\/div>[vc_raw_html]JTVCbWV0YXNsaWRlciUyMGlkJTNEJTIyODU5MyUyMiU1RA==[\/vc_raw_html][\/vc_column][vc_column width=&#8221;1\/6&#8243;][\/vc_column][\/vc_row][vc_row][vc_column width=&#8221;1\/1&#8243;]<div class=\"spacer\" style=\"height: 40px;\"><\/div>[vc_column_text]Termin: <strong><span class=\"pricing-amount\">22.08 &#8211; 26.08.2022<\/span><\/strong><\/p>\n<p>Serdecznie zapraszamy dzieci w wieku 6-12 lat do uczestnictwa w p\u00f3\u0142koloniach organizowanych na terenie klubu DeSki. Gwarantujemy \u015bwietn\u0105 zabaw\u0119 w formie codziennych zaj\u0119\u0107 zar\u00f3wno tenisowych jak i og\u00f3lnorozwojowych oraz niepowtarzalne warsztaty artystyczno-naukowe.<\/p>\n<p>Zaj\u0119cia trwaj\u0105 od poniedzia\u0142ku do pi\u0105tku (8:00 &#8211; 16:00)<\/p>\n<p><strong>MIEJSCE:<br \/>\n<\/strong>Klub Tenisowy DeSki<br \/>\n<a href=\"https:\/\/maps.google.com\/?q=ul.Zaruskiego+8,+Warszawa&amp;entry=gmail&amp;source=g\" target=\"_blank\" rel=\"noopener noreferrer\" data-saferedirecturl=\"https:\/\/www.google.com\/url?hl=pl&amp;q=https:\/\/maps.google.com\/?q%3Dul.Zaruskiego%2B8,%2BWarszawa%26entry%3Dgmail%26source%3Dg&amp;source=gmail&amp;ust=1521711912412000&amp;usg=AFQjCNEwnWFUMLjZw5cwcuMz4qEJmJ8KiQ\">ul.Zaruskiego 8, Warszawa<\/a><\/p>\n<p><strong>PROGRAM DNIA PRZEWIDUJE:<\/strong><br \/>\n8:00-9:00 \u015aniadanie<br \/>\n9:00-10:00 Zaj\u0119cia tenisowe<br \/>\n10:00-11:30 Gry i zabawy og\u00f3lnorozwojowe<br \/>\n11:30-13:00 Warsztaty (krawieckie, ceramiczne, chemiczne, mydlarskie, origami)<br \/>\n13:00-14:00 Obiad<br \/>\n14:00-15:00 Odpoczynek na \u015bwie\u017cym powietrzu\/ sjesta<br \/>\n15:00-16:00 Zaj\u0119cia tenisowe<br \/>\nKoniec dnia<br \/>\nZ racji dostosowania grafiku do r\u00f3\u017cnych grup wiekowych, mog\u0105 pojawi\u0107 si\u0119 zmiany w programie zaj\u0119\u0107.<\/p>\n<p><strong>CENA : 9<\/strong><strong>9<\/strong><strong>0 z\u0142 \u00a0<\/strong><\/p>\n<p>Zaliczka\u00a0<u>600 <\/u>z\u0142 (stanowi potwierdzenie rezerwacji miejsca)<br \/>\nDop\u0142ata\u00a0<u>390<\/u>\u00a0z\u0142<\/p>\n<p><strong>CENA OBEJMUJE:<\/strong><br \/>\n&#8211; ubezpieczenie<br \/>\n&#8211; treningi sportowe<br \/>\n&#8211; warsztaty artystyczno-naukowe<br \/>\n&#8211; opiek\u0119 trenersk\u0105<br \/>\n&#8211; \u015bniadanie<br \/>\n&#8211; obiad<br \/>\n&#8211; podwieczorek<\/p>\n<hr \/>\n<p><strong>LISTA RZECZY DO ZABRANIA :<br \/>\n<\/strong>\u2013 czapka, koszulka na zmian\u0119<br \/>\n\u2013 spodnie sportowe i spodenki, bluza<br \/>\n\u2013 rakieta tenisowa (w przypadku braku jest mo\u017cliwo\u015b\u0107 wypo\u017cyczenia)<br \/>\n\u2013 woda do picia (bidon)<br \/>\n\u2013 obuwie sportowe 2 pary (na kort i na dw\u00f3r)<\/p>\n<hr \/>\n<p><strong>INFORMACJE<\/strong><br \/>\nKierownik: Maciej Dudziak<br \/>\nTelefon: 512 666 299[\/vc_column_text][vc_row_inner][vc_column_inner][vc_raw_html]JTNDc2NyaXB0JTIwc3JjJTNEJTIyaHR0cHMlM0ElMkYlMkZkZXNraS5za2FsZW8ucGwlMkZ3cC1jb250ZW50JTJGdGhlbWVzJTJGc2thbGVvJTJGanMlMkZpZnJhbWVSZXNpemVyLm1pbi5qcyUzRnYlM0QxLjclMjIlM0UlM0MlMkZzY3JpcHQlM0UlM0NpZnJhbWUlMjBjbGFzcyUzRCUyMnNrYWxlby1pZnJhbWUlMjIlMjBpZCUzRCUyMmlGcmFtZVNrYWxlbzEwNjAlMjIlMjBzcmMlM0QlMjJodHRwcyUzQSUyRiUyRmRlc2tpLnNrYWxlby5wbCUyRnd5amF6ZHklMkZwb2xrb2xvbmllLXRlbmlzb3dlLXctd2Fyc3phd2llLTQtMTUtMDgtMTktMDglMkYlM0ZyZWdpc3RyYXRpb24lM0Rwb3B1cCUyNnNpbmdsZXNfb25seSUzRGZhbHNlJTIyJTIwJTIwc3R5bGUlM0QlMjJ3aWR0aCUzQTFweCUzQiUyMG1pbi13aWR0aCUzQSUyMDEwMCUyNSUzQm1heC13aWR0aCUzQSUyMDEwMCUyNSUzQiUyMGJvcmRlciUzQW5vbmUlM0IlMjBtYXJnaW4lM0EwJTNCJTIwcGFkZGluZyUzQTAlM0IlMjBvdmVyZmxvdyUzQWhpZGRlbiUzQiUyMiUzRSUzQyUyRmlmcmFtZSUzRQ==[\/vc_raw_html]<div class=\"spacer\" style=\"height: 40px;\"><\/div>[\/vc_column_inner][\/vc_row_inner][\/vc_column][\/vc_row]<\/p>\n<\/div>","protected":false},"excerpt":{"rendered":"<p>[vc_row][vc_column width=&#8221;1\/6&#8243;][\/vc_column][vc_column width=&#8221;2\/3&#8243;][vc_raw_html]JTVCbWV0YXNsaWRlciUyMGlkJTNEJTIyODU5MyUyMiU1RA==[\/vc_raw_html][\/vc_column][vc_column width=&#8221;1\/6&#8243;][\/vc_column][\/vc_row][vc_row][vc_column width=&#8221;1\/1&#8243;][vc_column_text]Termin: 22.08 &#8211; 26.08.2022 Serdecznie zapraszamy dzieci w wieku 6-12 lat do uczestnictwa w p\u00f3\u0142koloniach organizowanych na terenie klubu DeSki. Gwarantujemy \u015bwietn\u0105 zabaw\u0119 w formie codziennych zaj\u0119\u0107 zar\u00f3wno tenisowych jak i og\u00f3lnorozwojowych oraz niepowtarzalne warsztaty artystyczno-naukowe. Zaj\u0119cia trwaj\u0105 od poniedzia\u0142ku do pi\u0105tku (8:00 &#8211; 16:00) MIEJSCE: Klub Tenisowy DeSki ul.Zaruskiego 8, Warszawa PROGRAM DNIA PRZEWIDUJE: 8:00-9:00 \u015aniadanie 9:00-10:00 Zaj\u0119cia tenisowe 10:00-11:30 Gry i zabawy og\u00f3lnorozwojowe 11:30-13:00 Warsztaty (krawieckie, ceramiczne, chemiczne, mydlarskie, origami) 13:00-14:00 Obiad 14:00-15:00 Odpoczynek na \u015bwie\u017cym powietrzu\/ sjesta 15:00-16:00 Zaj\u0119cia tenisowe Koniec dnia Z racji dostosowania grafiku do r\u00f3\u017cnych grup wiekowych, mog\u0105 pojawi\u0107 si\u0119 zmiany w programie zaj\u0119\u0107. CENA : 990 z\u0142 \u00a0 Zaliczka\u00a0600 z\u0142 (stanowi potwierdzenie rezerwacji miejsca) Dop\u0142ata\u00a0390\u00a0z\u0142 CENA OBEJMUJE: &#8211; ubezpieczenie &#8211; treningi sportowe &#8211; warsztaty artystyczno-naukowe &#8211; opiek\u0119 trenersk\u0105 &#8211; \u015bniadanie &#8211; obiad &#8211; podwieczorek LISTA RZECZY DO ZABRANIA : \u2013 czapka, koszulka na zmian\u0119 \u2013 spodnie sportowe i spodenki, bluza \u2013 rakieta tenisowa (w przypadku braku jest mo\u017cliwo\u015b\u0107 wypo\u017cyczenia) \u2013 woda do picia (bidon) \u2013 obuwie sportowe 2 pary (na kort i na dw\u00f3r) INFORMACJE Kierownik: Maciej Dudziak Telefon: 512 666 299[\/vc_column_text][vc_row_inner][vc_column_inner][vc_raw_html]JTNDc2NyaXB0JTIwc3JjJTNEJTIyaHR0cHMlM0ElMkYlMkZkZXNraS5za2FsZW8ucGwlMkZ3cC1jb250ZW50JTJGdGhlbWVzJTJGc2thbGVvJTJGanMlMkZpZnJhbWVSZXNpemVyLm1pbi5qcyUzRnYlM0QxLjclMjIlM0UlM0MlMkZzY3JpcHQlM0UlM0NpZnJhbWUlMjBjbGFzcyUzRCUyMnNrYWxlby1pZnJhbWUlMjIlMjBpZCUzRCUyMmlGcmFtZVNrYWxlbzEwNjAlMjIlMjBzcmMlM0QlMjJodHRwcyUzQSUyRiUyRmRlc2tpLnNrYWxlby5wbCUyRnd5amF6ZHklMkZwb2xrb2xvbmllLXRlbmlzb3dlLXctd2Fyc3phd2llLTQtMTUtMDgtMTktMDglMkYlM0ZyZWdpc3RyYXRpb24lM0Rwb3B1cCUyNnNpbmdsZXNfb25seSUzRGZhbHNlJTIyJTIwJTIwc3R5bGUlM0QlMjJ3aWR0aCUzQTFweCUzQiUyMG1pbi13aWR0aCUzQSUyMDEwMCUyNSUzQm1heC13aWR0aCUzQSUyMDEwMCUyNSUzQiUyMGJvcmRlciUzQW5vbmUlM0IlMjBtYXJnaW4lM0EwJTNCJTIwcGFkZGluZyUzQTAlM0IlMjBvdmVyZmxvdyUzQWhpZGRlbiUzQiUyMiUzRSUzQyUyRmlmcmFtZSUzRQ==[\/vc_raw_html][\/vc_column_inner][\/vc_row_inner][\/vc_column][\/vc_row]<\/p>\n","protected":false},"author":6,"featured_media":0,"parent":17,"menu_order":0,"comment_status":"closed","ping_status":"closed","template":"","meta":{"_acf_changed":false,"_mo_disable_npp":"","_vp_format_video_url":"","_vp_image_focal_point":[],"footnotes":""},"class_list":["post-11966","page","type-page","status-publish","hentry"],"acf":[],"aioseo_notices":[],"_links":{"self":[{"href":"https:\/\/deski.org\/en\/wp-json\/wp\/v2\/pages\/11966","targetHints":{"allow":["GET"]}}],"collection":[{"href":"https:\/\/deski.org\/en\/wp-json\/wp\/v2\/pages"}],"about":[{"href":"https:\/\/deski.org\/en\/wp-json\/wp\/v2\/types\/page"}],"author":[{"embeddable":true,"href":"https:\/\/deski.org\/en\/wp-json\/wp\/v2\/users\/6"}],"replies":[{"embeddable":true,"href":"https:\/\/deski.org\/en\/wp-json\/wp\/v2\/comments?post=11966"}],"version-history":[{"count":7,"href":"https:\/\/deski.org\/en\/wp-json\/wp\/v2\/pages\/11966\/revisions"}],"predecessor-version":[{"id":14053,"href":"https:\/\/deski.org\/en\/wp-json\/wp\/v2\/pages\/11966\/revisions\/14053"}],"up":[{"embeddable":true,"href":"https:\/\/deski.org\/en\/wp-json\/wp\/v2\/pages\/17"}],"wp:attachment":[{"href":"https:\/\/deski.org\/en\/wp-json\/wp\/v2\/media?parent=11966"}],"curies":[{"name":"wp","href":"https:\/\/api.w.org\/{rel}","templated":true}]}}