{"id":1209,"date":"2016-04-12T09:06:09","date_gmt":"2016-04-12T09:06:09","guid":{"rendered":"http:\/\/wtsdeski.pl\/?page_id=1209"},"modified":"2018-03-17T15:28:31","modified_gmt":"2018-03-17T15:28:31","slug":"piotr-michorowski","status":"publish","type":"page","link":"https:\/\/deski.org\/en\/piotr-michorowski\/","title":{"rendered":"PIOTR MICHOROWSKI"},"content":{"rendered":"<div class=\"wpb-content-wrapper\"><p>[vc_row][vc_column width=&#8221;1\/2&#8243;]<div class=\"single_image wpb_content_element align-left    \" data-animation=\"none\" data-delay=\"0\"><img loading=\"lazy\" decoding=\"async\" width=\"600\" height=\"353\" src=\"https:\/\/deski.org\/wp-content\/uploads\/2016\/04\/tenis_michorek.png\" class=\"attachment-full\" alt=\"\" title=\"tenis_michorek\" srcset=\"https:\/\/deski.org\/wp-content\/uploads\/2016\/04\/tenis_michorek.png 600w, https:\/\/deski.org\/wp-content\/uploads\/2016\/04\/tenis_michorek-300x177.png 300w, https:\/\/deski.org\/wp-content\/uploads\/2016\/04\/tenis_michorek-24x14.png 24w, https:\/\/deski.org\/wp-content\/uploads\/2016\/04\/tenis_michorek-36x21.png 36w, https:\/\/deski.org\/wp-content\/uploads\/2016\/04\/tenis_michorek-48x28.png 48w\" sizes=\"auto, (max-width: 600px) 100vw, 600px\" \/><\/div><div class=\"spacer\" style=\"height: 40px;\"><\/div>[\/vc_column][vc_column width=&#8221;1\/2&#8243;][vc_column_text]DANE PERSONALNE<br \/>\nData i miejsce urodzenia: 21 luty 1983 Radom<br \/>\n<a href=\"mailto:piotrmichorowski@gmail.com\">piotrmichorowski@gmail.com<\/a><\/p>\n<p>WYKSZTA\u0141CENIE<br \/>\n2004-2009\u00a0\u00a0\u00a0\u00a0 Akademia Wychowania Fizycznego J\u00f3zefa Pi\u0142sudskiego w Warszawie, Wydzia\u0142 Rehabilitacji, Kierunek Fizjoterapia<br \/>\nTytu\u0142: magister fizjoterapii<br \/>\n1998-2002\u00a0\u00a0\u00a0\u00a0 Liceum Og\u00f3lnokszta\u0142c\u0105ce im. Dra Tytusa Cha\u0142ubi\u0144skiego w Radomiu<\/p>\n<p>DO\u015aWIADCZENIE ZAWODOWE W CZASIE STUDI\u00d3W<br \/>\nX 2008-II 2009 Praktyka zawodowa w Complex Medical System Centrum Medycyny Sportowej<br \/>\nII 2008- VI 2008 Praktyka zawodowa w Centrum Kszta\u0142cenia i Rehabilitacji w Warszawie (Filia 4) Od 2002 praca jako instruktor tenisa w WTS DeSki<br \/>\nOd 2002 praca jako instruktor tenisa w WTS DeSki<\/p>\n<p>ZDOBYTE KWALIFIKACJE I UMIEJ\u0118TNO\u015aCI<br \/>\n\u25cf Kurs masa\u017cu o profilu rozszerzonym, Warszawa 2008<br \/>\n\u25cf Certyfikat Polskiego Zwi\u0105zku Tenisowego \u201eTrening Techniczno-taktyczny i trening mentalny\u201d, Warszawa 2008<br \/>\n\u25cf Kurs dla Kierownik\u00f3w Plac\u00f3wek Wypoczynku Dzieci i M\u0142odzie\u017cy, Warszawa 2007<br \/>\n\u25cf Licencja Polskiego Stowarzyszenia Trener\u00f3w Tenisa, Warszawa 2005<br \/>\n\u25cf II miejsce Mistrzostw Polski Trener\u00f3w i Instruktor\u00f3w Tenisa, Pruszk\u00f3w 2004<br \/>\n\u25cf Certyfikat Polskiego Zwi\u0105zku Tenisowego \u201eTrening Techniczno-taktyczny i trening mentalny\u201d, Warszawa 2008<br \/>\n\u25cf\u00a0 Instruktor Dyscypliny Sportu, specjalno\u015b\u0107-Tenis, Warszawa 2002<br \/>\n\u2022\u00a0\u00a0\u00a0 Aktualnie podczas studi\u00f3w podyplomowych na trenera II klasy w tenisie ziemnym<br \/>\n\u2022\u00a0\u00a0\u00a0 W WTS DeSki prowadz\u0119:<br \/>\n\u2022\u00a0\u00a0\u00a0 wsp\u00f3lnie z Marcinem Szcz\u0119snym, grup\u0119 sportow\u0105 rocznika 2001\/2002. Grupa jest w trakcie przygotowa\u0144 do Talentiady;<br \/>\n\u2022\u00a0\u00a0\u00a0 grup\u0119 sportow\u0105 rocznik 1997. Grupa bierze udzia\u0142 w turniejach wojew\u00f3dzkich w kategorii do lat 14;<br \/>\n\u2022\u00a0\u00a0\u00a0 szk\u00f3\u0142ki rekreacyjne oraz szk\u00f3\u0142ki poranne dla doros\u0142ych;[\/vc_column_text][\/vc_column][\/vc_row]<\/p>\n<\/div>","protected":false},"excerpt":{"rendered":"<p>[vc_row][vc_column width=&#8221;1\/2&#8243;][\/vc_column][vc_column width=&#8221;1\/2&#8243;][vc_column_text]DANE PERSONALNE Data i miejsce urodzenia: 21 luty 1983 Radom piotrmichorowski@gmail.com WYKSZTA\u0141CENIE 2004-2009\u00a0\u00a0\u00a0\u00a0 Akademia Wychowania Fizycznego J\u00f3zefa Pi\u0142sudskiego w Warszawie, Wydzia\u0142 Rehabilitacji, Kierunek Fizjoterapia Tytu\u0142: magister fizjoterapii 1998-2002\u00a0\u00a0\u00a0\u00a0 Liceum Og\u00f3lnokszta\u0142c\u0105ce im. Dra Tytusa Cha\u0142ubi\u0144skiego w Radomiu DO\u015aWIADCZENIE ZAWODOWE W CZASIE STUDI\u00d3W X 2008-II 2009 Praktyka zawodowa w Complex Medical System Centrum Medycyny Sportowej II 2008- VI 2008 Praktyka zawodowa w Centrum Kszta\u0142cenia i Rehabilitacji w Warszawie (Filia 4) Od 2002 praca jako instruktor tenisa w WTS DeSki Od 2002 praca jako instruktor tenisa w WTS DeSki ZDOBYTE KWALIFIKACJE I UMIEJ\u0118TNO\u015aCI \u25cf Kurs masa\u017cu o profilu rozszerzonym, Warszawa 2008 \u25cf Certyfikat Polskiego Zwi\u0105zku Tenisowego \u201eTrening Techniczno-taktyczny i trening mentalny\u201d, Warszawa 2008 \u25cf Kurs dla Kierownik\u00f3w Plac\u00f3wek Wypoczynku Dzieci i M\u0142odzie\u017cy, Warszawa 2007 \u25cf Licencja Polskiego Stowarzyszenia Trener\u00f3w Tenisa, Warszawa 2005 \u25cf II miejsce Mistrzostw Polski Trener\u00f3w i Instruktor\u00f3w Tenisa, Pruszk\u00f3w 2004 \u25cf Certyfikat Polskiego Zwi\u0105zku Tenisowego \u201eTrening Techniczno-taktyczny i trening mentalny\u201d, Warszawa 2008 \u25cf\u00a0 Instruktor Dyscypliny Sportu, specjalno\u015b\u0107-Tenis, Warszawa 2002 \u2022\u00a0\u00a0\u00a0 Aktualnie podczas studi\u00f3w podyplomowych na trenera II klasy w tenisie ziemnym \u2022\u00a0\u00a0\u00a0 W WTS DeSki prowadz\u0119: \u2022\u00a0\u00a0\u00a0 wsp\u00f3lnie z Marcinem Szcz\u0119snym, grup\u0119 sportow\u0105 rocznika 2001\/2002. Grupa jest w trakcie przygotowa\u0144 do Talentiady; \u2022\u00a0\u00a0\u00a0 grup\u0119 sportow\u0105 rocznik 1997. Grupa [&hellip;]<\/p>\n","protected":false},"author":1,"featured_media":0,"parent":0,"menu_order":0,"comment_status":"closed","ping_status":"closed","template":"","meta":{"_acf_changed":false,"_mo_disable_npp":"","_vp_format_video_url":"","_vp_image_focal_point":[],"footnotes":""},"class_list":["post-1209","page","type-page","status-publish","hentry"],"acf":[],"aioseo_notices":[],"_links":{"self":[{"href":"https:\/\/deski.org\/en\/wp-json\/wp\/v2\/pages\/1209","targetHints":{"allow":["GET"]}}],"collection":[{"href":"https:\/\/deski.org\/en\/wp-json\/wp\/v2\/pages"}],"about":[{"href":"https:\/\/deski.org\/en\/wp-json\/wp\/v2\/types\/page"}],"author":[{"embeddable":true,"href":"https:\/\/deski.org\/en\/wp-json\/wp\/v2\/users\/1"}],"replies":[{"embeddable":true,"href":"https:\/\/deski.org\/en\/wp-json\/wp\/v2\/comments?post=1209"}],"version-history":[{"count":2,"href":"https:\/\/deski.org\/en\/wp-json\/wp\/v2\/pages\/1209\/revisions"}],"predecessor-version":[{"id":4157,"href":"https:\/\/deski.org\/en\/wp-json\/wp\/v2\/pages\/1209\/revisions\/4157"}],"wp:attachment":[{"href":"https:\/\/deski.org\/en\/wp-json\/wp\/v2\/media?parent=1209"}],"curies":[{"name":"wp","href":"https:\/\/api.w.org\/{rel}","templated":true}]}}