{"id":1215,"date":"2016-04-12T09:10:43","date_gmt":"2016-04-12T09:10:43","guid":{"rendered":"http:\/\/wtsdeski.pl\/?page_id=1215"},"modified":"2018-03-17T15:26:25","modified_gmt":"2018-03-17T15:26:25","slug":"maciek-szkielkowski","status":"publish","type":"page","link":"https:\/\/deski.org\/en\/maciek-szkielkowski\/","title":{"rendered":"MACIEK SZKIE\u0141KOWSKI"},"content":{"rendered":"<div class=\"wpb-content-wrapper\"><p>[vc_row][vc_column width=&#8221;1\/2&#8243;]<div class=\"single_image wpb_content_element align-left    \" data-animation=\"none\" data-delay=\"0\"><img loading=\"lazy\" decoding=\"async\" width=\"600\" height=\"353\" src=\"https:\/\/deski.org\/wp-content\/uploads\/2016\/04\/tenis_maciek.png\" class=\"attachment-full\" alt=\"\" title=\"tenis_maciek\" srcset=\"https:\/\/deski.org\/wp-content\/uploads\/2016\/04\/tenis_maciek.png 600w, https:\/\/deski.org\/wp-content\/uploads\/2016\/04\/tenis_maciek-300x177.png 300w, https:\/\/deski.org\/wp-content\/uploads\/2016\/04\/tenis_maciek-24x14.png 24w, https:\/\/deski.org\/wp-content\/uploads\/2016\/04\/tenis_maciek-36x21.png 36w, https:\/\/deski.org\/wp-content\/uploads\/2016\/04\/tenis_maciek-48x28.png 48w\" sizes=\"auto, (max-width: 600px) 100vw, 600px\" \/><\/div><div class=\"spacer\" style=\"height: 40px;\"><\/div>[\/vc_column][vc_column width=&#8221;1\/2&#8243;][vc_column_text]Urodzony w 1990 roku w Warszawie.<br \/>\nOd zawsze zwi\u0105zany z Deskami, gdzie obecnie pe\u0142ni rol\u0119 instruktora (od 2010 roku).<br \/>\nNajwy\u017csza pozycja w rankingu PZT: 19.<br \/>\nPreferuje gr\u0119 deblow\u0105, w ktorej wielokrotnie zdobywa\u0142 medale na arenie wojewodzkiej i krajowej.<br \/>\nW 2000 roku jako pierwszy zawodnik klubu WTS \u201cDeSki\u201c wygra\u0142 turniej singlowy.<br \/>\nObecnie jest studentem IV roku architektury na Politechnice Warszawskiej.<br \/>\nPoza tenisem rozwija si\u0119 ch\u0119tnie w innych dyscyplinach takich jak \u017ceglarstwo i narciarstwo.[\/vc_column_text][\/vc_column][\/vc_row]<\/p>\n<\/div>","protected":false},"excerpt":{"rendered":"<p>[vc_row][vc_column width=&#8221;1\/2&#8243;][\/vc_column][vc_column width=&#8221;1\/2&#8243;][vc_column_text]Urodzony w 1990 roku w Warszawie. Od zawsze zwi\u0105zany z Deskami, gdzie obecnie pe\u0142ni rol\u0119 instruktora (od 2010 roku). Najwy\u017csza pozycja w rankingu PZT: 19. Preferuje gr\u0119 deblow\u0105, w ktorej wielokrotnie zdobywa\u0142 medale na arenie wojewodzkiej i krajowej. W 2000 roku jako pierwszy zawodnik klubu WTS \u201cDeSki\u201c wygra\u0142 turniej singlowy. Obecnie jest studentem IV roku architektury na Politechnice Warszawskiej. Poza tenisem rozwija si\u0119 ch\u0119tnie w innych dyscyplinach takich jak \u017ceglarstwo i narciarstwo.[\/vc_column_text][\/vc_column][\/vc_row]<\/p>\n","protected":false},"author":1,"featured_media":0,"parent":0,"menu_order":0,"comment_status":"closed","ping_status":"closed","template":"","meta":{"_acf_changed":false,"_mo_disable_npp":"","_vp_format_video_url":"","_vp_image_focal_point":[],"footnotes":""},"class_list":["post-1215","page","type-page","status-publish","hentry"],"acf":[],"aioseo_notices":[],"_links":{"self":[{"href":"https:\/\/deski.org\/en\/wp-json\/wp\/v2\/pages\/1215","targetHints":{"allow":["GET"]}}],"collection":[{"href":"https:\/\/deski.org\/en\/wp-json\/wp\/v2\/pages"}],"about":[{"href":"https:\/\/deski.org\/en\/wp-json\/wp\/v2\/types\/page"}],"author":[{"embeddable":true,"href":"https:\/\/deski.org\/en\/wp-json\/wp\/v2\/users\/1"}],"replies":[{"embeddable":true,"href":"https:\/\/deski.org\/en\/wp-json\/wp\/v2\/comments?post=1215"}],"version-history":[{"count":2,"href":"https:\/\/deski.org\/en\/wp-json\/wp\/v2\/pages\/1215\/revisions"}],"predecessor-version":[{"id":4153,"href":"https:\/\/deski.org\/en\/wp-json\/wp\/v2\/pages\/1215\/revisions\/4153"}],"wp:attachment":[{"href":"https:\/\/deski.org\/en\/wp-json\/wp\/v2\/media?parent=1215"}],"curies":[{"name":"wp","href":"https:\/\/api.w.org\/{rel}","templated":true}]}}