{"id":1218,"date":"2016-04-12T09:12:46","date_gmt":"2016-04-12T09:12:46","guid":{"rendered":"http:\/\/wtsdeski.pl\/?page_id=1218"},"modified":"2016-04-12T09:12:46","modified_gmt":"2016-04-12T09:12:46","slug":"boleslaw-szmyd","status":"publish","type":"page","link":"https:\/\/deski.org\/en\/boleslaw-szmyd\/","title":{"rendered":"BOLES\u0141AW SZMYD"},"content":{"rendered":"<div class=\"wpb-content-wrapper\"><p>[vc_row][vc_column width=&#8221;1\/2&#8243;]<div class=\"single_image wpb_content_element align-left    \" data-animation=\"none\" data-delay=\"0\"><img loading=\"lazy\" decoding=\"async\" width=\"600\" height=\"923\" src=\"https:\/\/deski.org\/wp-content\/uploads\/2016\/04\/bs.jpg\" class=\"attachment-full\" alt=\"\" title=\"bs\" srcset=\"https:\/\/deski.org\/wp-content\/uploads\/2016\/04\/bs.jpg 600w, https:\/\/deski.org\/wp-content\/uploads\/2016\/04\/bs-195x300.jpg 195w, https:\/\/deski.org\/wp-content\/uploads\/2016\/04\/bs-16x24.jpg 16w, https:\/\/deski.org\/wp-content\/uploads\/2016\/04\/bs-23x36.jpg 23w, https:\/\/deski.org\/wp-content\/uploads\/2016\/04\/bs-31x48.jpg 31w\" sizes=\"auto, (max-width: 600px) 100vw, 600px\" \/><\/div><div class=\"spacer\" style=\"height: 40px;\"><\/div>[\/vc_column][vc_column width=&#8221;1\/2&#8243;][vc_column_text]Urodzony w 1979r. w Trzebiatowie. Jest trenerem przygotowania fizycznego w O\u015brodku Konsultacyjno-Szkoleniowym w Markach Polskiego Zwi\u0105zku Tenisowego. W 2005 r. uko\u0144czy\u0142 Akademi\u0119 Wychowania Fizycznego w Warszawie \u2013 specjalizacja tenis. W latach 1989-95 trenowa\u0142 lekkoatletyk\u0119 w KS \u201eOrze\u0142\u201d Warszawa, reprezentuj\u0105c klub podczas zawod\u00f3w i miting\u00f3w. W tym samym czasie amatorsko gra\u0142 w tenisa. Od 2006 r. prowadzi zgrupowania og\u00f3lnorozwojowe m\u0142odzik\u00f3w, organizowane przez Polski Zwi\u0105zek Tenisowy. Wsp\u00f3\u0142pracuje z klubami w Warszawie i ca\u0142ej Polsce. Uwa\u017ca, \u017ce ka\u017cdy sukces musi by\u0107 okupiony ci\u0119\u017ck\u0105 prac\u0105, dlatego jest niezwykle wymagaj\u0105cy zar\u00f3wno w stosunku do siebie, jak i wobec podopiecznych. Jego recepta na wynik: \u201e Postaraj si\u0119 by\u0107 na ka\u017cdym treningu maksymalnie skoncentrowany, b\u0105d\u017a sumienny, dok\u0142adny i stawiaj sobie ambitne cele, a osi\u0105gniesz sukces\u201d.[\/vc_column_text][\/vc_column][\/vc_row]<\/p>\n<\/div>","protected":false},"excerpt":{"rendered":"<p>[vc_row][vc_column width=&#8221;1\/2&#8243;][\/vc_column][vc_column width=&#8221;1\/2&#8243;][vc_column_text]Urodzony w 1979r. w Trzebiatowie. Jest trenerem przygotowania fizycznego w O\u015brodku Konsultacyjno-Szkoleniowym w Markach Polskiego Zwi\u0105zku Tenisowego. W 2005 r. uko\u0144czy\u0142 Akademi\u0119 Wychowania Fizycznego w Warszawie \u2013 specjalizacja tenis. W latach 1989-95 trenowa\u0142 lekkoatletyk\u0119 w KS \u201eOrze\u0142\u201d Warszawa, reprezentuj\u0105c klub podczas zawod\u00f3w i miting\u00f3w. W tym samym czasie amatorsko gra\u0142 w tenisa. Od 2006 r. prowadzi zgrupowania og\u00f3lnorozwojowe m\u0142odzik\u00f3w, organizowane przez Polski Zwi\u0105zek Tenisowy. Wsp\u00f3\u0142pracuje z klubami w Warszawie i ca\u0142ej Polsce. Uwa\u017ca, \u017ce ka\u017cdy sukces musi by\u0107 okupiony ci\u0119\u017ck\u0105 prac\u0105, dlatego jest niezwykle wymagaj\u0105cy zar\u00f3wno w stosunku do siebie, jak i wobec podopiecznych. Jego recepta na wynik: \u201e Postaraj si\u0119 by\u0107 na ka\u017cdym treningu maksymalnie skoncentrowany, b\u0105d\u017a sumienny, dok\u0142adny i stawiaj sobie ambitne cele, a osi\u0105gniesz sukces\u201d.[\/vc_column_text][\/vc_column][\/vc_row]<\/p>\n","protected":false},"author":1,"featured_media":0,"parent":0,"menu_order":0,"comment_status":"closed","ping_status":"closed","template":"","meta":{"_acf_changed":false,"_mo_disable_npp":"","_vp_format_video_url":"","_vp_image_focal_point":[],"footnotes":""},"class_list":["post-1218","page","type-page","status-publish","hentry"],"acf":[],"aioseo_notices":[],"_links":{"self":[{"href":"https:\/\/deski.org\/en\/wp-json\/wp\/v2\/pages\/1218","targetHints":{"allow":["GET"]}}],"collection":[{"href":"https:\/\/deski.org\/en\/wp-json\/wp\/v2\/pages"}],"about":[{"href":"https:\/\/deski.org\/en\/wp-json\/wp\/v2\/types\/page"}],"author":[{"embeddable":true,"href":"https:\/\/deski.org\/en\/wp-json\/wp\/v2\/users\/1"}],"replies":[{"embeddable":true,"href":"https:\/\/deski.org\/en\/wp-json\/wp\/v2\/comments?post=1218"}],"version-history":[{"count":1,"href":"https:\/\/deski.org\/en\/wp-json\/wp\/v2\/pages\/1218\/revisions"}],"predecessor-version":[{"id":1220,"href":"https:\/\/deski.org\/en\/wp-json\/wp\/v2\/pages\/1218\/revisions\/1220"}],"wp:attachment":[{"href":"https:\/\/deski.org\/en\/wp-json\/wp\/v2\/media?parent=1218"}],"curies":[{"name":"wp","href":"https:\/\/api.w.org\/{rel}","templated":true}]}}