{"id":13185,"date":"2021-12-11T16:30:01","date_gmt":"2021-12-11T16:30:01","guid":{"rendered":"https:\/\/deski.org\/?page_id=13185"},"modified":"2022-01-25T15:27:48","modified_gmt":"2022-01-25T15:27:48","slug":"bialka-tatrzanska","status":"publish","type":"page","link":"https:\/\/deski.org\/en\/bialka-tatrzanska\/","title":{"rendered":"Bia\u0142ka Tatrza\u0144ska"},"content":{"rendered":"<div class=\"wpb-content-wrapper\"><p>[vc_row bg_color=&#8221;#ffffff&#8221;][vc_column width=&#8221;1\/1&#8243;]<div class=\"spacer\" style=\"height: 20px;\"><\/div><div class=\"spacer\" style=\"height: 20px;\"><\/div>[vc_row_inner][vc_column_inner width=&#8221;2\/3&#8243;]<div class=\"divider-title align-left\" >Dla kogo?<\/div><div class=\"iconbox  wpb_content_element iconbox-style-1 icon-color-accent color-dark animation-none\"><h3><i class=\"fa fa-check-circle boxicon\" style=\"\"><\/i><span><\/span><\/h3><p>\n<p style=\"color: black;\">dla dzieci i m\u0142odzie\u017cy w wieku 7 &#8211; 14 lat<\/p>\n<\/p><\/div><div class=\"iconbox  wpb_content_element iconbox-style-1 icon-color-accent color-dark animation-none\"><h3><i class=\"fa fa-check-circle boxicon\" style=\"\"><\/i><span><\/span><\/h3><p>\n<p style=\"color: black;\">dla narciarzy na ka\u017cdym poziomie zaawansowania<\/p>\n<\/p><\/div>[\/vc_column_inner][vc_column_inner width=&#8221;1\/3&#8243;]<div class=\"iconbox ikonka wpb_content_element iconbox-style-5 icon-color-accent color-dark clearfix\"><div class=\"iconbox-icon\"><i class=\"fa fa-calendar boxicon\" style=\"\"><\/i><\/div><div class=\"iconbox-content\"><h3><\/h3><p>\n<h4>13.01 &#8211; 16.01.2022<\/h4>\n<\/p><\/div><\/div><div class=\"iconbox  wpb_content_element iconbox-style-5 icon-color-accent color-dark clearfix\"><div class=\"iconbox-icon\"><i class=\"fa fa-map-marker boxicon\" style=\"\"><\/i><\/div><div class=\"iconbox-content\"><h3><\/h3><p>\n<h4>Pensjonat Ma\u0142gosia Regionalna w Bia\u0142ce Tatrza\u0144skiej<\/h4>\n<\/p><\/div><\/div><div class=\"iconbox  wpb_content_element iconbox-style-5 icon-color-accent color-dark clearfix\"><div class=\"iconbox-icon\"><i class=\"fa fa-credit-card boxicon\" style=\"\"><\/i><\/div><div class=\"iconbox-content\"><h3><\/h3><p>\n<h4>Cena: <strong>1 750 z\u0142<\/strong><\/h4>\n<\/p><\/div><\/div>[\/vc_column_inner][\/vc_row_inner]<div class=\"spacer\" style=\"height: 40px;\"><\/div>[\/vc_column][\/vc_row][vc_row bg_color=&#8221;#f9f9f9&#8243;][vc_column width=&#8221;1\/1&#8243;]<div class=\"spacer\" style=\"height: 40px;\"><\/div>[vc_tta_tabs style=&#8221;flat&#8221; shape=&#8221;square&#8221; spacing=&#8221;&#8221; active_section=&#8221;1&#8243;][vc_tta_section i_icon_fontawesome=&#8221;fa fa-info&#8221; add_icon=&#8221;true&#8221; title=&#8221;Informacje&#8221; tab_id=&#8221;informacje&#8221;]<div class=\"spacer\" style=\"height: 20px;\"><\/div>[vc_row_inner][vc_column_inner]<div class=\"divider-title align-left\" >Program wyjazdu<\/div>[vc_column_text]<strong>Wyjazd: czwartek 13.01.2022 godziny poranne<\/strong><br \/>\n<strong>Powr\u00f3t: niedziela 16.01.2022 godziny wieczorne<\/strong><\/p>\n<p>Op\u0142ata: <strong>1\u00a0750 z\u0142<\/strong><\/p>\n<p><img loading=\"lazy\" decoding=\"async\" class=\"tick alignnone wp-image-13078\" src=\"https:\/\/deski.org\/wp-content\/uploads\/2021\/12\/tick.png\" alt=\"\" width=\"20\" height=\"20\" srcset=\"https:\/\/deski.org\/wp-content\/uploads\/2021\/12\/tick.png 512w, https:\/\/deski.org\/wp-content\/uploads\/2021\/12\/tick-300x300.png 300w, https:\/\/deski.org\/wp-content\/uploads\/2021\/12\/tick-80x80.png 80w, https:\/\/deski.org\/wp-content\/uploads\/2021\/12\/tick-500x512.png 500w, https:\/\/deski.org\/wp-content\/uploads\/2021\/12\/tick-24x24.png 24w, https:\/\/deski.org\/wp-content\/uploads\/2021\/12\/tick-36x36.png 36w, https:\/\/deski.org\/wp-content\/uploads\/2021\/12\/tick-48x48.png 48w\" sizes=\"auto, (max-width: 20px) 100vw, 20px\" \/> <strong>Cena zawiera:<\/strong><\/p>\n<ul>\n<li>\u00a0zakwaterowanie w pensjonacie Ma\u0142gosia Regionalna W Bia\u0142ce Tatrza\u0144skiej z pe\u0142nym wy\u017cywieniem ( 3 posi\u0142ki)<\/li>\n<li>ca\u0142odobow\u0105 opiek\u0119 nad dzie\u0107mi<\/li>\n<li>dodatkowy obiad w dniu wyjazdu<\/li>\n<li>4 dniowy karnet narciarski<\/li>\n<li>4 dni szkolenia na stoku<\/li>\n<li>trening na tyczkach<\/li>\n<li>transport busem\/autokarem<\/li>\n<li>ubezpieczenie<\/li>\n<\/ul>\n<p>[\/vc_column_text][\/vc_column_inner][\/vc_row_inner]<div class=\"spacer\" style=\"height: 20px;\"><\/div>[\/vc_tta_section][vc_tta_section i_icon_fontawesome=&#8221;fa fa-bed&#8221; add_icon=&#8221;true&#8221; title=&#8221;Zakwaterowanie&#8221; tab_id=&#8221;zakwaterowanie&#8221;][vc_row_inner][vc_column_inner width=&#8221;1\/2&#8243;]<div class=\"spacer\" style=\"height: 20px;\"><\/div><div class=\"divider-title align-left\" >Ma\u0142gosia Regionalna<\/div>[vc_column_text]Pensjonat <strong>Ma\u0142gosia Regionalna<\/strong> po\u0142o\u017cony jest w miejscowo\u015bci <strong>Bia\u0142ka Tatrza\u0144ska<\/strong>. W okolicy znajduj\u0105 si\u0119: Termy Bania i O\u015brodek narciarski Na Bani.<\/p>\n<p><strong>Posiadamy w pe\u0142ni wyposa\u017cone 2-, 3- i 4- osobowe pokoje oraz studia<\/strong>.<br \/>\nKa\u017cdy pok\u00f3j posiada \u0142azienk\u0119, TV (p\u0142aski ekran), radio oraz dost\u0119p do Internetu.<br \/>\nWi\u0119kszo\u015b\u0107 pokoi posiada balkony. \u015aniadania serwowane s\u0105 w formie sto\u0142u szwedzkiego, a do obiadu podawane s\u0105 pyszne ciasta w\u0142asnego wyrobu. Na terenie obiektu Ma\u0142gosia Regionalna dost\u0119pny jest r\u00f3wnie\u017c ogr\u00f3d.<\/p>\n<p>Odleg\u0142o\u015b\u0107 wa\u017cnych miejsc od obiektu: Wyci\u0105g narciarski Zebra \u2013 nieca\u0142y kilometr, Wyci\u0105g narciarski Andrzej Kuruc \u2013 1,4 km.[\/vc_column_text][\/vc_column_inner][vc_column_inner width=&#8221;1\/2&#8243;]<div class=\"spacer\" style=\"height: 20px;\"><\/div><div class=\"single_image wpb_content_element align-left    \" data-animation=\"none\" data-delay=\"0\"><img loading=\"lazy\" decoding=\"async\" width=\"800\" height=\"533\" src=\"https:\/\/deski.org\/wp-content\/uploads\/2021\/12\/4T2A0462-min.jpg\" class=\"attachment-full\" alt=\"ma\u0142gosia regionalna bia\u0142ka\" title=\"4T2A0462-min\" srcset=\"https:\/\/deski.org\/wp-content\/uploads\/2021\/12\/4T2A0462-min.jpg 800w, https:\/\/deski.org\/wp-content\/uploads\/2021\/12\/4T2A0462-min-300x200.jpg 300w, https:\/\/deski.org\/wp-content\/uploads\/2021\/12\/4T2A0462-min-600x400.jpg 600w, https:\/\/deski.org\/wp-content\/uploads\/2021\/12\/4T2A0462-min-24x16.jpg 24w, https:\/\/deski.org\/wp-content\/uploads\/2021\/12\/4T2A0462-min-36x24.jpg 36w, https:\/\/deski.org\/wp-content\/uploads\/2021\/12\/4T2A0462-min-48x32.jpg 48w\" sizes=\"auto, (max-width: 800px) 100vw, 800px\" \/><\/div>[\/vc_column_inner][\/vc_row_inner]<div class=\"spacer\" style=\"height: 20px;\"><\/div><div class=\"gallery-style-2\">\n\t\t<style type=\"text\/css\">\n\t\t\t#gallery-1 {\n\t\t\t\tmargin: auto;\n\t\t\t}\n\t\t\t#gallery-1 .gallery-item {\n\t\t\t\tfloat: left;\n\t\t\t\tmargin-top: 10px;\n\t\t\t\ttext-align: center;\n\t\t\t\twidth: 25%;\n\t\t\t}\n\t\t\t#gallery-1 img {\n\t\t\t\tborder: 2px solid #cfcfcf;\n\t\t\t}\n\t\t\t#gallery-1 .gallery-caption {\n\t\t\t\tmargin-left: 0;\n\t\t\t}\n\t\t\t\/* see gallery_shortcode() in wp-includes\/media.php *\/\n\t\t<\/style>\n\t\t<div id='gallery-1' class='gallery galleryid-13185 gallery-columns-4 gallery-size-thumbnail'><dl class='gallery-item'>\n\t\t\t<dt class='gallery-icon landscape'>\n\t\t\t\t<a rel=\"prettyPhoto[pp_gal]\" href='https:\/\/deski.org\/wp-content\/uploads\/2021\/12\/4T2A0425-min.jpg'><img loading=\"lazy\" decoding=\"async\" width=\"300\" height=\"300\" src=\"https:\/\/deski.org\/wp-content\/uploads\/2021\/12\/4T2A0425-min-300x300.jpg\" class=\"attachment-thumbnail size-thumbnail\" alt=\"ma\u0142gosia regionalna bia\u0142ka\" srcset=\"https:\/\/deski.org\/wp-content\/uploads\/2021\/12\/4T2A0425-min-300x300.jpg 300w, https:\/\/deski.org\/wp-content\/uploads\/2021\/12\/4T2A0425-min-80x80.jpg 80w, https:\/\/deski.org\/wp-content\/uploads\/2021\/12\/4T2A0425-min-500x500.jpg 500w\" sizes=\"auto, (max-width: 300px) 100vw, 300px\" \/><\/a>\n\t\t\t<\/dt><\/dl><dl class='gallery-item'>\n\t\t\t<dt class='gallery-icon landscape'>\n\t\t\t\t<a rel=\"prettyPhoto[pp_gal]\" href='https:\/\/deski.org\/wp-content\/uploads\/2021\/12\/4T2A0427-min.jpg'><img loading=\"lazy\" decoding=\"async\" width=\"300\" height=\"300\" src=\"https:\/\/deski.org\/wp-content\/uploads\/2021\/12\/4T2A0427-min-300x300.jpg\" class=\"attachment-thumbnail size-thumbnail\" alt=\"ma\u0142gosia regionalna bia\u0142ka\" srcset=\"https:\/\/deski.org\/wp-content\/uploads\/2021\/12\/4T2A0427-min-300x300.jpg 300w, https:\/\/deski.org\/wp-content\/uploads\/2021\/12\/4T2A0427-min-80x80.jpg 80w, https:\/\/deski.org\/wp-content\/uploads\/2021\/12\/4T2A0427-min-500x500.jpg 500w\" sizes=\"auto, (max-width: 300px) 100vw, 300px\" \/><\/a>\n\t\t\t<\/dt><\/dl><dl class='gallery-item'>\n\t\t\t<dt class='gallery-icon landscape'>\n\t\t\t\t<a rel=\"prettyPhoto[pp_gal]\" href='https:\/\/deski.org\/wp-content\/uploads\/2021\/12\/323415526-min-1.jpg'><img loading=\"lazy\" decoding=\"async\" width=\"300\" height=\"300\" src=\"https:\/\/deski.org\/wp-content\/uploads\/2021\/12\/323415526-min-1-300x300.jpg\" class=\"attachment-thumbnail size-thumbnail\" alt=\"ma\u0142gosia regionalna bia\u0142ka\" srcset=\"https:\/\/deski.org\/wp-content\/uploads\/2021\/12\/323415526-min-1-300x300.jpg 300w, https:\/\/deski.org\/wp-content\/uploads\/2021\/12\/323415526-min-1-80x80.jpg 80w\" sizes=\"auto, (max-width: 300px) 100vw, 300px\" \/><\/a>\n\t\t\t<\/dt><\/dl><dl class='gallery-item'>\n\t\t\t<dt class='gallery-icon landscape'>\n\t\t\t\t<a rel=\"prettyPhoto[pp_gal]\" href='https:\/\/deski.org\/wp-content\/uploads\/2021\/12\/4T2A0407-min.jpg'><img loading=\"lazy\" decoding=\"async\" width=\"300\" height=\"300\" src=\"https:\/\/deski.org\/wp-content\/uploads\/2021\/12\/4T2A0407-min-300x300.jpg\" class=\"attachment-thumbnail size-thumbnail\" alt=\"ma\u0142gosia regionalna bia\u0142ka\" srcset=\"https:\/\/deski.org\/wp-content\/uploads\/2021\/12\/4T2A0407-min-300x300.jpg 300w, https:\/\/deski.org\/wp-content\/uploads\/2021\/12\/4T2A0407-min-80x80.jpg 80w, https:\/\/deski.org\/wp-content\/uploads\/2021\/12\/4T2A0407-min-500x500.jpg 500w\" sizes=\"auto, (max-width: 300px) 100vw, 300px\" \/><\/a>\n\t\t\t<\/dt><\/dl><br style=\"clear: both\" \/><dl class='gallery-item'>\n\t\t\t<dt class='gallery-icon landscape'>\n\t\t\t\t<a rel=\"prettyPhoto[pp_gal]\" href='https:\/\/deski.org\/wp-content\/uploads\/2021\/12\/4T2A0409-min.jpg'><img loading=\"lazy\" decoding=\"async\" width=\"300\" height=\"300\" src=\"https:\/\/deski.org\/wp-content\/uploads\/2021\/12\/4T2A0409-min-300x300.jpg\" class=\"attachment-thumbnail size-thumbnail\" alt=\"ma\u0142gosia regionalna bia\u0142ka\" srcset=\"https:\/\/deski.org\/wp-content\/uploads\/2021\/12\/4T2A0409-min-300x300.jpg 300w, https:\/\/deski.org\/wp-content\/uploads\/2021\/12\/4T2A0409-min-80x80.jpg 80w, https:\/\/deski.org\/wp-content\/uploads\/2021\/12\/4T2A0409-min-500x500.jpg 500w\" sizes=\"auto, (max-width: 300px) 100vw, 300px\" \/><\/a>\n\t\t\t<\/dt><\/dl><dl class='gallery-item'>\n\t\t\t<dt class='gallery-icon landscape'>\n\t\t\t\t<a rel=\"prettyPhoto[pp_gal]\" href='https:\/\/deski.org\/wp-content\/uploads\/2021\/12\/4T2A0428-min.jpg'><img loading=\"lazy\" decoding=\"async\" width=\"300\" height=\"300\" src=\"https:\/\/deski.org\/wp-content\/uploads\/2021\/12\/4T2A0428-min-300x300.jpg\" class=\"attachment-thumbnail size-thumbnail\" alt=\"ma\u0142gosia regionalna bia\u0142ka\" srcset=\"https:\/\/deski.org\/wp-content\/uploads\/2021\/12\/4T2A0428-min-300x300.jpg 300w, https:\/\/deski.org\/wp-content\/uploads\/2021\/12\/4T2A0428-min-80x80.jpg 80w, https:\/\/deski.org\/wp-content\/uploads\/2021\/12\/4T2A0428-min-500x500.jpg 500w\" sizes=\"auto, (max-width: 300px) 100vw, 300px\" \/><\/a>\n\t\t\t<\/dt><\/dl><dl class='gallery-item'>\n\t\t\t<dt class='gallery-icon portrait'>\n\t\t\t\t<a rel=\"prettyPhoto[pp_gal]\" href='https:\/\/deski.org\/wp-content\/uploads\/2021\/12\/868444049-min-1.jpg'><img loading=\"lazy\" decoding=\"async\" width=\"300\" height=\"300\" src=\"https:\/\/deski.org\/wp-content\/uploads\/2021\/12\/868444049-min-1-300x300.jpg\" class=\"attachment-thumbnail size-thumbnail\" alt=\"ma\u0142gosia regionalna bia\u0142ka\" srcset=\"https:\/\/deski.org\/wp-content\/uploads\/2021\/12\/868444049-min-1-300x300.jpg 300w, https:\/\/deski.org\/wp-content\/uploads\/2021\/12\/868444049-min-1-80x80.jpg 80w\" sizes=\"auto, (max-width: 300px) 100vw, 300px\" \/><\/a>\n\t\t\t<\/dt><\/dl><dl class='gallery-item'>\n\t\t\t<dt class='gallery-icon landscape'>\n\t\t\t\t<a rel=\"prettyPhoto[pp_gal]\" href='https:\/\/deski.org\/wp-content\/uploads\/2021\/12\/4T2A0434-min.jpg'><img loading=\"lazy\" decoding=\"async\" width=\"300\" height=\"300\" src=\"https:\/\/deski.org\/wp-content\/uploads\/2021\/12\/4T2A0434-min-300x300.jpg\" class=\"attachment-thumbnail size-thumbnail\" alt=\"ma\u0142gosia regionalna bia\u0142ka\" srcset=\"https:\/\/deski.org\/wp-content\/uploads\/2021\/12\/4T2A0434-min-300x300.jpg 300w, https:\/\/deski.org\/wp-content\/uploads\/2021\/12\/4T2A0434-min-80x80.jpg 80w, https:\/\/deski.org\/wp-content\/uploads\/2021\/12\/4T2A0434-min-500x500.jpg 500w\" sizes=\"auto, (max-width: 300px) 100vw, 300px\" \/><\/a>\n\t\t\t<\/dt><\/dl><br style=\"clear: both\" \/>\n\t\t<\/div>\n<\/div>[\/vc_tta_section][\/vc_tta_tabs]<div class=\"spacer\" style=\"height: 20px;\"><\/div>[vc_row_inner][vc_column_inner width=&#8221;1\/2&#8243;][vc_raw_html]JTNDc2NyaXB0JTIwc3JjJTNEJTIyaHR0cHMlM0ElMkYlMkZkZXNraS5za2FsZW8ucGwlMkZ3cC1jb250ZW50JTJGdGhlbWVzJTJGc2thbGVvJTJGanMlMkZpZnJhbWVSZXNpemVyLm1pbi5qcyUzRnYlM0QxLjclMjIlM0UlM0MlMkZzY3JpcHQlM0UlM0NpZnJhbWUlMjBjbGFzcyUzRCUyMnNrYWxlby1pZnJhbWUlMjIlMjBpZCUzRCUyMmlGcmFtZVNrYWxlbzg1MiUyMiUyMHNyYyUzRCUyMmh0dHBzJTNBJTJGJTJGZGVza2kuc2thbGVvLnBsJTJGd3lqYXpkeSUyRmZyZWVza2ktbGEtZ3JhdmUtMTItMDMtMTktMDMtMjAyMi0zJTJGJTNGcmVnaXN0cmF0aW9uJTNEcG9wdXAlMjZzaW5nbGVzX29ubHklM0RmYWxzZSUyMiUyMCUyMHN0eWxlJTNEJTIyd2lkdGglM0ExcHglM0IlMjBtaW4td2lkdGglM0ElMjAxMDAlMjUlM0JtYXgtd2lkdGglM0ElMjAxMDAlMjUlM0IlMjBib3JkZXIlM0Fub25lJTNCJTIwbWFyZ2luJTNBMCUzQiUyMHBhZGRpbmclM0EwJTNCJTIwb3ZlcmZsb3clM0FoaWRkZW4lM0IlMjIlM0UlM0MlMkZpZnJhbWUlM0U=[\/vc_raw_html][\/vc_column_inner][vc_column_inner width=&#8221;1\/2&#8243;]<a href=\"http:\/\/deski.org\/wp-content\/uploads\/2016\/08\/lista-rzeczy-do-zabrania-narty.pdf\" target=\"_blank\" class=\"button color-2 full \" style=\"border-radius: 0px;\">CO ZABRA\u0106 ZE SOB\u0104<\/a>[\/vc_column_inner][\/vc_row_inner]<div class=\"spacer\" style=\"height: 40px;\"><\/div>[\/vc_column][\/vc_row]<\/p>\n<\/div>","protected":false},"excerpt":{"rendered":"<p>[vc_row bg_color=&#8221;#ffffff&#8221;][vc_column width=&#8221;1\/1&#8243;][vc_row_inner][vc_column_inner width=&#8221;2\/3&#8243;][\/vc_column_inner][vc_column_inner width=&#8221;1\/3&#8243;][\/vc_column_inner][\/vc_row_inner][\/vc_column][\/vc_row][vc_row bg_color=&#8221;#f9f9f9&#8243;][vc_column width=&#8221;1\/1&#8243;][vc_tta_tabs style=&#8221;flat&#8221; shape=&#8221;square&#8221; spacing=&#8221;&#8221; active_section=&#8221;1&#8243;][vc_tta_section i_icon_fontawesome=&#8221;fa fa-info&#8221; add_icon=&#8221;true&#8221; title=&#8221;Informacje&#8221; tab_id=&#8221;informacje&#8221;][vc_row_inner][vc_column_inner][vc_column_text]Wyjazd: czwartek 13.01.2022 godziny poranne Powr\u00f3t: niedziela 16.01.2022 godziny wieczorne Op\u0142ata: 1\u00a0750 z\u0142 Cena zawiera: \u00a0zakwaterowanie w pensjonacie Ma\u0142gosia Regionalna W Bia\u0142ce Tatrza\u0144skiej z pe\u0142nym wy\u017cywieniem ( 3 posi\u0142ki) ca\u0142odobow\u0105 opiek\u0119 nad dzie\u0107mi dodatkowy obiad w dniu wyjazdu 4 dniowy karnet narciarski 4 dni szkolenia na stoku trening na tyczkach transport busem\/autokarem ubezpieczenie [\/vc_column_text][\/vc_column_inner][\/vc_row_inner][\/vc_tta_section][vc_tta_section i_icon_fontawesome=&#8221;fa fa-bed&#8221; add_icon=&#8221;true&#8221; title=&#8221;Zakwaterowanie&#8221; tab_id=&#8221;zakwaterowanie&#8221;][vc_row_inner][vc_column_inner width=&#8221;1\/2&#8243;][vc_column_text]Pensjonat Ma\u0142gosia Regionalna po\u0142o\u017cony jest w miejscowo\u015bci Bia\u0142ka Tatrza\u0144ska. W okolicy znajduj\u0105 si\u0119: Termy Bania i O\u015brodek narciarski Na Bani. Posiadamy w pe\u0142ni wyposa\u017cone 2-, 3- i 4- osobowe pokoje oraz studia. Ka\u017cdy pok\u00f3j posiada \u0142azienk\u0119, TV (p\u0142aski ekran), radio oraz dost\u0119p do Internetu. Wi\u0119kszo\u015b\u0107 pokoi posiada balkony. \u015aniadania serwowane s\u0105 w formie sto\u0142u szwedzkiego, a do obiadu podawane s\u0105 pyszne ciasta w\u0142asnego wyrobu. Na terenie obiektu Ma\u0142gosia Regionalna dost\u0119pny jest r\u00f3wnie\u017c ogr\u00f3d. Odleg\u0142o\u015b\u0107 wa\u017cnych miejsc od obiektu: Wyci\u0105g narciarski Zebra \u2013 nieca\u0142y kilometr, Wyci\u0105g narciarski Andrzej Kuruc \u2013 1,4 km.[\/vc_column_text][\/vc_column_inner][vc_column_inner width=&#8221;1\/2&#8243;][\/vc_column_inner][\/vc_row_inner][\/vc_tta_section][\/vc_tta_tabs][vc_row_inner][vc_column_inner width=&#8221;1\/2&#8243;][vc_raw_html]JTNDc2NyaXB0JTIwc3JjJTNEJTIyaHR0cHMlM0ElMkYlMkZkZXNraS5za2FsZW8ucGwlMkZ3cC1jb250ZW50JTJGdGhlbWVzJTJGc2thbGVvJTJGanMlMkZpZnJhbWVSZXNpemVyLm1pbi5qcyUzRnYlM0QxLjclMjIlM0UlM0MlMkZzY3JpcHQlM0UlM0NpZnJhbWUlMjBjbGFzcyUzRCUyMnNrYWxlby1pZnJhbWUlMjIlMjBpZCUzRCUyMmlGcmFtZVNrYWxlbzg1MiUyMiUyMHNyYyUzRCUyMmh0dHBzJTNBJTJGJTJGZGVza2kuc2thbGVvLnBsJTJGd3lqYXpkeSUyRmZyZWVza2ktbGEtZ3JhdmUtMTItMDMtMTktMDMtMjAyMi0zJTJGJTNGcmVnaXN0cmF0aW9uJTNEcG9wdXAlMjZzaW5nbGVzX29ubHklM0RmYWxzZSUyMiUyMCUyMHN0eWxlJTNEJTIyd2lkdGglM0ExcHglM0IlMjBtaW4td2lkdGglM0ElMjAxMDAlMjUlM0JtYXgtd2lkdGglM0ElMjAxMDAlMjUlM0IlMjBib3JkZXIlM0Fub25lJTNCJTIwbWFyZ2luJTNBMCUzQiUyMHBhZGRpbmclM0EwJTNCJTIwb3ZlcmZsb3clM0FoaWRkZW4lM0IlMjIlM0UlM0MlMkZpZnJhbWUlM0U=[\/vc_raw_html][\/vc_column_inner][vc_column_inner width=&#8221;1\/2&#8243;][\/vc_column_inner][\/vc_row_inner][\/vc_column][\/vc_row]<\/p>\n","protected":false},"author":6,"featured_media":0,"parent":0,"menu_order":0,"comment_status":"closed","ping_status":"closed","template":"","meta":{"_acf_changed":false,"_mo_disable_npp":"","_vp_format_video_url":"","_vp_image_focal_point":[],"footnotes":""},"class_list":["post-13185","page","type-page","status-publish","hentry"],"acf":[],"aioseo_notices":[],"_links":{"self":[{"href":"https:\/\/deski.org\/en\/wp-json\/wp\/v2\/pages\/13185","targetHints":{"allow":["GET"]}}],"collection":[{"href":"https:\/\/deski.org\/en\/wp-json\/wp\/v2\/pages"}],"about":[{"href":"https:\/\/deski.org\/en\/wp-json\/wp\/v2\/types\/page"}],"author":[{"embeddable":true,"href":"https:\/\/deski.org\/en\/wp-json\/wp\/v2\/users\/6"}],"replies":[{"embeddable":true,"href":"https:\/\/deski.org\/en\/wp-json\/wp\/v2\/comments?post=13185"}],"version-history":[{"count":22,"href":"https:\/\/deski.org\/en\/wp-json\/wp\/v2\/pages\/13185\/revisions"}],"predecessor-version":[{"id":13261,"href":"https:\/\/deski.org\/en\/wp-json\/wp\/v2\/pages\/13185\/revisions\/13261"}],"wp:attachment":[{"href":"https:\/\/deski.org\/en\/wp-json\/wp\/v2\/media?parent=13185"}],"curies":[{"name":"wp","href":"https:\/\/api.w.org\/{rel}","templated":true}]}}