{"id":13941,"date":"2022-02-22T10:10:56","date_gmt":"2022-02-22T10:10:56","guid":{"rendered":"https:\/\/deski.org\/?page_id=13941"},"modified":"2022-02-22T10:38:47","modified_gmt":"2022-02-22T10:38:47","slug":"wyjazd-npm","status":"publish","type":"page","link":"https:\/\/deski.org\/en\/samodzielne\/wyjazd-npm\/","title":{"rendered":"Wyjazd NPM"},"content":{"rendered":"<div class=\"wpb-content-wrapper\"><p>[vc_row][vc_column width=&#8221;1\/1&#8243;][vc_column_text]<div id=\"metaslider-id-11314\" style=\"max-width: 700px; margin: 0 auto;\" class=\"ml-slider-3-106-0 metaslider metaslider-flex metaslider-11314 ml-slider has-dots-nav ms-theme-blend\" role=\"region\" aria-label=\"NPM\" data-height=\"490\" data-width=\"700\">\n    <div id=\"metaslider_container_11314\">\n        <div id=\"metaslider_11314\">\n            <ul class='slides'>\n                <li style=\"display: block; width: 100%;\" class=\"slide-11315 ms-image \" aria-roledescription=\"slide\" data-date=\"2021-02-12 12:01:55\" data-filename=\"npm-zawody-narty-5.jpg\" data-slide-type=\"image\"><img loading=\"lazy\" decoding=\"async\" src=\"https:\/\/deski.org\/wp-content\/uploads\/2018\/05\/npm-zawody-narty-5.jpg\" height=\"490\" width=\"700\" alt=\"zawody narty\" class=\"slider-11314 slide-11315 msDefaultImage\" title=\"npm zawody narty (5)\" \/><\/li>\n                <li style=\"display: none; width: 100%;\" class=\"slide-11316 ms-image \" aria-roledescription=\"slide\" data-date=\"2021-02-12 12:01:55\" data-filename=\"npm-zawody-narty-4.jpg\" data-slide-type=\"image\"><img loading=\"lazy\" decoding=\"async\" src=\"https:\/\/deski.org\/wp-content\/uploads\/2018\/05\/npm-zawody-narty-4.jpg\" height=\"490\" width=\"700\" alt=\"zawody narty\" class=\"slider-11314 slide-11316 msDefaultImage\" title=\"npm zawody narty (4)\" \/><\/li>\n                <li style=\"display: none; width: 100%;\" class=\"slide-11317 ms-image \" aria-roledescription=\"slide\" data-date=\"2021-02-12 12:01:55\" data-filename=\"npm-zawody-narty-3.jpg\" data-slide-type=\"image\"><img loading=\"lazy\" decoding=\"async\" src=\"https:\/\/deski.org\/wp-content\/uploads\/2018\/05\/npm-zawody-narty-3.jpg\" height=\"490\" width=\"700\" alt=\"zawody narty\" class=\"slider-11314 slide-11317 msDefaultImage\" title=\"npm zawody narty (3)\" \/><\/li>\n                <li style=\"display: none; width: 100%;\" class=\"slide-11318 ms-image \" aria-roledescription=\"slide\" data-date=\"2021-02-12 12:01:55\" data-filename=\"npm-zawody-narty-10.jpg\" data-slide-type=\"image\"><img loading=\"lazy\" decoding=\"async\" src=\"https:\/\/deski.org\/wp-content\/uploads\/2018\/05\/npm-zawody-narty-10.jpg\" height=\"490\" width=\"700\" alt=\"zawody narty\" class=\"slider-11314 slide-11318 msDefaultImage\" title=\"npm zawody narty (10)\" \/><\/li>\n                <li style=\"display: none; width: 100%;\" class=\"slide-11319 ms-image \" aria-roledescription=\"slide\" data-date=\"2021-02-12 12:01:55\" data-filename=\"npm-zawody-narty-9.jpg\" data-slide-type=\"image\"><img loading=\"lazy\" decoding=\"async\" src=\"https:\/\/deski.org\/wp-content\/uploads\/2018\/05\/npm-zawody-narty-9.jpg\" height=\"490\" width=\"700\" alt=\"zawody narty\" class=\"slider-11314 slide-11319 msDefaultImage\" title=\"npm zawody narty (9)\" \/><\/li>\n                <li style=\"display: none; width: 100%;\" class=\"slide-11320 ms-image \" aria-roledescription=\"slide\" data-date=\"2021-02-12 12:01:56\" data-filename=\"npm-zawody-narty-12.jpg\" data-slide-type=\"image\"><img loading=\"lazy\" decoding=\"async\" src=\"https:\/\/deski.org\/wp-content\/uploads\/2018\/05\/npm-zawody-narty-12.jpg\" height=\"490\" width=\"700\" alt=\"zawody narty\" class=\"slider-11314 slide-11320 msDefaultImage\" title=\"npm zawody narty (12)\" \/><\/li>\n                <li style=\"display: none; width: 100%;\" class=\"slide-11321 ms-image \" aria-roledescription=\"slide\" data-date=\"2021-02-12 12:01:56\" data-filename=\"npm-zawody-narty-13.jpg\" data-slide-type=\"image\"><img loading=\"lazy\" decoding=\"async\" src=\"https:\/\/deski.org\/wp-content\/uploads\/2018\/05\/npm-zawody-narty-13.jpg\" height=\"490\" width=\"700\" alt=\"zawody narty\" class=\"slider-11314 slide-11321 msDefaultImage\" title=\"npm zawody narty (13)\" \/><\/li>\n            <\/ul>\n        <\/div>\n        \n    <\/div>\n<\/div>[\/vc_column_text][\/vc_column][\/vc_row][vc_row][vc_column width=&#8221;1\/1&#8243;]<div class=\"spacer\" style=\"height: 40px;\"><\/div>[vc_column_text]<\/p>\n<h3 style=\"text-align: center;\"><strong>Wyjazd na Narciarski Puchar Mazowsza 2022!<\/strong><\/h3>\n<p>[\/vc_column_text][vc_column_text]<strong>Plan wyjazdu:<\/strong><\/p>\n<p><u>\u015aroda<\/u>: wyjazd oko\u0142o godziny 14.00<br \/>\n<u>Czwartek<\/u>: trening<br \/>\n<u>Pi\u0105tek<\/u>: zawody NPM Otwarte Mistrzostwa Warszawy &#8211; Memoria\u0142 Janka i Grze\u015bka<br \/>\n<u>Sobota<\/u>: zawody NPM Puchar Rodzinny (b\u0119dzie r\u00f3wnie\u017c klasyfikacja rodzinna :))<br \/>\n<u>Niedziela<\/u>: zawody o Puchar PZN i powr\u00f3t do Warszawy<\/p>\n<p>Op\u0142ata za dziecko wynosi 1 850 z\u0142 + 140 z\u0142 wpisowe na zawody <strong>NPM<\/strong> (2 starty, ka\u017cdy rodzic musi dokona\u0107 indywidualnego zg\u0142oszenia na zawody wraz z op\u0142at\u0105 poprzez system)<\/p>\n<p><strong>Op\u0142ata zawiera:<\/strong><\/p>\n<ul>\n<li>ca\u0142odobow\u0105 opiek\u0119 nad dzie\u0107mi<\/li>\n<li>zakwaterowanie z pe\u0142nym wy\u017cywieniem (3 posi\u0142ki) w Willi Karolcia \u00a0(<a href=\"http:\/\/www.willakarolcia.pl\" rel=\"nofollow \">www.willakarolcia.pl<\/a>)<\/li>\n<li>4 dniowy karnet narciarski<\/li>\n<li>szkolenie narciarskie<\/li>\n<li>trening na tyczkach<\/li>\n<li>zaj\u0119cia sportowe poza stokiem<\/li>\n<li>transport<\/li>\n<li>ubezpieczenie<\/li>\n<\/ul>\n<p><strong>Zapisy na zawody:<\/strong> <a href=\"https:\/\/www.race-timing.pl\/pl\/zawody\/189\/\">https:\/\/www.race-timing.pl\/pl\/zawody\/189\/<\/a><\/p>\n<p><strong>Zach\u0119camy do udzia\u0142u w zawodach ca\u0142e rodziny!<\/strong>[\/vc_column_text][vc_raw_html]JTNDc2NyaXB0JTIwc3JjJTNEJTIyaHR0cHMlM0ElMkYlMkZkZXNraS5za2FsZW8ucGwlMkZ3cC1jb250ZW50JTJGdGhlbWVzJTJGc2thbGVvJTJGanMlMkZpZnJhbWVSZXNpemVyLm1pbi5qcyUzRnYlM0QxLjclMjIlM0UlM0MlMkZzY3JpcHQlM0UlM0NpZnJhbWUlMjBjbGFzcyUzRCUyMnNrYWxlby1pZnJhbWUlMjIlMjBpZCUzRCUyMmlGcmFtZVNrYWxlbzEwMjQlMjIlMjBzcmMlM0QlMjJodHRwcyUzQSUyRiUyRmRlc2tpLnNrYWxlby5wbCUyRnd5amF6ZHklMkZ3eWphemQtbmFyY2lhcnNraS1wdWNoYXItbWF6b3dzemEtMi02LTAzLTIwMjIlMkYlM0ZyZWdpc3RyYXRpb24lM0Rwb3B1cCUyNnNpbmdsZXNfb25seSUzRGZhbHNlJTIyJTIwJTIwc3R5bGUlM0QlMjJ3aWR0aCUzQTFweCUzQiUyMG1pbi13aWR0aCUzQSUyMDEwMCUyNSUzQm1heC13aWR0aCUzQSUyMDEwMCUyNSUzQiUyMGJvcmRlciUzQW5vbmUlM0IlMjBtYXJnaW4lM0EwJTNCJTIwcGFkZGluZyUzQTAlM0IlMjBvdmVyZmxvdyUzQWhpZGRlbiUzQiUyMiUzRSUzQyUyRmlmcmFtZSUzRQ==[\/vc_raw_html][\/vc_column][\/vc_row]<\/p>\n<\/div>","protected":false},"excerpt":{"rendered":"<p>[vc_row][vc_column width=&#8221;1\/1&#8243;][vc_column_text][\/vc_column_text][\/vc_column][\/vc_row][vc_row][vc_column width=&#8221;1\/1&#8243;][vc_column_text] Wyjazd na Narciarski Puchar Mazowsza 2022! [\/vc_column_text][vc_column_text]Plan wyjazdu: \u015aroda: wyjazd oko\u0142o godziny 14.00 Czwartek: trening Pi\u0105tek: zawody NPM Otwarte Mistrzostwa Warszawy &#8211; Memoria\u0142 Janka i Grze\u015bka Sobota: zawody NPM Puchar Rodzinny (b\u0119dzie r\u00f3wnie\u017c klasyfikacja rodzinna :)) Niedziela: zawody o Puchar PZN i powr\u00f3t do Warszawy Op\u0142ata za dziecko wynosi 1 850 z\u0142 + 140 z\u0142 wpisowe na zawody NPM (2 starty, ka\u017cdy rodzic musi dokona\u0107 indywidualnego zg\u0142oszenia na zawody wraz z op\u0142at\u0105 poprzez system) Op\u0142ata zawiera: ca\u0142odobow\u0105 opiek\u0119 nad dzie\u0107mi zakwaterowanie z pe\u0142nym wy\u017cywieniem (3 posi\u0142ki) w Willi Karolcia \u00a0(www.willakarolcia.pl) 4 dniowy karnet narciarski szkolenie narciarskie trening na tyczkach zaj\u0119cia sportowe poza stokiem transport ubezpieczenie Zapisy na zawody: https:\/\/www.race-timing.pl\/pl\/zawody\/189\/ Zach\u0119camy do udzia\u0142u w zawodach ca\u0142e rodziny![\/vc_column_text][vc_raw_html]JTNDc2NyaXB0JTIwc3JjJTNEJTIyaHR0cHMlM0ElMkYlMkZkZXNraS5za2FsZW8ucGwlMkZ3cC1jb250ZW50JTJGdGhlbWVzJTJGc2thbGVvJTJGanMlMkZpZnJhbWVSZXNpemVyLm1pbi5qcyUzRnYlM0QxLjclMjIlM0UlM0MlMkZzY3JpcHQlM0UlM0NpZnJhbWUlMjBjbGFzcyUzRCUyMnNrYWxlby1pZnJhbWUlMjIlMjBpZCUzRCUyMmlGcmFtZVNrYWxlbzEwMjQlMjIlMjBzcmMlM0QlMjJodHRwcyUzQSUyRiUyRmRlc2tpLnNrYWxlby5wbCUyRnd5amF6ZHklMkZ3eWphemQtbmFyY2lhcnNraS1wdWNoYXItbWF6b3dzemEtMi02LTAzLTIwMjIlMkYlM0ZyZWdpc3RyYXRpb24lM0Rwb3B1cCUyNnNpbmdsZXNfb25seSUzRGZhbHNlJTIyJTIwJTIwc3R5bGUlM0QlMjJ3aWR0aCUzQTFweCUzQiUyMG1pbi13aWR0aCUzQSUyMDEwMCUyNSUzQm1heC13aWR0aCUzQSUyMDEwMCUyNSUzQiUyMGJvcmRlciUzQW5vbmUlM0IlMjBtYXJnaW4lM0EwJTNCJTIwcGFkZGluZyUzQTAlM0IlMjBvdmVyZmxvdyUzQWhpZGRlbiUzQiUyMiUzRSUzQyUyRmlmcmFtZSUzRQ==[\/vc_raw_html][\/vc_column][\/vc_row]<\/p>\n","protected":false},"author":6,"featured_media":0,"parent":95,"menu_order":0,"comment_status":"closed","ping_status":"closed","template":"","meta":{"_acf_changed":false,"_mo_disable_npp":"","_vp_format_video_url":"","_vp_image_focal_point":[],"footnotes":""},"class_list":["post-13941","page","type-page","status-publish","hentry"],"acf":[],"aioseo_notices":[],"_links":{"self":[{"href":"https:\/\/deski.org\/en\/wp-json\/wp\/v2\/pages\/13941","targetHints":{"allow":["GET"]}}],"collection":[{"href":"https:\/\/deski.org\/en\/wp-json\/wp\/v2\/pages"}],"about":[{"href":"https:\/\/deski.org\/en\/wp-json\/wp\/v2\/types\/page"}],"author":[{"embeddable":true,"href":"https:\/\/deski.org\/en\/wp-json\/wp\/v2\/users\/6"}],"replies":[{"embeddable":true,"href":"https:\/\/deski.org\/en\/wp-json\/wp\/v2\/comments?post=13941"}],"version-history":[{"count":8,"href":"https:\/\/deski.org\/en\/wp-json\/wp\/v2\/pages\/13941\/revisions"}],"predecessor-version":[{"id":13949,"href":"https:\/\/deski.org\/en\/wp-json\/wp\/v2\/pages\/13941\/revisions\/13949"}],"up":[{"embeddable":true,"href":"https:\/\/deski.org\/en\/wp-json\/wp\/v2\/pages\/95"}],"wp:attachment":[{"href":"https:\/\/deski.org\/en\/wp-json\/wp\/v2\/media?parent=13941"}],"curies":[{"name":"wp","href":"https:\/\/api.w.org\/{rel}","templated":true}]}}