{"id":14108,"date":"2022-03-28T11:43:53","date_gmt":"2022-03-28T11:43:53","guid":{"rendered":"https:\/\/deski.org\/?page_id=14108"},"modified":"2022-03-30T13:22:24","modified_gmt":"2022-03-30T13:22:24","slug":"obozy-sportowe","status":"publish","type":"page","link":"https:\/\/deski.org\/en\/obozy-sportowe\/","title":{"rendered":"Obozy sportowe"},"content":{"rendered":"<div class=\"wpb-content-wrapper\"><p>[vc_row][vc_column width=&#8221;1\/1&#8243;]<h4 class=\"headline font-inherit fontsize-l fontweight-inherit lh-inherit align-center transform-inherit \" style=\"margin: 0 0 20px 0;\">Wszystko zacz\u0119\u0142o si\u0119 od naszej mi\u0142o\u015bci do nart<\/h4>[vc_column_text]<\/p>\n<p style=\"text-align: center;\"><span style=\"color: #000000;\">Witamy serdecznie wszystkich narciarzy. Tych ma\u0142ych, nieco starszych oraz zupe\u0142nie doros\u0142ych. Takich, kt\u00f3rzy s\u0105 ju\u017c z nami d\u0142u\u017cej, oraz takich kt\u00f3rzy pojawi\u0105 si\u0119 w naszym klubie po raz pierwszy. Witamy zawodnik\u00f3w, Rodzic\u00f3w, szkoleniowc\u00f3w oraz wszystkich sympatyk\u00f3w narciarstwa w WTS DeSki. W naszym klubie kompleksowo my\u015blimy o stopniowym rozwijaniu umiej\u0119tno\u015bci narciarskich i og\u00f3lnosportowych. Zapraszamy do zapoznania si\u0119 z <a href=\"https:\/\/deski.org\/plany-treningowe\/\" target=\"_blank\" rel=\"noopener noreferrer\">planem szkoleniowym.<\/a><\/span><\/p>\n<p>[\/vc_column_text][\/vc_column][\/vc_row][vc_row][vc_column width=&#8221;1\/1&#8243;]<div class=\"divider divider1\" style='margin:60px 0 60px 0 !important;'><\/div>[vc_row_inner][vc_column_inner width=&#8221;1\/3&#8243;]<div class=\"imagebox wpb_content_element style-1\"><div class=\"imagebox-img\"><a href='https:\/\/deski.org\/obozy-tenisowe\/'><img decoding=\"async\" src=\"https:\/\/deski.org\/wp-content\/uploads\/2022\/01\/DSCF3769.jpg\" alt=\"obozy tenisowe\" \/><\/a><\/div>\n<p style=\"text-align: left;\"><strong>Obozy tenisowe<\/strong><\/p>\n<p>Zapraszamy na nasze obozy tenisowe dzieci, m\u0142odzie\u017c i doros\u0142ych. \u0141eba, Muszyna i Stare Jab\u0142onki. ka\u017cdy znajdzie propozycj\u0119 dla siebie i swojej rodziny!<\/p>\n<p><a href=\"https:\/\/deski.org\/obozy-tenisowe\/\">Wi\u0119cej informacji<\/a><\/div>[\/vc_column_inner][vc_column_inner width=&#8221;1\/3&#8243;]<div class=\"imagebox wpb_content_element style-1\"><div class=\"imagebox-img\"><a href='https:\/\/deski.org\/obozy-windsurfingowe\/'><img decoding=\"async\" src=\"https:\/\/deski.org\/wp-content\/uploads\/2018\/04\/obozy-wind-baza6.png\" alt=\"obozy windsurfingowe deski\" \/><\/a><\/div>\n<h3 style=\"text-align: center;\"><a href=\"https:\/\/deski.org\/obozy-windsurfingowe\/\"><strong>OBOZY WINDSURFINGOWE<\/strong><\/a><\/h3>\n<\/div>[\/vc_column_inner][vc_column_inner width=&#8221;1\/3&#8243;]<div class=\"imagebox wpb_content_element style-1\"><div class=\"imagebox-img\"><a href='https:\/\/deski.org\/obozy-kitesurfingowe\/'><img decoding=\"async\" src=\"https:\/\/deski.org\/wp-content\/uploads\/2021\/04\/szkola-kitesurfingu.jpg\" alt=\"szko\u0142a kitesurfingu\" \/><\/a><\/div>\n<h3 style=\"text-align: center;\"><a href=\"https:\/\/deski.org\/obozy-kitesurfingowe\/\"><strong>OBOZY KITESURFINGOWE<\/strong><\/a><\/h3>\n<\/div>[\/vc_column_inner][\/vc_row_inner][vc_row_inner][vc_column_inner width=&#8221;1\/3&#8243;]<div class=\"imagebox wpb_content_element style-1\"><div class=\"imagebox-img\"><a href='https:\/\/deski.org\/obozy-zagraniczne\/'><img decoding=\"async\" src=\"https:\/\/deski.org\/wp-content\/uploads\/2021\/04\/rodos.jpg\" alt=\"rodos\" \/><\/a><\/div>\n<h3 style=\"text-align: center;\"><strong><a href=\"https:\/\/deski.org\/obozy-zagraniczne\/\">ZAGRANICZNE OBOZY WINDSURFINGOWE<\/a><\/strong><\/h3>\n<\/div>[\/vc_column_inner][vc_column_inner width=&#8221;1\/3&#8243;]<div class=\"imagebox wpb_content_element style-1\"><div class=\"imagebox-img\"><a href='https:\/\/deski.org\/obozy-narciarskie\/'><img decoding=\"async\" src=\"https:\/\/deski.org\/wp-content\/uploads\/2022\/01\/85257681_2936724256366473_2286892574121656320_n.jpg\" alt=\"ferie nassfeld\" \/><\/a><\/div>\n<h3 style=\"text-align: center;\"><strong><a href=\"https:\/\/deski.org\/obozy-narciarskie\/\">OBOZY NARCIARSKIE<\/a><\/strong><\/h3>\n<\/div>[\/vc_column_inner][vc_column_inner width=&#8221;1\/3&#8243;]<div class=\"imagebox wpb_content_element style-1\"><div class=\"imagebox-img\"><a href='https:\/\/deski.org\/obozy-snowboardowe\/'><img decoding=\"async\" src=\"https:\/\/deski.org\/wp-content\/uploads\/2022\/03\/360x252.jpg\" alt=\"obozy snowboardowe\" \/><\/a><\/div>\n<h3 style=\"text-align: center;\"><a href=\"https:\/\/deski.org\/obozy-snowboardowe\/\"><b>OBOZY SNOWBOARDOWE<\/b><\/a><\/h3>\n<\/div>[\/vc_column_inner][\/vc_row_inner][\/vc_column][\/vc_row]<\/p>\n<\/div>","protected":false},"excerpt":{"rendered":"<p>[vc_row][vc_column width=&#8221;1\/1&#8243;][vc_column_text] Witamy serdecznie wszystkich narciarzy. Tych ma\u0142ych, nieco starszych oraz zupe\u0142nie doros\u0142ych. Takich, kt\u00f3rzy s\u0105 ju\u017c z nami d\u0142u\u017cej, oraz takich kt\u00f3rzy pojawi\u0105 si\u0119 w naszym klubie po raz pierwszy. Witamy zawodnik\u00f3w, Rodzic\u00f3w, szkoleniowc\u00f3w oraz wszystkich sympatyk\u00f3w narciarstwa w WTS DeSki. W naszym klubie kompleksowo my\u015blimy o stopniowym rozwijaniu umiej\u0119tno\u015bci narciarskich i og\u00f3lnosportowych. Zapraszamy do zapoznania si\u0119 z planem szkoleniowym. [\/vc_column_text][\/vc_column][\/vc_row][vc_row][vc_column width=&#8221;1\/1&#8243;][vc_row_inner][vc_column_inner width=&#8221;1\/3&#8243;][\/vc_column_inner][vc_column_inner width=&#8221;1\/3&#8243;][\/vc_column_inner][vc_column_inner width=&#8221;1\/3&#8243;][\/vc_column_inner][\/vc_row_inner][vc_row_inner][vc_column_inner width=&#8221;1\/3&#8243;][\/vc_column_inner][vc_column_inner width=&#8221;1\/3&#8243;][\/vc_column_inner][vc_column_inner width=&#8221;1\/3&#8243;][\/vc_column_inner][\/vc_row_inner][\/vc_column][\/vc_row]<\/p>\n","protected":false},"author":6,"featured_media":0,"parent":0,"menu_order":0,"comment_status":"closed","ping_status":"closed","template":"","meta":{"_acf_changed":false,"_mo_disable_npp":"","_vp_format_video_url":"","_vp_image_focal_point":[],"footnotes":""},"class_list":["post-14108","page","type-page","status-publish","hentry"],"acf":[],"aioseo_notices":[],"_links":{"self":[{"href":"https:\/\/deski.org\/en\/wp-json\/wp\/v2\/pages\/14108","targetHints":{"allow":["GET"]}}],"collection":[{"href":"https:\/\/deski.org\/en\/wp-json\/wp\/v2\/pages"}],"about":[{"href":"https:\/\/deski.org\/en\/wp-json\/wp\/v2\/types\/page"}],"author":[{"embeddable":true,"href":"https:\/\/deski.org\/en\/wp-json\/wp\/v2\/users\/6"}],"replies":[{"embeddable":true,"href":"https:\/\/deski.org\/en\/wp-json\/wp\/v2\/comments?post=14108"}],"version-history":[{"count":18,"href":"https:\/\/deski.org\/en\/wp-json\/wp\/v2\/pages\/14108\/revisions"}],"predecessor-version":[{"id":14111,"href":"https:\/\/deski.org\/en\/wp-json\/wp\/v2\/pages\/14108\/revisions\/14111"}],"wp:attachment":[{"href":"https:\/\/deski.org\/en\/wp-json\/wp\/v2\/media?parent=14108"}],"curies":[{"name":"wp","href":"https:\/\/api.w.org\/{rel}","templated":true}]}}