{"id":14343,"date":"2022-04-29T06:56:50","date_gmt":"2022-04-29T06:56:50","guid":{"rendered":"https:\/\/deski.org\/?page_id=14343"},"modified":"2022-04-29T10:58:43","modified_gmt":"2022-04-29T10:58:43","slug":"kurs-na-instruktora-windsurfingu-psw","status":"publish","type":"page","link":"https:\/\/deski.org\/en\/kurs-na-instruktora-windsurfingu-psw\/","title":{"rendered":"Kurs na instruktora windsurfingu PSW"},"content":{"rendered":"<div class=\"wpb-content-wrapper\"><p>[vc_row][vc_column width=&#8221;1\/1&#8243;]<div class=\"spacer\" style=\"height: 40px;\"><\/div><div class=\"divider-title align-left\" >KURS NA INSTRUKTORA WINDSURFINGU PSW<\/div>[vc_column_text]Kurs na instruktora windsurfingu PSW to szkolenie, dzi\u0119ki kt\u00f3remu pod czujnym okiem Kuby Kaczmarka nauczysz si\u0119:<\/p>\n<ol>\n<li>jak zosta\u0107 najlepszym instruktorem windsurfingu na \u015bwiecie,<\/li>\n<li>jak prowadzi\u0107 ciekawe, bezpieczne i wymagaj\u0105ce zaj\u0119cia na ka\u017cdym poziomie zaawansowania,<\/li>\n<li>jak prowadzi\u0107 zaj\u0119cia z dzie\u0107mi, a jak z doros\u0142ymi,<\/li>\n<li>w jaki spos\u00f3b r\u00f3\u017cni si\u0119 prowadzenie zaj\u0119\u0107 indywidualnych i grupowych oraz na co nale\u017cy zwr\u00f3ci\u0107 uwag\u0119 podczas ich prowadzenia<\/li>\n<\/ol>\n<p>Uzyskasz, w zale\u017cno\u015bci od Twoich umiej\u0119tno\u015bci oraz wcze\u015bniej zdanych kurs\u00f3w, uprawnienia:<\/p>\n<ul>\n<li>Asystenta Instruktora PSW<\/li>\n<li>Instruktora Sportu klasy II\/III w windsurfingu<\/li>\n<li>Instruktora Sportu klasy I w windsurfingu<\/li>\n<li>Mo\u017cliwo\u015b\u0107 pracy jako instruktor windsurfingu w <strong>Bazie WTS DeSki<\/strong> nawet w sezonie 2022! \ud83d\ude42<\/li>\n<\/ul>\n<p>[\/vc_column_text]<div class=\"divider-title align-left\" >Termin<\/div>[vc_column_text]11 &#8211; 15.06.2022[\/vc_column_text]<div class=\"divider-title align-left\" >Miejsce<\/div>[vc_column_text]Baza WTS DeSki (Kemping Solar, Cha\u0142upy 4 \u2013 ul. Kaperska 4, 84-120 Cha\u0142upy)[\/vc_column_text]<div class=\"divider-title align-left\" >Dla kogo?<\/div>[vc_column_text]Ka\u017cdej osoby, kt\u00f3ra:<\/p>\n<ul>\n<li>ma 18 lat rocznikowo<\/li>\n<li>posiada potwierdzone umiej\u0119tno\u015bci windsurfingowe<\/li>\n<\/ul>\n<p>[\/vc_column_text]<div class=\"divider-title align-left\" >Cena<\/div>[vc_column_text]<strong>Koszt:<\/strong> 1500 z\u0142<\/p>\n<p><strong>Cena zawiera:<\/strong><\/p>\n<ul>\n<li>kurs<\/li>\n<li>wypo\u017cyczenie deski szkoleniowej<\/li>\n<\/ul>\n<p><strong>Cena nie zawiera:<\/strong><\/p>\n<ul>\n<li>noclegu (mo\u017cliwo\u015b\u0107 noclegu w bazie DeSki \u2013 50 z\u0142\/doba)<\/li>\n<li>wy\u017cywienia (ka\u017cdy we w\u0142asnym zakresie \u2013 na terenie kempingu jest restauracja Checz oraz ma\u0142y sklepik)<\/li>\n<li>wypo\u017cyczenia \u017cagla szkoleniowego (mo\u017cliwo\u015b\u0107 wypo\u017cyczenia sprz\u0119tu w bazie DeSki na ca\u0142y kurs 15h\/390 z\u0142, 20h\/510 z\u0142)<\/li>\n<li>wypo\u017cyczenia sprz\u0119tu \u015blizgowego (mo\u017cliwo\u015b\u0107 wypo\u017cyczenia sprz\u0119tu w bazie DeSki)<\/li>\n<\/ul>\n<p>*P\u0142atno\u015b\u0107 za kurs, wypo\u017cyczenia sprz\u0119tu i nocleg odbywa si\u0119 na miejscu[\/vc_column_text]<div class=\"divider-title align-left\" >Zapisy<\/div>[vc_column_text]W celu zapisania si\u0119 na kurs, napisz maila na baza@deski.org, w kt\u00f3rym:<\/p>\n<ul>\n<li>podasz swoje dane (imi\u0119, nazwisko, data urodzenia, numer telefonu, mail, waga i wzrost)<\/li>\n<li>opiszesz nam kr\u00f3tko swoje umiej\u0119tno\u015bci\/histori\u0119 z windsurfingiem<\/li>\n<li>podasz nam informacj\u0119 czy co\u015b z naszej bazy b\u0119dziesz potrzebowa\u0142\/a wypo\u017cyczy\u0107<\/li>\n<\/ul>\n<p><strong>Wymagania:<\/strong><\/p>\n<ul>\n<li>18 lat rocznikowo (dokumenty zostan\u0105 dostarczone osobie w dniu urodzin)<\/li>\n<li>potwierdzone umiej\u0119tno\u015bci windsurfingowe (posiadanie kwalifikacji na poziomie II stopnia umiej\u0119tno\u015bci PSW)<\/li>\n<li>posiadanie \u017cagla szkoleniowego (mo\u017cliwo\u015b\u0107 odp\u0142atnego wypo\u017cyczenia w Bazie WTS DeSki)<\/li>\n<li>posiadanie sprz\u0119tu \u015blizgowego (mo\u017cliwo\u015b\u0107 odp\u0142atnego wypo\u017cyczenia w Bazie WTS DeSki)<\/li>\n<\/ul>\n<p><strong>Warunki uko\u0144czenia kursu:<\/strong><\/p>\n<ul>\n<li>uko\u0144czenie kursu<\/li>\n<li>zdanie egzaminu teoretycznego i praktycznego<\/li>\n<li>udzia\u0142 i uko\u0144czenie Mistrzostw Polski Instruktor\u00f3w na wymaganym poziomie (w przeci\u0105gu 2 lat od uko\u0144czenia kursu)<\/li>\n<\/ul>\n<p>[\/vc_column_text]<div class=\"divider-title align-left\" >Program kursu<\/div>[vc_column_text]Uwaga! Program mo\u017ce ulec zmianie.<\/p>\n<p><strong><u>11.06<\/u><\/strong><\/p>\n<p>9:00 \u2013 zapoznanie sie\u0328 kursanto\u0301w, przebieg kursu, stopnie instruktorskie, systematyka nauczania poziom 1, systematyka nauczania poziom 2<br \/>\n11:30-15:30 \u2013 taklowanie z\u0307agla, trenaz\u0307er na la\u0328dzie systematyka 1 + zaje\u0328cia na wodzie systematyka 1 15:30- 16:30 przerwa obiadowa<br \/>\n16:30- 18:30 \u2013 Wyk\u0142ady \u2013 teoria z\u0307eglowania + losowanie konspekto\u0301w<\/p>\n<p><strong><u>12.06<\/u><\/strong><\/p>\n<p>7:30- rozruch<br \/>\n8:30 \u2013 s\u0301niadanie<br \/>\n9:00 \u2013 wyk\u0142ad, systematyka nauczania poziom 3<br \/>\n10:00 \u2013 trenaz\u0307er na la\u0328dzie systematyka 2 + zaje\u0328cia na wodzie systematyka 2 14:30- 15:30 przerwa obiadowa<br \/>\n15:30- 17:30 \u2013 Wyk\u0142ady \u2013 sprze\u0328t + dobo\u0301r<\/p>\n<p><strong><u>13.06<\/u><\/strong><\/p>\n<p>7:30 \u2013 rozruch<br \/>\n8:30 \u2013 s\u0301niadanie<br \/>\n9:00 \u2013 wyk\u0142ad -BHP instruktora, historia windsurfingu<br \/>\n10:30 \u2013 14:30 \u2013 prowadzenie zaje\u0328c trenaz\u0307er na la\u0328dzie + zaje\u0328cia na wodzie 14:30- 15:30 przerwa obiadowa<br \/>\n15:30- 17:00 \u2013 Wyk\u0142ady \u2013 dyscypliny + zasady, organizacje, regaty<\/p>\n<p><strong><u>14.06<\/u><\/strong><\/p>\n<p>7:30 \u2013 rozruch<br \/>\n8:30 \u2013 s\u0301niadanie<br \/>\n9:00 \u2013 14:00 \u2013 prowadzenie zaje\u0328c\u0301, (losowanie &#8211; dany manewr systematyki) la\u0328d + woda, zaliczenie 14:00 &#8211; 16:30 przerwa obiadowa<br \/>\n16:30 \u2013 wyk\u0142ad meteorologia, metodyka nauczania<\/p>\n<p><strong><u>15.06<\/u><\/strong><\/p>\n<p>8:30 \u2013 s\u0301niadanie<br \/>\n9:30 &#8211; egzamin teoretyczny<br \/>\n11:00 \u2013 zaliczenie jak na MPI 2x sztag 2x rufa \/ plus ewentualne poprawki 15:00 \u2013 zakon\u0301czenie kursu[\/vc_column_text]<div class=\"spacer\" style=\"height: 40px;\"><\/div>[\/vc_column][\/vc_row]<\/p>\n<\/div>","protected":false},"excerpt":{"rendered":"<p>[vc_row][vc_column width=&#8221;1\/1&#8243;][vc_column_text]Kurs na instruktora windsurfingu PSW to szkolenie, dzi\u0119ki kt\u00f3remu pod czujnym okiem Kuby Kaczmarka nauczysz si\u0119: jak zosta\u0107 najlepszym instruktorem windsurfingu na \u015bwiecie, jak prowadzi\u0107 ciekawe, bezpieczne i wymagaj\u0105ce zaj\u0119cia na ka\u017cdym poziomie zaawansowania, jak prowadzi\u0107 zaj\u0119cia z dzie\u0107mi, a jak z doros\u0142ymi, w jaki spos\u00f3b r\u00f3\u017cni si\u0119 prowadzenie zaj\u0119\u0107 indywidualnych i grupowych oraz na co nale\u017cy zwr\u00f3ci\u0107 uwag\u0119 podczas ich prowadzenia Uzyskasz, w zale\u017cno\u015bci od Twoich umiej\u0119tno\u015bci oraz wcze\u015bniej zdanych kurs\u00f3w, uprawnienia: Asystenta Instruktora PSW Instruktora Sportu klasy II\/III w windsurfingu Instruktora Sportu klasy I w windsurfingu Mo\u017cliwo\u015b\u0107 pracy jako instruktor windsurfingu w Bazie WTS DeSki nawet w sezonie 2022! \ud83d\ude42 [\/vc_column_text][vc_column_text]11 &#8211; 15.06.2022[\/vc_column_text][vc_column_text]Baza WTS DeSki (Kemping Solar, Cha\u0142upy 4 \u2013 ul. Kaperska 4, 84-120 Cha\u0142upy)[\/vc_column_text][vc_column_text]Ka\u017cdej osoby, kt\u00f3ra: ma 18 lat rocznikowo posiada potwierdzone umiej\u0119tno\u015bci windsurfingowe [\/vc_column_text][vc_column_text]Koszt: 1500 z\u0142 Cena zawiera: kurs wypo\u017cyczenie deski szkoleniowej Cena nie zawiera: noclegu (mo\u017cliwo\u015b\u0107 noclegu w bazie DeSki \u2013 50 z\u0142\/doba) wy\u017cywienia (ka\u017cdy we w\u0142asnym zakresie \u2013 na terenie kempingu jest restauracja Checz oraz ma\u0142y sklepik) wypo\u017cyczenia \u017cagla szkoleniowego (mo\u017cliwo\u015b\u0107 wypo\u017cyczenia sprz\u0119tu w bazie DeSki na ca\u0142y kurs 15h\/390 z\u0142, 20h\/510 z\u0142) wypo\u017cyczenia sprz\u0119tu \u015blizgowego (mo\u017cliwo\u015b\u0107 wypo\u017cyczenia sprz\u0119tu w bazie DeSki) *P\u0142atno\u015b\u0107 za kurs, wypo\u017cyczenia sprz\u0119tu i nocleg odbywa si\u0119 na miejscu[\/vc_column_text][vc_column_text]W [&hellip;]<\/p>\n","protected":false},"author":6,"featured_media":0,"parent":0,"menu_order":0,"comment_status":"closed","ping_status":"closed","template":"","meta":{"_acf_changed":false,"_mo_disable_npp":"","_vp_format_video_url":"","_vp_image_focal_point":[],"footnotes":""},"class_list":["post-14343","page","type-page","status-publish","hentry"],"acf":[],"aioseo_notices":[],"_links":{"self":[{"href":"https:\/\/deski.org\/en\/wp-json\/wp\/v2\/pages\/14343","targetHints":{"allow":["GET"]}}],"collection":[{"href":"https:\/\/deski.org\/en\/wp-json\/wp\/v2\/pages"}],"about":[{"href":"https:\/\/deski.org\/en\/wp-json\/wp\/v2\/types\/page"}],"author":[{"embeddable":true,"href":"https:\/\/deski.org\/en\/wp-json\/wp\/v2\/users\/6"}],"replies":[{"embeddable":true,"href":"https:\/\/deski.org\/en\/wp-json\/wp\/v2\/comments?post=14343"}],"version-history":[{"count":21,"href":"https:\/\/deski.org\/en\/wp-json\/wp\/v2\/pages\/14343\/revisions"}],"predecessor-version":[{"id":14375,"href":"https:\/\/deski.org\/en\/wp-json\/wp\/v2\/pages\/14343\/revisions\/14375"}],"wp:attachment":[{"href":"https:\/\/deski.org\/en\/wp-json\/wp\/v2\/media?parent=14343"}],"curies":[{"name":"wp","href":"https:\/\/api.w.org\/{rel}","templated":true}]}}