{"id":1626,"date":"2016-08-03T14:34:45","date_gmt":"2016-08-03T14:34:45","guid":{"rendered":"https:\/\/deski.org\/?page_id=1626"},"modified":"2017-10-17T16:27:08","modified_gmt":"2017-10-17T16:27:08","slug":"oboz-stubaital-listopad","status":"publish","type":"page","link":"https:\/\/deski.org\/en\/oboz-stubaital-listopad\/","title":{"rendered":"Ob\u00f3z Stubaital listopad"},"content":{"rendered":"<div class=\"wpb-content-wrapper\"><p>[vc_row][vc_column width=&#8221;1\/1&#8243;]<div class=\"spacer\" style=\"height: 40px;\"><\/div>[rev_slider_vc alias=&#8221;ObozSkiStubaitalRogen&#8221;][vc_column_text]<strong>Termin: <strong>03.11 &#8211; 11.11.2017<\/strong><\/strong><br \/>\nWyjazd dla dzieci z rocznik\u00f3w 2000-2009<br \/>\nOb\u00f3z narciarsko-snowboardowy<\/p>\n<hr \/>\n<p><strong>Zakwaterowanie: Stubaital Hotel Rogen<br \/>\n<\/strong>Hotel Rogen znajduje si\u0119 w odleg\u0142o\u015bci 18 km od o\u015brodk\u00f3w narciarskich w miejscowo\u015bci Neustift im Stubaital. Wy\u017cywienie sk\u0142ada si\u0119 ze \u015bniadania w formie szwedzkiego sto\u0142u oraz obiadokolacja sk\u0142adaj\u0105ca si\u0119 z 5 da\u0144. Do dyspozycji go\u015bci s\u0105 sauna, solarium, jaccuzzi oraz basen mieszcz\u0105cy si\u0119 naprzeciwko hotelu.<br \/>\n<a href=\"http:\/\/www.rogen.at\" target=\"_blank\">www.rogen.at<\/a><\/p>\n<p><strong>Centrum sport\u00f3w zimowych Stubaital Gletscher<\/strong> jest jednym z najnowocze\u015bniejszych o\u015brodk\u00f3w narciarskich w Austrii. Po\u0142o\u017cony jest na wysoko\u015bci 1750-3210 m npm. \u0141\u0105cznie znajduje si\u0119 tam 108 km tras zjazdowych (niebieskie 49 km, czerwone 38 km, czarne 21 km), kt\u00f3re obs\u0142ugiwane s\u0105 przez: 9 orczyk\u00f3w, 8 wyci\u0105g\u00f3w krzese\u0142kowych oraz 5 gondoli.<br \/>\n<a href=\"http:\/\/www.stubaier-gletscher.com\" target=\"_blank\">www.stubaier-gletscher.com<\/a><\/p>\n<hr \/>\n<p><strong>Cena:<\/strong><br \/>\n3 190 z\u0142 dla dzieci z rocznik\u00f3w 2000-2002<br \/>\n3\u00a0090 z\u0142 cz\u0142onkowie klubu (2000 -2002)<br \/>\n3 090\u00a0z\u0142 dla dzieci z rocznik\u00f3w 2003-2009<br \/>\n2\u00a0990 z\u0142 cz\u0142onkowie klubu (2003-2009)<br \/>\n2 690 z\u0142 doro\u015bli<\/p>\n<p>&nbsp;<\/p>\n<p><strong>Cena wyjazdu zawiera:<\/strong><\/p>\n<ul>\n<li>dojazd komfortowym autokarem (wc, barek, video, klimatyzacja)<\/li>\n<li>zakwaterowanie: Hotel Rogen, w miejscowo\u015bci Neustift<\/li>\n<li>wy\u017cywienie: dwa posi\u0142ki dziennie (\u015bniadanie i obiadokolacja)<\/li>\n<li>6-dniowy karnet narciarski<\/li>\n<li>opiek\u0119 i szkolenie (trenerzy i instruktorzy WTS DeSki)<\/li>\n<li>ubezpieczenie (KL, NNW, OC)<\/li>\n<li>serwis nart<\/li>\n<\/ul>\n<p><em>Cena nie zawiera kosztu dodatkowych posi\u0142k\u00f3w na stoku.<\/em><br \/>\n<em>* Uwaga: cena<\/em>\u00a0wyjazdu mo\u017ce ulec zmianie przy wzro\u015bcie kursu euro ponad 4,30 z\u0142.<\/p>\n<p>&nbsp;<\/p>\n<p><strong>Orientacyjny program dnia na obozie:<\/strong><br \/>\n7.30 &#8211; pobudka,<br \/>\n8.00 &#8211; 8.30 &#8211; \u015bniadanie,<br \/>\n9.00 &#8211; wyjazd do stacji narciarskiej,<br \/>\n9.15 &#8211; 12.00 &#8211; szkolenie narciarskie,<br \/>\n12.00 &#8211; 13.00 &#8211; przerwa na lunch,<br \/>\n13.00 &#8211; 15.15 &#8211; szkolenie narciarskie,<br \/>\n16.15 &#8211; 17.45 &#8211; zaj\u0119cia zorganizowane,<br \/>\n18.30 &#8211; obiadokolacja,<br \/>\n19.30 &#8211; 20.30 &#8211; przygotowanie sprz\u0119tu i ekwipunku na dzie\u0144 nast\u0119pny, podsumowanie dnia,<br \/>\n21.30 &#8211; 7.30 &#8211; cisza nocna.<\/p>\n<p><strong>Formalno\u015bci:<\/strong><br \/>\n&#8211; przes\u0142a\u0107 do biura WTS DeSki formularz zg\u0142oszeniowy<br \/>\n&#8211; dostarczy\u0107 kierownikowi obozu (na przedwyjazdowe spotkanie informacyjne) wype\u0142nion\u0105 kart\u0119 obozow\u0105 i podpisany regulamin<\/p>\n<hr \/>\n<p>[\/vc_column_text][\/vc_column][\/vc_row][vc_row][vc_column width=&#8221;1\/1&#8243;]<div class=\"spacer\" style=\"height: 40px;\"><\/div><div class=\"single_image wpb_content_element align-left    \" data-animation=\"none\" data-delay=\"0\"><img loading=\"lazy\" decoding=\"async\" width=\"1024\" height=\"175\" src=\"https:\/\/deski.org\/wp-content\/uploads\/2016\/02\/pasek-oboz-zapisz-sie.jpg\" class=\"attachment-full\" alt=\"\" title=\"pasek oboz zapisz sie\" srcset=\"https:\/\/deski.org\/wp-content\/uploads\/2016\/02\/pasek-oboz-zapisz-sie.jpg 1024w, https:\/\/deski.org\/wp-content\/uploads\/2016\/02\/pasek-oboz-zapisz-sie-300x51.jpg 300w, https:\/\/deski.org\/wp-content\/uploads\/2016\/02\/pasek-oboz-zapisz-sie-768x131.jpg 768w\" sizes=\"auto, (max-width: 1024px) 100vw, 1024px\" \/><\/div>[vc_column_text]<p class=\"wpcf7-contact-form-not-found\"><strong>Error:<\/strong> Contact form not found.<\/p>[\/vc_column_text][\/vc_column][\/vc_row][vc_row][vc_column width=&#8221;1\/3&#8243;]<a href=\"https:\/\/deski.org\/wp-content\/uploads\/2016\/08\/2013_regulamin_narty_snowboard.pdf\" target=\"_blank\" class=\"button color-3 full \" style=\"border-radius: 2px;\"><i class='fa sl-emoticon-smile'><\/i>REGULAMIN OBOZ\u00d3W &#8211; pdf<\/a>[\/vc_column][vc_column width=&#8221;1\/3&#8243;]<a href=\"https:\/\/deski.org\/wp-content\/uploads\/2016\/03\/karta-obozowa.pdf\" target=\"_blank\" class=\"button color-3 full \" style=\"border-radius: 2px;\"><i class='fa sl-pencil'><\/i>KARTA OBOZOWA &#8211; pdf<\/a>[\/vc_column][vc_column width=&#8221;1\/3&#8243;]<a href=\"https:\/\/deski.org\/wp-content\/uploads\/2016\/08\/lista-rzeczy-do-zabrania-narty.pdf\" target=\"_blank\" class=\"button color-3 full \" style=\"border-radius: 2px;\"><i class='fa sl-list'><\/i>CO ZABRA\u0106 ZE SOB\u0104 &#8211; pdf<\/a>[\/vc_column][\/vc_row][vc_row][vc_column width=&#8221;1\/1&#8243;]<div class=\"spacer\" style=\"height: 40px;\"><\/div>[\/vc_column][\/vc_row][vc_row type=&#8221;full_width_section&#8221;][vc_column width=&#8221;1\/1&#8243;]<div class=\"single_image wpb_content_element align-left    \" data-animation=\"none\" data-delay=\"0\"><img loading=\"lazy\" decoding=\"async\" width=\"1024\" height=\"86\" src=\"https:\/\/deski.org\/wp-content\/uploads\/2016\/02\/pasek-oboz-zaliczka3.jpg\" class=\"attachment-full\" alt=\"\" title=\"pasek oboz zaliczka3\" srcset=\"https:\/\/deski.org\/wp-content\/uploads\/2016\/02\/pasek-oboz-zaliczka3.jpg 1024w, https:\/\/deski.org\/wp-content\/uploads\/2016\/02\/pasek-oboz-zaliczka3-300x25.jpg 300w, https:\/\/deski.org\/wp-content\/uploads\/2016\/02\/pasek-oboz-zaliczka3-768x64.jpg 768w\" sizes=\"auto, (max-width: 1024px) 100vw, 1024px\" \/><\/div>[\/vc_column][\/vc_row]<\/p>\n<\/div>","protected":false},"excerpt":{"rendered":"<p>[vc_row][vc_column width=&#8221;1\/1&#8243;][rev_slider_vc alias=&#8221;ObozSkiStubaitalRogen&#8221;][vc_column_text]Termin: 03.11 &#8211; 11.11.2017 Wyjazd dla dzieci z rocznik\u00f3w 2000-2009 Ob\u00f3z narciarsko-snowboardowy Zakwaterowanie: Stubaital Hotel Rogen Hotel Rogen znajduje si\u0119 w odleg\u0142o\u015bci 18 km od o\u015brodk\u00f3w narciarskich w miejscowo\u015bci Neustift im Stubaital. Wy\u017cywienie sk\u0142ada si\u0119 ze \u015bniadania w formie szwedzkiego sto\u0142u oraz obiadokolacja sk\u0142adaj\u0105ca si\u0119 z 5 da\u0144. Do dyspozycji go\u015bci s\u0105 sauna, solarium, jaccuzzi oraz basen mieszcz\u0105cy si\u0119 naprzeciwko hotelu. www.rogen.at Centrum sport\u00f3w zimowych Stubaital Gletscher jest jednym z najnowocze\u015bniejszych o\u015brodk\u00f3w narciarskich w Austrii. Po\u0142o\u017cony jest na wysoko\u015bci 1750-3210 m npm. \u0141\u0105cznie znajduje si\u0119 tam 108 km tras zjazdowych (niebieskie 49 km, czerwone 38 km, czarne 21 km), kt\u00f3re obs\u0142ugiwane s\u0105 przez: 9 orczyk\u00f3w, 8 wyci\u0105g\u00f3w krzese\u0142kowych oraz 5 gondoli. www.stubaier-gletscher.com Cena: 3 190 z\u0142 dla dzieci z rocznik\u00f3w 2000-2002 3\u00a0090 z\u0142 cz\u0142onkowie klubu (2000 -2002) 3 090\u00a0z\u0142 dla dzieci z rocznik\u00f3w 2003-2009 2\u00a0990 z\u0142 cz\u0142onkowie klubu (2003-2009) 2 690 z\u0142 doro\u015bli &nbsp; Cena wyjazdu zawiera: dojazd komfortowym autokarem (wc, barek, video, klimatyzacja) zakwaterowanie: Hotel Rogen, w miejscowo\u015bci Neustift wy\u017cywienie: dwa posi\u0142ki dziennie (\u015bniadanie i obiadokolacja) 6-dniowy karnet narciarski opiek\u0119 i szkolenie (trenerzy i instruktorzy WTS DeSki) ubezpieczenie (KL, NNW, OC) serwis nart Cena nie zawiera kosztu dodatkowych posi\u0142k\u00f3w na stoku. * Uwaga: cena\u00a0wyjazdu mo\u017ce ulec zmianie [&hellip;]<\/p>\n","protected":false},"author":6,"featured_media":0,"parent":0,"menu_order":0,"comment_status":"closed","ping_status":"closed","template":"","meta":{"_acf_changed":false,"_mo_disable_npp":"","_vp_format_video_url":"","_vp_image_focal_point":[],"footnotes":""},"class_list":["post-1626","page","type-page","status-publish","hentry"],"acf":[],"aioseo_notices":[],"_links":{"self":[{"href":"https:\/\/deski.org\/en\/wp-json\/wp\/v2\/pages\/1626","targetHints":{"allow":["GET"]}}],"collection":[{"href":"https:\/\/deski.org\/en\/wp-json\/wp\/v2\/pages"}],"about":[{"href":"https:\/\/deski.org\/en\/wp-json\/wp\/v2\/types\/page"}],"author":[{"embeddable":true,"href":"https:\/\/deski.org\/en\/wp-json\/wp\/v2\/users\/6"}],"replies":[{"embeddable":true,"href":"https:\/\/deski.org\/en\/wp-json\/wp\/v2\/comments?post=1626"}],"version-history":[{"count":12,"href":"https:\/\/deski.org\/en\/wp-json\/wp\/v2\/pages\/1626\/revisions"}],"predecessor-version":[{"id":3499,"href":"https:\/\/deski.org\/en\/wp-json\/wp\/v2\/pages\/1626\/revisions\/3499"}],"wp:attachment":[{"href":"https:\/\/deski.org\/en\/wp-json\/wp\/v2\/media?parent=1626"}],"curies":[{"name":"wp","href":"https:\/\/api.w.org\/{rel}","templated":true}]}}