{"id":1659,"date":"2016-08-03T14:57:26","date_gmt":"2016-08-03T14:57:26","guid":{"rendered":"https:\/\/deski.org\/?page_id=1659"},"modified":"2016-08-27T12:38:42","modified_gmt":"2016-08-27T12:38:42","slug":"oboz-narciarski-w-innerkrems","status":"publish","type":"page","link":"https:\/\/deski.org\/en\/oboz-narciarski-w-innerkrems\/","title":{"rendered":"ob\u00f3z narciarski w Innerkrems (Ferie)"},"content":{"rendered":"<div class=\"wpb-content-wrapper\"><p>[vc_row][vc_column width=&#8221;1\/1&#8243;]<div class=\"spacer\" style=\"height: 40px;\"><\/div>[rev_slider_vc alias=&#8221;obozSkiInnerkrems&#8221;][vc_column_text]<strong>Termin: 11 \u2013 22.02.2017 r.<\/strong><br \/>\nWyjazd dla grupy sportowej oraz dzieci z rocznik\u00f3w 2000-2004<\/p>\n<hr \/>\n<p><strong>Zakwaterowanie: Hotel Zirbenhof<\/strong><br \/>\nPensionat Zirbenhof po\u0142o\u017cony jest w miejscowo\u015bci Innerkrems 1500 m od o\u015brodka narciarskiego. Do dyspozycji go\u015bci s\u0105 pokoje 2-4 osobowe z \u0142azienkami, wyposa\u017cone w TV i balkony. Go\u015bcie mog\u0105 korzysta\u0107 z sauny, lodowiska oraz narciarni.\u00a0<a href=\"http:\/\/www.pension-zirbenhof.at\/\" target=\"_blank\">www.pension-zirbenhof.at<\/a><\/p>\n<p><strong>O\u015brodek narciarski Innerkrems<\/strong> le\u017cy na p\u00f3\u0142nocy Karyntii. \u0141\u0105cznie w o\u015brodku jest 45 kilometr\u00f3w tras zjazdowych ( 4,5 km \u0142atwych, 36 km \u015brednich oraz 4,5 km tyrudnych). \u00a0Ze wzgl\u0119du na du\u017c\u0105 ilo\u015b\u0107 zadbanych tras dobrze odnajduj\u0105 si\u0119 narciarze o umiej\u0119tno\u015bciach zaawansowanych, a najlepsz\u0105 rekomendacj\u0105 dla wymagaj\u0105cych jest fakt, \u017ce zim\u0105 w Innerkrems trenuj\u0105 cz\u0142onkowie Austriackiego Zwi\u0105zku Narciarskiego oraz zawodnicy kadr narodowych \u00a0innych kraj\u00f3w.<\/p>\n<hr \/>\n<p><strong>Cena:<\/strong><\/p>\n<p>4 200 z\u0142 dla dzieci z rocznika 2002-2004<br \/>\n4 100\u00a0z\u0142 &#8211; cz\u0142onkowie klubu (2002-2004)<br \/>\n4\u00a0550 z\u0142 dla dzieci z rocznika 2001 i starszych<br \/>\n4\u00a0450 z\u0142 cz\u0142onkowie klubu (2001 i starsi)<br \/>\nUwaga: cena wyjazdu mo\u017ce ulec zmianie przy wzro\u015bcie kursu euro ponad 4,40 z\u0142.<\/p>\n<p><strong>Cena wyjazdu zawiera:<\/strong><br \/>\n&#8211; dojazd komfortowym autokarem (wc, barek, video, klimatyzacja)<br \/>\n&#8211; zakwaterowanie: Pension Zirbenhof , w miejscowo\u015bci Innerkrems<br \/>\n&#8211; wy\u017cywienie: dwa posi\u0142ki dziennie (\u015bniadanie i obiadokolacja)<br \/>\n&#8211; 9-dniowy karnet narciarski<br \/>\n&#8211; opiek\u0119 i szkolenie (trenerzy i instruktorzy WTS DeSki)<br \/>\n&#8211; ubezpieczenie (KL, NNW, OC)<br \/>\n&#8211; serwis nart<\/p>\n<p>Cena nie zawiera kosztu dodatkowych posi\u0142k\u00f3w na stoku.<\/p>\n<p><strong>Warunki p\u0142atno\u015bci:<\/strong><br \/>\n1500 z\u0142 \u2013 zaliczka (od osoby) p\u0142atna w momencie zapisu na ob\u00f3z, pozosta\u0142a kwota p\u0142atna najp\u00f3\u017aniej na 21 przed rozpocz\u0119ciem obozu.<\/p>\n<p><strong>Formalno\u015bci:<\/strong><br \/>\nprzes\u0142a\u0107 do biura WTS DeSki formularz zg\u0142oszeniowy<br \/>\ndostarczy\u0107 kierownikowi obozu (na przedwyjazdowe spotkanie informacyjne) wype\u0142nion\u0105 kart\u0119 obozow\u0105 i podpisany regulamin.<\/p>\n<hr \/>\n<p>[\/vc_column_text][\/vc_column][\/vc_row][vc_row][vc_column width=&#8221;1\/1&#8243;]<div class=\"spacer\" style=\"height: 30px;\"><\/div><div class=\"single_image wpb_content_element align-left    \" data-animation=\"none\" data-delay=\"0\"><img loading=\"lazy\" decoding=\"async\" width=\"1024\" height=\"175\" src=\"https:\/\/deski.org\/wp-content\/uploads\/2016\/02\/pasek-oboz-zapisz-sie.jpg\" class=\"attachment-full\" alt=\"\" title=\"pasek oboz zapisz sie\" srcset=\"https:\/\/deski.org\/wp-content\/uploads\/2016\/02\/pasek-oboz-zapisz-sie.jpg 1024w, https:\/\/deski.org\/wp-content\/uploads\/2016\/02\/pasek-oboz-zapisz-sie-300x51.jpg 300w, https:\/\/deski.org\/wp-content\/uploads\/2016\/02\/pasek-oboz-zapisz-sie-768x131.jpg 768w\" sizes=\"auto, (max-width: 1024px) 100vw, 1024px\" \/><\/div>[vc_column_text]\n<div class=\"wpcf7 no-js\" id=\"wpcf7-f1621-o1\" lang=\"pl-PL\" dir=\"ltr\" data-wpcf7-id=\"1621\">\n<div class=\"screen-reader-response\"><p role=\"status\" aria-live=\"polite\" aria-atomic=\"true\"><\/p> <ul><\/ul><\/div>\n<form action=\"\/en\/wp-json\/wp\/v2\/pages\/1659#wpcf7-f1621-o1\" method=\"post\" class=\"wpcf7-form init\" aria-label=\"Formularz kontaktowy\" novalidate=\"novalidate\" data-status=\"init\">\n<fieldset class=\"hidden-fields-container\"><input type=\"hidden\" name=\"_wpcf7\" value=\"1621\" \/><input type=\"hidden\" name=\"_wpcf7_version\" value=\"6.1.5\" \/><input type=\"hidden\" name=\"_wpcf7_locale\" value=\"pl_PL\" \/><input type=\"hidden\" name=\"_wpcf7_unit_tag\" value=\"wpcf7-f1621-o1\" \/><input type=\"hidden\" name=\"_wpcf7_container_post\" value=\"0\" \/><input type=\"hidden\" name=\"_wpcf7_posted_data_hash\" value=\"\" \/><input type=\"hidden\" name=\"_wpcf7_recaptcha_response\" value=\"\" \/>\n<\/fieldset>\n<p>Wybierz ob\u00f3z\n<\/p>\n<p><span class=\"wpcf7-form-control-wrap\" data-name=\"menu-360\"><select class=\"wpcf7-form-control wpcf7-select wpcf7-validates-as-required\" aria-required=\"true\" aria-invalid=\"false\" multiple=\"multiple\" name=\"menu-360[]\"><option value=\"\">&#8212;Prosz\u0119 wybra\u0107 opcj\u0119&#8212;<\/option><option value=\"14 \u2013 22.10.2016 r.           Stubaital              Hotel Rogen                      rocznik: 2000 \u2013 2008\">14 \u2013 22.10.2016 r.           Stubaital              Hotel Rogen                      rocznik: 2000 \u2013 2008<\/option><option value=\"04 \u2013 12.11.2016 r.           Stubaital              Hotel Rogen                      rocznik: 2005 \u2013 2009 + doro\u015bli z ma\u0142ymi dzie\u0107mi + doro\u015bli samodzielnie\">04 \u2013 12.11.2016 r.           Stubaital              Hotel Rogen                      rocznik: 2005 \u2013 2009 + doro\u015bli z ma\u0142ymi dzie\u0107mi + doro\u015bli samodzielnie<\/option><option value=\"04 \u2013 12.11.2016 r.           Stubaital              Hotel Ranalt                      rocznik: 2005 \u2013 2008\">04 \u2013 12.11.2016 r.           Stubaital              Hotel Ranalt                      rocznik: 2005 \u2013 2008<\/option><option value=\"11 \u2013 22.02.2017 r.           Innerkrems         Hotel Zirbenhof                rocznik: 2000 \u2013 2004\">11 \u2013 22.02.2017 r.           Innerkrems         Hotel Zirbenhof                rocznik: 2000 \u2013 2004<\/option><option value=\"11 \u2013 22.02.2017 r.           Hinterstoder     Hotel Lindbichler              rocznik: 2005 \u2013 2008\">11 \u2013 22.02.2017 r.           Hinterstoder     Hotel Lindbichler              rocznik: 2005 \u2013 2008<\/option><option value=\"12 \u2013 24.02.2017 r.           Andalo                 Hotel Angelo                     rocznik: 2000 \u2013 2008               ob\u00f3z snowbordowy (w miar\u0119 wolnych miejsc zabieramy te\u017c narciarzy)\">12 \u2013 24.02.2017 r.           Andalo                 Hotel Angelo                     rocznik: 2000 \u2013 2008               ob\u00f3z snowbordowy (w miar\u0119 wolnych miejsc zabieramy te\u017c narciarzy)<\/option><option value=\"10 \u2013 19.02.2017 r.           Folgaria               Hotel Luna Bianca ***S FERIE \u2013 DORO\u015aLI Z DZIE\u0106MI + DORO\u015aLI SAMODZIELNIE\">10 \u2013 19.02.2017 r.           Folgaria               Hotel Luna Bianca ***S FERIE \u2013 DORO\u015aLI Z DZIE\u0106MI + DORO\u015aLI SAMODZIELNIE<\/option><option value=\"17 \u2013 26.02.2017 r.           Folgaria               Hotel Luna Bianca ***S FERIE \u2013 DORO\u015aLI Z DZIE\u0106MI + DORO\u015aLI SAMODZIELNIE\">17 \u2013 26.02.2017 r.           Folgaria               Hotel Luna Bianca ***S FERIE \u2013 DORO\u015aLI Z DZIE\u0106MI + DORO\u015aLI SAMODZIELNIE<\/option><option value=\"05 \u2013 11.03.2017 r.           Bukowina Tatrza\u0144ska                    Pensjonat Willa Roztoka      URWISKI \u2013 PRZEDSZKOLE NARCIARSKIE WTS DESKI\">05 \u2013 11.03.2017 r.           Bukowina Tatrza\u0144ska                    Pensjonat Willa Roztoka      URWISKI \u2013 PRZEDSZKOLE NARCIARSKIE WTS DESKI<\/option><option value=\"12 \u2013 18.03.2017 r.           Bukowina Tatrza\u0144ska                    Pensjonat Willa Roztoka      URWISKI \u2013 PRZEDSZKOLE NARCIARSKIE WTS DESKI\">12 \u2013 18.03.2017 r.           Bukowina Tatrza\u0144ska                    Pensjonat Willa Roztoka      URWISKI \u2013 PRZEDSZKOLE NARCIARSKIE WTS DESKI<\/option><option value=\"19 \u2013 25.03.2017 r.           Bukowina Tatrza\u0144ska                    Pensjonat Willa Roztoka      URWISKI \u2013 PRZEDSZKOLE NARCIARSKIE WTS DESKI\">19 \u2013 25.03.2017 r.           Bukowina Tatrza\u0144ska                    Pensjonat Willa Roztoka      URWISKI \u2013 PRZEDSZKOLE NARCIARSKIE WTS DESKI<\/option><\/select><\/span>\n<\/p>\n<p>Imi\u0119\/ona i nazwisko\/a uczestnika\/\u00f3w\n<\/p>\n<p><span class=\"wpcf7-form-control-wrap\" data-name=\"your-name\"><input size=\"40\" maxlength=\"400\" class=\"wpcf7-form-control wpcf7-text wpcf7-validates-as-required\" aria-required=\"true\" aria-invalid=\"false\" value=\"\" type=\"text\" name=\"your-name\" \/><\/span>\n<\/p>\n<p>Dat\u0119\/y urodzenia\n<\/p>\n<p><span class=\"wpcf7-form-control-wrap\" data-name=\"your-subject\"><input size=\"40\" maxlength=\"400\" class=\"wpcf7-form-control wpcf7-text wpcf7-validates-as-required\" aria-required=\"true\" aria-invalid=\"false\" value=\"\" type=\"text\" name=\"your-subject\" \/><\/span>\n<\/p>\n<p>Pesel\/e\n<\/p>\n<p><span class=\"wpcf7-form-control-wrap\" data-name=\"your-subject1\"><input size=\"40\" maxlength=\"400\" class=\"wpcf7-form-control wpcf7-text wpcf7-validates-as-required\" aria-required=\"true\" aria-invalid=\"false\" value=\"\" type=\"text\" name=\"your-subject1\" \/><\/span>\n<\/p>\n<p>Adres\/y zameldowania\n<\/p>\n<p><span class=\"wpcf7-form-control-wrap\" data-name=\"your-subject2\"><input size=\"40\" maxlength=\"400\" class=\"wpcf7-form-control wpcf7-text wpcf7-validates-as-required\" aria-required=\"true\" aria-invalid=\"false\" value=\"\" type=\"text\" name=\"your-subject2\" \/><\/span>\n<\/p>\n<p>Adres\/y do korespondencji\n<\/p>\n<p><span class=\"wpcf7-form-control-wrap\" data-name=\"your-subject3\"><input size=\"40\" maxlength=\"400\" class=\"wpcf7-form-control wpcf7-text wpcf7-validates-as-required\" aria-required=\"true\" aria-invalid=\"false\" value=\"\" type=\"text\" name=\"your-subject3\" \/><\/span>\n<\/p>\n<p>Numer telefonu (do rodzic\u00f3w, gdy zg\u0142oszenie obejmuje wyjazd m\u0142odzie\u017cowy)<span class=\"wpcf7-form-control-wrap\" data-name=\"tel-927\"><input size=\"40\" maxlength=\"400\" class=\"wpcf7-form-control wpcf7-tel wpcf7-validates-as-required wpcf7-text wpcf7-validates-as-tel\" aria-required=\"true\" aria-invalid=\"false\" value=\"\" type=\"tel\" name=\"tel-927\" \/><\/span>\n<\/p>\n<p>Adres email (do rodzic\u00f3w, gdy zg\u0142oszenie obejmuje wyjazd m\u0142odzie\u017cowy)\n<\/p>\n<p><span class=\"wpcf7-form-control-wrap\" data-name=\"your-email\"><input size=\"40\" maxlength=\"400\" class=\"wpcf7-form-control wpcf7-email wpcf7-validates-as-required wpcf7-text wpcf7-validates-as-email\" aria-required=\"true\" aria-invalid=\"false\" value=\"\" type=\"email\" name=\"your-email\" \/><\/span>\n<\/p>\n<p><input class=\"wpcf7-form-control wpcf7-submit has-spinner\" type=\"submit\" value=\"Wy\u015blij\" \/>\n<\/p><div class=\"wpcf7-response-output\" aria-hidden=\"true\"><\/div>\n<\/form>\n<\/div>\n[\/vc_column_text][\/vc_column][\/vc_row][vc_row][vc_column width=&#8221;1\/3&#8243;]<a href=\"https:\/\/deski.org\/wp-content\/uploads\/2016\/08\/2013_regulamin_narty_snowboard.pdf\" target=\"_blank\" class=\"button color-3 full \" style=\"border-radius: 2px;\"><i class='fa sl-emoticon-smile'><\/i>REGULAMIN OBOZ\u00d3W &#8211; pdf<\/a>[\/vc_column][vc_column width=&#8221;1\/3&#8243;]<a href=\"https:\/\/deski.org\/wp-content\/uploads\/2016\/03\/karta-obozowa.pdf\" target=\"_blank\" class=\"button color-3 full \" style=\"border-radius: 2px;\"><i class='fa sl-pencil'><\/i>KARTA OBOZOWA &#8211; pdf<\/a>[\/vc_column][vc_column width=&#8221;1\/3&#8243;]<a href=\"https:\/\/deski.org\/wp-content\/uploads\/2016\/08\/lista-rzeczy-do-zabrania-narty.pdf\" target=\"_blank\" class=\"button color-3 full \" style=\"border-radius: 2px;\"><i class='fa sl-list'><\/i>CO ZABRA\u0106 ZE SOB\u0104 &#8211; pdf<\/a>[\/vc_column][\/vc_row][vc_row][vc_column width=&#8221;1\/1&#8243;]<div class=\"spacer\" style=\"height: 40px;\"><\/div>[\/vc_column][\/vc_row][vc_row type=&#8221;full_width_section&#8221;][vc_column width=&#8221;1\/1&#8243;]<div class=\"single_image wpb_content_element align-left    \" data-animation=\"none\" data-delay=\"0\"><img loading=\"lazy\" decoding=\"async\" width=\"1024\" height=\"86\" src=\"https:\/\/deski.org\/wp-content\/uploads\/2016\/02\/pasek-oboz-zaliczka3.jpg\" class=\"attachment-full\" alt=\"\" title=\"pasek oboz zaliczka3\" srcset=\"https:\/\/deski.org\/wp-content\/uploads\/2016\/02\/pasek-oboz-zaliczka3.jpg 1024w, https:\/\/deski.org\/wp-content\/uploads\/2016\/02\/pasek-oboz-zaliczka3-300x25.jpg 300w, https:\/\/deski.org\/wp-content\/uploads\/2016\/02\/pasek-oboz-zaliczka3-768x64.jpg 768w\" sizes=\"auto, (max-width: 1024px) 100vw, 1024px\" \/><\/div>[\/vc_column][\/vc_row]<\/p>\n<\/div>","protected":false},"excerpt":{"rendered":"<p>[vc_row][vc_column width=&#8221;1\/1&#8243;][rev_slider_vc alias=&#8221;obozSkiInnerkrems&#8221;][vc_column_text]Termin: 11 \u2013 22.02.2017 r. Wyjazd dla grupy sportowej oraz dzieci z rocznik\u00f3w 2000-2004 Zakwaterowanie: Hotel Zirbenhof Pensionat Zirbenhof po\u0142o\u017cony jest w miejscowo\u015bci Innerkrems 1500 m od o\u015brodka narciarskiego. Do dyspozycji go\u015bci s\u0105 pokoje 2-4 osobowe z \u0142azienkami, wyposa\u017cone w TV i balkony. Go\u015bcie mog\u0105 korzysta\u0107 z sauny, lodowiska oraz narciarni.\u00a0www.pension-zirbenhof.at O\u015brodek narciarski Innerkrems le\u017cy na p\u00f3\u0142nocy Karyntii. \u0141\u0105cznie w o\u015brodku jest 45 kilometr\u00f3w tras zjazdowych ( 4,5 km \u0142atwych, 36 km \u015brednich oraz 4,5 km tyrudnych). \u00a0Ze wzgl\u0119du na du\u017c\u0105 ilo\u015b\u0107 zadbanych tras dobrze odnajduj\u0105 si\u0119 narciarze o umiej\u0119tno\u015bciach zaawansowanych, a najlepsz\u0105 rekomendacj\u0105 dla wymagaj\u0105cych jest fakt, \u017ce zim\u0105 w Innerkrems trenuj\u0105 cz\u0142onkowie Austriackiego Zwi\u0105zku Narciarskiego oraz zawodnicy kadr narodowych \u00a0innych kraj\u00f3w. Cena: 4 200 z\u0142 dla dzieci z rocznika 2002-2004 4 100\u00a0z\u0142 &#8211; cz\u0142onkowie klubu (2002-2004) 4\u00a0550 z\u0142 dla dzieci z rocznika 2001 i starszych 4\u00a0450 z\u0142 cz\u0142onkowie klubu (2001 i starsi) Uwaga: cena wyjazdu mo\u017ce ulec zmianie przy wzro\u015bcie kursu euro ponad 4,40 z\u0142. Cena wyjazdu zawiera: &#8211; dojazd komfortowym autokarem (wc, barek, video, klimatyzacja) &#8211; zakwaterowanie: Pension Zirbenhof , w miejscowo\u015bci Innerkrems &#8211; wy\u017cywienie: dwa posi\u0142ki dziennie (\u015bniadanie i obiadokolacja) &#8211; 9-dniowy karnet narciarski &#8211; opiek\u0119 i szkolenie (trenerzy i instruktorzy WTS DeSki) &#8211; [&hellip;]<\/p>\n","protected":false},"author":6,"featured_media":0,"parent":0,"menu_order":0,"comment_status":"closed","ping_status":"closed","template":"","meta":{"_acf_changed":false,"_mo_disable_npp":"","_vp_format_video_url":"","_vp_image_focal_point":[],"footnotes":""},"class_list":["post-1659","page","type-page","status-publish","hentry"],"acf":[],"aioseo_notices":[],"_links":{"self":[{"href":"https:\/\/deski.org\/en\/wp-json\/wp\/v2\/pages\/1659","targetHints":{"allow":["GET"]}}],"collection":[{"href":"https:\/\/deski.org\/en\/wp-json\/wp\/v2\/pages"}],"about":[{"href":"https:\/\/deski.org\/en\/wp-json\/wp\/v2\/types\/page"}],"author":[{"embeddable":true,"href":"https:\/\/deski.org\/en\/wp-json\/wp\/v2\/users\/6"}],"replies":[{"embeddable":true,"href":"https:\/\/deski.org\/en\/wp-json\/wp\/v2\/comments?post=1659"}],"version-history":[{"count":6,"href":"https:\/\/deski.org\/en\/wp-json\/wp\/v2\/pages\/1659\/revisions"}],"predecessor-version":[{"id":1772,"href":"https:\/\/deski.org\/en\/wp-json\/wp\/v2\/pages\/1659\/revisions\/1772"}],"wp:attachment":[{"href":"https:\/\/deski.org\/en\/wp-json\/wp\/v2\/media?parent=1659"}],"curies":[{"name":"wp","href":"https:\/\/api.w.org\/{rel}","templated":true}]}}