{"id":1678,"date":"2016-08-03T15:10:07","date_gmt":"2016-08-03T15:10:07","guid":{"rendered":"https:\/\/deski.org\/?page_id=1678"},"modified":"2016-08-27T11:07:46","modified_gmt":"2016-08-27T11:07:46","slug":"oboz-narciarski-bukowina-tatrzanska-2","status":"publish","type":"page","link":"https:\/\/deski.org\/en\/oboz-narciarski-bukowina-tatrzanska-2\/","title":{"rendered":"ob\u00f3z narciarski Bukowina Tatrza\u0144ska 2"},"content":{"rendered":"<div class=\"wpb-content-wrapper\"><p>[vc_row][vc_column width=&#8221;1\/1&#8243;]<div class=\"spacer\" style=\"height: 40px;\"><\/div>[rev_slider_vc alias=&#8221;obozSkiBukowina&#8221;][vc_column_text]<strong>Termin: <u><\/u>12 \u2013 18.03.2017 r.<\/strong><\/p>\n<p>URWISKI \u2013 PRZEDSZKOLE NARCIARSKIE WTS DESKI<\/p>\n<p>Wyjazd dla dzieci od 4 lat z rodzicami<\/p>\n<hr \/>\n<p><strong>Zakwaterowanie: Pensjonat Willa Roztoka w Bukowinie Tatrza\u0144skiej<\/strong><\/p>\n<p>Willa Roztoka to kameralny pensjonat\u00a0 po\u0142o\u017cony w jednym z najpi\u0119kniejszych zak\u0105tk\u00f3w Polski \u2013 Bukowinie Tatrza\u0144skiej. Czyste powietrze, doskona\u0142y klimat, malownicze krajobrazy oraz blisko\u015b\u0107 szlak\u00f3w Tatrza\u0144skiego Parku Narodowego sprawiaj\u0105, \u017ce Bukowina Tatrza\u0144ska to doskona\u0142e miejsce na wypoczynek w ciszy i spokoju przez ca\u0142y rok. Miejscowo\u015b\u0107 jest popularnym o\u015brodkiem sport\u00f3w zimowych.\u00a0Roztoka \u0142\u0105czy sielankow\u0105 atmosfer\u0119 g\u00f3rskiego zacisza ze wszystkimi\u00a0wygodami nowoczesnego kurortu, a po\u0142\u0105czenie tradycji i nowoczesno\u015bci\u00a0nadaje temu miejscu niepowtarzalny urok. Niew\u0105tpliwym atutem pensjonatu jest po\u0142o\u017cenie blisko du\u017cych stacji narciarskich (Bukowina Tatrza\u0144ska, Bia\u0142ka Tatrza\u0144ska, Jurg\u00f3w, Czarna G\u00f3ra, Rusi\u0144ski Wierch) oraz basen\u00f3w termalnych: Terma Bukovina i Terma Bia\u0142ka. Po\u0142o\u017cony zaledwie 3 km od Bia\u0142ki Tatrza\u0144skiej i 15 km od Zakopanego. Ka\u017cdy pok\u00f3j wyposa\u017cony jest w \u0142azienk\u0119 z prysznicem i suszark\u0105 do w\u0142os\u00f3w, bezprzewodowy Internet, telewizj\u0119 satelitarn\u0105, radio, lod\u00f3wk\u0119, telefon, czajnik elektryczny oraz zestaw do czyszczenia obuwia.\u00a0<a href=\"http:\/\/www.roztoka.pl\" target=\"_blank\">www.roztoka.pl<\/a><\/p>\n<p><strong>Program wyjazdu:<\/strong><\/p>\n<p>Przyjazd na miejsce zaplanowany jest na godziny popo\u0142udniowe. Tego dnia po kolacji (ok. godz. 19.00) odb\u0119dzie si\u0119\u00a0spotkanie ze wszystkimi uczestnikami wyjazdu. Tam przedstawione zostan\u0105 wszystkie szczeg\u00f3\u0142y, dotycz\u0105ce organizacji, szkolenia, itd.<br \/>\nOd nast\u0119pnego dnia, zaraz po \u015bniadaniu (ok. godz. 9.00) najpierw dzieci, a zaraz potem doro\u015bli udaj\u0105 si\u0119 na stok. Obie grupy, wprawdzie z nieco innymi programami, ale robi\u0105 wszystko aby sta\u0107 si\u0119 jeszcze lepszymi narciarzami. Zaj\u0119cia na \u015bniegu, przedzielone s\u0105 odpoczynkiem i posi\u0142kiem w restauracji na stoku i trwaj\u0105 do ok. godz. 13.00. Powr\u00f3t z zaj\u0119\u0107 odbywa si\u0119 w odwrotnej kolejno\u015bci, tzn. najpierw wracaj\u0105 Rodzice a nast\u0119pnie dzieci. Po obiedzie i odpoczynku dzieci spotykaj\u0105 si\u0119 na drugiej cz\u0119\u015bci zaj\u0119\u0107, kt\u00f3re mog\u0105 mie\u0107 r\u00f3\u017cnorodny charakter. Raz b\u0119d\u0105 to zaj\u0119cia sportowe, raz plastyczne, na pewno nie zabraknie spotkania z przyrod\u0105 Tatr i kultur\u0105 podhala\u0144sk\u0105.<br \/>\nPod koniec wyjazdu rozegrane zostan\u0105 zawody narciarskie, b\u0119dzie te\u017c czas na wsp\u00f3lne narty Rodzic\u00f3w i dzieci&#8230;.<\/p>\n<hr \/>\n<p><strong>Cena:<\/strong><\/p>\n<ul>\n<li>2290 z\u0142 &#8211; dziecko 4-10 lat<\/li>\n<li>2450 z\u0142 &#8211; dziecko po uko\u0144czeniu 10 lat<\/li>\n<li>990 z\u0142 &#8211; osoba doros\u0142a bez szkolenia<\/li>\n<li>600-1050 z\u0142 &#8211; szkolenie osoby doros\u0142ej*<\/li>\n<\/ul>\n<p><span style=\"color: #000000;\"><span style=\"font-family: 'Times New Roman', serif;\"><span style=\"font-size: small;\">*Cena uzale\u017cniona od liczby uczestnik\u00f3w (3-6 os).<\/span><\/span><\/span><\/p>\n<p><strong>Cena wyjazdu zawiera:<\/strong><br \/>\n&#8211; zakwaterowanie w \u201eWilla Roztoka\u201d<br \/>\n&#8211; wy\u017cywienie: trzy posi\u0142ki dziennie<br \/>\n&#8211; karnet narciarski\u00a0(6 dni)<br \/>\n&#8211; opiek\u0119 i szkolenie (trenerzy i instruktorzy WTS DeSki)<br \/>\n&#8211; ubezpieczenie<\/p>\n<p>Cena nie zawiera kosztu zakupu karnet\u00f3w narciarskich dla os\u00f3b doros\u0142ych\u00a0oraz dojazdu.<br \/>\nDojazd:\u00a0w\u0142asny<br \/>\nWarunki p\u0142atno\u015bci:<br \/>\n1000 z\u0142 \u2013 zaliczka (od osoby) p\u0142atna w momencie zapisu na ob\u00f3z, pozosta\u0142a kwota p\u0142atna najp\u00f3\u017aniej na 21 przed rozpocz\u0119ciem obozu.<\/p>\n<p>Formalno\u015bci:<br \/>\nprzes\u0142a\u0107 do biura WTS DeSki formularz zg\u0142oszeniowy<\/p>\n<p>&nbsp;<\/p>\n<hr \/>\n<p>[\/vc_column_text][\/vc_column][\/vc_row][vc_row][vc_column width=&#8221;1\/1&#8243;]<div class=\"spacer\" style=\"height: 30px;\"><\/div><div class=\"single_image wpb_content_element align-left    \" data-animation=\"none\" data-delay=\"0\"><img loading=\"lazy\" decoding=\"async\" width=\"1024\" height=\"175\" src=\"https:\/\/deski.org\/wp-content\/uploads\/2016\/02\/pasek-oboz-zapisz-sie.jpg\" class=\"attachment-full\" alt=\"\" title=\"pasek oboz zapisz sie\" srcset=\"https:\/\/deski.org\/wp-content\/uploads\/2016\/02\/pasek-oboz-zapisz-sie.jpg 1024w, https:\/\/deski.org\/wp-content\/uploads\/2016\/02\/pasek-oboz-zapisz-sie-300x51.jpg 300w, https:\/\/deski.org\/wp-content\/uploads\/2016\/02\/pasek-oboz-zapisz-sie-768x131.jpg 768w\" sizes=\"auto, (max-width: 1024px) 100vw, 1024px\" \/><\/div>[vc_column_text]\n<div class=\"wpcf7 no-js\" id=\"wpcf7-f1621-o1\" lang=\"pl-PL\" dir=\"ltr\" data-wpcf7-id=\"1621\">\n<div class=\"screen-reader-response\"><p role=\"status\" aria-live=\"polite\" aria-atomic=\"true\"><\/p> <ul><\/ul><\/div>\n<form action=\"\/en\/wp-json\/wp\/v2\/pages\/1678#wpcf7-f1621-o1\" method=\"post\" class=\"wpcf7-form init\" aria-label=\"Formularz kontaktowy\" novalidate=\"novalidate\" data-status=\"init\">\n<fieldset class=\"hidden-fields-container\"><input type=\"hidden\" name=\"_wpcf7\" value=\"1621\" \/><input type=\"hidden\" name=\"_wpcf7_version\" value=\"6.1.5\" \/><input type=\"hidden\" name=\"_wpcf7_locale\" value=\"pl_PL\" \/><input type=\"hidden\" name=\"_wpcf7_unit_tag\" value=\"wpcf7-f1621-o1\" \/><input type=\"hidden\" name=\"_wpcf7_container_post\" value=\"0\" \/><input type=\"hidden\" name=\"_wpcf7_posted_data_hash\" value=\"\" \/><input type=\"hidden\" name=\"_wpcf7_recaptcha_response\" value=\"\" \/>\n<\/fieldset>\n<p>Wybierz ob\u00f3z\n<\/p>\n<p><span class=\"wpcf7-form-control-wrap\" data-name=\"menu-360\"><select class=\"wpcf7-form-control wpcf7-select wpcf7-validates-as-required\" aria-required=\"true\" aria-invalid=\"false\" multiple=\"multiple\" name=\"menu-360[]\"><option value=\"\">&#8212;Prosz\u0119 wybra\u0107 opcj\u0119&#8212;<\/option><option value=\"14 \u2013 22.10.2016 r.           Stubaital              Hotel Rogen                      rocznik: 2000 \u2013 2008\">14 \u2013 22.10.2016 r.           Stubaital              Hotel Rogen                      rocznik: 2000 \u2013 2008<\/option><option value=\"04 \u2013 12.11.2016 r.           Stubaital              Hotel Rogen                      rocznik: 2005 \u2013 2009 + doro\u015bli z ma\u0142ymi dzie\u0107mi + doro\u015bli samodzielnie\">04 \u2013 12.11.2016 r.           Stubaital              Hotel Rogen                      rocznik: 2005 \u2013 2009 + doro\u015bli z ma\u0142ymi dzie\u0107mi + doro\u015bli samodzielnie<\/option><option value=\"04 \u2013 12.11.2016 r.           Stubaital              Hotel Ranalt                      rocznik: 2005 \u2013 2008\">04 \u2013 12.11.2016 r.           Stubaital              Hotel Ranalt                      rocznik: 2005 \u2013 2008<\/option><option value=\"11 \u2013 22.02.2017 r.           Innerkrems         Hotel Zirbenhof                rocznik: 2000 \u2013 2004\">11 \u2013 22.02.2017 r.           Innerkrems         Hotel Zirbenhof                rocznik: 2000 \u2013 2004<\/option><option value=\"11 \u2013 22.02.2017 r.           Hinterstoder     Hotel Lindbichler              rocznik: 2005 \u2013 2008\">11 \u2013 22.02.2017 r.           Hinterstoder     Hotel Lindbichler              rocznik: 2005 \u2013 2008<\/option><option value=\"12 \u2013 24.02.2017 r.           Andalo                 Hotel Angelo                     rocznik: 2000 \u2013 2008               ob\u00f3z snowbordowy (w miar\u0119 wolnych miejsc zabieramy te\u017c narciarzy)\">12 \u2013 24.02.2017 r.           Andalo                 Hotel Angelo                     rocznik: 2000 \u2013 2008               ob\u00f3z snowbordowy (w miar\u0119 wolnych miejsc zabieramy te\u017c narciarzy)<\/option><option value=\"10 \u2013 19.02.2017 r.           Folgaria               Hotel Luna Bianca ***S FERIE \u2013 DORO\u015aLI Z DZIE\u0106MI + DORO\u015aLI SAMODZIELNIE\">10 \u2013 19.02.2017 r.           Folgaria               Hotel Luna Bianca ***S FERIE \u2013 DORO\u015aLI Z DZIE\u0106MI + DORO\u015aLI SAMODZIELNIE<\/option><option value=\"17 \u2013 26.02.2017 r.           Folgaria               Hotel Luna Bianca ***S FERIE \u2013 DORO\u015aLI Z DZIE\u0106MI + DORO\u015aLI SAMODZIELNIE\">17 \u2013 26.02.2017 r.           Folgaria               Hotel Luna Bianca ***S FERIE \u2013 DORO\u015aLI Z DZIE\u0106MI + DORO\u015aLI SAMODZIELNIE<\/option><option value=\"05 \u2013 11.03.2017 r.           Bukowina Tatrza\u0144ska                    Pensjonat Willa Roztoka      URWISKI \u2013 PRZEDSZKOLE NARCIARSKIE WTS DESKI\">05 \u2013 11.03.2017 r.           Bukowina Tatrza\u0144ska                    Pensjonat Willa Roztoka      URWISKI \u2013 PRZEDSZKOLE NARCIARSKIE WTS DESKI<\/option><option value=\"12 \u2013 18.03.2017 r.           Bukowina Tatrza\u0144ska                    Pensjonat Willa Roztoka      URWISKI \u2013 PRZEDSZKOLE NARCIARSKIE WTS DESKI\">12 \u2013 18.03.2017 r.           Bukowina Tatrza\u0144ska                    Pensjonat Willa Roztoka      URWISKI \u2013 PRZEDSZKOLE NARCIARSKIE WTS DESKI<\/option><option value=\"19 \u2013 25.03.2017 r.           Bukowina Tatrza\u0144ska                    Pensjonat Willa Roztoka      URWISKI \u2013 PRZEDSZKOLE NARCIARSKIE WTS DESKI\">19 \u2013 25.03.2017 r.           Bukowina Tatrza\u0144ska                    Pensjonat Willa Roztoka      URWISKI \u2013 PRZEDSZKOLE NARCIARSKIE WTS DESKI<\/option><\/select><\/span>\n<\/p>\n<p>Imi\u0119\/ona i nazwisko\/a uczestnika\/\u00f3w\n<\/p>\n<p><span class=\"wpcf7-form-control-wrap\" data-name=\"your-name\"><input size=\"40\" maxlength=\"400\" class=\"wpcf7-form-control wpcf7-text wpcf7-validates-as-required\" aria-required=\"true\" aria-invalid=\"false\" value=\"\" type=\"text\" name=\"your-name\" \/><\/span>\n<\/p>\n<p>Dat\u0119\/y urodzenia\n<\/p>\n<p><span class=\"wpcf7-form-control-wrap\" data-name=\"your-subject\"><input size=\"40\" maxlength=\"400\" class=\"wpcf7-form-control wpcf7-text wpcf7-validates-as-required\" aria-required=\"true\" aria-invalid=\"false\" value=\"\" type=\"text\" name=\"your-subject\" \/><\/span>\n<\/p>\n<p>Pesel\/e\n<\/p>\n<p><span class=\"wpcf7-form-control-wrap\" data-name=\"your-subject1\"><input size=\"40\" maxlength=\"400\" class=\"wpcf7-form-control wpcf7-text wpcf7-validates-as-required\" aria-required=\"true\" aria-invalid=\"false\" value=\"\" type=\"text\" name=\"your-subject1\" \/><\/span>\n<\/p>\n<p>Adres\/y zameldowania\n<\/p>\n<p><span class=\"wpcf7-form-control-wrap\" data-name=\"your-subject2\"><input size=\"40\" maxlength=\"400\" class=\"wpcf7-form-control wpcf7-text wpcf7-validates-as-required\" aria-required=\"true\" aria-invalid=\"false\" value=\"\" type=\"text\" name=\"your-subject2\" \/><\/span>\n<\/p>\n<p>Adres\/y do korespondencji\n<\/p>\n<p><span class=\"wpcf7-form-control-wrap\" data-name=\"your-subject3\"><input size=\"40\" maxlength=\"400\" class=\"wpcf7-form-control wpcf7-text wpcf7-validates-as-required\" aria-required=\"true\" aria-invalid=\"false\" value=\"\" type=\"text\" name=\"your-subject3\" \/><\/span>\n<\/p>\n<p>Numer telefonu (do rodzic\u00f3w, gdy zg\u0142oszenie obejmuje wyjazd m\u0142odzie\u017cowy)<span class=\"wpcf7-form-control-wrap\" data-name=\"tel-927\"><input size=\"40\" maxlength=\"400\" class=\"wpcf7-form-control wpcf7-tel wpcf7-validates-as-required wpcf7-text wpcf7-validates-as-tel\" aria-required=\"true\" aria-invalid=\"false\" value=\"\" type=\"tel\" name=\"tel-927\" \/><\/span>\n<\/p>\n<p>Adres email (do rodzic\u00f3w, gdy zg\u0142oszenie obejmuje wyjazd m\u0142odzie\u017cowy)\n<\/p>\n<p><span class=\"wpcf7-form-control-wrap\" data-name=\"your-email\"><input size=\"40\" maxlength=\"400\" class=\"wpcf7-form-control wpcf7-email wpcf7-validates-as-required wpcf7-text wpcf7-validates-as-email\" aria-required=\"true\" aria-invalid=\"false\" value=\"\" type=\"email\" name=\"your-email\" \/><\/span>\n<\/p>\n<p><input class=\"wpcf7-form-control wpcf7-submit has-spinner\" type=\"submit\" value=\"Wy\u015blij\" \/>\n<\/p><div class=\"wpcf7-response-output\" aria-hidden=\"true\"><\/div>\n<\/form>\n<\/div>\n[\/vc_column_text][\/vc_column][\/vc_row][vc_row][vc_column width=&#8221;1\/3&#8243;]<a href=\"https:\/\/deski.org\/wp-content\/uploads\/2016\/08\/2013_regulamin_narty_snowboard.pdf\" target=\"_blank\" class=\"button color-3 full \" style=\"border-radius: 2px;\"><i class='fa sl-emoticon-smile'><\/i>REGULAMIN OBOZ\u00d3W &#8211; pdf<\/a>[\/vc_column][vc_column width=&#8221;1\/3&#8243;]<a href=\"https:\/\/deski.org\/wp-content\/uploads\/2016\/03\/karta-obozowa.pdf\" target=\"_blank\" class=\"button color-3 full \" style=\"border-radius: 2px;\"><i class='fa sl-pencil'><\/i>KARTA OBOZOWA &#8211; pdf<\/a>[\/vc_column][vc_column width=&#8221;1\/3&#8243;]<a href=\"https:\/\/deski.org\/wp-content\/uploads\/2016\/08\/lista-rzeczy-do-zabrania-narty.pdf\" target=\"_blank\" class=\"button color-3 full \" style=\"border-radius: 2px;\"><i class='fa sl-list'><\/i>CO ZABRA\u0106 ZE SOB\u0104 &#8211; pdf<\/a>[\/vc_column][\/vc_row][vc_row][vc_column width=&#8221;1\/1&#8243;]<div class=\"spacer\" style=\"height: 40px;\"><\/div>[\/vc_column][\/vc_row][vc_row type=&#8221;full_width_section&#8221;][vc_column width=&#8221;1\/1&#8243;]<div class=\"single_image wpb_content_element align-left    \" data-animation=\"none\" data-delay=\"0\"><img loading=\"lazy\" decoding=\"async\" width=\"1024\" height=\"86\" src=\"https:\/\/deski.org\/wp-content\/uploads\/2016\/02\/pasek-oboz-zaliczka3.jpg\" class=\"attachment-full\" alt=\"\" title=\"pasek oboz zaliczka3\" srcset=\"https:\/\/deski.org\/wp-content\/uploads\/2016\/02\/pasek-oboz-zaliczka3.jpg 1024w, https:\/\/deski.org\/wp-content\/uploads\/2016\/02\/pasek-oboz-zaliczka3-300x25.jpg 300w, https:\/\/deski.org\/wp-content\/uploads\/2016\/02\/pasek-oboz-zaliczka3-768x64.jpg 768w\" sizes=\"auto, (max-width: 1024px) 100vw, 1024px\" \/><\/div>[\/vc_column][\/vc_row]<\/p>\n<\/div>","protected":false},"excerpt":{"rendered":"<p>[vc_row][vc_column width=&#8221;1\/1&#8243;][rev_slider_vc alias=&#8221;obozSkiBukowina&#8221;][vc_column_text]Termin: 12 \u2013 18.03.2017 r. URWISKI \u2013 PRZEDSZKOLE NARCIARSKIE WTS DESKI Wyjazd dla dzieci od 4 lat z rodzicami Zakwaterowanie: Pensjonat Willa Roztoka w Bukowinie Tatrza\u0144skiej Willa Roztoka to kameralny pensjonat\u00a0 po\u0142o\u017cony w jednym z najpi\u0119kniejszych zak\u0105tk\u00f3w Polski \u2013 Bukowinie Tatrza\u0144skiej. Czyste powietrze, doskona\u0142y klimat, malownicze krajobrazy oraz blisko\u015b\u0107 szlak\u00f3w Tatrza\u0144skiego Parku Narodowego sprawiaj\u0105, \u017ce Bukowina Tatrza\u0144ska to doskona\u0142e miejsce na wypoczynek w ciszy i spokoju przez ca\u0142y rok. Miejscowo\u015b\u0107 jest popularnym o\u015brodkiem sport\u00f3w zimowych.\u00a0Roztoka \u0142\u0105czy sielankow\u0105 atmosfer\u0119 g\u00f3rskiego zacisza ze wszystkimi\u00a0wygodami nowoczesnego kurortu, a po\u0142\u0105czenie tradycji i nowoczesno\u015bci\u00a0nadaje temu miejscu niepowtarzalny urok. Niew\u0105tpliwym atutem pensjonatu jest po\u0142o\u017cenie blisko du\u017cych stacji narciarskich (Bukowina Tatrza\u0144ska, Bia\u0142ka Tatrza\u0144ska, Jurg\u00f3w, Czarna G\u00f3ra, Rusi\u0144ski Wierch) oraz basen\u00f3w termalnych: Terma Bukovina i Terma Bia\u0142ka. Po\u0142o\u017cony zaledwie 3 km od Bia\u0142ki Tatrza\u0144skiej i 15 km od Zakopanego. Ka\u017cdy pok\u00f3j wyposa\u017cony jest w \u0142azienk\u0119 z prysznicem i suszark\u0105 do w\u0142os\u00f3w, bezprzewodowy Internet, telewizj\u0119 satelitarn\u0105, radio, lod\u00f3wk\u0119, telefon, czajnik elektryczny oraz zestaw do czyszczenia obuwia.\u00a0www.roztoka.pl Program wyjazdu: Przyjazd na miejsce zaplanowany jest na godziny popo\u0142udniowe. Tego dnia po kolacji (ok. godz. 19.00) odb\u0119dzie si\u0119\u00a0spotkanie ze wszystkimi uczestnikami wyjazdu. Tam przedstawione zostan\u0105 wszystkie szczeg\u00f3\u0142y, dotycz\u0105ce organizacji, szkolenia, itd. Od nast\u0119pnego dnia, zaraz po \u015bniadaniu (ok. godz. 9.00) [&hellip;]<\/p>\n","protected":false},"author":6,"featured_media":0,"parent":0,"menu_order":0,"comment_status":"closed","ping_status":"closed","template":"","meta":{"_acf_changed":false,"_mo_disable_npp":"","_vp_format_video_url":"","_vp_image_focal_point":[],"footnotes":""},"class_list":["post-1678","page","type-page","status-publish","hentry"],"acf":[],"aioseo_notices":[],"_links":{"self":[{"href":"https:\/\/deski.org\/en\/wp-json\/wp\/v2\/pages\/1678","targetHints":{"allow":["GET"]}}],"collection":[{"href":"https:\/\/deski.org\/en\/wp-json\/wp\/v2\/pages"}],"about":[{"href":"https:\/\/deski.org\/en\/wp-json\/wp\/v2\/types\/page"}],"author":[{"embeddable":true,"href":"https:\/\/deski.org\/en\/wp-json\/wp\/v2\/users\/6"}],"replies":[{"embeddable":true,"href":"https:\/\/deski.org\/en\/wp-json\/wp\/v2\/comments?post=1678"}],"version-history":[{"count":3,"href":"https:\/\/deski.org\/en\/wp-json\/wp\/v2\/pages\/1678\/revisions"}],"predecessor-version":[{"id":1741,"href":"https:\/\/deski.org\/en\/wp-json\/wp\/v2\/pages\/1678\/revisions\/1741"}],"wp:attachment":[{"href":"https:\/\/deski.org\/en\/wp-json\/wp\/v2\/media?parent=1678"}],"curies":[{"name":"wp","href":"https:\/\/api.w.org\/{rel}","templated":true}]}}