{"id":17777,"date":"2016-01-28T11:17:31","date_gmt":"2016-01-28T11:17:31","guid":{"rendered":"https:\/\/deski.org\/osrodek\/"},"modified":"2023-08-07T21:21:04","modified_gmt":"2023-08-07T21:21:04","slug":"club","status":"publish","type":"page","link":"https:\/\/deski.org\/en\/club\/","title":{"rendered":"Club Area"},"content":{"rendered":"<div class=\"wpb-content-wrapper\"><p>[vc_row][vc_column width=&#8221;1\/1&#8243;]<div class=\"spacer\" style=\"height: 40px;\"><\/div><h3 class=\"headline font-inherit fontsize-xl fontweight-900 lh-inherit align-center transform-uppercase \" style=\"margin: 0 0 20px 0; color: #259b9a;\">Teren klubu WTS DESKI<\/h3>[vc_column_text]<\/p>\n<p style=\"text-align: center;\">The WTS DESKI facility features a restaurant and the PM SPORT shop. We also encourage you to rent the club&#8217;s premises, as we guarantee unforgettable experiences.<\/p>\n<p>[\/vc_column_text][\/vc_column][\/vc_row][vc_row][vc_column width=&#8221;1\/1&#8243;]<div class=\"divider divider1\" style='margin:60px 0 60px 0 !important;'><\/div>[vc_row_inner][vc_column_inner width=&#8221;1\/2&#8243;]<div class=\"imagebox wpb_content_element style-1\"><div class=\"imagebox-img\"><a href='http:\/\/deski.org\/wynajemterenu\/'><img decoding=\"async\" src=\"https:\/\/deski.org\/wp-content\/uploads\/2019\/09\/teren1.jpg\" alt=\"teren wts deski\" \/><\/a><\/div><strong>Renting of premises, event organization in the center of Warsaw<\/strong><\/p>\n<p>An oasis of greenery in the heart of the capital.<br \/>\nWe invite you to contact us regarding the rental.<\/p>\n<p><strong><a href=\"http:\/\/deski.org\/wynajemterenu\/\">More<\/a><\/strong><\/div>[\/vc_column_inner][vc_column_inner width=&#8221;1\/2&#8243;]<div class=\"imagebox wpb_content_element style-1\"><div class=\"imagebox-img\"><a href='https:\/\/deski.org\/restauracja-deski'><img decoding=\"async\" src=\"https:\/\/deski.org\/wp-content\/uploads\/2020\/08\/deski-restauracja.jpg\" alt=\"deski restauracja\" \/><\/a><\/div><strong>Restauracja DESKI<\/strong><\/p>\n<p>Oferuje zdrow\u0105 i niebanaln\u0105 kuchni\u0119. Zapraszamy na koncerty, wydarzenia jogowe i \u015bwietn\u0105 atmosfer\u0119 przed i po treningu!<\/p>\n<p><strong><a href=\"https:\/\/deski.org\/restauracja-deski-3\/\">Wi\u0119cej<\/a><\/strong><\/div>[\/vc_column_inner][\/vc_row_inner]<div class=\"spacer\" style=\"height: 40px;\"><\/div>[vc_row_inner][vc_column_inner][vc_column_text]<a href=\"https:\/\/adventuresports.pl\/\"><img loading=\"lazy\" decoding=\"async\" class=\"alignnone wp-image-4789 size-full\" src=\"https:\/\/deski.org\/wp-content\/uploads\/2018\/06\/pasek-sklep-pmsport.jpg\" alt=\"pm sport sklep\" width=\"2000\" height=\"189\" srcset=\"https:\/\/deski.org\/wp-content\/uploads\/2018\/06\/pasek-sklep-pmsport.jpg 1024w, https:\/\/deski.org\/wp-content\/uploads\/2018\/06\/pasek-sklep-pmsport-300x28.jpg 300w, https:\/\/deski.org\/wp-content\/uploads\/2018\/06\/pasek-sklep-pmsport-24x2.jpg 24w, https:\/\/deski.org\/wp-content\/uploads\/2018\/06\/pasek-sklep-pmsport-36x3.jpg 36w, https:\/\/deski.org\/wp-content\/uploads\/2018\/06\/pasek-sklep-pmsport-48x5.jpg 48w\" sizes=\"auto, (max-width: 2000px) 100vw, 2000px\" \/><\/a>[\/vc_column_text][\/vc_column_inner][\/vc_row_inner]<div class=\"spacer\" style=\"height: 40px;\"><\/div>[\/vc_column][\/vc_row]<\/p>\n<\/div>","protected":false},"excerpt":{"rendered":"<p>[vc_row][vc_column width=&#8221;1\/1&#8243;][vc_column_text] The WTS DESKI facility features a restaurant and the PM SPORT shop. We also encourage you to rent the club&#8217;s premises, as we guarantee unforgettable experiences. [\/vc_column_text][\/vc_column][\/vc_row][vc_row][vc_column width=&#8221;1\/1&#8243;][vc_row_inner][vc_column_inner width=&#8221;1\/2&#8243;][\/vc_column_inner][vc_column_inner width=&#8221;1\/2&#8243;][\/vc_column_inner][\/vc_row_inner][vc_row_inner][vc_column_inner][vc_column_text][\/vc_column_text][\/vc_column_inner][\/vc_row_inner][\/vc_column][\/vc_row]<\/p>\n","protected":false},"author":1,"featured_media":0,"parent":0,"menu_order":0,"comment_status":"closed","ping_status":"closed","template":"","meta":{"_acf_changed":false,"_mo_disable_npp":"","_vp_format_video_url":"","_vp_image_focal_point":[],"footnotes":""},"class_list":["post-17777","page","type-page","status-publish","hentry"],"acf":[],"aioseo_notices":[],"_links":{"self":[{"href":"https:\/\/deski.org\/en\/wp-json\/wp\/v2\/pages\/17777","targetHints":{"allow":["GET"]}}],"collection":[{"href":"https:\/\/deski.org\/en\/wp-json\/wp\/v2\/pages"}],"about":[{"href":"https:\/\/deski.org\/en\/wp-json\/wp\/v2\/types\/page"}],"author":[{"embeddable":true,"href":"https:\/\/deski.org\/en\/wp-json\/wp\/v2\/users\/1"}],"replies":[{"embeddable":true,"href":"https:\/\/deski.org\/en\/wp-json\/wp\/v2\/comments?post=17777"}],"version-history":[{"count":42,"href":"https:\/\/deski.org\/en\/wp-json\/wp\/v2\/pages\/17777\/revisions"}],"predecessor-version":[{"id":19300,"href":"https:\/\/deski.org\/en\/wp-json\/wp\/v2\/pages\/17777\/revisions\/19300"}],"wp:attachment":[{"href":"https:\/\/deski.org\/en\/wp-json\/wp\/v2\/media?parent=17777"}],"curies":[{"name":"wp","href":"https:\/\/api.w.org\/{rel}","templated":true}]}}