{"id":17930,"date":"2016-10-12T08:13:23","date_gmt":"2016-10-12T08:13:23","guid":{"rendered":"https:\/\/deski.org\/plany-treningowe\/"},"modified":"2023-07-24T05:56:05","modified_gmt":"2023-07-24T05:56:05","slug":"training-plans","status":"publish","type":"page","link":"https:\/\/deski.org\/en\/training-plans\/","title":{"rendered":"Training plans"},"content":{"rendered":"<div class=\"wpb-content-wrapper\"><p>[vc_row][vc_column width=&#8221;1\/1&#8243;]<div class=\"single_image wpb_content_element align-center    \" data-animation=\"none\" data-delay=\"0\"><img loading=\"lazy\" decoding=\"async\" width=\"700\" height=\"490\" src=\"https:\/\/deski.org\/wp-content\/uploads\/2016\/10\/etapy-szkolenia-Deski.png\" class=\"attachment-full\" alt=\"\" title=\"etapy szkolenia Deski\" srcset=\"https:\/\/deski.org\/wp-content\/uploads\/2016\/10\/etapy-szkolenia-Deski.png 700w, https:\/\/deski.org\/wp-content\/uploads\/2016\/10\/etapy-szkolenia-Deski-300x210.png 300w, https:\/\/deski.org\/wp-content\/uploads\/2016\/10\/etapy-szkolenia-Deski-24x17.png 24w, https:\/\/deski.org\/wp-content\/uploads\/2016\/10\/etapy-szkolenia-Deski-36x25.png 36w, https:\/\/deski.org\/wp-content\/uploads\/2016\/10\/etapy-szkolenia-Deski-48x34.png 48w\" sizes=\"auto, (max-width: 700px) 100vw, 700px\" \/><\/div><h1 class=\"headline font-inherit fontsize-m fontweight-400 lh-inherit align-center transform-inherit \" style=\"margin: 0 0 20px 0;\">Sekcja sport\u00f3w zimowych WTS DeSki<br \/>\nZapraszamy do zapoznania si\u0119 ze struktur\u0105 naszej sekcji narciarskiej i planami szkoleniowymi dla kolejnych grup wiekowych<br \/>\n<\/h1>[vc_column_text]W WTS DeSki kompleksowo my\u015blimy o stopniowym rozwijaniu umiej\u0119tno\u015bci narciarskich i og\u00f3lnosportowych. Zapraszamy do zapoznania si\u0119 z z planem szkoleniowym, gdzie ka\u017cdy znajdzie co\u015b dla siebie. Program szkoleniowy jest przeznaczony zar\u00f3wno dla amator\u00f3w kochaj\u0105cych g\u00f3ry i aktywny wypoczynek, lecz tak\u017ce dla rodzic\u00f3w chc\u0105cych by ich dzieci osi\u0105ga\u0142y sportowe sukcesy. Wielu obecnych instruktor\u00f3w klubu zaczyna\u0142o w\u0142a\u015bnie od najm\u0142odszych grup deskowicz\u00f3w. Staramy si\u0119 rozwija\u0107 pasj\u0119 do narciarstwa w ka\u017cdym jego przejawie. Zapraszamy do wsp\u00f3lnego uprawiania skitouringu, narciarstwa biegowego, inline alpine oraz innych sport\u00f3w.[\/vc_column_text][\/vc_column][\/vc_row][vc_row][vc_column width=&#8221;1\/1&#8243;]<div class=\"spacer\" style=\"height: 30px;\"><\/div>[vc_column_text]W sprawie zapis\u00f3w, oferty i wszelkich informacji dotycz\u0105cych sekcji sport\u00f3w zimowych prosimy zwraca\u0107 si\u0119 do Biura WTS DeSki &#8211; <a href=\"https:\/\/deski.org\/kontakt\/\" target=\"_blank\" rel=\"noopener\">kontakt<\/a>. Po wszelkie informacje w sprawach merytorycznych i szkoleniowych zapraszamy do instruktor\u00f3w odpowiedzialnych za poszczeg\u00f3lne bloki.[\/vc_column_text]<div class=\"spacer\" style=\"height: 20px;\"><\/div><div class=\"newdivider align-center\" style=\"border-bottom-style: solid; border-color: #aaaaaa; border-bottom-width: 1px; margin-top: 40; margin-bottom: 50; width: 100%; \"><\/div><div class=\"clear\"><\/div><div class=\"spacer\" style=\"height: 40px;\"><\/div>[\/vc_column][\/vc_row][vc_row][vc_column width=&#8221;1\/2&#8243;][\/vc_column][vc_column width=&#8221;1\/2&#8243;][\/vc_column][\/vc_row]<\/p>\n<\/div>","protected":false},"excerpt":{"rendered":"<p>[vc_row][vc_column width=&#8221;1\/1&#8243;][vc_column_text]W WTS DeSki kompleksowo my\u015blimy o stopniowym rozwijaniu umiej\u0119tno\u015bci narciarskich i og\u00f3lnosportowych. Zapraszamy do zapoznania si\u0119 z z planem szkoleniowym, gdzie ka\u017cdy znajdzie co\u015b dla siebie. Program szkoleniowy jest przeznaczony zar\u00f3wno dla amator\u00f3w kochaj\u0105cych g\u00f3ry i aktywny wypoczynek, lecz tak\u017ce dla rodzic\u00f3w chc\u0105cych by ich dzieci osi\u0105ga\u0142y sportowe sukcesy. Wielu obecnych instruktor\u00f3w klubu zaczyna\u0142o w\u0142a\u015bnie od najm\u0142odszych grup deskowicz\u00f3w. Staramy si\u0119 rozwija\u0107 pasj\u0119 do narciarstwa w ka\u017cdym jego przejawie. Zapraszamy do wsp\u00f3lnego uprawiania skitouringu, narciarstwa biegowego, inline alpine oraz innych sport\u00f3w.[\/vc_column_text][\/vc_column][\/vc_row][vc_row][vc_column width=&#8221;1\/1&#8243;][vc_column_text]W sprawie zapis\u00f3w, oferty i wszelkich informacji dotycz\u0105cych sekcji sport\u00f3w zimowych prosimy zwraca\u0107 si\u0119 do Biura WTS DeSki &#8211; kontakt. Po wszelkie informacje w sprawach merytorycznych i szkoleniowych zapraszamy do instruktor\u00f3w odpowiedzialnych za poszczeg\u00f3lne bloki.[\/vc_column_text][\/vc_column][\/vc_row][vc_row][vc_column width=&#8221;1\/2&#8243;][\/vc_column][vc_column width=&#8221;1\/2&#8243;][\/vc_column][\/vc_row]<\/p>\n","protected":false},"author":6,"featured_media":0,"parent":0,"menu_order":0,"comment_status":"closed","ping_status":"closed","template":"","meta":{"_acf_changed":false,"_mo_disable_npp":"","_vp_format_video_url":"","_vp_image_focal_point":[],"footnotes":""},"class_list":["post-17930","page","type-page","status-publish","hentry"],"acf":[],"aioseo_notices":[],"_links":{"self":[{"href":"https:\/\/deski.org\/en\/wp-json\/wp\/v2\/pages\/17930","targetHints":{"allow":["GET"]}}],"collection":[{"href":"https:\/\/deski.org\/en\/wp-json\/wp\/v2\/pages"}],"about":[{"href":"https:\/\/deski.org\/en\/wp-json\/wp\/v2\/types\/page"}],"author":[{"embeddable":true,"href":"https:\/\/deski.org\/en\/wp-json\/wp\/v2\/users\/6"}],"replies":[{"embeddable":true,"href":"https:\/\/deski.org\/en\/wp-json\/wp\/v2\/comments?post=17930"}],"version-history":[{"count":4,"href":"https:\/\/deski.org\/en\/wp-json\/wp\/v2\/pages\/17930\/revisions"}],"predecessor-version":[{"id":18289,"href":"https:\/\/deski.org\/en\/wp-json\/wp\/v2\/pages\/17930\/revisions\/18289"}],"wp:attachment":[{"href":"https:\/\/deski.org\/en\/wp-json\/wp\/v2\/media?parent=17930"}],"curies":[{"name":"wp","href":"https:\/\/api.w.org\/{rel}","templated":true}]}}