{"id":17931,"date":"2017-10-01T12:11:22","date_gmt":"2017-10-01T12:11:22","guid":{"rendered":"https:\/\/deski.org\/szkola-szczesliwice\/"},"modified":"2025-01-01T09:44:30","modified_gmt":"2025-01-01T09:44:30","slug":"training-at-szczesliwice","status":"publish","type":"page","link":"https:\/\/deski.org\/en\/training-at-szczesliwice\/","title":{"rendered":"Training at Szcz\u0119\u015bliwice"},"content":{"rendered":"<div class=\"wpb-content-wrapper\"><p>[vc_row][vc_column width=&#8221;1\/6&#8243;][\/vc_column][vc_column width=&#8221;2\/3&#8243;][vc_raw_html]JTVCbWV0YXNsaWRlciUyMGlkJTNEJTIyODMwMiUyMiU1RA==[\/vc_raw_html]<div class=\"spacer\" style=\"height: 40px;\"><\/div>[\/vc_column][vc_column width=&#8221;1\/6&#8243;][\/vc_column][\/vc_row][vc_row][vc_column width=&#8221;1\/2&#8243;][vc_column_text]<\/p>\n<h3>Training sessions at G\u00f3rka Szcz\u0119\u015bliwicka for the 2024\/25 season.<\/h3>\n<p>Artificial slope sessions are a great way to prepare for the winter season in the mountains. We refresh the feeling of putting on boots, quickly getting oriented on the ski lift, improve our riding technique, and, all while having a great time. For those interested, we will organize competitions in events like the Warsaw Alpine League and the Warsaw Ski League.<\/p>\n<div class=\"wpb_text_column wpb_content_element \">\n<div class=\"wpb_wrapper\">\n<p>Our organized groups are dedicated to children born in <strong>2019<\/strong> and older who can independently use a T-bar lift and descend on their own. We invite skiers and snowboarders of all skill levels to <strong>individual lessons<\/strong>.<\/p>\n<\/div>\n<\/div>\n<p>[\/vc_column_text][vc_column_inner width=&#8221;1\/2&#8243;][\/vc_column_inner][\/vc_column][vc_column width=&#8221;1\/2&#8243;][vc_column_text]<iframe loading=\"lazy\" src=\"https:\/\/www.youtube.com\/embed\/Iu-3UjjvEVI\" width=\"100%\" height=\"400\" frameborder=\"0\" allowfullscreen=\"allowfullscreen\" data-mce-fragment=\"1\"><\/iframe>[\/vc_column_text][\/vc_column][\/vc_row][vc_row][vc_column width=&#8221;1\/1&#8243;]<div class=\"spacer\" style=\"height: 40px;\"><\/div>[vc_row_inner][vc_column_inner]<h1 class=\"headline font-inherit fontsize-m fontweight-900 lh-inherit align-left transform-uppercase \" style=\"margin: 0 0 20px 0; color: #000000;\">PRICE LIST<\/h1>[vc_column_text]<div class=\"wptb-container-legacy\" data-table-id=\"19838\">\n    <table class=\"wptb-preview-table wptb-element-main-table_setting-19838\" style=\"border-spacing: 3px 3px; \" data-reconstraction=\"1\" data-wptb-cells-width-auto-count=\"4\" data-wptb-apply-table-container-max-width=\"1\" data-wptb-table-container-max-width=\"850\" data-wptb-horizontal-scroll-status=\"false\" data-wptb-extra-styles=\"LyogRW50ZXIgeW91ciBjdXN0b20gQ1NTIHJ1bGVzIGhlcmUgKi8=\" data-wptb-pro-pagination-top-row-header=\"false\" data-wptb-rows-per-page=\"10\" data-wptb-pro-search-top-row-header=\"false\" data-wptb-searchbar-position=\"left\" role=\"table\" data-table-columns=\"4\" data-wptb-table-alignment=\"left\" data-wptb-td-width-auto=\"120\" data-wptb-table-tds-sum-max-width=\"432\" ><tbody data-global-font-color=\"#000000\" data-global-link-color=\"#000000\" data-global-font-size=\"15\" ><tr  class=\"wptb-row \" style=\"background-color: rgb(255, 135, 122); \"><td class=\"wptb-cell \" style=\"padding: 4px; border-width: 1px; \" data-y-index=\"0\" data-x-index=\"0\" data-wptb-css-td-auto-width=\"true\" data-wptb-cell-vertical-alignment=\"center\" ><div class=\"wptb-text-container wptb-ph-element wptb-element-text-597\" style=\"color: rgb(51, 51, 51); font-size: 14px; \"><div style=\"position: relative;\"><p><\/p><\/div><\/div><\/td><td class=\"wptb-cell \" style=\"padding: 4px; border-width: 1px; \" data-y-index=\"0\" data-x-index=\"1\" data-wptb-css-td-auto-width=\"true\" data-wptb-cell-vertical-alignment=\"center\" ><div class=\"wptb-text-container wptb-ph-element wptb-element-text-598\" style=\"color: rgb(255, 255, 255); font-size: 14px; \"><div style=\"position: relative;\"><p style=\"text-align: center\" data-mce-style=\"text-align: center;\"><strong>1 h<\/strong><\/p><\/div><\/div><\/td><td class=\"wptb-cell \" style=\"padding: 4px; border-width: 1px; \" data-y-index=\"0\" data-x-index=\"2\" data-wptb-css-td-auto-width=\"true\" data-wptb-cell-vertical-alignment=\"center\" ><div class=\"wptb-text-container wptb-ph-element wptb-element-text-599\" style=\"color: rgb(255, 255, 255); font-size: 14px; \"><div style=\"position: relative;\"><p style=\"text-align: center\"><strong>2h<\/strong><\/p><\/div><\/div><\/td><td class=\"wptb-cell \" style=\"padding: 4px; border-width: 1px; \" data-y-index=\"0\" data-x-index=\"3\" data-wptb-css-td-auto-width=\"true\" data-wptb-cell-vertical-alignment=\"center\" ><div class=\"wptb-text-container wptb-ph-element wptb-element-text-600\" style=\"color: rgb(255, 255, 255); font-size: 14px; \"><div style=\"position: relative;\"><p style=\"text-align: center\" data-mce-style=\"text-align: center;\"><strong>3h<\/strong><\/p><\/div><\/div><\/td><\/tr><tr  class=\"wptb-row \" style=\"\"><td class=\"wptb-cell \" style=\"padding: 4px; border-width: 1px; \" data-y-index=\"1\" data-x-index=\"0\" data-wptb-css-td-auto-width=\"true\" data-wptb-cell-vertical-alignment=\"center\" ><div class=\"wptb-text-container wptb-ph-element wptb-element-text-601\" style=\"color: rgb(0, 0, 0); font-size: 14px; \"><div style=\"position: relative;\"><p style=\"text-align: center\">1 osoba<\/p><\/div><\/div><\/td><td class=\"wptb-cell \" style=\"padding: 4px; border-width: 1px; \" data-y-index=\"1\" data-x-index=\"1\" data-wptb-css-td-auto-width=\"true\" data-wptb-cell-vertical-alignment=\"center\" ><div class=\"wptb-text-container wptb-ph-element wptb-element-text-602\" style=\"color: rgb(0, 0, 0); font-size: 15px; \"><div style=\"position: relative;\"><p style=\"text-align: center\" data-mce-style=\"text-align: center;\">120 z\u0142<\/p><\/div><\/div><\/td><td class=\"wptb-cell \" style=\"padding: 4px; border-width: 1px; \" data-y-index=\"1\" data-x-index=\"2\" data-wptb-css-td-auto-width=\"true\" data-wptb-cell-vertical-alignment=\"center\" ><div class=\"wptb-text-container wptb-ph-element wptb-element-text-603\" style=\"color: rgb(0, 0, 0); font-size: 14px; \"><div style=\"position: relative;\"><p style=\"text-align: center\" data-mce-style=\"text-align: center;\">220 z\u0142<\/p><\/div><\/div><\/td><td class=\"wptb-cell \" style=\"padding: 4px; border-width: 1px; \" data-y-index=\"1\" data-x-index=\"3\" data-wptb-css-td-auto-width=\"true\" data-wptb-cell-vertical-alignment=\"center\" ><div class=\"wptb-text-container wptb-ph-element wptb-element-text-604\" style=\"color: rgb(0, 0, 0); font-size: 14px; \"><div style=\"position: relative;\"><p style=\"text-align: center\" data-mce-style=\"text-align: center;\">300 z\u0142<\/p><\/div><\/div><\/td><\/tr><tr  class=\"wptb-row \" style=\"\"><td class=\"wptb-cell \" style=\"padding: 4px; border-width: 1px; \" data-y-index=\"2\" data-x-index=\"0\" data-wptb-css-td-auto-width=\"true\" data-wptb-cell-vertical-alignment=\"center\" ><div class=\"wptb-text-container wptb-ph-element wptb-element-text-605\" style=\"color: rgb(0, 0, 0); font-size: 14px; \"><div style=\"position: relative;\"><p style=\"text-align: center\">2 osoby&nbsp;<\/p><\/div><\/div><\/td><td class=\"wptb-cell \" style=\"padding: 4px; border-width: 1px; \" data-y-index=\"2\" data-x-index=\"1\" data-wptb-css-td-auto-width=\"true\" data-wptb-cell-vertical-alignment=\"center\" ><div class=\"wptb-text-container wptb-ph-element wptb-element-text-606\" style=\"color: rgb(0, 0, 0); font-size: 14px; \"><div style=\"position: relative;\"><p style=\"text-align: center\" data-mce-style=\"text-align: center;\">180 z\u0142<\/p><\/div><\/div><\/td><td class=\"wptb-cell \" style=\"padding: 4px; border-width: 1px; \" data-y-index=\"2\" data-x-index=\"2\" data-wptb-css-td-auto-width=\"true\" data-wptb-cell-vertical-alignment=\"center\" ><div class=\"wptb-text-container wptb-ph-element wptb-element-text-607\" style=\"color: rgb(0, 0, 0); font-size: 14px; \"><div style=\"position: relative;\"><p style=\"text-align: center\" data-mce-style=\"text-align: center;\">250 z\u0142<\/p><\/div><\/div><\/td><td class=\"wptb-cell \" style=\"padding: 4px; border-width: 1px; \" data-y-index=\"2\" data-x-index=\"3\" data-wptb-css-td-auto-width=\"true\" data-wptb-cell-vertical-alignment=\"center\" ><div class=\"wptb-text-container wptb-ph-element wptb-element-text-608\" style=\"color: rgb(0, 0, 0); font-size: 14px; \"><div style=\"position: relative;\"><p style=\"text-align: center\" data-mce-style=\"text-align: center;\">330 z\u0142<\/p><\/div><\/div><\/td><\/tr><tr  class=\"wptb-row \" style=\"\"><td class=\"wptb-cell \" style=\"padding: 4px; border-width: 1px; \" data-y-index=\"3\" data-x-index=\"0\" data-wptb-css-td-auto-width=\"true\" data-wptb-cell-vertical-alignment=\"center\" ><div class=\"wptb-text-container wptb-ph-element wptb-element-text-609\" style=\"color: rgb(0, 0, 0); font-size: 15px; \"><div style=\"position: relative;\"><p style=\"text-align: center\">3 osoby<\/p><\/div><\/div><\/td><td class=\"wptb-cell \" style=\"padding: 4px; border-width: 1px; \" data-y-index=\"3\" data-x-index=\"1\" data-wptb-css-td-auto-width=\"true\" data-wptb-cell-vertical-alignment=\"center\" ><div class=\"wptb-text-container wptb-ph-element wptb-element-text-610\" style=\"color: rgb(0, 0, 0); font-size: 15px; \"><div style=\"position: relative;\"><p style=\"text-align: center\" data-mce-style=\"text-align: center;\">210 z\u0142<\/p><\/div><\/div><\/td><td class=\"wptb-cell \" style=\"padding: 4px; border-width: 1px; \" data-y-index=\"3\" data-x-index=\"2\" data-wptb-css-td-auto-width=\"true\" data-wptb-cell-vertical-alignment=\"center\" ><div class=\"wptb-text-container wptb-ph-element wptb-element-text-611\" style=\"color: rgb(0, 0, 0); font-size: 15px; \"><div style=\"position: relative;\"><p style=\"text-align: center\" data-mce-style=\"text-align: center;\">280 z\u0142<\/p><\/div><\/div><\/td><td class=\"wptb-cell \" style=\"padding: 4px; border-width: 1px; \" data-y-index=\"3\" data-x-index=\"3\" data-wptb-css-td-auto-width=\"true\" data-wptb-cell-vertical-alignment=\"center\" ><div class=\"wptb-text-container wptb-ph-element wptb-element-text-612\" style=\"color: rgb(0, 0, 0); font-size: 15px; \"><div style=\"position: relative;\"><p style=\"text-align: center\" data-mce-style=\"text-align: center;\">340 z\u0142<\/p><\/div><\/div><\/td><\/tr><tr  class=\"wptb-row \" style=\"\"><td class=\"wptb-cell \" style=\"padding: 4px; border-width: 1px; \" data-y-index=\"4\" data-x-index=\"0\" data-wptb-css-td-auto-width=\"true\" data-wptb-cell-vertical-alignment=\"center\" ><div class=\"wptb-text-container wptb-ph-element wptb-element-text-613\" style=\"color: rgb(0, 0, 0); font-size: 15px; \"><div style=\"position: relative;\"><p style=\"text-align: center\" data-mce-style=\"text-align: center;\">dodatkowa osoba<\/p><\/div><\/div><\/td><td class=\"wptb-cell \" style=\"padding: 4px; border-width: 1px; \" data-y-index=\"4\" data-x-index=\"1\" data-wptb-css-td-auto-width=\"true\" data-wptb-cell-vertical-alignment=\"center\" ><div class=\"wptb-text-container wptb-ph-element wptb-element-text-614\" style=\"color: rgb(0, 0, 0); font-size: 15px; \"><div style=\"position: relative;\"><p style=\"text-align: center\" data-mce-style=\"text-align: center;\">70 z\u0142<\/p><\/div><\/div><\/td><td class=\"wptb-cell \" style=\"padding: 4px; border-width: 1px; \" data-y-index=\"4\" data-x-index=\"2\" data-wptb-css-td-auto-width=\"true\" data-wptb-cell-vertical-alignment=\"center\" ><div class=\"wptb-text-container wptb-ph-element wptb-element-text-615\" style=\"color: rgb(0, 0, 0); font-size: 15px; \"><div style=\"position: relative;\"><p style=\"text-align: center\" data-mce-style=\"text-align: center;\">80 z\u0142<\/p><\/div><\/div><\/td><td class=\"wptb-cell \" style=\"padding: 4px; border-width: 1px; \" data-y-index=\"4\" data-x-index=\"3\" data-wptb-css-td-auto-width=\"true\" data-wptb-cell-vertical-alignment=\"center\" ><div class=\"wptb-text-container wptb-ph-element wptb-element-text-616\" style=\"color: rgb(0, 0, 0); font-size: 15px; \"><div style=\"position: relative;\"><p style=\"text-align: center\" data-mce-style=\"text-align: center;\">90 z\u0142<\/p><\/div><\/div><\/td><\/tr><\/tbody><\/table>\n<\/div>\n[\/vc_column_text][\/vc_column_inner][\/vc_row_inner]<h1 class=\"headline font-inherit fontsize-m fontweight-900 lh-inherit align-left transform-uppercase \" style=\"margin: 0 0 20px 0; color: #000000;\">Group Training Package<\/h1>[vc_column_text]4 sessions per month, each lasting 1 hour 30 minutes &#8211; <strong>440 PLN<\/strong><br \/>\n*Classes will take place if a minimum of 4 students is reached.[\/vc_column_text]<h1 class=\"headline font-inherit fontsize-m fontweight-900 lh-inherit align-left transform-uppercase \" style=\"margin: 0 0 20px 0; color: #000000;\">HOW TO SIGN UP?<\/h1>[vc_column_text]<\/p>\n<ol>\n<li>Submit your application via the contact form.<\/li>\n<li>Make the payment at the office or into the club&#8217;s bank account before the first session.<\/li>\n<\/ol>\n<p>[\/vc_column_text]<h1 class=\"headline font-inherit fontsize-m fontweight-900 lh-inherit align-left transform-uppercase \" style=\"margin: 0 0 20px 0; color: #000000;\">Contact<\/h1>[vc_column_text]Kacper Bojar<br \/>\n794 420 426<br \/>\n<a class=\"mailto-link\" href=\"mailto:szkolaszczesliwice@deski.org\" target=\"_blank\" rel=\"noopener noreferrer\">szkolaszczesliwice@deski.org<\/a>[\/vc_column_text][vc_column_text]<button data-sid=\"19853\" data-id=\"5217\" data-post_id=\"17931\" data-form_style=\"1\" data-popup_close_icon=\"\" data-allow_outside_click=\"1\" data-allow_escape_key=\"\" data-width=\"700px\" data-height=\"px\" data-open_animation=\"default\" data-close_animation=\"default\" class=\"wpb-pcf-form-fire wpb-pcf-btn-output-shortcode wpb-pcf-btn-small wpb-pcf-btn wpb-pcf-btn-default\">FORMULARZ KONTAKTOWY<\/button>[\/vc_column_text][\/vc_column][\/vc_row]<\/p>\n<\/div>","protected":false},"excerpt":{"rendered":"<p>[vc_row][vc_column width=&#8221;1\/6&#8243;][\/vc_column][vc_column width=&#8221;2\/3&#8243;][vc_raw_html]JTVCbWV0YXNsaWRlciUyMGlkJTNEJTIyODMwMiUyMiU1RA==[\/vc_raw_html][\/vc_column][vc_column width=&#8221;1\/6&#8243;][\/vc_column][\/vc_row][vc_row][vc_column width=&#8221;1\/2&#8243;][vc_column_text] Training sessions at G\u00f3rka Szcz\u0119\u015bliwicka for the 2024\/25 season. Artificial slope sessions are a great way to prepare for the winter season in the mountains. We refresh the feeling of putting on boots, quickly getting oriented on the ski lift, improve our riding technique, and, all while having a great time. For those interested, we will organize competitions in events like the Warsaw Alpine League and the Warsaw Ski League. Our organized groups are dedicated to children born in 2019 and older who can independently use a T-bar lift and descend on their own. We invite skiers and snowboarders of all skill levels to individual lessons. [\/vc_column_text][vc_column_inner width=&#8221;1\/2&#8243;][\/vc_column_inner][\/vc_column][vc_column width=&#8221;1\/2&#8243;][vc_column_text][\/vc_column_text][\/vc_column][\/vc_row][vc_row][vc_column width=&#8221;1\/1&#8243;][vc_row_inner][vc_column_inner][vc_column_text][\/vc_column_text][\/vc_column_inner][\/vc_row_inner][vc_column_text]4 sessions per month, each lasting 1 hour 30 minutes &#8211; 440 PLN *Classes will take place if a minimum of 4 students is reached.[\/vc_column_text][vc_column_text] Submit your application via the contact form. Make the payment at the office or into the club&#8217;s bank account before the first session. [\/vc_column_text][vc_column_text]Kacper Bojar 794 420 426 szkolaszczesliwice@deski.org[\/vc_column_text][vc_column_text][\/vc_column_text][\/vc_column][\/vc_row]<\/p>\n","protected":false},"author":6,"featured_media":0,"parent":0,"menu_order":0,"comment_status":"closed","ping_status":"closed","template":"","meta":{"_acf_changed":false,"_mo_disable_npp":"","_vp_format_video_url":"","_vp_image_focal_point":[],"footnotes":""},"class_list":["post-17931","page","type-page","status-publish","hentry"],"acf":[],"aioseo_notices":[],"_links":{"self":[{"href":"https:\/\/deski.org\/en\/wp-json\/wp\/v2\/pages\/17931","targetHints":{"allow":["GET"]}}],"collection":[{"href":"https:\/\/deski.org\/en\/wp-json\/wp\/v2\/pages"}],"about":[{"href":"https:\/\/deski.org\/en\/wp-json\/wp\/v2\/types\/page"}],"author":[{"embeddable":true,"href":"https:\/\/deski.org\/en\/wp-json\/wp\/v2\/users\/6"}],"replies":[{"embeddable":true,"href":"https:\/\/deski.org\/en\/wp-json\/wp\/v2\/comments?post=17931"}],"version-history":[{"count":10,"href":"https:\/\/deski.org\/en\/wp-json\/wp\/v2\/pages\/17931\/revisions"}],"predecessor-version":[{"id":22543,"href":"https:\/\/deski.org\/en\/wp-json\/wp\/v2\/pages\/17931\/revisions\/22543"}],"wp:attachment":[{"href":"https:\/\/deski.org\/en\/wp-json\/wp\/v2\/media?parent=17931"}],"curies":[{"name":"wp","href":"https:\/\/api.w.org\/{rel}","templated":true}]}}