{"id":17999,"date":"2017-10-10T14:43:52","date_gmt":"2017-10-10T14:43:52","guid":{"rendered":"https:\/\/deski.org\/przygotowanie-motoryczne\/"},"modified":"2023-07-22T12:07:52","modified_gmt":"2023-07-22T12:07:52","slug":"motor-skills-preparation","status":"publish","type":"page","link":"https:\/\/deski.org\/en\/motor-skills-preparation\/","title":{"rendered":"Motor skills preparation"},"content":{"rendered":"<div class=\"wpb-content-wrapper\"><p>[vc_row][vc_column width=&#8221;1\/1&#8243;]<h3 class=\"headline font-special fontsize-xl fontweight-900 lh-inherit align-center transform-inherit \" style=\"margin: 0 0 20px 0; color: #44bdbd;\">Zadbaj z nami o swoj\u0105 form\u0119. <\/h3>[vc_column_text]<\/p>\n<p style=\"text-align: center;\">Przygotowanie motoryczne to podstawa prawid\u0142owego rozwoju ka\u017cdego sportowca. Na naszych zaj\u0119ciach grupowych i indywidualnych k\u0142adziemy nacisk na holistyczny i zr\u00f3wnowa\u017cony rozw\u00f3j naszych podopiecznych. Chcemy \u017ceby ka\u017cdy m\u00f3g\u0142 w naszej ofercie znale\u017a\u0107 co\u015b dla siebie dlatego przedstawiamy ca\u0142y wachlarz propozycji. Zapraszamy!<\/p>\n<p>[\/vc_column_text][\/vc_column][\/vc_row][vc_row][vc_column width=&#8221;1\/1&#8243;]<div class=\"divider divider1\" style='margin:60px 0 60px 0 !important;'><\/div>[vc_row_inner][vc_column_inner width=&#8221;1\/3&#8243;]<div class=\"imagebox wpb_content_element style-1\"><div class=\"imagebox-img\"><a href='https:\/\/deski.org\/treningi-ogolnorozwojowe\/'><img decoding=\"async\" src=\"https:\/\/deski.org\/wp-content\/uploads\/2017\/10\/treningi-Deski-sobota.jpg\" alt=\"trening sportowy warszawa\" \/><\/a><\/div><strong>Sobotnie treningi dla dzieci i doros\u0142ych<\/strong><\/p>\n<p>Treningi og\u00f3lnorozwojowe kszta\u0142tuj\u0105 nie tylko og\u00f3ln\u0105 sprawno\u015b\u0107 ruchow\u0105, ale r\u00f3wnie\u017c pozwalaj\u0105 na sp\u0119dzenie mi\u0142ego przedpo\u0142udnia.<\/p>\n<p><a href=\"https:\/\/deski.org\/treningi-ogolnorozwojowe\/\"><strong>Zajrzyj po szczeg\u00f3\u0142y<\/strong><\/a><\/div>[\/vc_column_inner][vc_column_inner width=&#8221;1\/3&#8243;]<div class=\"imagebox wpb_content_element style-1\"><div class=\"imagebox-img\"><a href='https:\/\/deski.org\/trening-indywidualny\/'><img decoding=\"async\" src=\"https:\/\/deski.org\/wp-content\/uploads\/2017\/10\/trening-indywidualny-Deski-N.png\" alt=\"trening indywidualny Deski N\" \/><\/a><\/div><strong>Trening indywidualny<\/strong><\/p>\n<p>PROS Performance Training to system przeznaczony do pracy z zawodowymi sportowcami jak r\u00f3wnie\u017c amatorami.<\/p>\n<p><a href=\"https:\/\/deski.org\/trening-indywidualny\/\"><strong>Zajrzyj po szczeg\u00f3\u0142y<\/strong><\/a><\/div>[\/vc_column_inner][vc_column_inner width=&#8221;1\/3&#8243;]<div class=\"imagebox wpb_content_element style-1\"><div class=\"imagebox-img\"><a href='https:\/\/deski.org\/fizjoterapia\/'><img decoding=\"async\" src=\"https:\/\/deski.org\/wp-content\/uploads\/2017\/10\/fizjoterapia-Deski-N.png\" alt=\"fizjoterapia Deski\" \/><\/a><\/div><strong>Fizjoterapia<\/strong><\/p>\n<p>Wieloletnie do\u015bwiadczenie naszych fizjoterapeut\u00f3w pomo\u017ce Ci w razie kontuzji szybko pozby\u0107 si\u0119 b\u00f3lu i wr\u00f3ci\u0107 do sportu.<\/p>\n<p><a href=\"https:\/\/deski.org\/fizjoterapia\/\"><strong>Zajrzyj po szczeg\u00f3\u0142y<\/strong><\/a><\/div>[\/vc_column_inner][\/vc_row_inner][vc_row_inner][vc_column_inner width=&#8221;1\/3&#8243;][\/vc_column_inner][vc_column_inner width=&#8221;1\/3&#8243;]<div class=\"imagebox wpb_content_element style-1\"><div class=\"imagebox-img\"><a href='https:\/\/deski.org\/dietetyka\/'><img decoding=\"async\" src=\"https:\/\/deski.org\/wp-content\/uploads\/2017\/10\/dietetyka-Deski.png\" alt=\"\" \/><\/a><\/div><strong>Dietetyka<\/strong><\/p>\n<p>Odpowiednia dobrana dieta to podstawa zdrowego trybu \u017cycia. Pami\u0119taj, jeste\u015b tym co jesz!<\/p>\n<p><a href=\"https:\/\/deski.org\/dietetyka\/\"><strong>Zajrzyj po szczeg\u00f3\u0142y<\/strong><\/a><\/div>[\/vc_column_inner][vc_column_inner width=&#8221;1\/3&#8243;][\/vc_column_inner][\/vc_row_inner][\/vc_column][\/vc_row]<\/p>\n<\/div>","protected":false},"excerpt":{"rendered":"<p>[vc_row][vc_column width=&#8221;1\/1&#8243;][vc_column_text] Przygotowanie motoryczne to podstawa prawid\u0142owego rozwoju ka\u017cdego sportowca. Na naszych zaj\u0119ciach grupowych i indywidualnych k\u0142adziemy nacisk na holistyczny i zr\u00f3wnowa\u017cony rozw\u00f3j naszych podopiecznych. Chcemy \u017ceby ka\u017cdy m\u00f3g\u0142 w naszej ofercie znale\u017a\u0107 co\u015b dla siebie dlatego przedstawiamy ca\u0142y wachlarz propozycji. Zapraszamy! [\/vc_column_text][\/vc_column][\/vc_row][vc_row][vc_column width=&#8221;1\/1&#8243;][vc_row_inner][vc_column_inner width=&#8221;1\/3&#8243;][\/vc_column_inner][vc_column_inner width=&#8221;1\/3&#8243;][\/vc_column_inner][vc_column_inner width=&#8221;1\/3&#8243;][\/vc_column_inner][\/vc_row_inner][vc_row_inner][vc_column_inner width=&#8221;1\/3&#8243;][\/vc_column_inner][vc_column_inner width=&#8221;1\/3&#8243;][\/vc_column_inner][vc_column_inner width=&#8221;1\/3&#8243;][\/vc_column_inner][\/vc_row_inner][\/vc_column][\/vc_row]<\/p>\n","protected":false},"author":6,"featured_media":0,"parent":0,"menu_order":0,"comment_status":"closed","ping_status":"closed","template":"","meta":{"_acf_changed":false,"_mo_disable_npp":"","_vp_format_video_url":"","_vp_image_focal_point":[],"footnotes":""},"class_list":["post-17999","page","type-page","status-publish","hentry"],"acf":[],"aioseo_notices":[],"_links":{"self":[{"href":"https:\/\/deski.org\/en\/wp-json\/wp\/v2\/pages\/17999","targetHints":{"allow":["GET"]}}],"collection":[{"href":"https:\/\/deski.org\/en\/wp-json\/wp\/v2\/pages"}],"about":[{"href":"https:\/\/deski.org\/en\/wp-json\/wp\/v2\/types\/page"}],"author":[{"embeddable":true,"href":"https:\/\/deski.org\/en\/wp-json\/wp\/v2\/users\/6"}],"replies":[{"embeddable":true,"href":"https:\/\/deski.org\/en\/wp-json\/wp\/v2\/comments?post=17999"}],"version-history":[{"count":2,"href":"https:\/\/deski.org\/en\/wp-json\/wp\/v2\/pages\/17999\/revisions"}],"predecessor-version":[{"id":18001,"href":"https:\/\/deski.org\/en\/wp-json\/wp\/v2\/pages\/17999\/revisions\/18001"}],"wp:attachment":[{"href":"https:\/\/deski.org\/en\/wp-json\/wp\/v2\/media?parent=17999"}],"curies":[{"name":"wp","href":"https:\/\/api.w.org\/{rel}","templated":true}]}}