{"id":18011,"date":"2017-10-18T14:08:00","date_gmt":"2017-10-18T14:08:00","guid":{"rendered":"https:\/\/deski.org\/dietetyka\/"},"modified":"2023-07-22T12:19:33","modified_gmt":"2023-07-22T12:19:33","slug":"dietetics","status":"publish","type":"page","link":"https:\/\/deski.org\/en\/dietetics\/","title":{"rendered":"Dietetics"},"content":{"rendered":"<div class=\"wpb-content-wrapper\"><p>[vc_row][vc_column width=&#8221;1\/1&#8243;][vc_row_inner][vc_column_inner width=&#8221;1\/6&#8243;][\/vc_column_inner][vc_column_inner width=&#8221;2\/3&#8243;]<div class=\"single_image wpb_content_element align-left    \" data-animation=\"none\" data-delay=\"0\"><img loading=\"lazy\" decoding=\"async\" width=\"700\" height=\"490\" src=\"https:\/\/deski.org\/wp-content\/uploads\/2017\/10\/dietetyka-deski2.png\" class=\"attachment-full\" alt=\"dietetyka\" title=\"dietetyka deski2\" srcset=\"https:\/\/deski.org\/wp-content\/uploads\/2017\/10\/dietetyka-deski2.png 700w, https:\/\/deski.org\/wp-content\/uploads\/2017\/10\/dietetyka-deski2-300x210.png 300w, https:\/\/deski.org\/wp-content\/uploads\/2017\/10\/dietetyka-deski2-24x17.png 24w, https:\/\/deski.org\/wp-content\/uploads\/2017\/10\/dietetyka-deski2-36x25.png 36w, https:\/\/deski.org\/wp-content\/uploads\/2017\/10\/dietetyka-deski2-48x34.png 48w\" sizes=\"auto, (max-width: 700px) 100vw, 700px\" \/><\/div>[\/vc_column_inner][vc_column_inner width=&#8221;1\/6&#8243;][\/vc_column_inner][\/vc_row_inner][vc_column_text]<h1 class=\"headline font-inherit fontsize-m fontweight-300 lh-inherit align-center transform-inherit \" style=\"margin: 0 0 20px 0;\">Odpowiednia dobrana dieta to podstawa zdrowego trybu \u017cycia. B\u0119dzie mia\u0142a ona wp\u0142yw nie tylko na rezultaty osi\u0105gane przez Ciebie, ale r\u00f3wnie\u017c na lepsze samopoczucie czy ograniczenie ryzyka kontuzji. Pami\u0119taj, jeste\u015b tym co jesz!<\/h1>[vc_column_text]PROS Dietetyka i Suplementacja to system dietetyczny w kt\u00f3rym kierujemy si\u0119 najnowszymi trendami na \u015bwiecie. Wszystkie nasze dzia\u0142ania s\u0105 oparte na wiedzy z bada\u0144 naukowych popartych dodatkowo nasz\u0105 wieloletni\u0105 praktyk\u0105.<\/p>\n<p>Um\u00f3w si\u0119 na konsultacje dietetyczne: <a href=\"mailto:pm@prosgym.pl\"><strong>pm@prosgym.pl<\/strong><\/a> lub <strong>608-150-559<\/strong>[\/vc_column_text]<div class=\"spacer\" style=\"height: 40px;\"><\/div>[\/vc_column][\/vc_row][vc_row][vc_column width=&#8221;1\/1&#8243;][\/vc_column][\/vc_row]<\/p>\n<\/div>","protected":false},"excerpt":{"rendered":"<p>[vc_row][vc_column width=&#8221;1\/1&#8243;][vc_row_inner][vc_column_inner width=&#8221;1\/6&#8243;][\/vc_column_inner][vc_column_inner width=&#8221;2\/3&#8243;][\/vc_column_inner][vc_column_inner width=&#8221;1\/6&#8243;][\/vc_column_inner][\/vc_row_inner][vc_column_text][vc_column_text]PROS Dietetyka i Suplementacja to system dietetyczny w kt\u00f3rym kierujemy si\u0119 najnowszymi trendami na \u015bwiecie. Wszystkie nasze dzia\u0142ania s\u0105 oparte na wiedzy z bada\u0144 naukowych popartych dodatkowo nasz\u0105 wieloletni\u0105 praktyk\u0105. Um\u00f3w si\u0119 na konsultacje dietetyczne: pm@prosgym.pl lub 608-150-559[\/vc_column_text][\/vc_column][\/vc_row][vc_row][vc_column width=&#8221;1\/1&#8243;][\/vc_column][\/vc_row]<\/p>\n","protected":false},"author":6,"featured_media":0,"parent":0,"menu_order":0,"comment_status":"closed","ping_status":"closed","template":"","meta":{"_acf_changed":false,"_mo_disable_npp":"","_vp_format_video_url":"","_vp_image_focal_point":[],"footnotes":""},"class_list":["post-18011","page","type-page","status-publish","hentry"],"acf":[],"aioseo_notices":[],"_links":{"self":[{"href":"https:\/\/deski.org\/en\/wp-json\/wp\/v2\/pages\/18011","targetHints":{"allow":["GET"]}}],"collection":[{"href":"https:\/\/deski.org\/en\/wp-json\/wp\/v2\/pages"}],"about":[{"href":"https:\/\/deski.org\/en\/wp-json\/wp\/v2\/types\/page"}],"author":[{"embeddable":true,"href":"https:\/\/deski.org\/en\/wp-json\/wp\/v2\/users\/6"}],"replies":[{"embeddable":true,"href":"https:\/\/deski.org\/en\/wp-json\/wp\/v2\/comments?post=18011"}],"version-history":[{"count":4,"href":"https:\/\/deski.org\/en\/wp-json\/wp\/v2\/pages\/18011\/revisions"}],"predecessor-version":[{"id":18017,"href":"https:\/\/deski.org\/en\/wp-json\/wp\/v2\/pages\/18011\/revisions\/18017"}],"wp:attachment":[{"href":"https:\/\/deski.org\/en\/wp-json\/wp\/v2\/media?parent=18011"}],"curies":[{"name":"wp","href":"https:\/\/api.w.org\/{rel}","templated":true}]}}