{"id":181,"date":"2016-02-10T17:33:51","date_gmt":"2016-02-10T17:33:51","guid":{"rendered":"http:\/\/wtsdeski.pl\/?page_id=181"},"modified":"2022-05-06T05:41:44","modified_gmt":"2022-05-06T05:41:44","slug":"leba1","status":"publish","type":"page","link":"https:\/\/deski.org\/en\/obozy-tenisowe\/leba1\/","title":{"rendered":"\u0141eba NORD CAMP #1"},"content":{"rendered":"<div class=\"wpb-content-wrapper\"><p>[vc_row][vc_column]<div class=\"spacer\" style=\"height: 40px;\"><\/div>[\/vc_column][vc_column width=&#8221;2\/3&#8243;]<div class=\"divider-title align-left\" >Dla kogo?<\/div><div class=\"iconbox  wpb_content_element iconbox-style-1 icon-color-accent color-dark animation-none\"><h3><i class=\"fa fa-check-circle boxicon\" style=\"\"><\/i><span><\/span><\/h3><p>Ob\u00f3z przeznaczony dla dzieci i m\u0142odzie\u017cy w wieku 10-17 lat (roczniki 2005-2012)<\/p><\/div><div class=\"iconbox  wpb_content_element iconbox-style-1 icon-color-accent color-dark animation-none\"><h3><i class=\"fa fa-check-circle boxicon\" style=\"\"><\/i><span><\/span><\/h3><p>dla tenisist\u00f3w na ka\u017cdym poziomie zaawansowania<\/p><\/div>[\/vc_column][vc_column width=&#8221;1\/3&#8243;]<div class=\"iconbox  wpb_content_element iconbox-style-5 icon-color-accent color-dark clearfix\"><div class=\"iconbox-icon\"><i class=\"fa fa-calendar boxicon\" style=\"\"><\/i><\/div><div class=\"iconbox-content\"><h3><\/h3><p>\n<h4>25.06-6.07.2022<\/h4>\n<\/p><\/div><\/div><div class=\"iconbox  wpb_content_element iconbox-style-5 icon-color-accent color-dark clearfix\"><div class=\"iconbox-icon\"><i class=\"fa fa-map-marker boxicon\" style=\"\"><\/i><\/div><div class=\"iconbox-content\"><h3><\/h3><p>\n<h4>O\u015brodek wypoczynkowo rekreacyjny NORD CAMP<\/h4>\n<\/p><\/div><\/div><div class=\"iconbox  wpb_content_element iconbox-style-5 icon-color-accent color-dark clearfix\"><div class=\"iconbox-icon\"><i class=\"fa fa-credit-card boxicon\" style=\"\"><\/i><\/div><div class=\"iconbox-content\"><h3><\/h3><p>\n<h4>2900 z\u0142<\/h4>\n<\/p><\/div><\/div><div class=\"spacer\" style=\"height: 40px;\"><\/div>[\/vc_column][\/vc_row][vc_row bg_color=&#8221;#f9f9f9&#8243;][vc_column bg_color=&#8221;#f9f9f9&#8243;]<div class=\"spacer\" style=\"height: 40px;\"><\/div>[vc_tta_tabs style=&#8221;flat&#8221; shape=&#8221;square&#8221; spacing=&#8221;&#8221; active_section=&#8221;1&#8243; css=&#8221;.vc_custom_1643801710180{background-color: #f9f9f9 !important;}&#8221;][vc_tta_section i_icon_fontawesome=&#8221;fa fa-info&#8221; add_icon=&#8221;true&#8221; title=&#8221;Plan wyjazdu&#8221; tab_id=&#8221;plan-wyjazdu&#8221;]<div class=\"spacer\" style=\"height: 20px;\"><\/div><div class=\"divider-title align-left\" >Plan wyjazdu<\/div>[vc_column_text]<\/p>\n<ul>\n<li>2-2,5h tenisa dziennie + ewentualne sparingi wieczorne,<\/li>\n<li>2 treningi og\u00f3lnorozwojowe dziennie,<\/li>\n<li>zaj\u0119cia og\u00f3lno-sportowe m.in. pi\u0142ka no\u017cna, koszyk\u00f3wka uliczna, badminton, beach tennis, siatk\u00f3wka pla\u017cowa, biegi prze\u0142ajowe, kids runmagedon,<\/li>\n<li>zaj\u0119cia dodatkowe m. in. \u015bcianka wspinaczkowa, zaj\u0119cia zumby, tenis z frisbee, podchody, nocne czuwanie, wieczory przy ognisku z szantami, wyprawy terenowe i wiele innych,<\/li>\n<li>turnieje sportowe, talentiad\u0119 dru\u017cynow\u0105,<\/li>\n<li>wyj\u015bcia na pla\u017c\u0119,<\/li>\n<li>dost\u0119p do pe\u0142nej infrastruktury o\u015brodka,<\/li>\n<li>wyj\u015bcia edukacyjne.<\/li>\n<\/ul>\n<p>[\/vc_column_text]<div class=\"spacer\" style=\"height: 20px;\"><\/div>[\/vc_tta_section][vc_tta_section i_icon_fontawesome=&#8221;fa fa-money&#8221; add_icon=&#8221;true&#8221; title=&#8221;Koszt&#8221; tab_id=&#8221;koszt&#8221;]<div class=\"spacer\" style=\"height: 20px;\"><\/div><div class=\"divider-title align-left\" >Koszt<\/div>[vc_column_text]Cena:<strong> 2900 z\u0142<br \/>\n<\/strong>Cena dla cz\u0142onk\u00f3w WTS DeSki\u00a0(posiadaj\u0105cych uregulowane sk\u0142adki cz\u0142onkowskie): <strong>2750 z\u0142<br \/>\n<\/strong>Zni\u017cka dla rodze\u0144stw &#8211;<strong> 50 z\u0142\/os.\u00a0<\/strong><br \/>\n<u><\/u><\/p>\n<p><u>Dojazd autokarem.<\/u><\/p>\n<p>Ilo\u015b\u0107 miejsc : 40[\/vc_column_text][\/vc_tta_section][vc_tta_section i_icon_fontawesome=&#8221;fa fa-bed&#8221; add_icon=&#8221;true&#8221; title=&#8221;Zakwaterowanie&#8221; tab_id=&#8221;zakwaterowanie&#8221;][vc_row_inner][vc_column_inner width=&#8221;1\/2&#8243;]<div class=\"spacer\" style=\"height: 20px;\"><\/div><div class=\"divider-title align-left\" >NORD CAMP<\/div>[vc_column_text]<strong>NORD CAMP<\/strong> po\u0142o\u017cony jest w otulinie S\u0142owi\u0144skiego Parku Narodowego (\u0141eba \u2013 \u017carnowska). O\u015brodek dysponuje terenem o powierzchni 2,5 ha, na kt\u00f3rym znajduje si\u0119\u00a0mi\u0119dzy innymi:<\/p>\n<ul>\n<li>10 kort\u00f3w tenisowych,<\/li>\n<li>boiska do siatk\u00f3wki pla\u017cowej,<\/li>\n<li>dwa baseny,<\/li>\n<li>boisko treningowe do pi\u0142ki no\u017cnej,<\/li>\n<li>boiska do badmintona,<\/li>\n<li>boisko do koszyk\u00f3wki,<\/li>\n<li>teren do dzieci\u0119cego runmagedonu.<\/li>\n<\/ul>\n<p>[\/vc_column_text][\/vc_column_inner][vc_column_inner width=&#8221;1\/2&#8243;]<div class=\"spacer\" style=\"height: 20px;\"><\/div><div class=\"single_image wpb_content_element align-left    \" data-animation=\"none\" data-delay=\"0\"><img loading=\"lazy\" decoding=\"async\" width=\"700\" height=\"464\" src=\"https:\/\/deski.org\/wp-content\/uploads\/2022\/02\/DSC_5420a.jpg\" class=\"attachment-full\" alt=\"\u0142eba\" title=\"DSC_5420a\" srcset=\"https:\/\/deski.org\/wp-content\/uploads\/2022\/02\/DSC_5420a.jpg 700w, https:\/\/deski.org\/wp-content\/uploads\/2022\/02\/DSC_5420a-300x199.jpg 300w, https:\/\/deski.org\/wp-content\/uploads\/2022\/02\/DSC_5420a-24x16.jpg 24w, https:\/\/deski.org\/wp-content\/uploads\/2022\/02\/DSC_5420a-36x24.jpg 36w, https:\/\/deski.org\/wp-content\/uploads\/2022\/02\/DSC_5420a-48x32.jpg 48w\" sizes=\"auto, (max-width: 700px) 100vw, 700px\" \/><\/div>[\/vc_column_inner][\/vc_row_inner][\/vc_tta_section][\/vc_tta_tabs]<div class=\"spacer\" style=\"height: 20px;\"><\/div><div class=\"gallery-style-2\">\n\t\t<style type=\"text\/css\">\n\t\t\t#gallery-1 {\n\t\t\t\tmargin: auto;\n\t\t\t}\n\t\t\t#gallery-1 .gallery-item {\n\t\t\t\tfloat: left;\n\t\t\t\tmargin-top: 10px;\n\t\t\t\ttext-align: center;\n\t\t\t\twidth: 25%;\n\t\t\t}\n\t\t\t#gallery-1 img {\n\t\t\t\tborder: 2px solid #cfcfcf;\n\t\t\t}\n\t\t\t#gallery-1 .gallery-caption {\n\t\t\t\tmargin-left: 0;\n\t\t\t}\n\t\t\t\/* see gallery_shortcode() in wp-includes\/media.php *\/\n\t\t<\/style>\n\t\t<div id='gallery-1' class='gallery galleryid-181 gallery-columns-4 gallery-size-thumbnail'><dl class='gallery-item'>\n\t\t\t<dt class='gallery-icon landscape'>\n\t\t\t\t<a rel=\"prettyPhoto[pp_gal]\" href='https:\/\/deski.org\/wp-content\/uploads\/2018\/08\/tenis18-1-e1690207074682.jpg'><img loading=\"lazy\" decoding=\"async\" width=\"300\" height=\"300\" src=\"https:\/\/deski.org\/wp-content\/uploads\/2018\/08\/tenis18-1-300x300.jpg\" class=\"attachment-thumbnail size-thumbnail\" alt=\"\" srcset=\"https:\/\/deski.org\/wp-content\/uploads\/2018\/08\/tenis18-1-300x300.jpg 300w, https:\/\/deski.org\/wp-content\/uploads\/2018\/08\/tenis18-1-80x80.jpg 80w, https:\/\/deski.org\/wp-content\/uploads\/2018\/08\/tenis18-1-500x500.jpg 500w\" sizes=\"auto, (max-width: 300px) 100vw, 300px\" \/><\/a>\n\t\t\t<\/dt><\/dl><dl class='gallery-item'>\n\t\t\t<dt class='gallery-icon landscape'>\n\t\t\t\t<a rel=\"prettyPhoto[pp_gal]\" href='https:\/\/deski.org\/wp-content\/uploads\/2018\/05\/obozy-tenis-deski-3.jpg'><img loading=\"lazy\" decoding=\"async\" width=\"300\" height=\"300\" src=\"https:\/\/deski.org\/wp-content\/uploads\/2018\/05\/obozy-tenis-deski-3-300x300.jpg\" class=\"attachment-thumbnail size-thumbnail\" alt=\"\" srcset=\"https:\/\/deski.org\/wp-content\/uploads\/2018\/05\/obozy-tenis-deski-3-300x300.jpg 300w, https:\/\/deski.org\/wp-content\/uploads\/2018\/05\/obozy-tenis-deski-3-80x80.jpg 80w\" sizes=\"auto, (max-width: 300px) 100vw, 300px\" \/><\/a>\n\t\t\t<\/dt><\/dl><dl class='gallery-item'>\n\t\t\t<dt class='gallery-icon landscape'>\n\t\t\t\t<a rel=\"prettyPhoto[pp_gal]\" href='https:\/\/deski.org\/wp-content\/uploads\/2018\/05\/obozy-tenis-deski-5.jpg'><img loading=\"lazy\" decoding=\"async\" width=\"300\" height=\"300\" src=\"https:\/\/deski.org\/wp-content\/uploads\/2018\/05\/obozy-tenis-deski-5-300x300.jpg\" class=\"attachment-thumbnail size-thumbnail\" alt=\"\" srcset=\"https:\/\/deski.org\/wp-content\/uploads\/2018\/05\/obozy-tenis-deski-5-300x300.jpg 300w, https:\/\/deski.org\/wp-content\/uploads\/2018\/05\/obozy-tenis-deski-5-80x80.jpg 80w\" sizes=\"auto, (max-width: 300px) 100vw, 300px\" \/><\/a>\n\t\t\t<\/dt><\/dl><dl class='gallery-item'>\n\t\t\t<dt class='gallery-icon landscape'>\n\t\t\t\t<a rel=\"prettyPhoto[pp_gal]\" href='https:\/\/deski.org\/wp-content\/uploads\/2018\/03\/obozytenis-oferta.jpg'><img loading=\"lazy\" decoding=\"async\" width=\"300\" height=\"300\" src=\"https:\/\/deski.org\/wp-content\/uploads\/2018\/03\/obozytenis-oferta-300x300.jpg\" class=\"attachment-thumbnail size-thumbnail\" alt=\"\" srcset=\"https:\/\/deski.org\/wp-content\/uploads\/2018\/03\/obozytenis-oferta-300x300.jpg 300w, https:\/\/deski.org\/wp-content\/uploads\/2018\/03\/obozytenis-oferta-80x80.jpg 80w\" sizes=\"auto, (max-width: 300px) 100vw, 300px\" \/><\/a>\n\t\t\t<\/dt><\/dl><br style=\"clear: both\" \/><dl class='gallery-item'>\n\t\t\t<dt class='gallery-icon landscape'>\n\t\t\t\t<a rel=\"prettyPhoto[pp_gal]\" href='https:\/\/deski.org\/wp-content\/uploads\/2018\/08\/tenis18-7.jpg'><img loading=\"lazy\" decoding=\"async\" width=\"300\" height=\"300\" src=\"https:\/\/deski.org\/wp-content\/uploads\/2018\/08\/tenis18-7-300x300.jpg\" class=\"attachment-thumbnail size-thumbnail\" alt=\"\" srcset=\"https:\/\/deski.org\/wp-content\/uploads\/2018\/08\/tenis18-7-300x300.jpg 300w, https:\/\/deski.org\/wp-content\/uploads\/2018\/08\/tenis18-7-80x80.jpg 80w, https:\/\/deski.org\/wp-content\/uploads\/2018\/08\/tenis18-7-500x500.jpg 500w\" sizes=\"auto, (max-width: 300px) 100vw, 300px\" \/><\/a>\n\t\t\t<\/dt><\/dl><dl class='gallery-item'>\n\t\t\t<dt class='gallery-icon landscape'>\n\t\t\t\t<a rel=\"prettyPhoto[pp_gal]\" href='https:\/\/deski.org\/wp-content\/uploads\/2022\/02\/40398694_1129693110518231_5380336549953011712_o.jpg'><img loading=\"lazy\" decoding=\"async\" width=\"300\" height=\"300\" src=\"https:\/\/deski.org\/wp-content\/uploads\/2022\/02\/40398694_1129693110518231_5380336549953011712_o-300x300.jpg\" class=\"attachment-thumbnail size-thumbnail\" alt=\"ob\u00f3z tenisowy \u0142eba\" srcset=\"https:\/\/deski.org\/wp-content\/uploads\/2022\/02\/40398694_1129693110518231_5380336549953011712_o-300x300.jpg 300w, https:\/\/deski.org\/wp-content\/uploads\/2022\/02\/40398694_1129693110518231_5380336549953011712_o-80x80.jpg 80w, https:\/\/deski.org\/wp-content\/uploads\/2022\/02\/40398694_1129693110518231_5380336549953011712_o-500x500.jpg 500w\" sizes=\"auto, (max-width: 300px) 100vw, 300px\" \/><\/a>\n\t\t\t<\/dt><\/dl><dl class='gallery-item'>\n\t\t\t<dt class='gallery-icon landscape'>\n\t\t\t\t<a rel=\"prettyPhoto[pp_gal]\" href='https:\/\/deski.org\/wp-content\/uploads\/2022\/02\/IMG_0798.jpg'><img loading=\"lazy\" decoding=\"async\" width=\"300\" height=\"300\" src=\"https:\/\/deski.org\/wp-content\/uploads\/2022\/02\/IMG_0798-300x300.jpg\" class=\"attachment-thumbnail size-thumbnail\" alt=\"ob\u00f3z tenisowy zdj\u0119cia\" srcset=\"https:\/\/deski.org\/wp-content\/uploads\/2022\/02\/IMG_0798-300x300.jpg 300w, https:\/\/deski.org\/wp-content\/uploads\/2022\/02\/IMG_0798-80x80.jpg 80w, https:\/\/deski.org\/wp-content\/uploads\/2022\/02\/IMG_0798-500x500.jpg 500w\" sizes=\"auto, (max-width: 300px) 100vw, 300px\" \/><\/a>\n\t\t\t<\/dt><\/dl><dl class='gallery-item'>\n\t\t\t<dt class='gallery-icon portrait'>\n\t\t\t\t<a rel=\"prettyPhoto[pp_gal]\" href='https:\/\/deski.org\/wp-content\/uploads\/2022\/02\/39441204_2105712439643188_688156182904307712_n.jpg'><img loading=\"lazy\" decoding=\"async\" width=\"300\" height=\"300\" src=\"https:\/\/deski.org\/wp-content\/uploads\/2022\/02\/39441204_2105712439643188_688156182904307712_n-300x300.jpg\" class=\"attachment-thumbnail size-thumbnail\" alt=\"ob\u00f3z tenisowy \u0142eba\" srcset=\"https:\/\/deski.org\/wp-content\/uploads\/2022\/02\/39441204_2105712439643188_688156182904307712_n-300x300.jpg 300w, https:\/\/deski.org\/wp-content\/uploads\/2022\/02\/39441204_2105712439643188_688156182904307712_n-80x80.jpg 80w, https:\/\/deski.org\/wp-content\/uploads\/2022\/02\/39441204_2105712439643188_688156182904307712_n-500x500.jpg 500w\" sizes=\"auto, (max-width: 300px) 100vw, 300px\" \/><\/a>\n\t\t\t<\/dt><\/dl><br style=\"clear: both\" \/>\n\t\t<\/div>\n<\/div>[\/vc_column][\/vc_row][vc_row][vc_column width=&#8221;1\/1&#8243;]<div class=\"spacer\" style=\"height: 30px;\"><\/div>[vc_raw_html]JTNDc2NyaXB0JTIwc3JjJTNEJTIyaHR0cHMlM0ElMkYlMkZkZXNraS5za2FsZW8ucGwlMkZ3cC1jb250ZW50JTJGdGhlbWVzJTJGc2thbGVvJTJGanMlMkZpZnJhbWVSZXNpemVyLm1pbi5qcyUzRnYlM0QxLjclMjIlM0UlM0MlMkZzY3JpcHQlM0UlM0NpZnJhbWUlMjBjbGFzcyUzRCUyMnNrYWxlby1pZnJhbWUlMjIlMjBpZCUzRCUyMmlGcmFtZVNrYWxlbzkwNiUyMiUyMHNyYyUzRCUyMmh0dHBzJTNBJTJGJTJGZGVza2kuc2thbGVvLnBsJTJGd3lqYXpkeSUyRmxlYmEtbm9yZC1jYW1wLTEtMjYtMDYtNy0wNy0yMDIxLTIlMkYlM0ZyZWdpc3RyYXRpb24lM0Rwb3B1cCUyNnNpbmdsZXNfb25seSUzRGZhbHNlJTIyJTIwJTIwc3R5bGUlM0QlMjJ3aWR0aCUzQTFweCUzQiUyMG1pbi13aWR0aCUzQSUyMDEwMCUyNSUzQm1heC13aWR0aCUzQSUyMDEwMCUyNSUzQiUyMGJvcmRlciUzQW5vbmUlM0IlMjBtYXJnaW4lM0EwJTNCJTIwcGFkZGluZyUzQTAlM0IlMjBvdmVyZmxvdyUzQWhpZGRlbiUzQiUyMiUzRSUzQyUyRmlmcmFtZSUzRQ==[\/vc_raw_html][\/vc_column][\/vc_row][vc_row][vc_column width=&#8221;1\/3&#8243;]<a href=\"https:\/\/deski.org\/wp-content\/uploads\/2019\/03\/Regulamin-oboz\u00f3w-tenisowych-organizowanych-przez-Warszawskie-Towarzystwo-Sportowe-DeSki.pdf\" target=\"_blank\" class=\"button color-3 full \" style=\"border-radius: 2px;\">REGULAMIN OBOZ\u00d3W &#8211; pdf<\/a>[\/vc_column][vc_column width=&#8221;1\/3&#8243;]<a href=\"https:\/\/deski.org\/wp-content\/uploads\/2018\/06\/karta_uczestnika_-wypoczynku-2018.pdf\" target=\"_blank\" class=\"button color-3 full \" style=\"border-radius: 2px;\">KARTA OBOZOWA &#8211; pdf<\/a>[\/vc_column][vc_column width=&#8221;1\/3&#8243;]<a href=\"https:\/\/deski.org\/wp-content\/uploads\/2016\/05\/co-zabrac-oboz-tenis.pdf\" target=\"_blank\" class=\"button color-3 full \" style=\"border-radius: 2px;\">CO ZABRA\u0106 ZE SOB\u0104 &#8211; pdf<\/a>[\/vc_column][\/vc_row][vc_row][vc_column width=&#8221;1\/1&#8243;]<div class=\"spacer\" style=\"height: 20px;\"><\/div>[vc_column_text]Niniejszy ob\u00f3z sportowy jest imprez\u0105 turystyczn\u0105 w rozumieniu ustawy o imprezach turystycznych i powi\u0105zanych us\u0142ugach turystycznych z dnia 24 listopada 2017 r. i w zwi\u0105zku z tym wsp\u00f3\u0142organizatorem tej imprezy jest biuro turystyczne, kt\u00f3re zgodnie z powy\u017csz\u0105 ustaw\u0105 jest organizatorem tej imprezy. Klub Sportowy Deski jest jedynie zlecaj\u0105cym zorganizowanie imprezy turystycznej na potrzeby swoich cz\u0142onk\u00f3w.[\/vc_column_text][\/vc_column][\/vc_row][vc_row][vc_column width=&#8221;1\/1&#8243;]<div class=\"spacer\" style=\"height: 20px;\"><\/div>[\/vc_column][\/vc_row]<\/p>\n<\/div>","protected":false},"excerpt":{"rendered":"<p>[vc_row][vc_column][\/vc_column][vc_column width=&#8221;2\/3&#8243;][\/vc_column][vc_column width=&#8221;1\/3&#8243;][\/vc_column][\/vc_row][vc_row bg_color=&#8221;#f9f9f9&#8243;][vc_column bg_color=&#8221;#f9f9f9&#8243;][vc_tta_tabs style=&#8221;flat&#8221; shape=&#8221;square&#8221; spacing=&#8221;&#8221; active_section=&#8221;1&#8243; css=&#8221;.vc_custom_1643801710180{background-color: #f9f9f9 !important;}&#8221;][vc_tta_section i_icon_fontawesome=&#8221;fa fa-info&#8221; add_icon=&#8221;true&#8221; title=&#8221;Plan wyjazdu&#8221; tab_id=&#8221;plan-wyjazdu&#8221;][vc_column_text] 2-2,5h tenisa dziennie + ewentualne sparingi wieczorne, 2 treningi og\u00f3lnorozwojowe dziennie, zaj\u0119cia og\u00f3lno-sportowe m.in. pi\u0142ka no\u017cna, koszyk\u00f3wka uliczna, badminton, beach tennis, siatk\u00f3wka pla\u017cowa, biegi prze\u0142ajowe, kids runmagedon, zaj\u0119cia dodatkowe m. in. \u015bcianka wspinaczkowa, zaj\u0119cia zumby, tenis z frisbee, podchody, nocne czuwanie, wieczory przy ognisku z szantami, wyprawy terenowe i wiele innych, turnieje sportowe, talentiad\u0119 dru\u017cynow\u0105, wyj\u015bcia na pla\u017c\u0119, dost\u0119p do pe\u0142nej infrastruktury o\u015brodka, wyj\u015bcia edukacyjne. [\/vc_column_text][\/vc_tta_section][vc_tta_section i_icon_fontawesome=&#8221;fa fa-money&#8221; add_icon=&#8221;true&#8221; title=&#8221;Koszt&#8221; tab_id=&#8221;koszt&#8221;][vc_column_text]Cena: 2900 z\u0142 Cena dla cz\u0142onk\u00f3w WTS DeSki\u00a0(posiadaj\u0105cych uregulowane sk\u0142adki cz\u0142onkowskie): 2750 z\u0142 Zni\u017cka dla rodze\u0144stw &#8211; 50 z\u0142\/os.\u00a0 Dojazd autokarem. Ilo\u015b\u0107 miejsc : 40[\/vc_column_text][\/vc_tta_section][vc_tta_section i_icon_fontawesome=&#8221;fa fa-bed&#8221; add_icon=&#8221;true&#8221; title=&#8221;Zakwaterowanie&#8221; tab_id=&#8221;zakwaterowanie&#8221;][vc_row_inner][vc_column_inner width=&#8221;1\/2&#8243;][vc_column_text]NORD CAMP po\u0142o\u017cony jest w otulinie S\u0142owi\u0144skiego Parku Narodowego (\u0141eba \u2013 \u017carnowska). O\u015brodek dysponuje terenem o powierzchni 2,5 ha, na kt\u00f3rym znajduje si\u0119\u00a0mi\u0119dzy innymi: 10 kort\u00f3w tenisowych, boiska do siatk\u00f3wki pla\u017cowej, dwa baseny, boisko treningowe do pi\u0142ki no\u017cnej, boiska do badmintona, boisko do koszyk\u00f3wki, teren do dzieci\u0119cego runmagedonu. [\/vc_column_text][\/vc_column_inner][vc_column_inner width=&#8221;1\/2&#8243;][\/vc_column_inner][\/vc_row_inner][\/vc_tta_section][\/vc_tta_tabs][\/vc_column][\/vc_row][vc_row][vc_column width=&#8221;1\/1&#8243;][vc_raw_html]JTNDc2NyaXB0JTIwc3JjJTNEJTIyaHR0cHMlM0ElMkYlMkZkZXNraS5za2FsZW8ucGwlMkZ3cC1jb250ZW50JTJGdGhlbWVzJTJGc2thbGVvJTJGanMlMkZpZnJhbWVSZXNpemVyLm1pbi5qcyUzRnYlM0QxLjclMjIlM0UlM0MlMkZzY3JpcHQlM0UlM0NpZnJhbWUlMjBjbGFzcyUzRCUyMnNrYWxlby1pZnJhbWUlMjIlMjBpZCUzRCUyMmlGcmFtZVNrYWxlbzkwNiUyMiUyMHNyYyUzRCUyMmh0dHBzJTNBJTJGJTJGZGVza2kuc2thbGVvLnBsJTJGd3lqYXpkeSUyRmxlYmEtbm9yZC1jYW1wLTEtMjYtMDYtNy0wNy0yMDIxLTIlMkYlM0ZyZWdpc3RyYXRpb24lM0Rwb3B1cCUyNnNpbmdsZXNfb25seSUzRGZhbHNlJTIyJTIwJTIwc3R5bGUlM0QlMjJ3aWR0aCUzQTFweCUzQiUyMG1pbi13aWR0aCUzQSUyMDEwMCUyNSUzQm1heC13aWR0aCUzQSUyMDEwMCUyNSUzQiUyMGJvcmRlciUzQW5vbmUlM0IlMjBtYXJnaW4lM0EwJTNCJTIwcGFkZGluZyUzQTAlM0IlMjBvdmVyZmxvdyUzQWhpZGRlbiUzQiUyMiUzRSUzQyUyRmlmcmFtZSUzRQ==[\/vc_raw_html][\/vc_column][\/vc_row][vc_row][vc_column width=&#8221;1\/3&#8243;][\/vc_column][vc_column width=&#8221;1\/3&#8243;][\/vc_column][vc_column width=&#8221;1\/3&#8243;][\/vc_column][\/vc_row][vc_row][vc_column width=&#8221;1\/1&#8243;][vc_column_text]Niniejszy ob\u00f3z sportowy jest imprez\u0105 turystyczn\u0105 w rozumieniu ustawy o imprezach turystycznych i powi\u0105zanych us\u0142ugach turystycznych z dnia 24 listopada 2017 r. i w zwi\u0105zku z tym wsp\u00f3\u0142organizatorem [&hellip;]<\/p>\n","protected":false},"author":1,"featured_media":0,"parent":70,"menu_order":0,"comment_status":"closed","ping_status":"closed","template":"","meta":{"_acf_changed":false,"_mo_disable_npp":"","_vp_format_video_url":"","_vp_image_focal_point":[],"footnotes":""},"class_list":["post-181","page","type-page","status-publish","hentry"],"acf":[],"aioseo_notices":[],"_links":{"self":[{"href":"https:\/\/deski.org\/en\/wp-json\/wp\/v2\/pages\/181","targetHints":{"allow":["GET"]}}],"collection":[{"href":"https:\/\/deski.org\/en\/wp-json\/wp\/v2\/pages"}],"about":[{"href":"https:\/\/deski.org\/en\/wp-json\/wp\/v2\/types\/page"}],"author":[{"embeddable":true,"href":"https:\/\/deski.org\/en\/wp-json\/wp\/v2\/users\/1"}],"replies":[{"embeddable":true,"href":"https:\/\/deski.org\/en\/wp-json\/wp\/v2\/comments?post=181"}],"version-history":[{"count":106,"href":"https:\/\/deski.org\/en\/wp-json\/wp\/v2\/pages\/181\/revisions"}],"predecessor-version":[{"id":14390,"href":"https:\/\/deski.org\/en\/wp-json\/wp\/v2\/pages\/181\/revisions\/14390"}],"up":[{"embeddable":true,"href":"https:\/\/deski.org\/en\/wp-json\/wp\/v2\/pages\/70"}],"wp:attachment":[{"href":"https:\/\/deski.org\/en\/wp-json\/wp\/v2\/media?parent=181"}],"curies":[{"name":"wp","href":"https:\/\/api.w.org\/{rel}","templated":true}]}}