{"id":18331,"date":"2021-04-23T12:58:32","date_gmt":"2021-04-23T12:58:32","guid":{"rendered":"https:\/\/deski.org\/windkite\/tennis\/"},"modified":"2025-01-01T14:11:22","modified_gmt":"2025-01-01T14:11:22","slug":"tennis","status":"publish","type":"page","link":"https:\/\/deski.org\/en\/windkite\/tennis\/","title":{"rendered":"Tennis on Solar"},"content":{"rendered":"<div class=\"wpb-content-wrapper\"><p>[vc_row][vc_column width=&#8221;1\/1&#8243;][vc_row_inner][vc_column_inner width=&#8221;1\/6&#8243;][\/vc_column_inner][vc_column_inner width=&#8221;2\/3&#8243;][vc_column_text]<div id=\"metaslider-id-11837\" style=\"width: 100%;\" class=\"ml-slider-3-106-0 metaslider metaslider-flex metaslider-11837 ml-slider has-dots-nav ms-theme-blend\" role=\"region\" aria-label=\"TENIS NA SOLARZE\" data-height=\"490\" data-width=\"700\">\n    <div id=\"metaslider_container_11837\">\n        <div id=\"metaslider_11837\">\n            <ul class='slides'>\n                <li style=\"display: block; width: 100%;\" class=\"slide-11895 ms-image \" aria-roledescription=\"slide\" data-date=\"2021-04-26 06:36:10\" data-filename=\"117825642_2992340997555290_7127257161289314906_n-min-700x490.jpg\" data-slide-type=\"image\"><img loading=\"lazy\" decoding=\"async\" src=\"https:\/\/deski.org\/wp-content\/uploads\/2021\/04\/117825642_2992340997555290_7127257161289314906_n-min-700x490.jpg\" height=\"490\" width=\"700\" alt=\"tenis na solarze\" class=\"slider-11837 slide-11895 msDefaultImage\" title=\"tenis na solarze\" \/><\/li>\n                <li style=\"display: none; width: 100%;\" class=\"slide-11893 ms-image \" aria-roledescription=\"slide\" data-date=\"2021-04-26 06:36:10\" data-filename=\"118074528_2992340317555358_5877904688587388939_n-1-700x490.jpg\" data-slide-type=\"image\"><img loading=\"lazy\" decoding=\"async\" src=\"https:\/\/deski.org\/wp-content\/uploads\/2021\/04\/118074528_2992340317555358_5877904688587388939_n-1-700x490.jpg\" height=\"490\" width=\"700\" alt=\"tenis na solarze\" class=\"slider-11837 slide-11893 msDefaultImage\" title=\"tenis na solarze\" \/><\/li>\n                <li style=\"display: none; width: 100%;\" class=\"slide-11894 ms-image \" aria-roledescription=\"slide\" data-date=\"2021-04-26 06:36:10\" data-filename=\"117743786_2992340134222043_2974778376869009851_n-min-700x490.jpg\" data-slide-type=\"image\"><img loading=\"lazy\" decoding=\"async\" src=\"https:\/\/deski.org\/wp-content\/uploads\/2021\/04\/117743786_2992340134222043_2974778376869009851_n-min-700x490.jpg\" height=\"490\" width=\"700\" alt=\"tenis na solarze\" class=\"slider-11837 slide-11894 msDefaultImage\" title=\"tenis na solarze\" \/><\/li>\n                <li style=\"display: none; width: 100%;\" class=\"slide-11896 ms-image \" aria-roledescription=\"slide\" data-date=\"2021-04-26 06:36:10\" data-filename=\"117826875_2992339357555454_5902271222295465478_n-min-700x490.jpg\" data-slide-type=\"image\"><img loading=\"lazy\" decoding=\"async\" src=\"https:\/\/deski.org\/wp-content\/uploads\/2021\/04\/117826875_2992339357555454_5902271222295465478_n-min-700x490.jpg\" height=\"490\" width=\"700\" alt=\"tenis na solarze\" class=\"slider-11837 slide-11896 msDefaultImage\" title=\"tenis na solarze\" \/><\/li>\n            <\/ul>\n        <\/div>\n        \n    <\/div>\n<\/div>[\/vc_column_text][\/vc_column_inner][vc_column_inner width=&#8221;1\/6&#8243;][\/vc_column_inner][\/vc_row_inner]<h2 class=\"headline font-inherit fontsize-xl fontweight-900 lh-inherit align-center transform-inherit \" style=\"margin: 10px 0 0px 0; color: #259b9a;\">Court rental, group and individual tennis lessons at Solar.<\/h2><div class=\"spacer\" style=\"height: 40px;\"><\/div>[\/vc_column][\/vc_row][vc_row][vc_column column_padding=&#8221;padding-1&#8243; width=&#8221;1\/1&#8243;][vc_raw_html]JTVCd3B0YiUyMGlkJTNEMTQ0MzYlNUQ=[\/vc_raw_html][\/vc_column][vc_column][vc_column_text]Prices do not include court rental costs.<\/p>\n<p>Court rental \u2013 <strong>40 PLN<\/strong><br \/>\nRacket rental \u2013 <strong>20 PLN<\/strong><\/p>\n<p>Option to purchase balls \u2013 <strong>50 PLN<\/strong> (a can of 4 balls)<br \/>\nOption to purchase a grip \u2013 <strong>10 PLN<\/strong><br \/>\nVibration dampeners \u2013 <strong>7 PLN<\/strong>[\/vc_column_text]<div class=\"divider divider1\" style='margin:30px 0 30px 0 !important;'><\/div>[vc_column_text]<strong>Directions:<\/strong> the fourth campsite on the right-hand side from W\u0142adys\u0142awowo towards Hel.<\/p>\n<p>Solar Campsite, Cha\u0142upy 4<br \/>\nul. Kaperska 4, 84-120<\/p>\n<p><a rel=\"noopener\">baza@deski.org<\/a><br \/>\nBosmanat: 693 334 060[\/vc_column_text][\/vc_column][\/vc_row]<\/p>\n<\/div>","protected":false},"excerpt":{"rendered":"<p>[vc_row][vc_column width=&#8221;1\/1&#8243;][vc_row_inner][vc_column_inner width=&#8221;1\/6&#8243;][\/vc_column_inner][vc_column_inner width=&#8221;2\/3&#8243;][vc_column_text][\/vc_column_text][\/vc_column_inner][vc_column_inner width=&#8221;1\/6&#8243;][\/vc_column_inner][\/vc_row_inner][\/vc_column][\/vc_row][vc_row][vc_column column_padding=&#8221;padding-1&#8243; width=&#8221;1\/1&#8243;][vc_raw_html]JTVCd3B0YiUyMGlkJTNEMTQ0MzYlNUQ=[\/vc_raw_html][\/vc_column][vc_column][vc_column_text]Prices do not include court rental costs. Court rental \u2013 40 PLN Racket rental \u2013 20 PLN Option to purchase balls \u2013 50 PLN (a can of 4 balls) Option to purchase a grip \u2013 10 PLN Vibration dampeners \u2013 7 PLN[\/vc_column_text][vc_column_text]Directions: the fourth campsite on the right-hand side from W\u0142adys\u0142awowo towards Hel. Solar Campsite, Cha\u0142upy 4 ul. Kaperska 4, 84-120 baza@deski.org Bosmanat: 693 334 060[\/vc_column_text][\/vc_column][\/vc_row]<\/p>\n","protected":false},"author":6,"featured_media":0,"parent":16741,"menu_order":0,"comment_status":"closed","ping_status":"closed","template":"","meta":{"_acf_changed":false,"_mo_disable_npp":"","_vp_format_video_url":"","_vp_image_focal_point":[],"footnotes":""},"class_list":["post-18331","page","type-page","status-publish","hentry"],"acf":[],"aioseo_notices":[],"_links":{"self":[{"href":"https:\/\/deski.org\/en\/wp-json\/wp\/v2\/pages\/18331","targetHints":{"allow":["GET"]}}],"collection":[{"href":"https:\/\/deski.org\/en\/wp-json\/wp\/v2\/pages"}],"about":[{"href":"https:\/\/deski.org\/en\/wp-json\/wp\/v2\/types\/page"}],"author":[{"embeddable":true,"href":"https:\/\/deski.org\/en\/wp-json\/wp\/v2\/users\/6"}],"replies":[{"embeddable":true,"href":"https:\/\/deski.org\/en\/wp-json\/wp\/v2\/comments?post=18331"}],"version-history":[{"count":9,"href":"https:\/\/deski.org\/en\/wp-json\/wp\/v2\/pages\/18331\/revisions"}],"predecessor-version":[{"id":22594,"href":"https:\/\/deski.org\/en\/wp-json\/wp\/v2\/pages\/18331\/revisions\/22594"}],"up":[{"embeddable":true,"href":"https:\/\/deski.org\/en\/wp-json\/wp\/v2\/pages\/16741"}],"wp:attachment":[{"href":"https:\/\/deski.org\/en\/wp-json\/wp\/v2\/media?parent=18331"}],"curies":[{"name":"wp","href":"https:\/\/api.w.org\/{rel}","templated":true}]}}