{"id":19907,"date":"2023-11-01T19:29:57","date_gmt":"2023-11-01T19:29:57","guid":{"rendered":"https:\/\/deski.org\/?page_id=19907"},"modified":"2023-11-01T19:29:57","modified_gmt":"2023-11-01T19:29:57","slug":"gabriel-nowakowski","status":"publish","type":"page","link":"https:\/\/deski.org\/en\/gabriel-nowakowski\/","title":{"rendered":"Gabriel Nowakowski"},"content":{"rendered":"<div class=\"wpb-content-wrapper\"><p>[vc_row][vc_column width=&#8221;1\/1&#8243;][vc_column_text]Gabriel to by\u0142y zawodnik i mi\u0142o\u015bnik kultury tenisowej.<\/p>\n<p>Podczas swojej kariery zawodniczej sp\u0119dzi\u0142 4 lata w Czechach, gdzie uczy\u0142 si\u0119 fachu od najbardziej wymagaj\u0105cych trener\u00f3w. Odby\u0142 te\u017c praktyki w Wielkiej Brytanii, kt\u00f3re okre\u015bla mianem nauki nie samego tenisa jako jednej z dyscyplin sportowych, a \u201esztuki tenisa i wszystkiego z nim zwi\u0105zanego\u201d. W Londynie uwa\u017cnie obserwowa\u0142 brytyjsk\u0105 elegancj\u0119 i podziwia\u0142 wysoki poziom \u015bwiadczenia us\u0142ug przez trener\u00f3w, co zainspirowa\u0142o go do odtworzenia tego podej\u015bcia w Polsce. Podczas podr\u00f3\u017cy do W\u0142och zwiedzi\u0142 tenisowe country cluby, decyduj\u0105c si\u0119 zag\u0142\u0119bi\u0107 w tematyk\u0119 us\u0142ug concierge, koktajli oraz profesjonalnego serwisu dla ludzi zwi\u0105zanych ze sportem.<\/p>\n<p>Pogodny, dynamiczny i nastawiony na serwis\u00a0dla\u00a0klienta![\/vc_column_text][\/vc_column][\/vc_row]<\/p>\n<\/div>","protected":false},"excerpt":{"rendered":"<p>[vc_row][vc_column width=&#8221;1\/1&#8243;][vc_column_text]Gabriel to by\u0142y zawodnik i mi\u0142o\u015bnik kultury tenisowej. Podczas swojej kariery zawodniczej sp\u0119dzi\u0142 4 lata w Czechach, gdzie uczy\u0142 si\u0119 fachu od najbardziej wymagaj\u0105cych trener\u00f3w. Odby\u0142 te\u017c praktyki w Wielkiej Brytanii, kt\u00f3re okre\u015bla mianem nauki nie samego tenisa jako jednej z dyscyplin sportowych, a \u201esztuki tenisa i wszystkiego z nim zwi\u0105zanego\u201d. W Londynie uwa\u017cnie obserwowa\u0142 brytyjsk\u0105 elegancj\u0119 i podziwia\u0142 wysoki poziom \u015bwiadczenia us\u0142ug przez trener\u00f3w, co zainspirowa\u0142o go do odtworzenia tego podej\u015bcia w Polsce. Podczas podr\u00f3\u017cy do W\u0142och zwiedzi\u0142 tenisowe country cluby, decyduj\u0105c si\u0119 zag\u0142\u0119bi\u0107 w tematyk\u0119 us\u0142ug concierge, koktajli oraz profesjonalnego serwisu dla ludzi zwi\u0105zanych ze sportem. Pogodny, dynamiczny i nastawiony na serwis\u00a0dla\u00a0klienta![\/vc_column_text][\/vc_column][\/vc_row]<\/p>\n","protected":false},"author":6,"featured_media":0,"parent":0,"menu_order":0,"comment_status":"closed","ping_status":"closed","template":"","meta":{"_acf_changed":false,"_mo_disable_npp":"","_vp_format_video_url":"","_vp_image_focal_point":[],"footnotes":""},"class_list":["post-19907","page","type-page","status-publish","hentry"],"acf":[],"aioseo_notices":[],"_links":{"self":[{"href":"https:\/\/deski.org\/en\/wp-json\/wp\/v2\/pages\/19907","targetHints":{"allow":["GET"]}}],"collection":[{"href":"https:\/\/deski.org\/en\/wp-json\/wp\/v2\/pages"}],"about":[{"href":"https:\/\/deski.org\/en\/wp-json\/wp\/v2\/types\/page"}],"author":[{"embeddable":true,"href":"https:\/\/deski.org\/en\/wp-json\/wp\/v2\/users\/6"}],"replies":[{"embeddable":true,"href":"https:\/\/deski.org\/en\/wp-json\/wp\/v2\/comments?post=19907"}],"version-history":[{"count":1,"href":"https:\/\/deski.org\/en\/wp-json\/wp\/v2\/pages\/19907\/revisions"}],"predecessor-version":[{"id":19908,"href":"https:\/\/deski.org\/en\/wp-json\/wp\/v2\/pages\/19907\/revisions\/19908"}],"wp:attachment":[{"href":"https:\/\/deski.org\/en\/wp-json\/wp\/v2\/media?parent=19907"}],"curies":[{"name":"wp","href":"https:\/\/api.w.org\/{rel}","templated":true}]}}