{"id":24955,"date":"2025-09-24T11:02:06","date_gmt":"2025-09-24T11:02:06","guid":{"rendered":"https:\/\/deski.org\/?page_id=24955"},"modified":"2025-09-24T11:02:06","modified_gmt":"2025-09-24T11:02:06","slug":"marcin-bukowski","status":"publish","type":"page","link":"https:\/\/deski.org\/en\/marcin-bukowski\/","title":{"rendered":"Marcin Bukowski"},"content":{"rendered":"<div class=\"wpb-content-wrapper\"><p>[vc_row][vc_column width=&#8221;1\/2&#8243;]<div class=\"single_image wpb_content_element align-left    \" data-animation=\"none\" data-delay=\"0\"><img loading=\"lazy\" decoding=\"async\" width=\"700\" height=\"700\" src=\"https:\/\/deski.org\/wp-content\/uploads\/2023\/11\/Marcin-Bukowski.jpg\" class=\"attachment-full\" alt=\"Marcin Bukowski\" title=\"Marcin Bukowski\" srcset=\"https:\/\/deski.org\/wp-content\/uploads\/2023\/11\/Marcin-Bukowski.jpg 700w, https:\/\/deski.org\/wp-content\/uploads\/2023\/11\/Marcin-Bukowski-300x300.jpg 300w, https:\/\/deski.org\/wp-content\/uploads\/2023\/11\/Marcin-Bukowski-80x80.jpg 80w, https:\/\/deski.org\/wp-content\/uploads\/2023\/11\/Marcin-Bukowski-500x500.jpg 500w, https:\/\/deski.org\/wp-content\/uploads\/2023\/11\/Marcin-Bukowski-24x24.jpg 24w, https:\/\/deski.org\/wp-content\/uploads\/2023\/11\/Marcin-Bukowski-36x36.jpg 36w, https:\/\/deski.org\/wp-content\/uploads\/2023\/11\/Marcin-Bukowski-48x48.jpg 48w\" sizes=\"auto, (max-width: 700px) 100vw, 700px\" \/><\/div><div class=\"spacer\" style=\"height: 40px;\"><\/div>[\/vc_column][vc_column width=&#8221;1\/2&#8243;][vc_column_text]<\/p>\n<div class=\"default-style\">W wieku 14 lat Marcin wyjecha\u0142 do Akademii Tenisowej J.C. Ferrero Equelite. I to w\u0142a\u015bnie w Hiszpanii sp\u0119dzi\u0142 wi\u0119kszo\u015b\u0107 swojej kariery zawodniczej, podczas kt\u00f3rej z sukcesami startowa\u0142 w europejskich turniejach. Po powrocie do Polski rozpocz\u0105\u0142 prac\u0119, jako trener dzieci, m\u0142odzie\u017cy oraz os\u00f3b doros\u0142ych. Najwi\u0119ksz\u0105 satysfakcj\u0119 czerpie obserwuj\u0105c pasj\u0119 do tenisa ziemnego u swoich zawodnik\u00f3w. W swojej pracy du\u017c\u0105 uwag\u0119 przywi\u0105zuje do pe\u0142nej integralno\u015bci szkolenia &#8211; zar\u00f3wno technicznego, jak i motorycznego. Interesuje si\u0119 r\u00f3wnie\u017c psychologi\u0105 sportu.<\/div>\n<div class=\"default-style\">Treningi z Marcinem mog\u0105 odbywa\u0107 si\u0119 w j\u0119zyku &#x1f1ea;&#x1f1f8;hiszpa\u0144skim i &#x1f1ec;&#x1f1e7; angielskim.<\/div>\n<p>[\/vc_column_text][\/vc_column][\/vc_row]<\/p>\n<\/div>","protected":false},"excerpt":{"rendered":"<p>[vc_row][vc_column width=&#8221;1\/2&#8243;][\/vc_column][vc_column width=&#8221;1\/2&#8243;][vc_column_text] W wieku 14 lat Marcin wyjecha\u0142 do Akademii Tenisowej J.C. Ferrero Equelite. I to w\u0142a\u015bnie w Hiszpanii sp\u0119dzi\u0142 wi\u0119kszo\u015b\u0107 swojej kariery zawodniczej, podczas kt\u00f3rej z sukcesami startowa\u0142 w europejskich turniejach. Po powrocie do Polski rozpocz\u0105\u0142 prac\u0119, jako trener dzieci, m\u0142odzie\u017cy oraz os\u00f3b doros\u0142ych. Najwi\u0119ksz\u0105 satysfakcj\u0119 czerpie obserwuj\u0105c pasj\u0119 do tenisa ziemnego u swoich zawodnik\u00f3w. W swojej pracy du\u017c\u0105 uwag\u0119 przywi\u0105zuje do pe\u0142nej integralno\u015bci szkolenia &#8211; zar\u00f3wno technicznego, jak i motorycznego. Interesuje si\u0119 r\u00f3wnie\u017c psychologi\u0105 sportu. Treningi z Marcinem mog\u0105 odbywa\u0107 si\u0119 w j\u0119zyku &#x1f1ea;&#x1f1f8;hiszpa\u0144skim i &#x1f1ec;&#x1f1e7; angielskim. [\/vc_column_text][\/vc_column][\/vc_row]<\/p>\n","protected":false},"author":15,"featured_media":0,"parent":0,"menu_order":0,"comment_status":"closed","ping_status":"closed","template":"","meta":{"_acf_changed":false,"_mo_disable_npp":"","_vp_format_video_url":"","_vp_image_focal_point":[],"footnotes":""},"class_list":["post-24955","page","type-page","status-publish","hentry"],"acf":[],"aioseo_notices":[],"_links":{"self":[{"href":"https:\/\/deski.org\/en\/wp-json\/wp\/v2\/pages\/24955","targetHints":{"allow":["GET"]}}],"collection":[{"href":"https:\/\/deski.org\/en\/wp-json\/wp\/v2\/pages"}],"about":[{"href":"https:\/\/deski.org\/en\/wp-json\/wp\/v2\/types\/page"}],"author":[{"embeddable":true,"href":"https:\/\/deski.org\/en\/wp-json\/wp\/v2\/users\/15"}],"replies":[{"embeddable":true,"href":"https:\/\/deski.org\/en\/wp-json\/wp\/v2\/comments?post=24955"}],"version-history":[{"count":2,"href":"https:\/\/deski.org\/en\/wp-json\/wp\/v2\/pages\/24955\/revisions"}],"predecessor-version":[{"id":24957,"href":"https:\/\/deski.org\/en\/wp-json\/wp\/v2\/pages\/24955\/revisions\/24957"}],"wp:attachment":[{"href":"https:\/\/deski.org\/en\/wp-json\/wp\/v2\/media?parent=24955"}],"curies":[{"name":"wp","href":"https:\/\/api.w.org\/{rel}","templated":true}]}}