{"id":24958,"date":"2025-09-24T11:10:17","date_gmt":"2025-09-24T11:10:17","guid":{"rendered":"https:\/\/deski.org\/?page_id=24958"},"modified":"2025-09-24T11:10:17","modified_gmt":"2025-09-24T11:10:17","slug":"weronika-sobolewska","status":"publish","type":"page","link":"https:\/\/deski.org\/en\/weronika-sobolewska\/","title":{"rendered":"Weronika Sobolewska"},"content":{"rendered":"<div class=\"wpb-content-wrapper\"><p>[vc_row][vc_column width=&#8221;1\/2&#8243;]<div class=\"single_image wpb_content_element align-left    \" data-animation=\"none\" data-delay=\"0\"><img loading=\"lazy\" decoding=\"async\" width=\"700\" height=\"700\" src=\"https:\/\/deski.org\/wp-content\/uploads\/2023\/11\/Weronika-Sobolewska.jpg\" class=\"attachment-full\" alt=\"Weronika Sobolewska\" title=\"Weronika Sobolewska\" srcset=\"https:\/\/deski.org\/wp-content\/uploads\/2023\/11\/Weronika-Sobolewska.jpg 700w, https:\/\/deski.org\/wp-content\/uploads\/2023\/11\/Weronika-Sobolewska-300x300.jpg 300w, https:\/\/deski.org\/wp-content\/uploads\/2023\/11\/Weronika-Sobolewska-80x80.jpg 80w, https:\/\/deski.org\/wp-content\/uploads\/2023\/11\/Weronika-Sobolewska-500x500.jpg 500w, https:\/\/deski.org\/wp-content\/uploads\/2023\/11\/Weronika-Sobolewska-24x24.jpg 24w, https:\/\/deski.org\/wp-content\/uploads\/2023\/11\/Weronika-Sobolewska-36x36.jpg 36w, https:\/\/deski.org\/wp-content\/uploads\/2023\/11\/Weronika-Sobolewska-48x48.jpg 48w\" sizes=\"auto, (max-width: 700px) 100vw, 700px\" \/><\/div><div class=\"spacer\" style=\"height: 40px;\"><\/div>[\/vc_column][vc_column width=&#8221;1\/2&#8243;][vc_column_text]Weronika Sobolewska od 6. roku \u017cycia jest zwi\u0105zana z WTS Deski \u2013 najpierw jako uczennica, a od 5 lat r\u00f3wnie\u017c jako instruktorka. Tenis to jej pasja, kt\u00f3r\u0105 z przyjemno\u015bci\u0105 dzieli si\u0119 z innymi. Prowadzi zaj\u0119cia zar\u00f3wno dla dzieci, jak i m\u0142odzie\u017cy, koncentruj\u0105c si\u0119 na ich rozwoju technicznym oraz dbaj\u0105c o to, by treningi by\u0142y pe\u0142ne rado\u015bci i zabawy. Jest przekonana, \u017ce pozytywne nastawienie m\u0142odych zawodnik\u00f3w do zaj\u0119\u0107 tenisa to klucz do osi\u0105gania najlepszych wynik\u00f3w.<\/p>\n<p>Weronika jest studentk\u0105 Mi\u0119dzywydzia\u0142owych Indywidualnych Studi\u00f3w Matematyczno-Przyrodniczych (MiSMAP). Ko\u0144czy studia psychologiczne ze specjalizacj\u0105 w neuropsychologii klinicznej, jednocze\u015bnie realizuj\u0105c program studi\u00f3w matematycznych.<\/p>\n<p>W wolnym czasie wspina si\u0119 po ska\u0142kach, a zim\u0105 ch\u0119tnie je\u017adzi na nartach. Od dw\u00f3ch lat pasjonuje si\u0119 r\u00f3wnie\u017c kolarstwem i sprawdza swoje umiej\u0119tno\u015bci, podr\u00f3\u017cuj\u0105c po Polsce na rowerze.[\/vc_column_text][\/vc_column][\/vc_row]<\/p>\n<\/div>","protected":false},"excerpt":{"rendered":"<p>[vc_row][vc_column width=&#8221;1\/2&#8243;][\/vc_column][vc_column width=&#8221;1\/2&#8243;][vc_column_text]Weronika Sobolewska od 6. roku \u017cycia jest zwi\u0105zana z WTS Deski \u2013 najpierw jako uczennica, a od 5 lat r\u00f3wnie\u017c jako instruktorka. Tenis to jej pasja, kt\u00f3r\u0105 z przyjemno\u015bci\u0105 dzieli si\u0119 z innymi. Prowadzi zaj\u0119cia zar\u00f3wno dla dzieci, jak i m\u0142odzie\u017cy, koncentruj\u0105c si\u0119 na ich rozwoju technicznym oraz dbaj\u0105c o to, by treningi by\u0142y pe\u0142ne rado\u015bci i zabawy. Jest przekonana, \u017ce pozytywne nastawienie m\u0142odych zawodnik\u00f3w do zaj\u0119\u0107 tenisa to klucz do osi\u0105gania najlepszych wynik\u00f3w. Weronika jest studentk\u0105 Mi\u0119dzywydzia\u0142owych Indywidualnych Studi\u00f3w Matematyczno-Przyrodniczych (MiSMAP). Ko\u0144czy studia psychologiczne ze specjalizacj\u0105 w neuropsychologii klinicznej, jednocze\u015bnie realizuj\u0105c program studi\u00f3w matematycznych. W wolnym czasie wspina si\u0119 po ska\u0142kach, a zim\u0105 ch\u0119tnie je\u017adzi na nartach. Od dw\u00f3ch lat pasjonuje si\u0119 r\u00f3wnie\u017c kolarstwem i sprawdza swoje umiej\u0119tno\u015bci, podr\u00f3\u017cuj\u0105c po Polsce na rowerze.[\/vc_column_text][\/vc_column][\/vc_row]<\/p>\n","protected":false},"author":15,"featured_media":0,"parent":0,"menu_order":0,"comment_status":"closed","ping_status":"closed","template":"","meta":{"_acf_changed":false,"_mo_disable_npp":"","_vp_format_video_url":"","_vp_image_focal_point":[],"footnotes":""},"class_list":["post-24958","page","type-page","status-publish","hentry"],"acf":[],"aioseo_notices":[],"_links":{"self":[{"href":"https:\/\/deski.org\/en\/wp-json\/wp\/v2\/pages\/24958","targetHints":{"allow":["GET"]}}],"collection":[{"href":"https:\/\/deski.org\/en\/wp-json\/wp\/v2\/pages"}],"about":[{"href":"https:\/\/deski.org\/en\/wp-json\/wp\/v2\/types\/page"}],"author":[{"embeddable":true,"href":"https:\/\/deski.org\/en\/wp-json\/wp\/v2\/users\/15"}],"replies":[{"embeddable":true,"href":"https:\/\/deski.org\/en\/wp-json\/wp\/v2\/comments?post=24958"}],"version-history":[{"count":1,"href":"https:\/\/deski.org\/en\/wp-json\/wp\/v2\/pages\/24958\/revisions"}],"predecessor-version":[{"id":24959,"href":"https:\/\/deski.org\/en\/wp-json\/wp\/v2\/pages\/24958\/revisions\/24959"}],"wp:attachment":[{"href":"https:\/\/deski.org\/en\/wp-json\/wp\/v2\/media?parent=24958"}],"curies":[{"name":"wp","href":"https:\/\/api.w.org\/{rel}","templated":true}]}}