{"id":24960,"date":"2025-09-24T11:12:32","date_gmt":"2025-09-24T11:12:32","guid":{"rendered":"https:\/\/deski.org\/?page_id=24960"},"modified":"2025-09-24T11:12:32","modified_gmt":"2025-09-24T11:12:32","slug":"marta-mysko","status":"publish","type":"page","link":"https:\/\/deski.org\/en\/marta-mysko\/","title":{"rendered":"Marta Mysko"},"content":{"rendered":"<div class=\"wpb-content-wrapper\"><p>[vc_row][vc_column width=&#8221;1\/2&#8243;]<div class=\"single_image wpb_content_element align-left    \" data-animation=\"none\" data-delay=\"0\"><img loading=\"lazy\" decoding=\"async\" width=\"700\" height=\"700\" src=\"https:\/\/deski.org\/wp-content\/uploads\/2024\/11\/MartaMysko.jpg\" class=\"attachment-full\" alt=\"Marta Mysko\" title=\"MartaMysko\" srcset=\"https:\/\/deski.org\/wp-content\/uploads\/2024\/11\/MartaMysko.jpg 700w, https:\/\/deski.org\/wp-content\/uploads\/2024\/11\/MartaMysko-300x300.jpg 300w, https:\/\/deski.org\/wp-content\/uploads\/2024\/11\/MartaMysko-80x80.jpg 80w, https:\/\/deski.org\/wp-content\/uploads\/2024\/11\/MartaMysko-500x500.jpg 500w, https:\/\/deski.org\/wp-content\/uploads\/2024\/11\/MartaMysko-24x24.jpg 24w, https:\/\/deski.org\/wp-content\/uploads\/2024\/11\/MartaMysko-36x36.jpg 36w, https:\/\/deski.org\/wp-content\/uploads\/2024\/11\/MartaMysko-48x48.jpg 48w\" sizes=\"auto, (max-width: 700px) 100vw, 700px\" \/><\/div><div class=\"spacer\" style=\"height: 40px;\"><\/div>[\/vc_column][vc_column width=&#8221;1\/2&#8243;][vc_column_text]<\/p>\n<div class=\"default-style\">\n<p>Od dziecka Marta by\u0142a zwi\u0105zana ze sportem, ale to w\u0142a\u015bnie wtedy, gdy mama zabra\u0142a j\u0105 na kort, poczu\u0142a, \u017ce tenis jest jej dyscyplin\u0105. Sport sta\u0142 si\u0119 jej stylem \u017cycia i otworzy\u0142 przed ni\u0105 nowe mo\u017cliwo\u015bci samorealizacji oraz rozwoju \u2013 fizycznego, intelektualnego i psychicznego.<\/p>\n<p>Najbardziej w byciu trenerk\u0105 lubi ci\u0105g\u0142e poszukiwanie nowych metod oraz dostosowywanie ich do indywidualnych potrzeb ka\u017cdego ucznia.<\/p>\n<p>Jej rada? Cierpliwo\u015b\u0107 i systematyczno\u015b\u0107 w samorozwoju. Jej cel? Nieustanne doskonalenie swoich umiej\u0119tno\u015bci jako trenerki.<\/p>\n<\/div>\n<p>[\/vc_column_text][\/vc_column][\/vc_row]<\/p>\n<\/div>","protected":false},"excerpt":{"rendered":"<p>[vc_row][vc_column width=&#8221;1\/2&#8243;][\/vc_column][vc_column width=&#8221;1\/2&#8243;][vc_column_text] Od dziecka Marta by\u0142a zwi\u0105zana ze sportem, ale to w\u0142a\u015bnie wtedy, gdy mama zabra\u0142a j\u0105 na kort, poczu\u0142a, \u017ce tenis jest jej dyscyplin\u0105. Sport sta\u0142 si\u0119 jej stylem \u017cycia i otworzy\u0142 przed ni\u0105 nowe mo\u017cliwo\u015bci samorealizacji oraz rozwoju \u2013 fizycznego, intelektualnego i psychicznego. Najbardziej w byciu trenerk\u0105 lubi ci\u0105g\u0142e poszukiwanie nowych metod oraz dostosowywanie ich do indywidualnych potrzeb ka\u017cdego ucznia. Jej rada? Cierpliwo\u015b\u0107 i systematyczno\u015b\u0107 w samorozwoju. Jej cel? Nieustanne doskonalenie swoich umiej\u0119tno\u015bci jako trenerki. [\/vc_column_text][\/vc_column][\/vc_row]<\/p>\n","protected":false},"author":15,"featured_media":0,"parent":0,"menu_order":0,"comment_status":"closed","ping_status":"closed","template":"","meta":{"_acf_changed":false,"_mo_disable_npp":"","_vp_format_video_url":"","_vp_image_focal_point":[],"footnotes":""},"class_list":["post-24960","page","type-page","status-publish","hentry"],"acf":[],"aioseo_notices":[],"_links":{"self":[{"href":"https:\/\/deski.org\/en\/wp-json\/wp\/v2\/pages\/24960","targetHints":{"allow":["GET"]}}],"collection":[{"href":"https:\/\/deski.org\/en\/wp-json\/wp\/v2\/pages"}],"about":[{"href":"https:\/\/deski.org\/en\/wp-json\/wp\/v2\/types\/page"}],"author":[{"embeddable":true,"href":"https:\/\/deski.org\/en\/wp-json\/wp\/v2\/users\/15"}],"replies":[{"embeddable":true,"href":"https:\/\/deski.org\/en\/wp-json\/wp\/v2\/comments?post=24960"}],"version-history":[{"count":1,"href":"https:\/\/deski.org\/en\/wp-json\/wp\/v2\/pages\/24960\/revisions"}],"predecessor-version":[{"id":24961,"href":"https:\/\/deski.org\/en\/wp-json\/wp\/v2\/pages\/24960\/revisions\/24961"}],"wp:attachment":[{"href":"https:\/\/deski.org\/en\/wp-json\/wp\/v2\/media?parent=24960"}],"curies":[{"name":"wp","href":"https:\/\/api.w.org\/{rel}","templated":true}]}}