{"id":24964,"date":"2025-09-24T13:16:43","date_gmt":"2025-09-24T13:16:43","guid":{"rendered":"https:\/\/deski.org\/?page_id=24964"},"modified":"2025-10-31T10:47:08","modified_gmt":"2025-10-31T10:47:08","slug":"obozy-dla-doroslych","status":"publish","type":"page","link":"https:\/\/deski.org\/en\/obozy-dla-doroslych\/","title":{"rendered":"Obozy dla doros\u0142ych"},"content":{"rendered":"<div class=\"wpb-content-wrapper\"><p>[vc_row][vc_column width=&#8221;1\/6&#8243;][\/vc_column][vc_column width=&#8221;2\/3&#8243;][vc_raw_html]JTVCbWV0YXNsaWRlciUyMGlkJTNEJTIyMjQ5NjUlMjIlNUQ=[\/vc_raw_html][\/vc_column][vc_column width=&#8221;1\/6&#8243;][\/vc_column][\/vc_row][vc_row][vc_column width=&#8221;1\/1&#8243;]<h1 class=\"headline font-inherit fontsize-xl fontweight-900 lh-inherit align-center transform-inherit \" style=\"margin: 0 0 20px 0; color: #259b9a;\">Obozy dla doros\u0142ych.<\/h1>[vc_column_text]To wyjazdy dla tych, kt\u00f3rzy nigdy si\u0119 nie zatrzymuj\u0105 &#8211; s\u0105 stale g\u0142odni progresu, adrenaliny i dobrej zabawy.<br \/>\nPrzestrze\u0144 zar\u00f3wno dla doros\u0142ych, kt\u00f3rzy dopiero zaczynaj\u0105 swoj\u0105 narciarsk\u0105 przygod\u0119, dla tych, kt\u00f3rzy chc\u0105 szlifowa\u0107 technik\u0119, by\u0107 na bie\u017c\u0105co ze wszystkimi narciarskimi nowinkami czy wr\u00f3ci\u0107 do jazdy sportowej na tyczkach i \u015bcigania si\u0119, cho\u0107by na luzie.<\/p>\n<p>To nie tylko grupa szkoleniowa, to spo\u0142eczno\u015b\u0107 ludzi z zajawk\u0105, kt\u00f3rzy razem trenuj\u0105, wyje\u017cd\u017caj\u0105 i dziel\u0105 pasj\u0119 do narciarstwa.<\/p>\n<p>Dla tej grupy oferujemy:<br \/>\n&#8211; szkoleniowe wyjazdy zagraniczne do Austrii i W\u0142och,<br \/>\n&#8211; kr\u00f3tkie wyjazdy treningowe w Polsce,<br \/>\n&#8211; treningi motoryczne w Warszawie, kt\u00f3re przygotowuj\u0105 do sezonu, wspieraj\u0105 form\u0119 i buduj\u0105 relacje.[\/vc_column_text]<div class=\"spacer\" style=\"height: 20px;\"><\/div>[vc_raw_html]JTVCd3lqYXpkeV9zaG9ydGNvZGUlMjBpZCUzRDE2MiU1RA==[\/vc_raw_html][\/vc_column][\/vc_row]<\/p>\n<\/div>","protected":false},"excerpt":{"rendered":"<p>[vc_row][vc_column width=&#8221;1\/6&#8243;][\/vc_column][vc_column width=&#8221;2\/3&#8243;][vc_raw_html]JTVCbWV0YXNsaWRlciUyMGlkJTNEJTIyMjQ5NjUlMjIlNUQ=[\/vc_raw_html][\/vc_column][vc_column width=&#8221;1\/6&#8243;][\/vc_column][\/vc_row][vc_row][vc_column width=&#8221;1\/1&#8243;][vc_column_text]To wyjazdy dla tych, kt\u00f3rzy nigdy si\u0119 nie zatrzymuj\u0105 &#8211; s\u0105 stale g\u0142odni progresu, adrenaliny i dobrej zabawy. Przestrze\u0144 zar\u00f3wno dla doros\u0142ych, kt\u00f3rzy dopiero zaczynaj\u0105 swoj\u0105 narciarsk\u0105 przygod\u0119, dla tych, kt\u00f3rzy chc\u0105 szlifowa\u0107 technik\u0119, by\u0107 na bie\u017c\u0105co ze wszystkimi narciarskimi nowinkami czy wr\u00f3ci\u0107 do jazdy sportowej na tyczkach i \u015bcigania si\u0119, cho\u0107by na luzie. To nie tylko grupa szkoleniowa, to spo\u0142eczno\u015b\u0107 ludzi z zajawk\u0105, kt\u00f3rzy razem trenuj\u0105, wyje\u017cd\u017caj\u0105 i dziel\u0105 pasj\u0119 do narciarstwa. Dla tej grupy oferujemy: &#8211; szkoleniowe wyjazdy zagraniczne do Austrii i W\u0142och, &#8211; kr\u00f3tkie wyjazdy treningowe w Polsce, &#8211; treningi motoryczne w Warszawie, kt\u00f3re przygotowuj\u0105 do sezonu, wspieraj\u0105 form\u0119 i buduj\u0105 relacje.[\/vc_column_text][vc_raw_html]JTVCd3lqYXpkeV9zaG9ydGNvZGUlMjBpZCUzRDE2MiU1RA==[\/vc_raw_html][\/vc_column][\/vc_row]<\/p>\n","protected":false},"author":15,"featured_media":0,"parent":0,"menu_order":0,"comment_status":"closed","ping_status":"closed","template":"page-wyjazdy.php","meta":{"_acf_changed":false,"_mo_disable_npp":"","_vp_format_video_url":"","_vp_image_focal_point":[],"footnotes":""},"class_list":["post-24964","page","type-page","status-publish","hentry"],"acf":[],"aioseo_notices":[],"_links":{"self":[{"href":"https:\/\/deski.org\/en\/wp-json\/wp\/v2\/pages\/24964","targetHints":{"allow":["GET"]}}],"collection":[{"href":"https:\/\/deski.org\/en\/wp-json\/wp\/v2\/pages"}],"about":[{"href":"https:\/\/deski.org\/en\/wp-json\/wp\/v2\/types\/page"}],"author":[{"embeddable":true,"href":"https:\/\/deski.org\/en\/wp-json\/wp\/v2\/users\/15"}],"replies":[{"embeddable":true,"href":"https:\/\/deski.org\/en\/wp-json\/wp\/v2\/comments?post=24964"}],"version-history":[{"count":8,"href":"https:\/\/deski.org\/en\/wp-json\/wp\/v2\/pages\/24964\/revisions"}],"predecessor-version":[{"id":25014,"href":"https:\/\/deski.org\/en\/wp-json\/wp\/v2\/pages\/24964\/revisions\/25014"}],"wp:attachment":[{"href":"https:\/\/deski.org\/en\/wp-json\/wp\/v2\/media?parent=24964"}],"curies":[{"name":"wp","href":"https:\/\/api.w.org\/{rel}","templated":true}]}}