{"id":26084,"date":"2026-01-13T08:21:30","date_gmt":"2026-01-13T08:21:30","guid":{"rendered":"https:\/\/deski.org\/?page_id=26084"},"modified":"2026-01-23T13:02:04","modified_gmt":"2026-01-23T13:02:04","slug":"eventy-dla-firm","status":"publish","type":"page","link":"https:\/\/deski.org\/en\/eventy-dla-firm\/","title":{"rendered":"Eventy dla firm"},"content":{"rendered":"<div class=\"wpb-content-wrapper\"><p>[vc_row][vc_column width=&#8221;1\/1&#8243;][vc_row_inner][vc_column_inner width=&#8221;1\/6&#8243;][\/vc_column_inner][vc_column_inner width=&#8221;2\/3&#8243;][vc_raw_html]JTVCbWV0YXNsaWRlciUyMGlkJTNEJTIyMjYyMjMlMjIlNUQ=[\/vc_raw_html][\/vc_column_inner][vc_column_inner width=&#8221;1\/6&#8243;][\/vc_column_inner][\/vc_row_inner]<h1 class=\"headline font-inherit fontsize-xl fontweight-900 lh-inherit align-center transform-inherit \" style=\"margin: 0 0 20px 0; color: #259b9a;\">Zorganizuj sw\u00f3j event na terenie naszego klubu.<\/h1>[vc_row_inner][vc_column_inner][vc_column_text]<\/p>\n<div class=\"wpb_row vc_row-fluid standard-section section section-no-parallax stretch \" data-speed=\"1\">\n<div class=\"col span_12 color-dark left\">\n<div class=\"vc_col-sm-12 wpb_column column_container col no-padding color-dark\" data-delay=\"\" data-animation-complete=\"\">\n<div class=\"wpb_wrapper\">\n<div class=\"wpb_text_column wpb_content_element \">\n<div class=\"wpb_wrapper\">\n<p>WTS DeSki Events to nowy dzia\u0142 naszego klubu, stworzony z my\u015bl\u0105 o firmach, agencjach i grupach, kt\u00f3re chc\u0105 po\u0142\u0105czy\u0107 sport, integracj\u0119 i wyj\u0105tkow\u0105 atmosfer\u0119 nad Wis\u0142\u0105. Organizujemy wydarzenia dopasowane do Twoich potrzeb \u2013 od spotka\u0144 integracyjnych, szkole\u0144 i prezentacji, po turnieje sportowe, urodziny czy szkolenia sportowe z tenisa, padla i squasha.<\/p>\n<p>Dysponujemy <a href=\"https:\/\/deski.org\/restauracja-deski\/\">restauracj\u0105<\/a> z przestrzeni\u0105 idealn\u0105 do spotka\u0144 grupowych. Nasza lokalizacja i nowoczesne zaplecze pozwalaj\u0105 na organizacj\u0119 wydarze\u0144 zar\u00f3wno kameralnych, jak i wi\u0119kszych, dynamicznych spotka\u0144. Ka\u017cde wydarzenie przygotowujemy indywidualnie, dopasowuj\u0105c program do oczekiwa\u0144 uczestnik\u00f3w. Dzi\u0119ki po\u0142\u0105czeniu sportowej pasji i profesjonalnej obs\u0142ugi tworzymy niezapomniane do\u015bwiadczenia, kt\u00f3re integruj\u0105 i motywuj\u0105 zespo\u0142y. Ty wybierasz pomys\u0142 \u2013 my zajmujemy si\u0119 reszt\u0105!<\/p>\n<p>Ty wybierasz &#8211; my ogarniamy reszt\u0119.<\/p>\n<\/div>\n<\/div>\n<\/div>\n<\/div>\n<\/div>\n<\/div>\n<p>[\/vc_column_text][\/vc_column_inner][\/vc_row_inner][vc_row_inner][vc_column_inner]<h1 class=\"headline font-inherit fontsize-m fontweight-700 lh-inherit align-left transform-uppercase \" style=\"margin: 0 0 0px 0; color: #00458b;\">skontaktuj sie z nami<\/h1>[\/vc_column_inner][\/vc_row_inner][vc_raw_html]JTVCY29udGFjdC1mb3JtLTclMjBpZCUzRCUyMmExZGQ0NDElMjIlMjB0aXRsZSUzRCUyMkZvcm11bGFyeiUyMGtvbnRha3Rvd3klMjBFdmVudHklMjBkbGElMjBGaXJtJTIyJTVE[\/vc_raw_html][\/vc_column][\/vc_row]<\/p>\n<\/div>","protected":false},"excerpt":{"rendered":"<p>[vc_row][vc_column width=&#8221;1\/1&#8243;][vc_row_inner][vc_column_inner width=&#8221;1\/6&#8243;][\/vc_column_inner][vc_column_inner width=&#8221;2\/3&#8243;][vc_raw_html]JTVCbWV0YXNsaWRlciUyMGlkJTNEJTIyMjYyMjMlMjIlNUQ=[\/vc_raw_html][\/vc_column_inner][vc_column_inner width=&#8221;1\/6&#8243;][\/vc_column_inner][\/vc_row_inner][vc_row_inner][vc_column_inner][vc_column_text] WTS DeSki Events to nowy dzia\u0142 naszego klubu, stworzony z my\u015bl\u0105 o firmach, agencjach i grupach, kt\u00f3re chc\u0105 po\u0142\u0105czy\u0107 sport, integracj\u0119 i wyj\u0105tkow\u0105 atmosfer\u0119 nad Wis\u0142\u0105. Organizujemy wydarzenia dopasowane do Twoich potrzeb \u2013 od spotka\u0144 integracyjnych, szkole\u0144 i prezentacji, po turnieje sportowe, urodziny czy szkolenia sportowe z tenisa, padla i squasha. Dysponujemy restauracj\u0105 z przestrzeni\u0105 idealn\u0105 do spotka\u0144 grupowych. Nasza lokalizacja i nowoczesne zaplecze pozwalaj\u0105 na organizacj\u0119 wydarze\u0144 zar\u00f3wno kameralnych, jak i wi\u0119kszych, dynamicznych spotka\u0144. Ka\u017cde wydarzenie przygotowujemy indywidualnie, dopasowuj\u0105c program do oczekiwa\u0144 uczestnik\u00f3w. Dzi\u0119ki po\u0142\u0105czeniu sportowej pasji i profesjonalnej obs\u0142ugi tworzymy niezapomniane do\u015bwiadczenia, kt\u00f3re integruj\u0105 i motywuj\u0105 zespo\u0142y. Ty wybierasz pomys\u0142 \u2013 my zajmujemy si\u0119 reszt\u0105! Ty wybierasz &#8211; my ogarniamy reszt\u0119. [\/vc_column_text][\/vc_column_inner][\/vc_row_inner][vc_row_inner][vc_column_inner][\/vc_column_inner][\/vc_row_inner][vc_raw_html]JTVCY29udGFjdC1mb3JtLTclMjBpZCUzRCUyMmExZGQ0NDElMjIlMjB0aXRsZSUzRCUyMkZvcm11bGFyeiUyMGtvbnRha3Rvd3klMjBFdmVudHklMjBkbGElMjBGaXJtJTIyJTVE[\/vc_raw_html][\/vc_column][\/vc_row]<\/p>\n","protected":false},"author":6,"featured_media":0,"parent":0,"menu_order":0,"comment_status":"closed","ping_status":"closed","template":"","meta":{"_acf_changed":false,"_mo_disable_npp":"","_vp_format_video_url":"","_vp_image_focal_point":[],"footnotes":""},"class_list":["post-26084","page","type-page","status-publish","hentry"],"acf":[],"aioseo_notices":[],"_links":{"self":[{"href":"https:\/\/deski.org\/en\/wp-json\/wp\/v2\/pages\/26084","targetHints":{"allow":["GET"]}}],"collection":[{"href":"https:\/\/deski.org\/en\/wp-json\/wp\/v2\/pages"}],"about":[{"href":"https:\/\/deski.org\/en\/wp-json\/wp\/v2\/types\/page"}],"author":[{"embeddable":true,"href":"https:\/\/deski.org\/en\/wp-json\/wp\/v2\/users\/6"}],"replies":[{"embeddable":true,"href":"https:\/\/deski.org\/en\/wp-json\/wp\/v2\/comments?post=26084"}],"version-history":[{"count":13,"href":"https:\/\/deski.org\/en\/wp-json\/wp\/v2\/pages\/26084\/revisions"}],"predecessor-version":[{"id":26266,"href":"https:\/\/deski.org\/en\/wp-json\/wp\/v2\/pages\/26084\/revisions\/26266"}],"wp:attachment":[{"href":"https:\/\/deski.org\/en\/wp-json\/wp\/v2\/media?parent=26084"}],"curies":[{"name":"wp","href":"https:\/\/api.w.org\/{rel}","templated":true}]}}