{"id":26161,"date":"2026-01-20T09:45:28","date_gmt":"2026-01-20T09:45:28","guid":{"rendered":"https:\/\/deski.org\/?page_id=26161"},"modified":"2026-01-20T10:36:16","modified_gmt":"2026-01-20T10:36:16","slug":"dietetyka-pros","status":"publish","type":"page","link":"https:\/\/deski.org\/en\/pros-gym\/dietetyka-pros\/","title":{"rendered":"PROS Dietetyka"},"content":{"rendered":"<div class=\"wpb-content-wrapper\"><p>[vc_row text_align=&#8221;center&#8221;][vc_column width=&#8221;1\/6&#8243;][\/vc_column][vc_column width=&#8221;2\/3&#8243;]<div class=\"single_image wpb_content_element align-center    \" data-animation=\"none\" data-delay=\"0\"><img loading=\"lazy\" decoding=\"async\" width=\"700\" height=\"490\" src=\"https:\/\/deski.org\/wp-content\/uploads\/2025\/12\/pros-dietetyka.jpg\" class=\"attachment-full\" alt=\"pros dietetyka\" title=\"pros dietetyka\" srcset=\"https:\/\/deski.org\/wp-content\/uploads\/2025\/12\/pros-dietetyka.jpg 700w, https:\/\/deski.org\/wp-content\/uploads\/2025\/12\/pros-dietetyka-300x210.jpg 300w, https:\/\/deski.org\/wp-content\/uploads\/2025\/12\/pros-dietetyka-500x350.jpg 500w, https:\/\/deski.org\/wp-content\/uploads\/2025\/12\/pros-dietetyka-24x17.jpg 24w, https:\/\/deski.org\/wp-content\/uploads\/2025\/12\/pros-dietetyka-36x25.jpg 36w, https:\/\/deski.org\/wp-content\/uploads\/2025\/12\/pros-dietetyka-48x34.jpg 48w\" sizes=\"auto, (max-width: 700px) 100vw, 700px\" \/><\/div>[\/vc_column][vc_column width=&#8221;1\/6&#8243;][\/vc_column][\/vc_row][vc_row][vc_column width=&#8221;1\/1&#8243;]<div class=\"spacer\" style=\"height: 40px;\"><\/div><h1 class=\"headline font-inherit fontsize-xl fontweight-500 lh-inherit align-center transform-inherit \" style=\"margin: 0 0 20px 0;\">Dietetyka w PROS<\/h1>[vc_column_text]Dieta to paliwo Twojego treningu. W PROS \u0142\u0105czymy plan \u017cywieniowy z procesem treningowym, aby wspiera\u0107 regeneracj\u0119, wydolno\u015b\u0107 i wyniki \u2014 na ka\u017cdym poziomie sportowym, od ambitnego amatora po zawodowca. Sta\u0142a wsp\u00f3\u0142praca trenera i dietetyka sprawia, \u017ce ka\u017cda jednostka treningowa ma odpowiednie zaplecze \u017cywieniowe.[\/vc_column_text]<div class=\"divider divider1\" style='margin:60px 0 60px 0 !important;'><\/div>[\/vc_column][\/vc_row][vc_row][vc_column width=&#8221;1\/1&#8243;][vc_column_text]<strong>NASZE SPECJALIZACJE:<\/strong><br \/>\n&#x2714; Konsultacja startowa (stacjonarnie lub online). Ustalamy cele, zbieramy wywiad i wskazujemy niezb\u0119dne badania. Przy z\u0142o\u017conych przypadkach rezerwujemy d\u0142u\u017cszy termin.<br \/>\n&#x2714; Diagnoza i plan. Analiza sk\u0142adu cia\u0142a, ocena nawyk\u00f3w i przygotowanie indywidualnego planu \u017cywieniowego dopasowanego do dyscypliny, obci\u0105\u017ce\u0144 i kalendarza start\u00f3w.<br \/>\n&#x2714; Sta\u0142e wsparcie. Regularne konsultacje, modyfikacje planu, elementy psychodietetyki oraz wskaz\u00f3wki dot. suplementacji i strategii \u017cywieniowych w dniu startu.<br \/>\n[\/vc_column_text]<div class=\"spacer\" style=\"height: 20px;\"><\/div>[\/vc_column][\/vc_row][vc_row][vc_column width=&#8221;1\/1&#8243;][vc_column_text]<strong>DLA KOGO?<\/strong><br \/>\n\u2022 Zawodnicy i amatorzy przygotowuj\u0105cy si\u0119 do start\u00f3w.<br \/>\n\u2022 Osoby buduj\u0105ce si\u0142\u0119, moc i wytrzyma\u0142o\u015b\u0107 w sportach indywidualnych i zespo\u0142owych.<br \/>\n\u2022 Sportowcy wracaj\u0105cy po kontuzji \u2013 \u017cywienie wspieraj\u0105ce proces rehabilitacji.[\/vc_column_text]<div class=\"spacer\" style=\"height: 20px;\"><\/div>[\/vc_column][\/vc_row][vc_row][vc_column width=&#8221;1\/1&#8243;][vc_column_text]<strong>NASZ ZESP\u00d3\u0141:<\/strong><br \/>\n<strong>Jacek Feldman<\/strong> \u2013 dietetyk sportowy. Wspiera zawodnik\u00f3w i amator\u00f3w w budowaniu formy poprzez praktyczne, dopasowane strategie \u017cywieniowe.<br \/>\n(link: <a href=\"https:\/\/prosgym.pl\/trenerzy\/jacek-feldman\/\">https:\/\/prosgym.pl\/trenerzy\/jacek-feldman\/<\/a>)[\/vc_column_text][\/vc_column][\/vc_row][vc_row][vc_column width=&#8221;1\/1&#8243;]<div class=\"divider divider1\" style='margin:60px 0 60px 0 !important;'><\/div>[\/vc_column][\/vc_row][vc_row][vc_column width=&#8221;1\/1&#8243;][vc_column_text]<strong>Kontakt<\/strong><br \/>\n&#x1f4cd; Adres: PROS \u2013 centrum przygotowania motorycznego, ul. Zaruskiego 8 (WTS DeSki), Warszawa<br \/>\n&#x1f4de; Telefon: +48 690 950 559<br \/>\n&#x1f4e9; E-mail: kontakt@prosgym.pl<br \/>\n&#x1f30d; Strona: <a href=\"http:\/\/www.prosgym.pl\">www.prosgym.pl<\/a>[\/vc_column_text][\/vc_column][\/vc_row]<\/p>\n<\/div>","protected":false},"excerpt":{"rendered":"<p>[vc_row text_align=&#8221;center&#8221;][vc_column width=&#8221;1\/6&#8243;][\/vc_column][vc_column width=&#8221;2\/3&#8243;][\/vc_column][vc_column width=&#8221;1\/6&#8243;][\/vc_column][\/vc_row][vc_row][vc_column width=&#8221;1\/1&#8243;][vc_column_text]Dieta to paliwo Twojego treningu. W PROS \u0142\u0105czymy plan \u017cywieniowy z procesem treningowym, aby wspiera\u0107 regeneracj\u0119, wydolno\u015b\u0107 i wyniki \u2014 na ka\u017cdym poziomie sportowym, od ambitnego amatora po zawodowca. Sta\u0142a wsp\u00f3\u0142praca trenera i dietetyka sprawia, \u017ce ka\u017cda jednostka treningowa ma odpowiednie zaplecze \u017cywieniowe.[\/vc_column_text][\/vc_column][\/vc_row][vc_row][vc_column width=&#8221;1\/1&#8243;][vc_column_text]NASZE SPECJALIZACJE: &#x2714; Konsultacja startowa (stacjonarnie lub online). Ustalamy cele, zbieramy wywiad i wskazujemy niezb\u0119dne badania. Przy z\u0142o\u017conych przypadkach rezerwujemy d\u0142u\u017cszy termin. &#x2714; Diagnoza i plan. Analiza sk\u0142adu cia\u0142a, ocena nawyk\u00f3w i przygotowanie indywidualnego planu \u017cywieniowego dopasowanego do dyscypliny, obci\u0105\u017ce\u0144 i kalendarza start\u00f3w. &#x2714; Sta\u0142e wsparcie. Regularne konsultacje, modyfikacje planu, elementy psychodietetyki oraz wskaz\u00f3wki dot. suplementacji i strategii \u017cywieniowych w dniu startu. [\/vc_column_text][\/vc_column][\/vc_row][vc_row][vc_column width=&#8221;1\/1&#8243;][vc_column_text]DLA KOGO? \u2022 Zawodnicy i amatorzy przygotowuj\u0105cy si\u0119 do start\u00f3w. \u2022 Osoby buduj\u0105ce si\u0142\u0119, moc i wytrzyma\u0142o\u015b\u0107 w sportach indywidualnych i zespo\u0142owych. \u2022 Sportowcy wracaj\u0105cy po kontuzji \u2013 \u017cywienie wspieraj\u0105ce proces rehabilitacji.[\/vc_column_text][\/vc_column][\/vc_row][vc_row][vc_column width=&#8221;1\/1&#8243;][vc_column_text]NASZ ZESP\u00d3\u0141: Jacek Feldman \u2013 dietetyk sportowy. Wspiera zawodnik\u00f3w i amator\u00f3w w budowaniu formy poprzez praktyczne, dopasowane strategie \u017cywieniowe. (link: https:\/\/prosgym.pl\/trenerzy\/jacek-feldman\/)[\/vc_column_text][\/vc_column][\/vc_row][vc_row][vc_column width=&#8221;1\/1&#8243;][\/vc_column][\/vc_row][vc_row][vc_column width=&#8221;1\/1&#8243;][vc_column_text]Kontakt &#x1f4cd; Adres: PROS \u2013 centrum przygotowania motorycznego, ul. Zaruskiego 8 (WTS DeSki), Warszawa &#x1f4de; Telefon: +48 690 950 559 &#x1f4e9; E-mail: kontakt@prosgym.pl &#x1f30d; Strona: www.prosgym.pl[\/vc_column_text][\/vc_column][\/vc_row]<\/p>\n","protected":false},"author":15,"featured_media":0,"parent":19162,"menu_order":0,"comment_status":"closed","ping_status":"closed","template":"","meta":{"_acf_changed":false,"_mo_disable_npp":"","_vp_format_video_url":"","_vp_image_focal_point":[],"footnotes":""},"class_list":["post-26161","page","type-page","status-publish","hentry"],"acf":[],"aioseo_notices":[],"_links":{"self":[{"href":"https:\/\/deski.org\/en\/wp-json\/wp\/v2\/pages\/26161","targetHints":{"allow":["GET"]}}],"collection":[{"href":"https:\/\/deski.org\/en\/wp-json\/wp\/v2\/pages"}],"about":[{"href":"https:\/\/deski.org\/en\/wp-json\/wp\/v2\/types\/page"}],"author":[{"embeddable":true,"href":"https:\/\/deski.org\/en\/wp-json\/wp\/v2\/users\/15"}],"replies":[{"embeddable":true,"href":"https:\/\/deski.org\/en\/wp-json\/wp\/v2\/comments?post=26161"}],"version-history":[{"count":9,"href":"https:\/\/deski.org\/en\/wp-json\/wp\/v2\/pages\/26161\/revisions"}],"predecessor-version":[{"id":26190,"href":"https:\/\/deski.org\/en\/wp-json\/wp\/v2\/pages\/26161\/revisions\/26190"}],"up":[{"embeddable":true,"href":"https:\/\/deski.org\/en\/wp-json\/wp\/v2\/pages\/19162"}],"wp:attachment":[{"href":"https:\/\/deski.org\/en\/wp-json\/wp\/v2\/media?parent=26161"}],"curies":[{"name":"wp","href":"https:\/\/api.w.org\/{rel}","templated":true}]}}