{"id":4087,"date":"2018-03-15T20:00:58","date_gmt":"2018-03-15T20:00:58","guid":{"rendered":"https:\/\/deski.org\/?page_id=4087"},"modified":"2018-03-21T10:48:19","modified_gmt":"2018-03-21T10:48:19","slug":"weekend-majowy-na-lodowcu-stubaital","status":"publish","type":"page","link":"https:\/\/deski.org\/en\/weekend-majowy-na-lodowcu-stubaital\/","title":{"rendered":"Weekend majowy na lodowcu Stubaital"},"content":{"rendered":"<div class=\"wpb-content-wrapper\"><p>[vc_row][vc_column width=&#8221;1\/1&#8243;][rev_slider alias=&#8221;letnie obozy_stubai&#8221;]<div class=\"spacer\" style=\"height: 20px;\"><\/div>[vc_column_text]<\/p>\n<h2 style=\"text-align: center;\">Weekend majowy na lodowcu Stubaital ( AUT) dla dzieci z rocznik\u00f3w 2010 (i starszych) oraz doros\u0142ych<\/h2>\n<p><strong>Termin:<\/strong> 28.04 \u2013 05.05.2018<\/p>\n<p><strong>Cena:<\/strong><br \/>\n3\u00a0290 z\u0142\/ cz\u0142onkowie 3\u00a0190 z\u0142<br \/>\ndoro\u015bli 3 900 z\u0142<\/p>\n<p><strong>Cena zawiera:<\/strong><br \/>\n&#8211; 7 nocleg\u00f3w z wy\u017cywieniem,<br \/>\n&#8211; 6 dniowy karnet narciarski,<br \/>\n&#8211; szkolenie i opieka,<br \/>\n&#8211; trening na tyczkach,<br \/>\n&#8211; zaj\u0119cia sportowe poza stokiem,<br \/>\n&#8211; transport,<br \/>\n&#8211; ubezpieczenie<\/p>\n<p><strong>Jak si\u0119 zapisa\u0107?<br \/>\n<\/strong>&#8211; Wype\u0142ni\u0107 formularz zg\u0142oszeniowy<br \/>\n&#8211; Dokona\u0107 wp\u0142aty zaliczki (1 500 z\u0142) w biurze lub na konto klubu w ci\u0105gu 7 dni od momentu zapisu ( w tytule poda\u0107 imi\u0119 i nazwisko, oraz kt\u00f3ry wyjazd)<u><\/u><u><\/u><\/p>\n<p>II rat\u0119 nale\u017cy wp\u0142aci\u0107 na 21 dni przed rozpocz\u0119ciem wyjazdu[\/vc_column_text][\/vc_column][\/vc_row][vc_row][vc_column width=&#8221;1\/1&#8243;]<div class=\"spacer\" style=\"height: 30px;\"><\/div><div class=\"single_image wpb_content_element align-left    \" data-animation=\"none\" data-delay=\"0\"><img loading=\"lazy\" decoding=\"async\" width=\"1024\" height=\"97\" src=\"https:\/\/deski.org\/wp-content\/uploads\/2016\/12\/pasek-npm-form.jpg\" class=\"attachment-full\" alt=\"\" title=\"pasek npm form\" srcset=\"https:\/\/deski.org\/wp-content\/uploads\/2016\/12\/pasek-npm-form.jpg 1024w, https:\/\/deski.org\/wp-content\/uploads\/2016\/12\/pasek-npm-form-300x28.jpg 300w, https:\/\/deski.org\/wp-content\/uploads\/2016\/12\/pasek-npm-form-24x2.jpg 24w, https:\/\/deski.org\/wp-content\/uploads\/2016\/12\/pasek-npm-form-36x3.jpg 36w, https:\/\/deski.org\/wp-content\/uploads\/2016\/12\/pasek-npm-form-48x5.jpg 48w\" sizes=\"auto, (max-width: 1024px) 100vw, 1024px\" \/><\/div>[vc_column_text]\n<div class=\"wpcf7 no-js\" id=\"wpcf7-f4129-o1\" lang=\"pl-PL\" dir=\"ltr\" data-wpcf7-id=\"4129\">\n<div class=\"screen-reader-response\"><p role=\"status\" aria-live=\"polite\" aria-atomic=\"true\"><\/p> <ul><\/ul><\/div>\n<form action=\"\/en\/wp-json\/wp\/v2\/pages\/4087#wpcf7-f4129-o1\" method=\"post\" class=\"wpcf7-form init\" aria-label=\"Formularz kontaktowy\" novalidate=\"novalidate\" data-status=\"init\">\n<fieldset class=\"hidden-fields-container\"><input type=\"hidden\" name=\"_wpcf7\" value=\"4129\" \/><input type=\"hidden\" name=\"_wpcf7_version\" value=\"6.1.5\" \/><input type=\"hidden\" name=\"_wpcf7_locale\" value=\"pl_PL\" \/><input type=\"hidden\" name=\"_wpcf7_unit_tag\" value=\"wpcf7-f4129-o1\" \/><input type=\"hidden\" name=\"_wpcf7_container_post\" value=\"0\" \/><input type=\"hidden\" name=\"_wpcf7_posted_data_hash\" value=\"\" \/><input type=\"hidden\" name=\"_wpcf7_recaptcha_response\" value=\"\" \/>\n<\/fieldset>\n<p>Imi\u0119\/ona i nazwisko\/a uczestnika\/\u00f3w\n<\/p>\n<p><span class=\"wpcf7-form-control-wrap\" data-name=\"your-name\"><input size=\"40\" maxlength=\"400\" class=\"wpcf7-form-control wpcf7-text wpcf7-validates-as-required\" aria-required=\"true\" aria-invalid=\"false\" value=\"\" type=\"text\" name=\"your-name\" \/><\/span>\n<\/p>\n<p>Dat\u0119\/y urodzenia\n<\/p>\n<p><span class=\"wpcf7-form-control-wrap\" data-name=\"your-subject\"><input size=\"40\" maxlength=\"400\" class=\"wpcf7-form-control wpcf7-text wpcf7-validates-as-required\" aria-required=\"true\" aria-invalid=\"false\" value=\"\" type=\"text\" name=\"your-subject\" \/><\/span>\n<\/p>\n<p>Pesel\/e\n<\/p>\n<p><span class=\"wpcf7-form-control-wrap\" data-name=\"your-subject1\"><input size=\"40\" maxlength=\"400\" class=\"wpcf7-form-control wpcf7-text wpcf7-validates-as-required\" aria-required=\"true\" aria-invalid=\"false\" value=\"\" type=\"text\" name=\"your-subject1\" \/><\/span>\n<\/p>\n<p>Adres\/y zameldowania\n<\/p>\n<p><span class=\"wpcf7-form-control-wrap\" data-name=\"your-subject2\"><input size=\"40\" maxlength=\"400\" class=\"wpcf7-form-control wpcf7-text wpcf7-validates-as-required\" aria-required=\"true\" aria-invalid=\"false\" value=\"\" type=\"text\" name=\"your-subject2\" \/><\/span>\n<\/p>\n<p>Adres\/y do korespondencji\n<\/p>\n<p><span class=\"wpcf7-form-control-wrap\" data-name=\"your-subject3\"><input size=\"40\" maxlength=\"400\" class=\"wpcf7-form-control wpcf7-text wpcf7-validates-as-required\" aria-required=\"true\" aria-invalid=\"false\" value=\"\" type=\"text\" name=\"your-subject3\" \/><\/span>\n<\/p>\n<p>Numer telefonu (do rodzic\u00f3w, gdy zg\u0142oszenie obejmuje wyjazd m\u0142odzie\u017cowy)<span class=\"wpcf7-form-control-wrap\" data-name=\"tel-927\"><input size=\"40\" maxlength=\"400\" class=\"wpcf7-form-control wpcf7-tel wpcf7-validates-as-required wpcf7-text wpcf7-validates-as-tel\" aria-required=\"true\" aria-invalid=\"false\" value=\"\" type=\"tel\" name=\"tel-927\" \/><\/span>\n<\/p>\n<p>Adres email (do rodzic\u00f3w, gdy zg\u0142oszenie obejmuje wyjazd m\u0142odzie\u017cowy)\n<\/p>\n<p><span class=\"wpcf7-form-control-wrap\" data-name=\"your-email\"><input size=\"40\" maxlength=\"400\" class=\"wpcf7-form-control wpcf7-email wpcf7-validates-as-required wpcf7-text wpcf7-validates-as-email\" aria-required=\"true\" aria-invalid=\"false\" value=\"\" type=\"email\" name=\"your-email\" \/><\/span>\n<\/p>\n<p><input class=\"wpcf7-form-control wpcf7-submit has-spinner\" type=\"submit\" value=\"Wy\u015blij\" \/>\n<\/p><div class=\"wpcf7-response-output\" aria-hidden=\"true\"><\/div>\n<\/form>\n<\/div>\n[\/vc_column_text][\/vc_column][\/vc_row][vc_row][vc_column width=&#8221;1\/3&#8243;]<a href=\"http:\/\/\" target=\"_blank\" class=\"button color-3 full \" style=\"border-radius: 2px;\"><i class='fa sl-emoticon-smile'><\/i>REGULAMIN OBOZ\u00d3W &#8211; pdf<\/a>[\/vc_column][vc_column width=&#8221;1\/3&#8243;]<a href=\"http:\/\/\" target=\"_blank\" class=\"button color-3 full \" style=\"border-radius: 2px;\"><i class='fa sl-pencil'><\/i>KARTA OBOZOWA &#8211; pdf<\/a>[\/vc_column][vc_column width=&#8221;1\/3&#8243;]<a href=\"http:\/\/\" target=\"_blank\" class=\"button color-3 full \" style=\"border-radius: 2px;\"><i class='fa sl-list'><\/i>CO ZABRA\u0106 ZE SOB\u0104 &#8211; pdf<\/a>[\/vc_column][\/vc_row][vc_row][vc_column width=&#8221;1\/1&#8243;]<div class=\"spacer\" style=\"height: 40px;\"><\/div>[\/vc_column][\/vc_row][vc_row type=&#8221;full_width_section&#8221;][vc_column width=&#8221;1\/1&#8243;]<div class=\"single_image wpb_content_element align-left    \" data-animation=\"none\" data-delay=\"0\"><img loading=\"lazy\" decoding=\"async\" width=\"1024\" height=\"86\" src=\"https:\/\/deski.org\/wp-content\/uploads\/2016\/02\/pasek-oboz-zaliczka3.jpg\" class=\"attachment-full\" alt=\"\" title=\"pasek oboz zaliczka3\" srcset=\"https:\/\/deski.org\/wp-content\/uploads\/2016\/02\/pasek-oboz-zaliczka3.jpg 1024w, https:\/\/deski.org\/wp-content\/uploads\/2016\/02\/pasek-oboz-zaliczka3-300x25.jpg 300w, https:\/\/deski.org\/wp-content\/uploads\/2016\/02\/pasek-oboz-zaliczka3-768x64.jpg 768w\" sizes=\"auto, (max-width: 1024px) 100vw, 1024px\" \/><\/div>[\/vc_column][\/vc_row]<\/p>\n<\/div>","protected":false},"excerpt":{"rendered":"<p>[vc_row][vc_column width=&#8221;1\/1&#8243;][rev_slider alias=&#8221;letnie obozy_stubai&#8221;][vc_column_text] Weekend majowy na lodowcu Stubaital ( AUT) dla dzieci z rocznik\u00f3w 2010 (i starszych) oraz doros\u0142ych Termin: 28.04 \u2013 05.05.2018 Cena: 3\u00a0290 z\u0142\/ cz\u0142onkowie 3\u00a0190 z\u0142 doro\u015bli 3 900 z\u0142 Cena zawiera: &#8211; 7 nocleg\u00f3w z wy\u017cywieniem, &#8211; 6 dniowy karnet narciarski, &#8211; szkolenie i opieka, &#8211; trening na tyczkach, &#8211; zaj\u0119cia sportowe poza stokiem, &#8211; transport, &#8211; ubezpieczenie Jak si\u0119 zapisa\u0107? &#8211; Wype\u0142ni\u0107 formularz zg\u0142oszeniowy &#8211; Dokona\u0107 wp\u0142aty zaliczki (1 500 z\u0142) w biurze lub na konto klubu w ci\u0105gu 7 dni od momentu zapisu ( w tytule poda\u0107 imi\u0119 i nazwisko, oraz kt\u00f3ry wyjazd) II rat\u0119 nale\u017cy wp\u0142aci\u0107 na 21 dni przed rozpocz\u0119ciem wyjazdu[\/vc_column_text][\/vc_column][\/vc_row][vc_row][vc_column width=&#8221;1\/1&#8243;][vc_column_text][\/vc_column_text][\/vc_column][\/vc_row][vc_row][vc_column width=&#8221;1\/3&#8243;][\/vc_column][vc_column width=&#8221;1\/3&#8243;][\/vc_column][vc_column width=&#8221;1\/3&#8243;][\/vc_column][\/vc_row][vc_row][vc_column width=&#8221;1\/1&#8243;][\/vc_column][\/vc_row][vc_row type=&#8221;full_width_section&#8221;][vc_column width=&#8221;1\/1&#8243;][\/vc_column][\/vc_row]<\/p>\n","protected":false},"author":6,"featured_media":0,"parent":0,"menu_order":0,"comment_status":"closed","ping_status":"closed","template":"","meta":{"_acf_changed":false,"_mo_disable_npp":"","_vp_format_video_url":"","_vp_image_focal_point":[],"footnotes":""},"class_list":["post-4087","page","type-page","status-publish","hentry"],"acf":[],"aioseo_notices":[],"_links":{"self":[{"href":"https:\/\/deski.org\/en\/wp-json\/wp\/v2\/pages\/4087","targetHints":{"allow":["GET"]}}],"collection":[{"href":"https:\/\/deski.org\/en\/wp-json\/wp\/v2\/pages"}],"about":[{"href":"https:\/\/deski.org\/en\/wp-json\/wp\/v2\/types\/page"}],"author":[{"embeddable":true,"href":"https:\/\/deski.org\/en\/wp-json\/wp\/v2\/users\/6"}],"replies":[{"embeddable":true,"href":"https:\/\/deski.org\/en\/wp-json\/wp\/v2\/comments?post=4087"}],"version-history":[{"count":7,"href":"https:\/\/deski.org\/en\/wp-json\/wp\/v2\/pages\/4087\/revisions"}],"predecessor-version":[{"id":4224,"href":"https:\/\/deski.org\/en\/wp-json\/wp\/v2\/pages\/4087\/revisions\/4224"}],"wp:attachment":[{"href":"https:\/\/deski.org\/en\/wp-json\/wp\/v2\/media?parent=4087"}],"curies":[{"name":"wp","href":"https:\/\/api.w.org\/{rel}","templated":true}]}}