{"id":4170,"date":"2018-03-17T16:06:10","date_gmt":"2018-03-17T16:06:10","guid":{"rendered":"https:\/\/deski.org\/?page_id=4170"},"modified":"2018-03-17T16:06:10","modified_gmt":"2018-03-17T16:06:10","slug":"jan-sochon","status":"publish","type":"page","link":"https:\/\/deski.org\/en\/jan-sochon\/","title":{"rendered":"Jan Socho\u0144"},"content":{"rendered":"<div class=\"wpb-content-wrapper\"><p>[vc_row][vc_column width=&#8221;1\/2&#8243;]<div class=\"single_image wpb_content_element align-left    \" data-animation=\"none\" data-delay=\"0\"><img loading=\"lazy\" decoding=\"async\" width=\"600\" height=\"353\" src=\"https:\/\/deski.org\/wp-content\/uploads\/2018\/03\/tenis_janek.png\" class=\"attachment-full\" alt=\"\" title=\"tenis_janek\" srcset=\"https:\/\/deski.org\/wp-content\/uploads\/2018\/03\/tenis_janek.png 600w, https:\/\/deski.org\/wp-content\/uploads\/2018\/03\/tenis_janek-300x177.png 300w, https:\/\/deski.org\/wp-content\/uploads\/2018\/03\/tenis_janek-24x14.png 24w, https:\/\/deski.org\/wp-content\/uploads\/2018\/03\/tenis_janek-36x21.png 36w, https:\/\/deski.org\/wp-content\/uploads\/2018\/03\/tenis_janek-48x28.png 48w\" sizes=\"auto, (max-width: 600px) 100vw, 600px\" \/><\/div><div class=\"spacer\" style=\"height: 40px;\"><\/div>[\/vc_column][vc_column width=&#8221;1\/2&#8243;][vc_column_text]Urodzony w 1998 roku w Warszawie.<br \/>\nPrzygod\u0119 z tenisem rozpocz\u0105\u0142em w wieku 6 lat.<br \/>\nOd pocz\u0105tku jestem zwi\u0105zany z klubem tenisowym KT Legia Warszawa.<br \/>\nWielokrotny mistrz i v-ce Warszawy. Odnios\u0142em tak\u017ce wiele tytu\u0142\u00f3w w grze pojedynczej jak i podw\u00f3jnej w \u00a0turniejach og\u00f3lnopolskich i wojew\u00f3dzkich.<br \/>\nPo dzie\u0144 dzisiejszy bior\u0119 czynny udzia\u0142 w turniejach a w wolnej chwili jestem trenerem klubu WTS ,DeSki , z kt\u00f3rym mam przyjemno\u015b\u0107 wsp\u00f3\u0142pracowa\u0107 od listopada 2017 roku.<br \/>\nObecnie jestem studentem pierwszego roku Europeistyki i Politologi na Uniwersytecie Warszawskim.<br \/>\nPoza tenisem rozwijam si\u0119 ch\u0119tnie w innych dyscyplinach tj. Pi\u0142ka siatkowa , narciarstwo alpejskie czy tez pi\u0142ka no\u017cna.[\/vc_column_text][\/vc_column][\/vc_row]<\/p>\n<\/div>","protected":false},"excerpt":{"rendered":"<p>[vc_row][vc_column width=&#8221;1\/2&#8243;][\/vc_column][vc_column width=&#8221;1\/2&#8243;][vc_column_text]Urodzony w 1998 roku w Warszawie. Przygod\u0119 z tenisem rozpocz\u0105\u0142em w wieku 6 lat. Od pocz\u0105tku jestem zwi\u0105zany z klubem tenisowym KT Legia Warszawa. Wielokrotny mistrz i v-ce Warszawy. Odnios\u0142em tak\u017ce wiele tytu\u0142\u00f3w w grze pojedynczej jak i podw\u00f3jnej w \u00a0turniejach og\u00f3lnopolskich i wojew\u00f3dzkich. Po dzie\u0144 dzisiejszy bior\u0119 czynny udzia\u0142 w turniejach a w wolnej chwili jestem trenerem klubu WTS ,DeSki , z kt\u00f3rym mam przyjemno\u015b\u0107 wsp\u00f3\u0142pracowa\u0107 od listopada 2017 roku. Obecnie jestem studentem pierwszego roku Europeistyki i Politologi na Uniwersytecie Warszawskim. Poza tenisem rozwijam si\u0119 ch\u0119tnie w innych dyscyplinach tj. Pi\u0142ka siatkowa , narciarstwo alpejskie czy tez pi\u0142ka no\u017cna.[\/vc_column_text][\/vc_column][\/vc_row]<\/p>\n","protected":false},"author":6,"featured_media":0,"parent":0,"menu_order":0,"comment_status":"closed","ping_status":"closed","template":"","meta":{"_acf_changed":false,"_mo_disable_npp":"","_vp_format_video_url":"","_vp_image_focal_point":[],"footnotes":""},"class_list":["post-4170","page","type-page","status-publish","hentry"],"acf":[],"aioseo_notices":[],"_links":{"self":[{"href":"https:\/\/deski.org\/en\/wp-json\/wp\/v2\/pages\/4170","targetHints":{"allow":["GET"]}}],"collection":[{"href":"https:\/\/deski.org\/en\/wp-json\/wp\/v2\/pages"}],"about":[{"href":"https:\/\/deski.org\/en\/wp-json\/wp\/v2\/types\/page"}],"author":[{"embeddable":true,"href":"https:\/\/deski.org\/en\/wp-json\/wp\/v2\/users\/6"}],"replies":[{"embeddable":true,"href":"https:\/\/deski.org\/en\/wp-json\/wp\/v2\/comments?post=4170"}],"version-history":[{"count":1,"href":"https:\/\/deski.org\/en\/wp-json\/wp\/v2\/pages\/4170\/revisions"}],"predecessor-version":[{"id":4172,"href":"https:\/\/deski.org\/en\/wp-json\/wp\/v2\/pages\/4170\/revisions\/4172"}],"wp:attachment":[{"href":"https:\/\/deski.org\/en\/wp-json\/wp\/v2\/media?parent=4170"}],"curies":[{"name":"wp","href":"https:\/\/api.w.org\/{rel}","templated":true}]}}