{"id":4423,"date":"2018-05-15T12:10:19","date_gmt":"2018-05-15T12:10:19","guid":{"rendered":"https:\/\/deski.org\/?page_id=4423"},"modified":"2018-12-12T15:19:27","modified_gmt":"2018-12-12T15:19:27","slug":"kasia","status":"publish","type":"page","link":"https:\/\/deski.org\/en\/kasia\/","title":{"rendered":"Kasia Lutoborska"},"content":{"rendered":"<div class=\"wpb-content-wrapper\"><p>[vc_row][vc_column width=&#8221;1\/2&#8243;][vc_column_text][rev_slider alias=&#8221;Kasia Lutoborska&#8221;][\/vc_column_text][\/vc_column][vc_column width=&#8221;1\/2&#8243;]<div class=\"spacer\" style=\"height: 20px;\"><\/div>[vc_column_text]Moja przygoda z DeSkami zacz\u0119\u0142a si\u0119 na sobotnich treningach w wieku 4\/5 lat.<\/p>\n<p>Teraz to ja ucz\u0119 dzieciaki p\u0142ywania na windsurfingu i jazdy na nartach.<br \/>\nNa codzie\u0144 studiuj\u0119 na warszawskiej SGH, jednak ka\u017cd\u0105 woln\u0105 chwil\u0119 staram si\u0119 zape\u0142nia\u0107 sportem i podr\u00f3\u017cami.<br \/>\nZim\u0105 narty, latem windsurfing a w mi\u0119dzyczasie wspinaczka, je\u017adziectwo, czy okazjonalne bieganie. Zdarzy\u0142o mi si\u0119 te\u017c wyskoczy\u0107 z samolotu :).<br \/>\nW te wakacje rozpocz\u0119\u0142a si\u0119 moja przygoda z @bluevanilla_. Kiedy\u015b wo\u017c\u0105cy ciastka bus T4, dzisiaj na pace ma \u0142\u00f3\u017cko i lod\u00f3wk\u0119, a na dachu baga\u017cnik na sprz\u0119t windsurfingowy. Pierwsza wyprawa zaprowadzi\u0142a nas na po\u0142udnie Francji i p\u00f3\u0142noc Hiszpanii. Ten wspania\u0142y domek na k\u00f3\u0142kach jest ze mn\u0105 od 6000km, a w planach mamy wiele wi\u0119cej.<br \/>\nCo jeszcze trzeba o mnie wiedzie\u0107? Kocham jedzonko! Szczeg\u00f3lnie<br \/>\nmakaron, kt\u00f3ry potrafi\u0119 zrobi\u0107 (i zje\u015b\u0107) na milion r\u00f3\u017cnych sposob\u00f3w ;)[\/vc_column_text][\/vc_column][\/vc_row]<\/p>\n<\/div>","protected":false},"excerpt":{"rendered":"<p>[vc_row][vc_column width=&#8221;1\/2&#8243;][vc_column_text][rev_slider alias=&#8221;Kasia Lutoborska&#8221;][\/vc_column_text][\/vc_column][vc_column width=&#8221;1\/2&#8243;][vc_column_text]Moja przygoda z DeSkami zacz\u0119\u0142a si\u0119 na sobotnich treningach w wieku 4\/5 lat. Teraz to ja ucz\u0119 dzieciaki p\u0142ywania na windsurfingu i jazdy na nartach. Na codzie\u0144 studiuj\u0119 na warszawskiej SGH, jednak ka\u017cd\u0105 woln\u0105 chwil\u0119 staram si\u0119 zape\u0142nia\u0107 sportem i podr\u00f3\u017cami. Zim\u0105 narty, latem windsurfing a w mi\u0119dzyczasie wspinaczka, je\u017adziectwo, czy okazjonalne bieganie. Zdarzy\u0142o mi si\u0119 te\u017c wyskoczy\u0107 z samolotu :). W te wakacje rozpocz\u0119\u0142a si\u0119 moja przygoda z @bluevanilla_. Kiedy\u015b wo\u017c\u0105cy ciastka bus T4, dzisiaj na pace ma \u0142\u00f3\u017cko i lod\u00f3wk\u0119, a na dachu baga\u017cnik na sprz\u0119t windsurfingowy. Pierwsza wyprawa zaprowadzi\u0142a nas na po\u0142udnie Francji i p\u00f3\u0142noc Hiszpanii. Ten wspania\u0142y domek na k\u00f3\u0142kach jest ze mn\u0105 od 6000km, a w planach mamy wiele wi\u0119cej. Co jeszcze trzeba o mnie wiedzie\u0107? Kocham jedzonko! Szczeg\u00f3lnie makaron, kt\u00f3ry potrafi\u0119 zrobi\u0107 (i zje\u015b\u0107) na milion r\u00f3\u017cnych sposob\u00f3w ;)[\/vc_column_text][\/vc_column][\/vc_row]<\/p>\n","protected":false},"author":6,"featured_media":0,"parent":0,"menu_order":0,"comment_status":"closed","ping_status":"closed","template":"","meta":{"_acf_changed":false,"_mo_disable_npp":"","_vp_format_video_url":"","_vp_image_focal_point":[],"footnotes":""},"class_list":["post-4423","page","type-page","status-publish","hentry"],"acf":[],"aioseo_notices":[],"_links":{"self":[{"href":"https:\/\/deski.org\/en\/wp-json\/wp\/v2\/pages\/4423","targetHints":{"allow":["GET"]}}],"collection":[{"href":"https:\/\/deski.org\/en\/wp-json\/wp\/v2\/pages"}],"about":[{"href":"https:\/\/deski.org\/en\/wp-json\/wp\/v2\/types\/page"}],"author":[{"embeddable":true,"href":"https:\/\/deski.org\/en\/wp-json\/wp\/v2\/users\/6"}],"replies":[{"embeddable":true,"href":"https:\/\/deski.org\/en\/wp-json\/wp\/v2\/comments?post=4423"}],"version-history":[{"count":10,"href":"https:\/\/deski.org\/en\/wp-json\/wp\/v2\/pages\/4423\/revisions"}],"predecessor-version":[{"id":5567,"href":"https:\/\/deski.org\/en\/wp-json\/wp\/v2\/pages\/4423\/revisions\/5567"}],"wp:attachment":[{"href":"https:\/\/deski.org\/en\/wp-json\/wp\/v2\/media?parent=4423"}],"curies":[{"name":"wp","href":"https:\/\/api.w.org\/{rel}","templated":true}]}}