{"id":4425,"date":"2018-05-15T12:11:18","date_gmt":"2018-05-15T12:11:18","guid":{"rendered":"https:\/\/deski.org\/?page_id=4425"},"modified":"2018-05-15T12:46:22","modified_gmt":"2018-05-15T12:46:22","slug":"kamila","status":"publish","type":"page","link":"https:\/\/deski.org\/en\/kamila\/","title":{"rendered":"Kamila"},"content":{"rendered":"<div class=\"wpb-content-wrapper\"><p>[vc_row][vc_column width=&#8221;1\/2&#8243;]<div class=\"single_image wpb_content_element align-left    \" data-animation=\"none\" data-delay=\"0\"><img loading=\"lazy\" decoding=\"async\" width=\"600\" height=\"353\" src=\"https:\/\/deski.org\/wp-content\/uploads\/2018\/05\/Kamila2.png\" class=\"attachment-full\" alt=\"\" title=\"Kamila2\" srcset=\"https:\/\/deski.org\/wp-content\/uploads\/2018\/05\/Kamila2.png 600w, https:\/\/deski.org\/wp-content\/uploads\/2018\/05\/Kamila2-300x177.png 300w, https:\/\/deski.org\/wp-content\/uploads\/2018\/05\/Kamila2-24x14.png 24w, https:\/\/deski.org\/wp-content\/uploads\/2018\/05\/Kamila2-36x21.png 36w, https:\/\/deski.org\/wp-content\/uploads\/2018\/05\/Kamila2-48x28.png 48w\" sizes=\"auto, (max-width: 600px) 100vw, 600px\" \/><\/div><div class=\"spacer\" style=\"height: 40px;\"><\/div>[\/vc_column][vc_column width=&#8221;1\/2&#8243;][vc_column_text]<span style=\"font-weight: 400;\">Cze\u015b\u0107, jestem Kamila. W bazie wind&amp;kite WTS Deski ucz\u0119 kitesurfingu. Pasj\u0105 do tego sportu zarazi\u0142 mnie m\u00f3j tata, kt\u00f3ry r\u00f3wnie\u017c uczy \u015bmigania po wodzie z latawcem. Dzi\u0119ki niemu w wieku 15 lat zaliczy\u0142am sw\u00f3j pierwszy sezon na kite. P\u00f3\u017aniej latawiec bra\u0142am ju\u017c wsz\u0119dzie i zdobywa\u0142am do\u015bwiadczenie \u00a0na spotach mi\u0119dzy innymi na Dominikanie, w Wietnamie oraz w Australii.<br \/>\n<\/span><span style=\"font-weight: 400;\">Od tego czasu pokocha\u0142am sporty wodne i opr\u00f3cz kitesurfingu nauczy\u0142am si\u0119 tak\u017ce p\u0142ywa\u0107 na windsurfingu oraz staram si\u0119 pozna\u0107 tajniki surfingu. W sezonie zimowym r\u00f3wnie\u017c wybieram desk\u0119, ale snowboardow\u0105. <\/span><\/p>\n<p><span style=\"font-weight: 400;\">Na co dzie\u0144 z zawodu i z pasji pracuj\u0119 z dzie\u0107mi jako fizjoterapeutka. Jestem na finiszu swoich studi\u00f3w z fizjoterapii na Warszawskim Uniwersytecie Medycznym.<\/span><\/p>\n<p><span style=\"font-weight: 400;\">Moja wielk\u0105 pasj\u0105 od najm\u0142odszych lat s\u0105 podr\u00f3\u017ce i chcia\u0142abym m\u00f3c kiedy\u015b powiedzie\u0107, \u017ce kajtowa\u0142am w ka\u017cdym zak\u0105tku \u015bwiata.<\/span>[\/vc_column_text][\/vc_column][\/vc_row]<\/p>\n<\/div>","protected":false},"excerpt":{"rendered":"<p>[vc_row][vc_column width=&#8221;1\/2&#8243;][\/vc_column][vc_column width=&#8221;1\/2&#8243;][vc_column_text]Cze\u015b\u0107, jestem Kamila. W bazie wind&amp;kite WTS Deski ucz\u0119 kitesurfingu. Pasj\u0105 do tego sportu zarazi\u0142 mnie m\u00f3j tata, kt\u00f3ry r\u00f3wnie\u017c uczy \u015bmigania po wodzie z latawcem. Dzi\u0119ki niemu w wieku 15 lat zaliczy\u0142am sw\u00f3j pierwszy sezon na kite. P\u00f3\u017aniej latawiec bra\u0142am ju\u017c wsz\u0119dzie i zdobywa\u0142am do\u015bwiadczenie \u00a0na spotach mi\u0119dzy innymi na Dominikanie, w Wietnamie oraz w Australii. Od tego czasu pokocha\u0142am sporty wodne i opr\u00f3cz kitesurfingu nauczy\u0142am si\u0119 tak\u017ce p\u0142ywa\u0107 na windsurfingu oraz staram si\u0119 pozna\u0107 tajniki surfingu. W sezonie zimowym r\u00f3wnie\u017c wybieram desk\u0119, ale snowboardow\u0105. Na co dzie\u0144 z zawodu i z pasji pracuj\u0119 z dzie\u0107mi jako fizjoterapeutka. Jestem na finiszu swoich studi\u00f3w z fizjoterapii na Warszawskim Uniwersytecie Medycznym. Moja wielk\u0105 pasj\u0105 od najm\u0142odszych lat s\u0105 podr\u00f3\u017ce i chcia\u0142abym m\u00f3c kiedy\u015b powiedzie\u0107, \u017ce kajtowa\u0142am w ka\u017cdym zak\u0105tku \u015bwiata.[\/vc_column_text][\/vc_column][\/vc_row]<\/p>\n","protected":false},"author":6,"featured_media":0,"parent":0,"menu_order":0,"comment_status":"closed","ping_status":"closed","template":"","meta":{"_acf_changed":false,"_mo_disable_npp":"","_vp_format_video_url":"","_vp_image_focal_point":[],"footnotes":""},"class_list":["post-4425","page","type-page","status-publish","hentry"],"acf":[],"aioseo_notices":[],"_links":{"self":[{"href":"https:\/\/deski.org\/en\/wp-json\/wp\/v2\/pages\/4425","targetHints":{"allow":["GET"]}}],"collection":[{"href":"https:\/\/deski.org\/en\/wp-json\/wp\/v2\/pages"}],"about":[{"href":"https:\/\/deski.org\/en\/wp-json\/wp\/v2\/types\/page"}],"author":[{"embeddable":true,"href":"https:\/\/deski.org\/en\/wp-json\/wp\/v2\/users\/6"}],"replies":[{"embeddable":true,"href":"https:\/\/deski.org\/en\/wp-json\/wp\/v2\/comments?post=4425"}],"version-history":[{"count":2,"href":"https:\/\/deski.org\/en\/wp-json\/wp\/v2\/pages\/4425\/revisions"}],"predecessor-version":[{"id":4441,"href":"https:\/\/deski.org\/en\/wp-json\/wp\/v2\/pages\/4425\/revisions\/4441"}],"wp:attachment":[{"href":"https:\/\/deski.org\/en\/wp-json\/wp\/v2\/media?parent=4425"}],"curies":[{"name":"wp","href":"https:\/\/api.w.org\/{rel}","templated":true}]}}