{"id":4470,"date":"2018-05-21T11:05:53","date_gmt":"2018-05-21T11:05:53","guid":{"rendered":"https:\/\/deski.org\/?page_id=4470"},"modified":"2018-05-22T14:09:49","modified_gmt":"2018-05-22T14:09:49","slug":"ala","status":"publish","type":"page","link":"https:\/\/deski.org\/en\/ala\/","title":{"rendered":"Ala"},"content":{"rendered":"<div class=\"wpb-content-wrapper\"><p>[vc_row][vc_column width=&#8221;1\/2&#8243;]<div class=\"single_image wpb_content_element align-left    \" data-animation=\"none\" data-delay=\"0\"><img loading=\"lazy\" decoding=\"async\" width=\"600\" height=\"353\" src=\"https:\/\/deski.org\/wp-content\/uploads\/2018\/05\/Ala2.png\" class=\"attachment-full\" alt=\"\" title=\"Ala2\" srcset=\"https:\/\/deski.org\/wp-content\/uploads\/2018\/05\/Ala2.png 600w, https:\/\/deski.org\/wp-content\/uploads\/2018\/05\/Ala2-300x177.png 300w, https:\/\/deski.org\/wp-content\/uploads\/2018\/05\/Ala2-24x14.png 24w, https:\/\/deski.org\/wp-content\/uploads\/2018\/05\/Ala2-36x21.png 36w, https:\/\/deski.org\/wp-content\/uploads\/2018\/05\/Ala2-48x28.png 48w\" sizes=\"auto, (max-width: 600px) 100vw, 600px\" \/><\/div><div class=\"spacer\" style=\"height: 40px;\"><\/div>[\/vc_column][vc_column width=&#8221;1\/2&#8243;][vc_column_text]Cze\u015b\u0107, jestem Ala. Z Deskami jestem zwi\u0105zana od baaardzo dawna. W wieku 5 lat zacz\u0119\u0142am nauk\u0119 tenisa, ale jako, \u017ce lubi\u0119 odkrywa\u0107 nowe aktywno\u015bci, niemal od razu wskoczy\u0142am na narty i desk\u0119 windsurfingow\u0105 . Moja przygoda z dech\u0105 i Baz\u0105 WTS Deski trwa ju\u017c 10 lat! Bardzo mi\u0142o wspominam\u00a0ka\u017cdy ob\u00f3z sp\u0119dzony w #najlepszabazanapolwyspie. Atmosfera panuj\u0105ca w bazie jest tak fajna, \u017ce\u00a0przynajmniej po\u0142ow\u0119 ka\u017cdych wakacji sp\u0119dza\u0142am w\u0142a\u015bnie tam. Do szcz\u0119\u015bcia brakuje mi tylko pianina\u00a0jako, \u017ce wspaniali ludzie i pozytywna energia s\u0105 na miejscu. W Bazie WTS DeSki pracuj\u0119 w\u00a0bosmanacie, przyjmuj\u0105c zapisy na lekcje i wypo\u017cyczenia sprz\u0119tu. Gdy tylko zawieje ka\u017cd\u0105 woln\u0105\u00a0chwil\u0119 sp\u0119dzam w \u015blizgu!<br \/>\nOpr\u00f3cz sport\u00f3w wodnych z klubem wi\u0105\u017c\u0105 mnie sporty zimowe. Jestem by\u0142\u0105 zawodniczk\u0105 Desek w\u00a0narciarstwie, a od roku 2017 ucz\u0119 dzieciaki na obozach i prowadz\u0119 sobotnie treningi.[\/vc_column_text][\/vc_column][\/vc_row]<\/p>\n<\/div>","protected":false},"excerpt":{"rendered":"<p>[vc_row][vc_column width=&#8221;1\/2&#8243;][\/vc_column][vc_column width=&#8221;1\/2&#8243;][vc_column_text]Cze\u015b\u0107, jestem Ala. Z Deskami jestem zwi\u0105zana od baaardzo dawna. W wieku 5 lat zacz\u0119\u0142am nauk\u0119 tenisa, ale jako, \u017ce lubi\u0119 odkrywa\u0107 nowe aktywno\u015bci, niemal od razu wskoczy\u0142am na narty i desk\u0119 windsurfingow\u0105 . Moja przygoda z dech\u0105 i Baz\u0105 WTS Deski trwa ju\u017c 10 lat! Bardzo mi\u0142o wspominam\u00a0ka\u017cdy ob\u00f3z sp\u0119dzony w #najlepszabazanapolwyspie. Atmosfera panuj\u0105ca w bazie jest tak fajna, \u017ce\u00a0przynajmniej po\u0142ow\u0119 ka\u017cdych wakacji sp\u0119dza\u0142am w\u0142a\u015bnie tam. Do szcz\u0119\u015bcia brakuje mi tylko pianina\u00a0jako, \u017ce wspaniali ludzie i pozytywna energia s\u0105 na miejscu. W Bazie WTS DeSki pracuj\u0119 w\u00a0bosmanacie, przyjmuj\u0105c zapisy na lekcje i wypo\u017cyczenia sprz\u0119tu. Gdy tylko zawieje ka\u017cd\u0105 woln\u0105\u00a0chwil\u0119 sp\u0119dzam w \u015blizgu! Opr\u00f3cz sport\u00f3w wodnych z klubem wi\u0105\u017c\u0105 mnie sporty zimowe. Jestem by\u0142\u0105 zawodniczk\u0105 Desek w\u00a0narciarstwie, a od roku 2017 ucz\u0119 dzieciaki na obozach i prowadz\u0119 sobotnie treningi.[\/vc_column_text][\/vc_column][\/vc_row]<\/p>\n","protected":false},"author":6,"featured_media":0,"parent":0,"menu_order":0,"comment_status":"closed","ping_status":"closed","template":"","meta":{"_acf_changed":false,"_mo_disable_npp":"","_vp_format_video_url":"","_vp_image_focal_point":[],"footnotes":""},"class_list":["post-4470","page","type-page","status-publish","hentry"],"acf":[],"aioseo_notices":[],"_links":{"self":[{"href":"https:\/\/deski.org\/en\/wp-json\/wp\/v2\/pages\/4470","targetHints":{"allow":["GET"]}}],"collection":[{"href":"https:\/\/deski.org\/en\/wp-json\/wp\/v2\/pages"}],"about":[{"href":"https:\/\/deski.org\/en\/wp-json\/wp\/v2\/types\/page"}],"author":[{"embeddable":true,"href":"https:\/\/deski.org\/en\/wp-json\/wp\/v2\/users\/6"}],"replies":[{"embeddable":true,"href":"https:\/\/deski.org\/en\/wp-json\/wp\/v2\/comments?post=4470"}],"version-history":[{"count":3,"href":"https:\/\/deski.org\/en\/wp-json\/wp\/v2\/pages\/4470\/revisions"}],"predecessor-version":[{"id":4479,"href":"https:\/\/deski.org\/en\/wp-json\/wp\/v2\/pages\/4470\/revisions\/4479"}],"wp:attachment":[{"href":"https:\/\/deski.org\/en\/wp-json\/wp\/v2\/media?parent=4470"}],"curies":[{"name":"wp","href":"https:\/\/api.w.org\/{rel}","templated":true}]}}