{"id":4664,"date":"2018-05-29T20:11:15","date_gmt":"2018-05-29T20:11:15","guid":{"rendered":"https:\/\/deski.org\/?page_id=4664"},"modified":"2019-01-05T13:47:11","modified_gmt":"2019-01-05T13:47:11","slug":"piotr-domanski","status":"publish","type":"page","link":"https:\/\/deski.org\/en\/piotr-domanski\/","title":{"rendered":"Piotr Doma\u0144ski"},"content":{"rendered":"<div class=\"wpb-content-wrapper\"><p>[vc_row][vc_column width=&#8221;1\/2&#8243;]<div class=\"single_image wpb_content_element align-left    \" data-animation=\"none\" data-delay=\"0\"><img loading=\"lazy\" decoding=\"async\" width=\"600\" height=\"353\" src=\"https:\/\/deski.org\/wp-content\/uploads\/2018\/05\/Piotr2.png\" class=\"attachment-full\" alt=\"\" title=\"Piotr2\" srcset=\"https:\/\/deski.org\/wp-content\/uploads\/2018\/05\/Piotr2.png 600w, https:\/\/deski.org\/wp-content\/uploads\/2018\/05\/Piotr2-300x177.png 300w, https:\/\/deski.org\/wp-content\/uploads\/2018\/05\/Piotr2-24x14.png 24w, https:\/\/deski.org\/wp-content\/uploads\/2018\/05\/Piotr2-36x21.png 36w, https:\/\/deski.org\/wp-content\/uploads\/2018\/05\/Piotr2-48x28.png 48w\" sizes=\"auto, (max-width: 600px) 100vw, 600px\" \/><\/div><div class=\"spacer\" style=\"height: 40px;\"><\/div>[\/vc_column][vc_column width=&#8221;1\/2&#8243;][vc_column_text]Cze\u015b\u0107, nazywam si\u0119 Piotr.<\/p>\n<p>Z Deskami zwi\u0105zany jestem od bardzo, bardzo dawna. W wieku 3 lat pojecha\u0142em na m\u00f3j pierwszy ob\u00f3z rodzinny do Zakopanego. To tam zarazi\u0142em si\u0119 pasj\u0105 do narciarstwa. Od tamtego czasu regularnie wyje\u017cd\u017ca\u0142em z Deskami na ferie na narty. Windsurfing pozna\u0142em w wieku 7 lat dzi\u0119ki mojemu dziadkowi, kt\u00f3ry to zapisa\u0142 mnie na pierwsz\u0105 lekcj\u0119 tego wspania\u0142ego sportu. Od razu stwierdzi\u0142em, \u017ce jest to sport idealny dla mnie, a najwspanialszym miejscem na ziemi jest P\u00f3\u0142wysep Helski. Od tego czasu na P\u00f3\u0142wyspie sp\u0119dzam co najmniej miesi\u0105c i nieustannie wypatruj\u0119 idealnych warunk\u00f3w do p\u0142ywania w \u015blizgu. Poza nartami i windsurfingiem, gram w tenisa oraz biegam.<\/p>\n<p>Od wrze\u015bnia 2017 roku pomagam w prowadzeniu sobotnich trening\u00f3w w WTS DeSki.[\/vc_column_text][\/vc_column][\/vc_row]<\/p>\n<\/div>","protected":false},"excerpt":{"rendered":"<p>[vc_row][vc_column width=&#8221;1\/2&#8243;][\/vc_column][vc_column width=&#8221;1\/2&#8243;][vc_column_text]Cze\u015b\u0107, nazywam si\u0119 Piotr. Z Deskami zwi\u0105zany jestem od bardzo, bardzo dawna. W wieku 3 lat pojecha\u0142em na m\u00f3j pierwszy ob\u00f3z rodzinny do Zakopanego. To tam zarazi\u0142em si\u0119 pasj\u0105 do narciarstwa. Od tamtego czasu regularnie wyje\u017cd\u017ca\u0142em z Deskami na ferie na narty. Windsurfing pozna\u0142em w wieku 7 lat dzi\u0119ki mojemu dziadkowi, kt\u00f3ry to zapisa\u0142 mnie na pierwsz\u0105 lekcj\u0119 tego wspania\u0142ego sportu. Od razu stwierdzi\u0142em, \u017ce jest to sport idealny dla mnie, a najwspanialszym miejscem na ziemi jest P\u00f3\u0142wysep Helski. Od tego czasu na P\u00f3\u0142wyspie sp\u0119dzam co najmniej miesi\u0105c i nieustannie wypatruj\u0119 idealnych warunk\u00f3w do p\u0142ywania w \u015blizgu. Poza nartami i windsurfingiem, gram w tenisa oraz biegam. Od wrze\u015bnia 2017 roku pomagam w prowadzeniu sobotnich trening\u00f3w w WTS DeSki.[\/vc_column_text][\/vc_column][\/vc_row]<\/p>\n","protected":false},"author":6,"featured_media":0,"parent":0,"menu_order":0,"comment_status":"closed","ping_status":"closed","template":"","meta":{"_acf_changed":false,"_mo_disable_npp":"","_vp_format_video_url":"","_vp_image_focal_point":[],"footnotes":""},"class_list":["post-4664","page","type-page","status-publish","hentry"],"acf":[],"aioseo_notices":[],"_links":{"self":[{"href":"https:\/\/deski.org\/en\/wp-json\/wp\/v2\/pages\/4664","targetHints":{"allow":["GET"]}}],"collection":[{"href":"https:\/\/deski.org\/en\/wp-json\/wp\/v2\/pages"}],"about":[{"href":"https:\/\/deski.org\/en\/wp-json\/wp\/v2\/types\/page"}],"author":[{"embeddable":true,"href":"https:\/\/deski.org\/en\/wp-json\/wp\/v2\/users\/6"}],"replies":[{"embeddable":true,"href":"https:\/\/deski.org\/en\/wp-json\/wp\/v2\/comments?post=4664"}],"version-history":[{"count":4,"href":"https:\/\/deski.org\/en\/wp-json\/wp\/v2\/pages\/4664\/revisions"}],"predecessor-version":[{"id":5713,"href":"https:\/\/deski.org\/en\/wp-json\/wp\/v2\/pages\/4664\/revisions\/5713"}],"wp:attachment":[{"href":"https:\/\/deski.org\/en\/wp-json\/wp\/v2\/media?parent=4664"}],"curies":[{"name":"wp","href":"https:\/\/api.w.org\/{rel}","templated":true}]}}