{"id":4671,"date":"2018-05-29T20:14:19","date_gmt":"2018-05-29T20:14:19","guid":{"rendered":"https:\/\/deski.org\/?page_id=4671"},"modified":"2018-05-29T20:14:19","modified_gmt":"2018-05-29T20:14:19","slug":"michal","status":"publish","type":"page","link":"https:\/\/deski.org\/en\/michal\/","title":{"rendered":"Micha\u0142"},"content":{"rendered":"<div class=\"wpb-content-wrapper\"><p>[vc_row][vc_column width=&#8221;1\/2&#8243;]<div class=\"single_image wpb_content_element align-left    \" data-animation=\"none\" data-delay=\"0\"><img loading=\"lazy\" decoding=\"async\" width=\"600\" height=\"353\" src=\"https:\/\/deski.org\/wp-content\/uploads\/2018\/05\/Michal2.png\" class=\"attachment-full\" alt=\"\" title=\"Michal2\" srcset=\"https:\/\/deski.org\/wp-content\/uploads\/2018\/05\/Michal2.png 600w, https:\/\/deski.org\/wp-content\/uploads\/2018\/05\/Michal2-300x177.png 300w, https:\/\/deski.org\/wp-content\/uploads\/2018\/05\/Michal2-24x14.png 24w, https:\/\/deski.org\/wp-content\/uploads\/2018\/05\/Michal2-36x21.png 36w, https:\/\/deski.org\/wp-content\/uploads\/2018\/05\/Michal2-48x28.png 48w\" sizes=\"auto, (max-width: 600px) 100vw, 600px\" \/><\/div><div class=\"spacer\" style=\"height: 40px;\"><\/div>[\/vc_column][vc_column width=&#8221;1\/2&#8243;][vc_column_text]<span style=\"font-weight: 400;\">Micha\u0142 Rewerelli, bardziej znany jako Rewelka. Pracuj\u0119 w #najlepszabazanapolwyspie od 5 sezon\u00f3w jako instruktor windsurfingu. Swoj\u0105 przygod\u0119 z windsurfingiem, tak jak m\u00f3j brat, zacz\u0105\u0142em na Helu w Bazie WTS Deski. Specjalizuj\u0119 si\u0119 w dyscyplinie freestyle, ucz\u0105c si\u0119 nowych manewr\u00f3w b\u0105d\u017a samemu wymy\u015blaj\u0105c nowe. Gdy wiatru brakuje do \u015blizgania si\u0119 na desce odpalam kitesurfing albo uje\u017cd\u017cam fale na surfingu. W sezonie zimowym siedz\u0119 w g\u00f3rach i ucz\u0119 je\u017adzi\u0107 na nartach, skacz\u0105c triki lub przemierzaj\u0105c kilometry w puchu. <\/span><\/p>\n<p><span style=\"font-weight: 400;\">Pochodz\u0119 z rodziny o wielkim duchu sportowym, dla tego zawsze wolne chwile staram si\u0119 sp\u0119dza\u0107 aktywnie. Najcz\u0119\u015bciej \u015bmigam na deskorolce ale r\u00f3wnie\u017c gram w tenisa czy je\u017cd\u017c\u0119 na rowerze.<\/span>[\/vc_column_text][\/vc_column][\/vc_row]<\/p>\n<\/div>","protected":false},"excerpt":{"rendered":"<p>[vc_row][vc_column width=&#8221;1\/2&#8243;][\/vc_column][vc_column width=&#8221;1\/2&#8243;][vc_column_text]Micha\u0142 Rewerelli, bardziej znany jako Rewelka. Pracuj\u0119 w #najlepszabazanapolwyspie od 5 sezon\u00f3w jako instruktor windsurfingu. Swoj\u0105 przygod\u0119 z windsurfingiem, tak jak m\u00f3j brat, zacz\u0105\u0142em na Helu w Bazie WTS Deski. Specjalizuj\u0119 si\u0119 w dyscyplinie freestyle, ucz\u0105c si\u0119 nowych manewr\u00f3w b\u0105d\u017a samemu wymy\u015blaj\u0105c nowe. Gdy wiatru brakuje do \u015blizgania si\u0119 na desce odpalam kitesurfing albo uje\u017cd\u017cam fale na surfingu. W sezonie zimowym siedz\u0119 w g\u00f3rach i ucz\u0119 je\u017adzi\u0107 na nartach, skacz\u0105c triki lub przemierzaj\u0105c kilometry w puchu. Pochodz\u0119 z rodziny o wielkim duchu sportowym, dla tego zawsze wolne chwile staram si\u0119 sp\u0119dza\u0107 aktywnie. Najcz\u0119\u015bciej \u015bmigam na deskorolce ale r\u00f3wnie\u017c gram w tenisa czy je\u017cd\u017c\u0119 na rowerze.[\/vc_column_text][\/vc_column][\/vc_row]<\/p>\n","protected":false},"author":6,"featured_media":0,"parent":0,"menu_order":0,"comment_status":"closed","ping_status":"closed","template":"","meta":{"_acf_changed":false,"_mo_disable_npp":"","_vp_format_video_url":"","_vp_image_focal_point":[],"footnotes":""},"class_list":["post-4671","page","type-page","status-publish","hentry"],"acf":[],"aioseo_notices":[],"_links":{"self":[{"href":"https:\/\/deski.org\/en\/wp-json\/wp\/v2\/pages\/4671","targetHints":{"allow":["GET"]}}],"collection":[{"href":"https:\/\/deski.org\/en\/wp-json\/wp\/v2\/pages"}],"about":[{"href":"https:\/\/deski.org\/en\/wp-json\/wp\/v2\/types\/page"}],"author":[{"embeddable":true,"href":"https:\/\/deski.org\/en\/wp-json\/wp\/v2\/users\/6"}],"replies":[{"embeddable":true,"href":"https:\/\/deski.org\/en\/wp-json\/wp\/v2\/comments?post=4671"}],"version-history":[{"count":1,"href":"https:\/\/deski.org\/en\/wp-json\/wp\/v2\/pages\/4671\/revisions"}],"predecessor-version":[{"id":4673,"href":"https:\/\/deski.org\/en\/wp-json\/wp\/v2\/pages\/4671\/revisions\/4673"}],"wp:attachment":[{"href":"https:\/\/deski.org\/en\/wp-json\/wp\/v2\/media?parent=4671"}],"curies":[{"name":"wp","href":"https:\/\/api.w.org\/{rel}","templated":true}]}}