{"id":4675,"date":"2018-05-29T20:16:33","date_gmt":"2018-05-29T20:16:33","guid":{"rendered":"https:\/\/deski.org\/?page_id=4675"},"modified":"2018-05-29T20:16:33","modified_gmt":"2018-05-29T20:16:33","slug":"ignacy","status":"publish","type":"page","link":"https:\/\/deski.org\/en\/ignacy\/","title":{"rendered":"Ignacy"},"content":{"rendered":"<div class=\"wpb-content-wrapper\"><p>[vc_row][vc_column width=&#8221;1\/2&#8243;]<div class=\"single_image wpb_content_element align-left    \" data-animation=\"none\" data-delay=\"0\"><img loading=\"lazy\" decoding=\"async\" width=\"600\" height=\"353\" src=\"https:\/\/deski.org\/wp-content\/uploads\/2018\/05\/Ignacy2.png\" class=\"attachment-full\" alt=\"\" title=\"Ignacy2\" srcset=\"https:\/\/deski.org\/wp-content\/uploads\/2018\/05\/Ignacy2.png 600w, https:\/\/deski.org\/wp-content\/uploads\/2018\/05\/Ignacy2-300x177.png 300w, https:\/\/deski.org\/wp-content\/uploads\/2018\/05\/Ignacy2-24x14.png 24w, https:\/\/deski.org\/wp-content\/uploads\/2018\/05\/Ignacy2-36x21.png 36w, https:\/\/deski.org\/wp-content\/uploads\/2018\/05\/Ignacy2-48x28.png 48w\" sizes=\"auto, (max-width: 600px) 100vw, 600px\" \/><\/div><div class=\"spacer\" style=\"height: 40px;\"><\/div>[\/vc_column][vc_column width=&#8221;1\/2&#8243;][vc_column_text]<span style=\"font-weight: 400;\">Nazywam si\u0119 Ignacy Bielecki i jestem bosmanem w #najlepszabazanapolwyspie. W Deskach p\u0142ywam odk\u0105d pami\u0119tam, swoje pierwsze chwile na wodzie sp\u0119dzi\u0142em w\u0142a\u015bnie tam, szkol\u0105c si\u0119 pod okiem Marcina Bociana. To on nauczy\u0142 mnie podstaw i to z nim prze\u017cy\u0142em swoje najlepsze chwile na windsurfingu. Teraz kiedy jestem starszy i bardziej do\u015bwiadczony, pomagam kursantom w jak najlepszym dopasowaniu sprz\u0119tu, b\u0105d\u017a sam czasami wcielam si\u0119 w rol\u0119 instruktora. Windsurfing jest moj\u0105 pasj\u0105, dlatego poza p\u0142ywaniem na Zatoce Puckiej, co roku staram si\u0119 wyje\u017cd\u017ca\u0107 za granic\u0119, gdzie mog\u0119 nauczy\u0107 si\u0119 czego\u015b nowego i pozna\u0107 windsurfing z innej perspektywy. W wolnych chwilach (i gdy tylko pojawi\u0105 si\u0119 fale) ucz\u0119 si\u0119 p\u0142ywa\u0107 na surfingu.<\/span>[\/vc_column_text][\/vc_column][\/vc_row]<\/p>\n<\/div>","protected":false},"excerpt":{"rendered":"<p>[vc_row][vc_column width=&#8221;1\/2&#8243;][\/vc_column][vc_column width=&#8221;1\/2&#8243;][vc_column_text]Nazywam si\u0119 Ignacy Bielecki i jestem bosmanem w #najlepszabazanapolwyspie. W Deskach p\u0142ywam odk\u0105d pami\u0119tam, swoje pierwsze chwile na wodzie sp\u0119dzi\u0142em w\u0142a\u015bnie tam, szkol\u0105c si\u0119 pod okiem Marcina Bociana. To on nauczy\u0142 mnie podstaw i to z nim prze\u017cy\u0142em swoje najlepsze chwile na windsurfingu. Teraz kiedy jestem starszy i bardziej do\u015bwiadczony, pomagam kursantom w jak najlepszym dopasowaniu sprz\u0119tu, b\u0105d\u017a sam czasami wcielam si\u0119 w rol\u0119 instruktora. Windsurfing jest moj\u0105 pasj\u0105, dlatego poza p\u0142ywaniem na Zatoce Puckiej, co roku staram si\u0119 wyje\u017cd\u017ca\u0107 za granic\u0119, gdzie mog\u0119 nauczy\u0107 si\u0119 czego\u015b nowego i pozna\u0107 windsurfing z innej perspektywy. W wolnych chwilach (i gdy tylko pojawi\u0105 si\u0119 fale) ucz\u0119 si\u0119 p\u0142ywa\u0107 na surfingu.[\/vc_column_text][\/vc_column][\/vc_row]<\/p>\n","protected":false},"author":6,"featured_media":0,"parent":0,"menu_order":0,"comment_status":"closed","ping_status":"closed","template":"","meta":{"_acf_changed":false,"_mo_disable_npp":"","_vp_format_video_url":"","_vp_image_focal_point":[],"footnotes":""},"class_list":["post-4675","page","type-page","status-publish","hentry"],"acf":[],"aioseo_notices":[],"_links":{"self":[{"href":"https:\/\/deski.org\/en\/wp-json\/wp\/v2\/pages\/4675","targetHints":{"allow":["GET"]}}],"collection":[{"href":"https:\/\/deski.org\/en\/wp-json\/wp\/v2\/pages"}],"about":[{"href":"https:\/\/deski.org\/en\/wp-json\/wp\/v2\/types\/page"}],"author":[{"embeddable":true,"href":"https:\/\/deski.org\/en\/wp-json\/wp\/v2\/users\/6"}],"replies":[{"embeddable":true,"href":"https:\/\/deski.org\/en\/wp-json\/wp\/v2\/comments?post=4675"}],"version-history":[{"count":1,"href":"https:\/\/deski.org\/en\/wp-json\/wp\/v2\/pages\/4675\/revisions"}],"predecessor-version":[{"id":4677,"href":"https:\/\/deski.org\/en\/wp-json\/wp\/v2\/pages\/4675\/revisions\/4677"}],"wp:attachment":[{"href":"https:\/\/deski.org\/en\/wp-json\/wp\/v2\/media?parent=4675"}],"curies":[{"name":"wp","href":"https:\/\/api.w.org\/{rel}","templated":true}]}}