{"id":4831,"date":"2018-06-07T19:35:51","date_gmt":"2018-06-07T19:35:51","guid":{"rendered":"https:\/\/deski.org\/?page_id=4831"},"modified":"2018-06-07T19:35:51","modified_gmt":"2018-06-07T19:35:51","slug":"antek","status":"publish","type":"page","link":"https:\/\/deski.org\/en\/antek\/","title":{"rendered":"Antek"},"content":{"rendered":"<div class=\"wpb-content-wrapper\"><p>[vc_row][vc_column width=&#8221;1\/2&#8243;]<div class=\"single_image wpb_content_element align-left    \" data-animation=\"none\" data-delay=\"0\"><img loading=\"lazy\" decoding=\"async\" width=\"600\" height=\"353\" src=\"https:\/\/deski.org\/wp-content\/uploads\/2018\/06\/Antek2.png\" class=\"attachment-full\" alt=\"\" title=\"Antek2\" srcset=\"https:\/\/deski.org\/wp-content\/uploads\/2018\/06\/Antek2.png 600w, https:\/\/deski.org\/wp-content\/uploads\/2018\/06\/Antek2-300x177.png 300w, https:\/\/deski.org\/wp-content\/uploads\/2018\/06\/Antek2-24x14.png 24w, https:\/\/deski.org\/wp-content\/uploads\/2018\/06\/Antek2-36x21.png 36w, https:\/\/deski.org\/wp-content\/uploads\/2018\/06\/Antek2-48x28.png 48w\" sizes=\"auto, (max-width: 600px) 100vw, 600px\" \/><\/div><div class=\"spacer\" style=\"height: 40px;\"><\/div>[\/vc_column][vc_column width=&#8221;1\/2&#8243;][vc_column_text]<span style=\"font-weight: 400;\">Aloha! Nazywam si\u0119 Antek Kowalczyk. Moj\u0105 \u00a0przygod\u0119 z windsurfingiem i Baz\u0105 WTS Deski rozpocz\u0105\u0142em ju\u017c 11 lat temu jako obozowicz. To tam pokocha\u0142em ten sport. W Bazie pracuj\u0119 od 2 lat w roli bosmana: pomagam kursantom w doborze sprz\u0119tu i naprawiam absolutnie wszystko, pocz\u0105wszy od lampek w domkach na naprawie desek ko\u0144cz\u0105c. Opr\u00f3cz windsurfingu trenuj\u0119 \u017ceglarstwo, kajakarstwo, szermierk\u0119 i hobbystycznie gram na harmonijce. Na co dzie\u0144 pracuj\u0119 jako instruktor p\u0142ywania sportowego, a w wolnych chwilach je\u017cd\u017c\u0119 na rowerze. Ub\u00f3stwiam majsterkowa\u0107 oraz, kieruj\u0105c si\u0119 smakiem, podr\u00f3\u017cowa\u0107 po \u015bwiecie. Fascynuj\u0119 si\u0119 lotnictwem wojskowym i gdy tylko nadarzy si\u0119 okazja to wyje\u017cd\u017cam na pokazy lotnicze takie jak Air Show Radom, Axalp Swiss Air Force Live Fire Demo czy NATO Tiger Meet.<\/span>[\/vc_column_text][\/vc_column][\/vc_row]<\/p>\n<\/div>","protected":false},"excerpt":{"rendered":"<p>[vc_row][vc_column width=&#8221;1\/2&#8243;][\/vc_column][vc_column width=&#8221;1\/2&#8243;][vc_column_text]Aloha! Nazywam si\u0119 Antek Kowalczyk. Moj\u0105 \u00a0przygod\u0119 z windsurfingiem i Baz\u0105 WTS Deski rozpocz\u0105\u0142em ju\u017c 11 lat temu jako obozowicz. To tam pokocha\u0142em ten sport. W Bazie pracuj\u0119 od 2 lat w roli bosmana: pomagam kursantom w doborze sprz\u0119tu i naprawiam absolutnie wszystko, pocz\u0105wszy od lampek w domkach na naprawie desek ko\u0144cz\u0105c. Opr\u00f3cz windsurfingu trenuj\u0119 \u017ceglarstwo, kajakarstwo, szermierk\u0119 i hobbystycznie gram na harmonijce. Na co dzie\u0144 pracuj\u0119 jako instruktor p\u0142ywania sportowego, a w wolnych chwilach je\u017cd\u017c\u0119 na rowerze. Ub\u00f3stwiam majsterkowa\u0107 oraz, kieruj\u0105c si\u0119 smakiem, podr\u00f3\u017cowa\u0107 po \u015bwiecie. Fascynuj\u0119 si\u0119 lotnictwem wojskowym i gdy tylko nadarzy si\u0119 okazja to wyje\u017cd\u017cam na pokazy lotnicze takie jak Air Show Radom, Axalp Swiss Air Force Live Fire Demo czy NATO Tiger Meet.[\/vc_column_text][\/vc_column][\/vc_row]<\/p>\n","protected":false},"author":6,"featured_media":0,"parent":0,"menu_order":0,"comment_status":"closed","ping_status":"closed","template":"","meta":{"_acf_changed":false,"_mo_disable_npp":"","_vp_format_video_url":"","_vp_image_focal_point":[],"footnotes":""},"class_list":["post-4831","page","type-page","status-publish","hentry"],"acf":[],"aioseo_notices":[],"_links":{"self":[{"href":"https:\/\/deski.org\/en\/wp-json\/wp\/v2\/pages\/4831","targetHints":{"allow":["GET"]}}],"collection":[{"href":"https:\/\/deski.org\/en\/wp-json\/wp\/v2\/pages"}],"about":[{"href":"https:\/\/deski.org\/en\/wp-json\/wp\/v2\/types\/page"}],"author":[{"embeddable":true,"href":"https:\/\/deski.org\/en\/wp-json\/wp\/v2\/users\/6"}],"replies":[{"embeddable":true,"href":"https:\/\/deski.org\/en\/wp-json\/wp\/v2\/comments?post=4831"}],"version-history":[{"count":1,"href":"https:\/\/deski.org\/en\/wp-json\/wp\/v2\/pages\/4831\/revisions"}],"predecessor-version":[{"id":4834,"href":"https:\/\/deski.org\/en\/wp-json\/wp\/v2\/pages\/4831\/revisions\/4834"}],"wp:attachment":[{"href":"https:\/\/deski.org\/en\/wp-json\/wp\/v2\/media?parent=4831"}],"curies":[{"name":"wp","href":"https:\/\/api.w.org\/{rel}","templated":true}]}}