{"id":4842,"date":"2018-06-13T20:33:38","date_gmt":"2018-06-13T20:33:38","guid":{"rendered":"https:\/\/deski.org\/?page_id=4842"},"modified":"2018-06-13T20:33:38","modified_gmt":"2018-06-13T20:33:38","slug":"tomek","status":"publish","type":"page","link":"https:\/\/deski.org\/en\/tomek\/","title":{"rendered":"Tomek"},"content":{"rendered":"<div class=\"wpb-content-wrapper\"><p>[vc_row][vc_column width=&#8221;1\/2&#8243;]<div class=\"single_image wpb_content_element align-left    \" data-animation=\"none\" data-delay=\"0\"><img loading=\"lazy\" decoding=\"async\" width=\"600\" height=\"353\" src=\"https:\/\/deski.org\/wp-content\/uploads\/2018\/06\/Tomek2.png\" class=\"attachment-full\" alt=\"\" title=\"Tomek2\" srcset=\"https:\/\/deski.org\/wp-content\/uploads\/2018\/06\/Tomek2.png 600w, https:\/\/deski.org\/wp-content\/uploads\/2018\/06\/Tomek2-300x177.png 300w, https:\/\/deski.org\/wp-content\/uploads\/2018\/06\/Tomek2-24x14.png 24w, https:\/\/deski.org\/wp-content\/uploads\/2018\/06\/Tomek2-36x21.png 36w, https:\/\/deski.org\/wp-content\/uploads\/2018\/06\/Tomek2-48x28.png 48w\" sizes=\"auto, (max-width: 600px) 100vw, 600px\" \/><\/div><div class=\"spacer\" style=\"height: 40px;\"><\/div>[\/vc_column][vc_column width=&#8221;1\/2&#8243;][vc_column_text]<\/p>\n<div>Z klubem DeSki jestem zwi\u0105zany od dzieciaka.<\/div>\n<div>M\u00f3j pierwszy klubowy wyjazd by\u0142 bodaj\u017ce w 99&#8242;.<\/div>\n<div>W \u015brodowisku znany jako Smo\u0142a.<\/div>\n<div>Jestem by\u0142ym zawodnikiem w narciarstwie alpejskim, aktualnie instruktorem.<\/div>\n<div>Opr\u00f3cz tego pe\u0142ni\u0119 funkcj\u0119 kierownika sekcji narciarskiej w naszym klubie.<\/div>\n<div>W lecie natomiast zmieniam po\u0142o\u017cenie z g\u00f3r na morze pracuj\u0105c w najlepszej bazie na p\u00f3\u0142wyspie jako menad\u017cer. Rzadko bywam w domu, \u017cyj\u0119 na walizkach ale kocham swoj\u0105 prac\u0119.<\/div>\n<div>Sport to moja pasja, z kt\u00f3r\u0105 obcuj\u0119 na codzie\u0144.<\/div>\n<div>Lubi\u0119 te\u017c majsterkowa\u0107, podr\u00f3\u017cowa\u0107, s\u0142ucha\u0107 dobrej muzyki, podziwia\u0107 sztuk\u0119 i pi\u0119kno natury.<\/div>\n<div>Uwielbiam dobre jedzenie, zw\u0142aszcza z kuchni w\u0142oskiej.<\/div>\n<div>Do zobaczenia w g\u00f3rach lub nad morzem!<\/div>\n<p>[\/vc_column_text][\/vc_column][\/vc_row]<\/p>\n<\/div>","protected":false},"excerpt":{"rendered":"<p>[vc_row][vc_column width=&#8221;1\/2&#8243;][\/vc_column][vc_column width=&#8221;1\/2&#8243;][vc_column_text] Z klubem DeSki jestem zwi\u0105zany od dzieciaka. M\u00f3j pierwszy klubowy wyjazd by\u0142 bodaj\u017ce w 99&#8242;. W \u015brodowisku znany jako Smo\u0142a. Jestem by\u0142ym zawodnikiem w narciarstwie alpejskim, aktualnie instruktorem. Opr\u00f3cz tego pe\u0142ni\u0119 funkcj\u0119 kierownika sekcji narciarskiej w naszym klubie. W lecie natomiast zmieniam po\u0142o\u017cenie z g\u00f3r na morze pracuj\u0105c w najlepszej bazie na p\u00f3\u0142wyspie jako menad\u017cer. Rzadko bywam w domu, \u017cyj\u0119 na walizkach ale kocham swoj\u0105 prac\u0119. Sport to moja pasja, z kt\u00f3r\u0105 obcuj\u0119 na codzie\u0144. Lubi\u0119 te\u017c majsterkowa\u0107, podr\u00f3\u017cowa\u0107, s\u0142ucha\u0107 dobrej muzyki, podziwia\u0107 sztuk\u0119 i pi\u0119kno natury. Uwielbiam dobre jedzenie, zw\u0142aszcza z kuchni w\u0142oskiej. Do zobaczenia w g\u00f3rach lub nad morzem! [\/vc_column_text][\/vc_column][\/vc_row]<\/p>\n","protected":false},"author":6,"featured_media":0,"parent":0,"menu_order":0,"comment_status":"closed","ping_status":"closed","template":"","meta":{"_acf_changed":false,"_mo_disable_npp":"","_vp_format_video_url":"","_vp_image_focal_point":[],"footnotes":""},"class_list":["post-4842","page","type-page","status-publish","hentry"],"acf":[],"aioseo_notices":[],"_links":{"self":[{"href":"https:\/\/deski.org\/en\/wp-json\/wp\/v2\/pages\/4842","targetHints":{"allow":["GET"]}}],"collection":[{"href":"https:\/\/deski.org\/en\/wp-json\/wp\/v2\/pages"}],"about":[{"href":"https:\/\/deski.org\/en\/wp-json\/wp\/v2\/types\/page"}],"author":[{"embeddable":true,"href":"https:\/\/deski.org\/en\/wp-json\/wp\/v2\/users\/6"}],"replies":[{"embeddable":true,"href":"https:\/\/deski.org\/en\/wp-json\/wp\/v2\/comments?post=4842"}],"version-history":[{"count":1,"href":"https:\/\/deski.org\/en\/wp-json\/wp\/v2\/pages\/4842\/revisions"}],"predecessor-version":[{"id":4845,"href":"https:\/\/deski.org\/en\/wp-json\/wp\/v2\/pages\/4842\/revisions\/4845"}],"wp:attachment":[{"href":"https:\/\/deski.org\/en\/wp-json\/wp\/v2\/media?parent=4842"}],"curies":[{"name":"wp","href":"https:\/\/api.w.org\/{rel}","templated":true}]}}