{"id":5057,"date":"2018-08-26T19:07:12","date_gmt":"2018-08-26T19:07:12","guid":{"rendered":"https:\/\/deski.org\/?page_id=5057"},"modified":"2019-03-24T18:19:37","modified_gmt":"2019-03-24T18:19:37","slug":"oboz-narciarski-stubai","status":"publish","type":"page","link":"https:\/\/deski.org\/en\/oboz-narciarski-stubai\/","title":{"rendered":"ob\u00f3z narciarski Stubaital jesie\u0144"},"content":{"rendered":"<div class=\"wpb-content-wrapper\"><p>[vc_row][vc_column width=&#8221;1\/1&#8243;]<div class=\"spacer\" style=\"height: 40px;\"><\/div>[rev_slider_vc alias=&#8221;ObozSkiStubaitalRogen&#8221;][vc_column_text]<strong>Termin:\u00a029.09 &#8211; 06.10.2018<\/strong><\/p>\n<hr \/>\n<p><strong>Region narciarski<\/strong><\/p>\n<p>Centrum sport\u00f3w zimowych Stubaital Gletscher jest jednym z najnowocze\u015bniejszych o\u015brodk\u00f3w narciarskich w Austrii. Po\u0142o\u017cony jest na wysoko\u015bci 1750-3210 m npm. \u0141\u0105cznie znajduje si\u0119 tam 108 km tras zjazdowych (niebieskie 49 km, czerwone 38 km, czarne 21 km), kt\u00f3re obs\u0142ugiwane s\u0105 przez: 9 orczyk\u00f3w, 8 wyci\u0105g\u00f3w krzese\u0142kowych oraz 5 gondoli.<br \/>\n<a href=\"http:\/\/www.stubaier-gletscher.com\" target=\"_blank\" rel=\"noopener\">www.stubaier-gletscher.com<\/a><\/p>\n<p><strong>Orientacyjny program dnia na obozie:<\/strong><br \/>\n7.30 &#8211; pobudka,<br \/>\n8.00 &#8211; 8.30 &#8211; \u015bniadanie,<br \/>\n9.00 &#8211; wyjazd do stacji narciarskiej,<br \/>\n9.15 &#8211; 12.00 &#8211; szkolenie narciarskie,<br \/>\n12.00 &#8211; 13.00 &#8211; przerwa na lunch,<br \/>\n13.00 &#8211; 15.15 &#8211; szkolenie narciarskie,<br \/>\n16.15 &#8211; 17.45 &#8211; zaj\u0119cia zorganizowane,<br \/>\n18.30 &#8211; obiadokolacja,<br \/>\n19.30 &#8211; 20.30 &#8211; przygotowanie sprz\u0119tu i ekwipunku na dzie\u0144 nast\u0119pny, podsumowanie dnia,<br \/>\n21.30 &#8211; 7.30 &#8211; cisza nocna.<\/p>\n<hr \/>\n<p><strong>Cena:<br \/>\n<\/strong>3 290 z\u0142 dzieci z rocznik\u00f3w 2012-2004<br \/>\n3 190 z\u0142 cz\u0142onkowie klubu (2012-2004)<\/p>\n<p>3\u00a0420 z\u0142 dzieci z rocznik\u00f3w 2003-2001<br \/>\n3\u00a0320 z\u0142 cz\u0142onkowie klubu (2003-2001)<\/p>\n<p><strong>Zni\u017cka dla rodze\u0144stw \u2013 50 z\u0142\/dziecko\/ ob\u00f3z<\/strong><\/p>\n<p><strong>Cena wyjazdu zawiera:<\/strong><br \/>\n&#8211; Zakwaterowanie i wy\u017cywienie: dwa posi\u0142ki dziennie (\u015bniadanie i obiadokolacja)<br \/>\n&#8211; 6-dniowy karnet narciarski<br \/>\n&#8211; opiek\u0119 i szkolenie (trenerzy i instruktorzy WTS DeSki)<br \/>\n&#8211; ubezpieczenie (KL, NNW, OC)<br \/>\n&#8211; dojazd busem<\/p>\n<p>Cena nie zawiera kosztu dodatkowych posi\u0142k\u00f3w na stoku.<\/p>\n<p>* Uwaga: cena\u00a0wyjazdu mo\u017ce ulec zmianie przy wzro\u015bcie kursu euro ponad 4,50 z\u0142.<\/p>\n<p><strong>Warunki p\u0142atno\u015bci:<\/strong><br \/>\n1 500 z\u0142 \u2013 zaliczka (od osoby) p\u0142atna w momencie zapisu na ob\u00f3z, pozosta\u0142a kwota p\u0142atna najp\u00f3\u017aniej na 21 przed rozpocz\u0119ciem obozu.<br \/>\nFormalno\u015bci: przes\u0142a\u0107 do biura WTS DeSki formularz zg\u0142oszeniowy<\/p>\n<p>[\/vc_column_text][\/vc_column][\/vc_row][vc_row][vc_column width=&#8221;1\/1&#8243;]<div class=\"spacer\" style=\"height: 30px;\"><\/div><div class=\"single_image wpb_content_element align-left    \" data-animation=\"none\" data-delay=\"0\"><img loading=\"lazy\" decoding=\"async\" width=\"1024\" height=\"175\" src=\"https:\/\/deski.org\/wp-content\/uploads\/2016\/02\/pasek-oboz-zapisz-sie.jpg\" class=\"attachment-full\" alt=\"\" title=\"pasek oboz zapisz sie\" srcset=\"https:\/\/deski.org\/wp-content\/uploads\/2016\/02\/pasek-oboz-zapisz-sie.jpg 1024w, https:\/\/deski.org\/wp-content\/uploads\/2016\/02\/pasek-oboz-zapisz-sie-300x51.jpg 300w, https:\/\/deski.org\/wp-content\/uploads\/2016\/02\/pasek-oboz-zapisz-sie-768x131.jpg 768w\" sizes=\"auto, (max-width: 1024px) 100vw, 1024px\" \/><\/div>[vc_column_text]\n<div class=\"wpcf7 no-js\" id=\"wpcf7-f5137-o1\" lang=\"pl-PL\" dir=\"ltr\" data-wpcf7-id=\"5137\">\n<div class=\"screen-reader-response\"><p role=\"status\" aria-live=\"polite\" aria-atomic=\"true\"><\/p> <ul><\/ul><\/div>\n<form action=\"\/en\/wp-json\/wp\/v2\/pages\/5057#wpcf7-f5137-o1\" method=\"post\" class=\"wpcf7-form init\" aria-label=\"Formularz kontaktowy\" novalidate=\"novalidate\" data-status=\"init\">\n<fieldset class=\"hidden-fields-container\"><input type=\"hidden\" name=\"_wpcf7\" value=\"5137\" \/><input type=\"hidden\" name=\"_wpcf7_version\" value=\"6.1.5\" \/><input type=\"hidden\" name=\"_wpcf7_locale\" value=\"pl_PL\" \/><input type=\"hidden\" name=\"_wpcf7_unit_tag\" value=\"wpcf7-f5137-o1\" \/><input type=\"hidden\" name=\"_wpcf7_container_post\" value=\"0\" \/><input type=\"hidden\" name=\"_wpcf7_posted_data_hash\" value=\"\" \/><input type=\"hidden\" name=\"_wpcf7_recaptcha_response\" value=\"\" \/>\n<\/fieldset>\n<p>Imi\u0119\/ona i nazwisko\/a uczestnika\/\u00f3w\n<\/p>\n<p><span class=\"wpcf7-form-control-wrap\" data-name=\"your-name\"><input size=\"40\" maxlength=\"400\" class=\"wpcf7-form-control wpcf7-text wpcf7-validates-as-required\" aria-required=\"true\" aria-invalid=\"false\" value=\"\" type=\"text\" name=\"your-name\" \/><\/span>\n<\/p>\n<p>Dat\u0119\/y urodzenia\n<\/p>\n<p><span class=\"wpcf7-form-control-wrap\" data-name=\"your-subject\"><input size=\"40\" maxlength=\"400\" class=\"wpcf7-form-control wpcf7-text wpcf7-validates-as-required\" aria-required=\"true\" aria-invalid=\"false\" value=\"\" type=\"text\" name=\"your-subject\" \/><\/span>\n<\/p>\n<p>Pesel\/e\n<\/p>\n<p><span class=\"wpcf7-form-control-wrap\" data-name=\"your-subject1\"><input size=\"40\" maxlength=\"400\" class=\"wpcf7-form-control wpcf7-text wpcf7-validates-as-required\" aria-required=\"true\" aria-invalid=\"false\" value=\"\" type=\"text\" name=\"your-subject1\" \/><\/span>\n<\/p>\n<p>Adres\/y zameldowania\n<\/p>\n<p><span class=\"wpcf7-form-control-wrap\" data-name=\"your-subject2\"><input size=\"40\" maxlength=\"400\" class=\"wpcf7-form-control wpcf7-text wpcf7-validates-as-required\" aria-required=\"true\" aria-invalid=\"false\" value=\"\" type=\"text\" name=\"your-subject2\" \/><\/span>\n<\/p>\n<p>Adres\/y do korespondencji\n<\/p>\n<p><span class=\"wpcf7-form-control-wrap\" data-name=\"your-subject3\"><input size=\"40\" maxlength=\"400\" class=\"wpcf7-form-control wpcf7-text wpcf7-validates-as-required\" aria-required=\"true\" aria-invalid=\"false\" value=\"\" type=\"text\" name=\"your-subject3\" \/><\/span>\n<\/p>\n<p>Numer telefonu (do rodzic\u00f3w, gdy zg\u0142oszenie obejmuje wyjazd m\u0142odzie\u017cowy)<span class=\"wpcf7-form-control-wrap\" data-name=\"tel-927\"><input size=\"40\" maxlength=\"400\" class=\"wpcf7-form-control wpcf7-tel wpcf7-validates-as-required wpcf7-text wpcf7-validates-as-tel\" aria-required=\"true\" aria-invalid=\"false\" value=\"\" type=\"tel\" name=\"tel-927\" \/><\/span>\n<\/p>\n<p>Adres email (do rodzic\u00f3w, gdy zg\u0142oszenie obejmuje wyjazd m\u0142odzie\u017cowy)\n<\/p>\n<p><span class=\"wpcf7-form-control-wrap\" data-name=\"your-email\"><input size=\"40\" maxlength=\"400\" class=\"wpcf7-form-control wpcf7-email wpcf7-validates-as-required wpcf7-text wpcf7-validates-as-email\" aria-required=\"true\" aria-invalid=\"false\" value=\"\" type=\"email\" name=\"your-email\" \/><\/span>\n<\/p>\n<p>Wymagana zgoda<span class=\"wpcf7-form-control-wrap\" data-name=\"checkbox-878\"><span class=\"wpcf7-form-control wpcf7-checkbox wpcf7-validates-as-required\"><span class=\"wpcf7-list-item first last\"><input type=\"checkbox\" name=\"checkbox-878[]\" value=\"Wyra\u017cam zgod\u0119 na przetwarzanie moich danych osobowych w zakresie danych podanych w powy\u017cszym formularzu dla potrzeb realizacji cel\u00f3w Statutowych przez Stowarzyszenie Warszawskie Towarzystwo Sportowe DeSki zgodnie z europejskim rozporz\u0105dzeniem o ochronie danych osobowych z dnia 27 kwietnia 2016 r. (Dz. Urz. UE L nr 119, str. 1). R\u00f3wnocze\u015bnie o\u015bwiadczam, \u017ce poinformowano mnie o tym, \u017ce podanie moich danych osobowych jest dobrowolne, oraz o przys\u0142uguj\u0105cych mi prawach w tym w szczeg\u00f3lno\u015bci do dost\u0119pu do danych osobowych, sprostowania danych osobowych, usuni\u0119cia danych osobowych, ograniczenia przetwarzania danych osobowych, przeniesienia danych osobowych, wniesienia skargi do organu ochrony danych osobowych, cofni\u0119cia w ka\u017cdym czasie zgody bez podania przyczyny oraz bez wp\u0142ywu na przetwarzanie, kt\u00f3rego dokonano na podstawie zgody przed jej cofni\u0119ciem, a ponad to do sprzeciwu wobec przetwarzania danych.\" \/><span class=\"wpcf7-list-item-label\">Wyra\u017cam zgod\u0119 na przetwarzanie moich danych osobowych w zakresie danych podanych w powy\u017cszym formularzu dla potrzeb realizacji cel\u00f3w Statutowych przez Stowarzyszenie Warszawskie Towarzystwo Sportowe DeSki zgodnie z europejskim rozporz\u0105dzeniem o ochronie danych osobowych z dnia 27 kwietnia 2016 r. (Dz. Urz. UE L nr 119, str. 1). R\u00f3wnocze\u015bnie o\u015bwiadczam, \u017ce poinformowano mnie o tym, \u017ce podanie moich danych osobowych jest dobrowolne, oraz o przys\u0142uguj\u0105cych mi prawach w tym w szczeg\u00f3lno\u015bci do dost\u0119pu do danych osobowych, sprostowania danych osobowych, usuni\u0119cia danych osobowych, ograniczenia przetwarzania danych osobowych, przeniesienia danych osobowych, wniesienia skargi do organu ochrony danych osobowych, cofni\u0119cia w ka\u017cdym czasie zgody bez podania przyczyny oraz bez wp\u0142ywu na przetwarzanie, kt\u00f3rego dokonano na podstawie zgody przed jej cofni\u0119ciem, a ponad to do sprzeciwu wobec przetwarzania danych.<\/span><\/span><\/span><\/span>\n<\/p>\n<p><a href=\"https:\/\/deski.org\/wp-content\/uploads\/2018\/06\/INFORMACJA-o-przetwarzaniu-danych-osobowych.pdf\" target=\"_blank\">Informacja o przetwarzaniu danych przez WTS DeSki.<\/a>\n<\/p>\n<p>Zaznacz, by dostawa\u0107 informacje o obozach i zni\u017ckach<span class=\"wpcf7-form-control-wrap\" data-name=\"checkbox-713\"><span class=\"wpcf7-form-control wpcf7-checkbox\"><span class=\"wpcf7-list-item first last\"><input type=\"checkbox\" name=\"checkbox-713[]\" value=\"Wyra\u017cam zgod\u0119  na przetwarzanie moich danych osobowych, w celu wysy\u0142ania informacji handlowych drog\u0105 elektroniczn\u0105 przez Stowarzyszenie Warszawskie Towarzystwo Sportowe DeSki zgodnie z europejskim rozporz\u0105dzeniem o ochronie danych osobowych z dnia 27 kwietnia 2016 r. (Dz. Urz. UE L nr 119, str. 1) oraz ustaw\u0105 z dnia 18 lipca 2002 r. o \u015bwiadczeniu us\u0142ug drog\u0105 elektroniczn\u0105 (Dz.U. 2002 nr 144 poz. 1204z zm.) R\u00f3wnocze\u015bnie o\u015bwiadczam, \u017ce poinformowano mnie o tym, \u017ce podanie moich danych osobowych jest dobrowolne, oraz o przys\u0142uguj\u0105cych mi prawach w tym w szczeg\u00f3lno\u015bci do dost\u0119pu do danych osobowych, sprostowania danych osobowych, usuni\u0119cia danych osobowych, ograniczenia przetwarzania danych osobowych, przeniesienia danych osobowych, wniesienia skargi do organu ochrony danych osobowych, cofni\u0119cia w ka\u017cdym czasie zgody bez podania przyczyny oraz bez wp\u0142ywu na przetwarzanie, kt\u00f3rego dokonano na podstawie zgody przed jej cofni\u0119ciem, a ponad to do sprzeciwu wobec przetwarzania danych.\" \/><span class=\"wpcf7-list-item-label\">Wyra\u017cam zgod\u0119  na przetwarzanie moich danych osobowych, w celu wysy\u0142ania informacji handlowych drog\u0105 elektroniczn\u0105 przez Stowarzyszenie Warszawskie Towarzystwo Sportowe DeSki zgodnie z europejskim rozporz\u0105dzeniem o ochronie danych osobowych z dnia 27 kwietnia 2016 r. (Dz. Urz. UE L nr 119, str. 1) oraz ustaw\u0105 z dnia 18 lipca 2002 r. o \u015bwiadczeniu us\u0142ug drog\u0105 elektroniczn\u0105 (Dz.U. 2002 nr 144 poz. 1204z zm.) R\u00f3wnocze\u015bnie o\u015bwiadczam, \u017ce poinformowano mnie o tym, \u017ce podanie moich danych osobowych jest dobrowolne, oraz o przys\u0142uguj\u0105cych mi prawach w tym w szczeg\u00f3lno\u015bci do dost\u0119pu do danych osobowych, sprostowania danych osobowych, usuni\u0119cia danych osobowych, ograniczenia przetwarzania danych osobowych, przeniesienia danych osobowych, wniesienia skargi do organu ochrony danych osobowych, cofni\u0119cia w ka\u017cdym czasie zgody bez podania przyczyny oraz bez wp\u0142ywu na przetwarzanie, kt\u00f3rego dokonano na podstawie zgody przed jej cofni\u0119ciem, a ponad to do sprzeciwu wobec przetwarzania danych.<\/span><\/span><\/span><\/span>\n<\/p>\n<p><input class=\"wpcf7-form-control wpcf7-submit has-spinner\" type=\"submit\" value=\"Wy\u015blij\" \/>\n<\/p><div class=\"wpcf7-response-output\" aria-hidden=\"true\"><\/div>\n<\/form>\n<\/div>\n[\/vc_column_text][\/vc_column][\/vc_row][vc_row][vc_column width=&#8221;1\/3&#8243;]<a href=\"https:\/\/deski.org\/wp-content\/uploads\/2019\/03\/Regulamin-oboz\u00f3w-narciarskich-i-snowboardowych-organizowanych-przez-Warszawskie-Towarzystwo-Sportowe-DeSki.pdf\" target=\"_blank\" class=\"button color-3 full \" style=\"border-radius: 2px;\"><i class='fa sl-emoticon-smile'><\/i>REGULAMIN OBOZ\u00d3W &#8211; pdf<\/a>[\/vc_column][vc_column width=&#8221;1\/3&#8243;]<a href=\"https:\/\/deski.org\/wp-content\/uploads\/2016\/03\/karta-obozowa.pdf\" target=\"_blank\" class=\"button color-3 full \" style=\"border-radius: 2px;\"><i class='fa sl-pencil'><\/i>KARTA OBOZOWA &#8211; pdf<\/a>[\/vc_column][vc_column width=&#8221;1\/3&#8243;]<a href=\"https:\/\/deski.org\/wp-content\/uploads\/2016\/08\/lista-rzeczy-do-zabrania-narty.pdf\" target=\"_blank\" class=\"button color-3 full \" style=\"border-radius: 2px;\"><i class='fa sl-list'><\/i>CO ZABRA\u0106 ZE SOB\u0104 &#8211; pdf<\/a>[\/vc_column][\/vc_row][vc_row][vc_column width=&#8221;1\/1&#8243;]<div class=\"spacer\" style=\"height: 40px;\"><\/div>[\/vc_column][\/vc_row][vc_row type=&#8221;full_width_section&#8221;][vc_column width=&#8221;1\/1&#8243;]<div class=\"single_image wpb_content_element align-left    \" data-animation=\"none\" data-delay=\"0\"><img loading=\"lazy\" decoding=\"async\" width=\"1024\" height=\"86\" src=\"https:\/\/deski.org\/wp-content\/uploads\/2016\/02\/pasek-oboz-zaliczka3.jpg\" class=\"attachment-full\" alt=\"\" title=\"pasek oboz zaliczka3\" srcset=\"https:\/\/deski.org\/wp-content\/uploads\/2016\/02\/pasek-oboz-zaliczka3.jpg 1024w, https:\/\/deski.org\/wp-content\/uploads\/2016\/02\/pasek-oboz-zaliczka3-300x25.jpg 300w, https:\/\/deski.org\/wp-content\/uploads\/2016\/02\/pasek-oboz-zaliczka3-768x64.jpg 768w\" sizes=\"auto, (max-width: 1024px) 100vw, 1024px\" \/><\/div>[\/vc_column][\/vc_row]<\/p>\n<\/div>","protected":false},"excerpt":{"rendered":"<p>[vc_row][vc_column width=&#8221;1\/1&#8243;][rev_slider_vc alias=&#8221;ObozSkiStubaitalRogen&#8221;][vc_column_text]Termin:\u00a029.09 &#8211; 06.10.2018 Region narciarski Centrum sport\u00f3w zimowych Stubaital Gletscher jest jednym z najnowocze\u015bniejszych o\u015brodk\u00f3w narciarskich w Austrii. Po\u0142o\u017cony jest na wysoko\u015bci 1750-3210 m npm. \u0141\u0105cznie znajduje si\u0119 tam 108 km tras zjazdowych (niebieskie 49 km, czerwone 38 km, czarne 21 km), kt\u00f3re obs\u0142ugiwane s\u0105 przez: 9 orczyk\u00f3w, 8 wyci\u0105g\u00f3w krzese\u0142kowych oraz 5 gondoli. www.stubaier-gletscher.com Orientacyjny program dnia na obozie: 7.30 &#8211; pobudka, 8.00 &#8211; 8.30 &#8211; \u015bniadanie, 9.00 &#8211; wyjazd do stacji narciarskiej, 9.15 &#8211; 12.00 &#8211; szkolenie narciarskie, 12.00 &#8211; 13.00 &#8211; przerwa na lunch, 13.00 &#8211; 15.15 &#8211; szkolenie narciarskie, 16.15 &#8211; 17.45 &#8211; zaj\u0119cia zorganizowane, 18.30 &#8211; obiadokolacja, 19.30 &#8211; 20.30 &#8211; przygotowanie sprz\u0119tu i ekwipunku na dzie\u0144 nast\u0119pny, podsumowanie dnia, 21.30 &#8211; 7.30 &#8211; cisza nocna. Cena: 3 290 z\u0142 dzieci z rocznik\u00f3w 2012-2004 3 190 z\u0142 cz\u0142onkowie klubu (2012-2004) 3\u00a0420 z\u0142 dzieci z rocznik\u00f3w 2003-2001 3\u00a0320 z\u0142 cz\u0142onkowie klubu (2003-2001) Zni\u017cka dla rodze\u0144stw \u2013 50 z\u0142\/dziecko\/ ob\u00f3z Cena wyjazdu zawiera: &#8211; Zakwaterowanie i wy\u017cywienie: dwa posi\u0142ki dziennie (\u015bniadanie i obiadokolacja) &#8211; 6-dniowy karnet narciarski &#8211; opiek\u0119 i szkolenie (trenerzy i instruktorzy WTS DeSki) &#8211; ubezpieczenie (KL, NNW, OC) &#8211; dojazd busem Cena nie zawiera kosztu dodatkowych posi\u0142k\u00f3w na stoku. * Uwaga: cena\u00a0wyjazdu [&hellip;]<\/p>\n","protected":false},"author":6,"featured_media":0,"parent":0,"menu_order":0,"comment_status":"closed","ping_status":"closed","template":"","meta":{"_acf_changed":false,"_mo_disable_npp":"","_vp_format_video_url":"","_vp_image_focal_point":[],"footnotes":""},"class_list":["post-5057","page","type-page","status-publish","hentry"],"acf":[],"aioseo_notices":[],"_links":{"self":[{"href":"https:\/\/deski.org\/en\/wp-json\/wp\/v2\/pages\/5057","targetHints":{"allow":["GET"]}}],"collection":[{"href":"https:\/\/deski.org\/en\/wp-json\/wp\/v2\/pages"}],"about":[{"href":"https:\/\/deski.org\/en\/wp-json\/wp\/v2\/types\/page"}],"author":[{"embeddable":true,"href":"https:\/\/deski.org\/en\/wp-json\/wp\/v2\/users\/6"}],"replies":[{"embeddable":true,"href":"https:\/\/deski.org\/en\/wp-json\/wp\/v2\/comments?post=5057"}],"version-history":[{"count":5,"href":"https:\/\/deski.org\/en\/wp-json\/wp\/v2\/pages\/5057\/revisions"}],"predecessor-version":[{"id":6215,"href":"https:\/\/deski.org\/en\/wp-json\/wp\/v2\/pages\/5057\/revisions\/6215"}],"wp:attachment":[{"href":"https:\/\/deski.org\/en\/wp-json\/wp\/v2\/media?parent=5057"}],"curies":[{"name":"wp","href":"https:\/\/api.w.org\/{rel}","templated":true}]}}