{"id":5302,"date":"2018-10-24T17:13:56","date_gmt":"2018-10-24T17:13:56","guid":{"rendered":"https:\/\/deski.org\/?page_id=5302"},"modified":"2018-10-24T17:13:56","modified_gmt":"2018-10-24T17:13:56","slug":"adam-hugues","status":"publish","type":"page","link":"https:\/\/deski.org\/en\/narty\/adam-hugues\/","title":{"rendered":"Adam Hugues"},"content":{"rendered":"<div class=\"wpb-content-wrapper\"><p>[vc_row][vc_column width=&#8221;1\/2&#8243;]<div class=\"single_image wpb_content_element align-left    \" data-animation=\"none\" data-delay=\"0\"><img loading=\"lazy\" decoding=\"async\" width=\"414\" height=\"568\" src=\"https:\/\/deski.org\/wp-content\/uploads\/2018\/10\/23473203_1605659849472927_4857710879909593848_n.jpg\" class=\"attachment-full\" alt=\"\" title=\"23473203_1605659849472927_4857710879909593848_n\" srcset=\"https:\/\/deski.org\/wp-content\/uploads\/2018\/10\/23473203_1605659849472927_4857710879909593848_n.jpg 414w, https:\/\/deski.org\/wp-content\/uploads\/2018\/10\/23473203_1605659849472927_4857710879909593848_n-219x300.jpg 219w, https:\/\/deski.org\/wp-content\/uploads\/2018\/10\/23473203_1605659849472927_4857710879909593848_n-17x24.jpg 17w, https:\/\/deski.org\/wp-content\/uploads\/2018\/10\/23473203_1605659849472927_4857710879909593848_n-26x36.jpg 26w, https:\/\/deski.org\/wp-content\/uploads\/2018\/10\/23473203_1605659849472927_4857710879909593848_n-35x48.jpg 35w\" sizes=\"auto, (max-width: 414px) 100vw, 414px\" \/><\/div>[\/vc_column][vc_column width=&#8221;1\/2&#8243;][vc_column_text]Nazywam si\u0119 Adam Hugues vel. Hugi. Urodzi\u0142em si\u0119\u00a0w 1993. Z Deskami jestem zwi\u0105zany chyba od ko\u0142yski, a w ka\u017cdym razie od kiedy pami\u0119tam. Z zapa\u0142em \u015bciga\u0142em si\u0119 w m\u0142odzie\u017cowych ligach. Od 2010 jestem instruktorem narciarstwa. Gdy \u015bniegi stopniej\u0105 i wpadaj\u0105 do morza, zamieniam &#8220;kanty&#8221; na desk\u0119 z \u017caglem. Jestem pasjonatem windsurfingu, najch\u0119tniej pokaza\u0142bym leszczom z PWA o co w tym chodzi. W <a href=\"https:\/\/www.facebook.com\/hashtag\/najlepszabazanapolwyspie\">#najlepszabazanapolwyspie<\/a> przeszed\u0142em wszystkie stopnie wtajemniczenia, od obozowicza, przez bosmana, na kierowniku instruktor\u00f3w ko\u0144cz\u0105c. Zazwyczaj jestem u\u015bmiechni\u0119ty i sypi\u0119 podobno nie\u015bmiesznymi dowcipami (z kt\u00f3rych ka\u017cdy si\u0119 \u015bmieje), jestem pasjonatem surfingu w czym odnios\u0142em drobny sukces wygrywaj\u0105c m\u0142odzie\u017cowe mistrzostwa Polski Rusty Grom Fest. Oleju w g\u0142owie troch\u0119 te\u017c mam, staram si\u0119 zwi\u0119kszy\u0107 sw\u00f3j poziom przez studiowanie Finans\u00f3w i Rachunkowo\u015bci w Szkole G\u0142\u00f3wnej Handlowej w Warszawie. Mi\u0142o\u015bnicy prasy mog\u0105 odnale\u017a\u0107 moje artyku\u0142y w Niezale\u017cnym Miesi\u0119czniku Studenckim &#8220;Magiel&#8221; gdzie szefuj\u0119 dzia\u0142owi Sportu. Jestem tak\u017ce cz\u0142onkiem sekcji narciarskiej AZS SGH, kt\u00f3ra odnosi spore sukcesy w rywalizacji akademickiej.<\/p>\n<p>&nbsp;<\/p>\n<p>Moje motto: &#8220;Co jak co, ale troch\u0119 sportu musi zawsze by\u0107!&#8221;[\/vc_column_text][\/vc_column][\/vc_row]<\/p>\n<\/div>","protected":false},"excerpt":{"rendered":"<p>[vc_row][vc_column width=&#8221;1\/2&#8243;][\/vc_column][vc_column width=&#8221;1\/2&#8243;][vc_column_text]Nazywam si\u0119 Adam Hugues vel. Hugi. Urodzi\u0142em si\u0119\u00a0w 1993. Z Deskami jestem zwi\u0105zany chyba od ko\u0142yski, a w ka\u017cdym razie od kiedy pami\u0119tam. Z zapa\u0142em \u015bciga\u0142em si\u0119 w m\u0142odzie\u017cowych ligach. Od 2010 jestem instruktorem narciarstwa. Gdy \u015bniegi stopniej\u0105 i wpadaj\u0105 do morza, zamieniam &#8220;kanty&#8221; na desk\u0119 z \u017caglem. Jestem pasjonatem windsurfingu, najch\u0119tniej pokaza\u0142bym leszczom z PWA o co w tym chodzi. W #najlepszabazanapolwyspie przeszed\u0142em wszystkie stopnie wtajemniczenia, od obozowicza, przez bosmana, na kierowniku instruktor\u00f3w ko\u0144cz\u0105c. Zazwyczaj jestem u\u015bmiechni\u0119ty i sypi\u0119 podobno nie\u015bmiesznymi dowcipami (z kt\u00f3rych ka\u017cdy si\u0119 \u015bmieje), jestem pasjonatem surfingu w czym odnios\u0142em drobny sukces wygrywaj\u0105c m\u0142odzie\u017cowe mistrzostwa Polski Rusty Grom Fest. Oleju w g\u0142owie troch\u0119 te\u017c mam, staram si\u0119 zwi\u0119kszy\u0107 sw\u00f3j poziom przez studiowanie Finans\u00f3w i Rachunkowo\u015bci w Szkole G\u0142\u00f3wnej Handlowej w Warszawie. Mi\u0142o\u015bnicy prasy mog\u0105 odnale\u017a\u0107 moje artyku\u0142y w Niezale\u017cnym Miesi\u0119czniku Studenckim &#8220;Magiel&#8221; gdzie szefuj\u0119 dzia\u0142owi Sportu. Jestem tak\u017ce cz\u0142onkiem sekcji narciarskiej AZS SGH, kt\u00f3ra odnosi spore sukcesy w rywalizacji akademickiej. &nbsp; Moje motto: &#8220;Co jak co, ale troch\u0119 sportu musi zawsze by\u0107!&#8221;[\/vc_column_text][\/vc_column][\/vc_row]<\/p>\n","protected":false},"author":6,"featured_media":0,"parent":13,"menu_order":0,"comment_status":"closed","ping_status":"closed","template":"","meta":{"_acf_changed":false,"_mo_disable_npp":"","_vp_format_video_url":"","_vp_image_focal_point":[],"footnotes":""},"class_list":["post-5302","page","type-page","status-publish","hentry"],"acf":[],"aioseo_notices":[],"_links":{"self":[{"href":"https:\/\/deski.org\/en\/wp-json\/wp\/v2\/pages\/5302","targetHints":{"allow":["GET"]}}],"collection":[{"href":"https:\/\/deski.org\/en\/wp-json\/wp\/v2\/pages"}],"about":[{"href":"https:\/\/deski.org\/en\/wp-json\/wp\/v2\/types\/page"}],"author":[{"embeddable":true,"href":"https:\/\/deski.org\/en\/wp-json\/wp\/v2\/users\/6"}],"replies":[{"embeddable":true,"href":"https:\/\/deski.org\/en\/wp-json\/wp\/v2\/comments?post=5302"}],"version-history":[{"count":1,"href":"https:\/\/deski.org\/en\/wp-json\/wp\/v2\/pages\/5302\/revisions"}],"predecessor-version":[{"id":5304,"href":"https:\/\/deski.org\/en\/wp-json\/wp\/v2\/pages\/5302\/revisions\/5304"}],"up":[{"embeddable":true,"href":"https:\/\/deski.org\/en\/wp-json\/wp\/v2\/pages\/13"}],"wp:attachment":[{"href":"https:\/\/deski.org\/en\/wp-json\/wp\/v2\/media?parent=5302"}],"curies":[{"name":"wp","href":"https:\/\/api.w.org\/{rel}","templated":true}]}}