{"id":5307,"date":"2018-10-24T17:40:50","date_gmt":"2018-10-24T17:40:50","guid":{"rendered":"https:\/\/deski.org\/?page_id=5307"},"modified":"2018-10-24T17:43:56","modified_gmt":"2018-10-24T17:43:56","slug":"antek-zalewski","status":"publish","type":"page","link":"https:\/\/deski.org\/en\/narty\/antek-zalewski\/","title":{"rendered":"Antek Zalewski"},"content":{"rendered":"<div class=\"wpb-content-wrapper\"><p>[vc_row][vc_column width=&#8221;1\/2&#8243;]<div class=\"single_image wpb_content_element align-left    \" data-animation=\"none\" data-delay=\"0\"><img loading=\"lazy\" decoding=\"async\" width=\"800\" height=\"533\" src=\"https:\/\/deski.org\/wp-content\/uploads\/2018\/10\/22279891_1569161816456064_5591648429853099992_n.jpg\" class=\"attachment-full\" alt=\"\" title=\"22279891_1569161816456064_5591648429853099992_n\" srcset=\"https:\/\/deski.org\/wp-content\/uploads\/2018\/10\/22279891_1569161816456064_5591648429853099992_n.jpg 800w, https:\/\/deski.org\/wp-content\/uploads\/2018\/10\/22279891_1569161816456064_5591648429853099992_n-300x200.jpg 300w, https:\/\/deski.org\/wp-content\/uploads\/2018\/10\/22279891_1569161816456064_5591648429853099992_n-600x400.jpg 600w, https:\/\/deski.org\/wp-content\/uploads\/2018\/10\/22279891_1569161816456064_5591648429853099992_n-24x16.jpg 24w, https:\/\/deski.org\/wp-content\/uploads\/2018\/10\/22279891_1569161816456064_5591648429853099992_n-36x24.jpg 36w, https:\/\/deski.org\/wp-content\/uploads\/2018\/10\/22279891_1569161816456064_5591648429853099992_n-48x32.jpg 48w\" sizes=\"auto, (max-width: 800px) 100vw, 800px\" \/><\/div>[\/vc_column][vc_column width=&#8221;1\/2&#8243;][vc_column_text]Antek Zalewski ze Starego Mokotowa.<\/p>\n<p>Na nartach je\u017cd\u017c\u0119 od 3 roku \u017cycia, a na rolkach od 7. W <strong>Deskach<\/strong> jestem odpowiedzialny za narciarsk\u0105 grup\u0119 rocznik\u00f3w 2006-2008 oraz za sekcj\u0119 inline alpine. Studiuj\u0119 transport na Politechnice Warszawskiej oraz od 4 lat kieruje sekcj\u0105 narciarsk\u0105 tej uczelni. Na zaj\u0119ciach zawsze przyk\u0142adam du\u017c\u0105 uwag\u0119 do techniki, staram si\u0119 sprawnie manewrowa\u0107 mi\u0119dzy rolkami i nartami i wplata\u0107 mi\u0119dzy siebie elementy techniczne obu sport\u00f3w.<\/p>\n<p>Jestem czo\u0142owym zawodnikiem kadry narodowej inline alpine oraz dwukrotnym mistrzem Polski i S\u0142owacji w tej dyscyplinie. Dwa razy plasowa\u0142em si\u0119 w dziesi\u0105tce zawod\u00f3w Pucharu \u015awiata, a w dotychczas najlepszym sezonie uda\u0142o mi si\u0119 zdoby\u0107 14 miejsce w klasyfikacji generalnej. Ca\u0142y czas pracuj\u0119 konsekwentnie na to, aby w ko\u0144cu zwyci\u0119\u017cy\u0107 w zawodach Pucharu \u015awiata. Uwielbiam t\u0142uc tyki, zim\u0105 nie mog\u0119 si\u0119 doczeka\u0107 lata, latem nie mog\u0119 si\u0119 doczeka\u0107 zimy. Lubi\u0119 Despacito, mielonego z buraczkami, gra\u0107 w bule i pe\u0142en lampion w g\u00f3rach.[\/vc_column_text][\/vc_column][\/vc_row]<\/p>\n<\/div>","protected":false},"excerpt":{"rendered":"<p>[vc_row][vc_column width=&#8221;1\/2&#8243;][\/vc_column][vc_column width=&#8221;1\/2&#8243;][vc_column_text]Antek Zalewski ze Starego Mokotowa. Na nartach je\u017cd\u017c\u0119 od 3 roku \u017cycia, a na rolkach od 7. W Deskach jestem odpowiedzialny za narciarsk\u0105 grup\u0119 rocznik\u00f3w 2006-2008 oraz za sekcj\u0119 inline alpine. Studiuj\u0119 transport na Politechnice Warszawskiej oraz od 4 lat kieruje sekcj\u0105 narciarsk\u0105 tej uczelni. Na zaj\u0119ciach zawsze przyk\u0142adam du\u017c\u0105 uwag\u0119 do techniki, staram si\u0119 sprawnie manewrowa\u0107 mi\u0119dzy rolkami i nartami i wplata\u0107 mi\u0119dzy siebie elementy techniczne obu sport\u00f3w. Jestem czo\u0142owym zawodnikiem kadry narodowej inline alpine oraz dwukrotnym mistrzem Polski i S\u0142owacji w tej dyscyplinie. Dwa razy plasowa\u0142em si\u0119 w dziesi\u0105tce zawod\u00f3w Pucharu \u015awiata, a w dotychczas najlepszym sezonie uda\u0142o mi si\u0119 zdoby\u0107 14 miejsce w klasyfikacji generalnej. Ca\u0142y czas pracuj\u0119 konsekwentnie na to, aby w ko\u0144cu zwyci\u0119\u017cy\u0107 w zawodach Pucharu \u015awiata. Uwielbiam t\u0142uc tyki, zim\u0105 nie mog\u0119 si\u0119 doczeka\u0107 lata, latem nie mog\u0119 si\u0119 doczeka\u0107 zimy. Lubi\u0119 Despacito, mielonego z buraczkami, gra\u0107 w bule i pe\u0142en lampion w g\u00f3rach.[\/vc_column_text][\/vc_column][\/vc_row]<\/p>\n","protected":false},"author":6,"featured_media":0,"parent":13,"menu_order":0,"comment_status":"closed","ping_status":"closed","template":"","meta":{"_acf_changed":false,"_mo_disable_npp":"","_vp_format_video_url":"","_vp_image_focal_point":[],"footnotes":""},"class_list":["post-5307","page","type-page","status-publish","hentry"],"acf":[],"aioseo_notices":[],"_links":{"self":[{"href":"https:\/\/deski.org\/en\/wp-json\/wp\/v2\/pages\/5307","targetHints":{"allow":["GET"]}}],"collection":[{"href":"https:\/\/deski.org\/en\/wp-json\/wp\/v2\/pages"}],"about":[{"href":"https:\/\/deski.org\/en\/wp-json\/wp\/v2\/types\/page"}],"author":[{"embeddable":true,"href":"https:\/\/deski.org\/en\/wp-json\/wp\/v2\/users\/6"}],"replies":[{"embeddable":true,"href":"https:\/\/deski.org\/en\/wp-json\/wp\/v2\/comments?post=5307"}],"version-history":[{"count":3,"href":"https:\/\/deski.org\/en\/wp-json\/wp\/v2\/pages\/5307\/revisions"}],"predecessor-version":[{"id":5311,"href":"https:\/\/deski.org\/en\/wp-json\/wp\/v2\/pages\/5307\/revisions\/5311"}],"up":[{"embeddable":true,"href":"https:\/\/deski.org\/en\/wp-json\/wp\/v2\/pages\/13"}],"wp:attachment":[{"href":"https:\/\/deski.org\/en\/wp-json\/wp\/v2\/media?parent=5307"}],"curies":[{"name":"wp","href":"https:\/\/api.w.org\/{rel}","templated":true}]}}