{"id":5335,"date":"2018-10-29T13:20:33","date_gmt":"2018-10-29T13:20:33","guid":{"rendered":"https:\/\/deski.org\/?page_id=5335"},"modified":"2018-10-29T13:24:30","modified_gmt":"2018-10-29T13:24:30","slug":"tomek-szechniuk","status":"publish","type":"page","link":"https:\/\/deski.org\/en\/narty\/tomek-szechniuk\/","title":{"rendered":"Tomek Szechniuk"},"content":{"rendered":"<div class=\"wpb-content-wrapper\"><p>[vc_row][vc_column width=&#8221;1\/2&#8243;]<div class=\"single_image wpb_content_element align-left    \" data-animation=\"none\" data-delay=\"0\"><img loading=\"lazy\" decoding=\"async\" width=\"755\" height=\"617\" src=\"https:\/\/deski.org\/wp-content\/uploads\/2018\/10\/22555086_1583603721678540_4582915733291720871_n.jpg\" class=\"attachment-full\" alt=\"\" title=\"22555086_1583603721678540_4582915733291720871_n\" srcset=\"https:\/\/deski.org\/wp-content\/uploads\/2018\/10\/22555086_1583603721678540_4582915733291720871_n.jpg 755w, https:\/\/deski.org\/wp-content\/uploads\/2018\/10\/22555086_1583603721678540_4582915733291720871_n-300x245.jpg 300w, https:\/\/deski.org\/wp-content\/uploads\/2018\/10\/22555086_1583603721678540_4582915733291720871_n-24x20.jpg 24w, https:\/\/deski.org\/wp-content\/uploads\/2018\/10\/22555086_1583603721678540_4582915733291720871_n-36x29.jpg 36w, https:\/\/deski.org\/wp-content\/uploads\/2018\/10\/22555086_1583603721678540_4582915733291720871_n-48x39.jpg 48w\" sizes=\"auto, (max-width: 755px) 100vw, 755px\" \/><\/div>[\/vc_column][vc_column width=&#8221;1\/2&#8243;][vc_column_text]Nazywam si\u0119 Tomek Szechniuk, ale wszyscy m\u00f3wi\u0105 na mnie Gap.<br \/>\nW deskach jestem od 1995 instruktorem sportu. Je\u017adzi\u0142em z grup\u0105<br \/>\nsportow\u0105, najpierw z Jankiem Wojtiukiem, potem z Wojtkiem<br \/>\nSzczepanikiem.<br \/>\nPrzez 7 lat pracowa\u0142em w #najlepszabazanap\u00f3\u0142wyspie sprawiaj\u0105c,<br \/>\n\u017ce w bazie nigdy nie by\u0142o nudno, a Bocian mia\u0142 \u015bwi\u0119ty spok \u00f3 j &#8211;<br \/>\nczasami&#8230;<br \/>\nJestem kr \u00f3 lem luzu, ze mn\u0105 wszystkie wyjazdy s\u0105 \u015bmieszne i udane.<br \/>\nNa sta\u0142e pracuj\u0119 w Red Bull&#8217;u przemierzaj\u0105c Polsk\u0119 Chojrakiem.<br \/>\nMoje zainteresowania to:<br \/>\nnarciarstwo, windsurfing, drift, rajdy, motoryzacja i dobra zabawa.[\/vc_column_text][\/vc_column][\/vc_row]<\/p>\n<\/div>","protected":false},"excerpt":{"rendered":"<p>[vc_row][vc_column width=&#8221;1\/2&#8243;][\/vc_column][vc_column width=&#8221;1\/2&#8243;][vc_column_text]Nazywam si\u0119 Tomek Szechniuk, ale wszyscy m\u00f3wi\u0105 na mnie Gap. W deskach jestem od 1995 instruktorem sportu. Je\u017adzi\u0142em z grup\u0105 sportow\u0105, najpierw z Jankiem Wojtiukiem, potem z Wojtkiem Szczepanikiem. Przez 7 lat pracowa\u0142em w #najlepszabazanap\u00f3\u0142wyspie sprawiaj\u0105c, \u017ce w bazie nigdy nie by\u0142o nudno, a Bocian mia\u0142 \u015bwi\u0119ty spok \u00f3 j &#8211; czasami&#8230; Jestem kr \u00f3 lem luzu, ze mn\u0105 wszystkie wyjazdy s\u0105 \u015bmieszne i udane. Na sta\u0142e pracuj\u0119 w Red Bull&#8217;u przemierzaj\u0105c Polsk\u0119 Chojrakiem. Moje zainteresowania to: narciarstwo, windsurfing, drift, rajdy, motoryzacja i dobra zabawa.[\/vc_column_text][\/vc_column][\/vc_row]<\/p>\n","protected":false},"author":6,"featured_media":0,"parent":13,"menu_order":0,"comment_status":"closed","ping_status":"closed","template":"","meta":{"_acf_changed":false,"_mo_disable_npp":"","_vp_format_video_url":"","_vp_image_focal_point":[],"footnotes":""},"class_list":["post-5335","page","type-page","status-publish","hentry"],"acf":[],"aioseo_notices":[],"_links":{"self":[{"href":"https:\/\/deski.org\/en\/wp-json\/wp\/v2\/pages\/5335","targetHints":{"allow":["GET"]}}],"collection":[{"href":"https:\/\/deski.org\/en\/wp-json\/wp\/v2\/pages"}],"about":[{"href":"https:\/\/deski.org\/en\/wp-json\/wp\/v2\/types\/page"}],"author":[{"embeddable":true,"href":"https:\/\/deski.org\/en\/wp-json\/wp\/v2\/users\/6"}],"replies":[{"embeddable":true,"href":"https:\/\/deski.org\/en\/wp-json\/wp\/v2\/comments?post=5335"}],"version-history":[{"count":3,"href":"https:\/\/deski.org\/en\/wp-json\/wp\/v2\/pages\/5335\/revisions"}],"predecessor-version":[{"id":5339,"href":"https:\/\/deski.org\/en\/wp-json\/wp\/v2\/pages\/5335\/revisions\/5339"}],"up":[{"embeddable":true,"href":"https:\/\/deski.org\/en\/wp-json\/wp\/v2\/pages\/13"}],"wp:attachment":[{"href":"https:\/\/deski.org\/en\/wp-json\/wp\/v2\/media?parent=5335"}],"curies":[{"name":"wp","href":"https:\/\/api.w.org\/{rel}","templated":true}]}}