{"id":5356,"date":"2018-10-29T14:12:25","date_gmt":"2018-10-29T14:12:25","guid":{"rendered":"https:\/\/deski.org\/?page_id=5356"},"modified":"2018-10-29T14:15:28","modified_gmt":"2018-10-29T14:15:28","slug":"ola-fabisiewicz","status":"publish","type":"page","link":"https:\/\/deski.org\/en\/narty\/ola-fabisiewicz\/","title":{"rendered":"Ola Fabisiewicz"},"content":{"rendered":"<div class=\"wpb-content-wrapper\"><p>[vc_row][vc_column width=&#8221;1\/2&#8243;]<div class=\"single_image wpb_content_element align-left    \" data-animation=\"none\" data-delay=\"0\"><img loading=\"lazy\" decoding=\"async\" width=\"613\" height=\"409\" src=\"https:\/\/deski.org\/wp-content\/uploads\/2018\/10\/23755314_1613128938726018_8870904963490789808_n.jpg\" class=\"attachment-full\" alt=\"\" title=\"23755314_1613128938726018_8870904963490789808_n\" srcset=\"https:\/\/deski.org\/wp-content\/uploads\/2018\/10\/23755314_1613128938726018_8870904963490789808_n.jpg 613w, https:\/\/deski.org\/wp-content\/uploads\/2018\/10\/23755314_1613128938726018_8870904963490789808_n-300x200.jpg 300w, https:\/\/deski.org\/wp-content\/uploads\/2018\/10\/23755314_1613128938726018_8870904963490789808_n-600x400.jpg 600w, https:\/\/deski.org\/wp-content\/uploads\/2018\/10\/23755314_1613128938726018_8870904963490789808_n-24x16.jpg 24w, https:\/\/deski.org\/wp-content\/uploads\/2018\/10\/23755314_1613128938726018_8870904963490789808_n-36x24.jpg 36w, https:\/\/deski.org\/wp-content\/uploads\/2018\/10\/23755314_1613128938726018_8870904963490789808_n-48x32.jpg 48w\" sizes=\"auto, (max-width: 613px) 100vw, 613px\" \/><\/div>[\/vc_column][vc_column width=&#8221;1\/2&#8243;][vc_column_text]Nazywam si\u0119 Ola Fabisiewicz. W Deskach jestem od dziecka &#8211; by\u0142am<br \/>\nna niezliczonych obozach i treningach, a tak\u017ce startowa\u0142am w<br \/>\nzawodach Pucharu Polski. Od kilku lat jestem instruktorem, obecnie<br \/>\nzajmuj\u0119 si\u0119 g\u0142\u00f3wnie prowadzeniem sobotnich trening\u00f3w dla dzieci.<br \/>\nNa co dzie\u0144 mam do czynienia z analiz\u0105 danych, natomiast w<br \/>\nwolnych chwilach lubi\u0119 ta\u0144czy\u0107 sals\u0119 i zwiedza\u0107 nowe miejsca. W<br \/>\nlecie uwielbiam je\u017adzi\u0107 na rowerze, windsurfing i w\u0119dr\u00f3wki po<br \/>\ng\u00f3rach, a w zimie oczywi\u015bcie narty i bieg\u00f3wki.[\/vc_column_text][\/vc_column][\/vc_row]<\/p>\n<\/div>","protected":false},"excerpt":{"rendered":"<p>[vc_row][vc_column width=&#8221;1\/2&#8243;][\/vc_column][vc_column width=&#8221;1\/2&#8243;][vc_column_text]Nazywam si\u0119 Ola Fabisiewicz. W Deskach jestem od dziecka &#8211; by\u0142am na niezliczonych obozach i treningach, a tak\u017ce startowa\u0142am w zawodach Pucharu Polski. Od kilku lat jestem instruktorem, obecnie zajmuj\u0119 si\u0119 g\u0142\u00f3wnie prowadzeniem sobotnich trening\u00f3w dla dzieci. Na co dzie\u0144 mam do czynienia z analiz\u0105 danych, natomiast w wolnych chwilach lubi\u0119 ta\u0144czy\u0107 sals\u0119 i zwiedza\u0107 nowe miejsca. W lecie uwielbiam je\u017adzi\u0107 na rowerze, windsurfing i w\u0119dr\u00f3wki po g\u00f3rach, a w zimie oczywi\u015bcie narty i bieg\u00f3wki.[\/vc_column_text][\/vc_column][\/vc_row]<\/p>\n","protected":false},"author":6,"featured_media":0,"parent":13,"menu_order":0,"comment_status":"closed","ping_status":"closed","template":"","meta":{"_acf_changed":false,"_mo_disable_npp":"","_vp_format_video_url":"","_vp_image_focal_point":[],"footnotes":""},"class_list":["post-5356","page","type-page","status-publish","hentry"],"acf":[],"aioseo_notices":[],"_links":{"self":[{"href":"https:\/\/deski.org\/en\/wp-json\/wp\/v2\/pages\/5356","targetHints":{"allow":["GET"]}}],"collection":[{"href":"https:\/\/deski.org\/en\/wp-json\/wp\/v2\/pages"}],"about":[{"href":"https:\/\/deski.org\/en\/wp-json\/wp\/v2\/types\/page"}],"author":[{"embeddable":true,"href":"https:\/\/deski.org\/en\/wp-json\/wp\/v2\/users\/6"}],"replies":[{"embeddable":true,"href":"https:\/\/deski.org\/en\/wp-json\/wp\/v2\/comments?post=5356"}],"version-history":[{"count":3,"href":"https:\/\/deski.org\/en\/wp-json\/wp\/v2\/pages\/5356\/revisions"}],"predecessor-version":[{"id":5360,"href":"https:\/\/deski.org\/en\/wp-json\/wp\/v2\/pages\/5356\/revisions\/5360"}],"up":[{"embeddable":true,"href":"https:\/\/deski.org\/en\/wp-json\/wp\/v2\/pages\/13"}],"wp:attachment":[{"href":"https:\/\/deski.org\/en\/wp-json\/wp\/v2\/media?parent=5356"}],"curies":[{"name":"wp","href":"https:\/\/api.w.org\/{rel}","templated":true}]}}