{"id":5369,"date":"2018-11-03T09:29:31","date_gmt":"2018-11-03T09:29:31","guid":{"rendered":"https:\/\/deski.org\/?page_id=5369"},"modified":"2018-11-03T10:01:58","modified_gmt":"2018-11-03T10:01:58","slug":"oboz-narciarsko-snowboardowy-nassfeld-4","status":"publish","type":"page","link":"https:\/\/deski.org\/en\/oboz-narciarsko-snowboardowy-nassfeld-4\/","title":{"rendered":"ob\u00f3z narciarsko-snowboardowy Nassfeld #4"},"content":{"rendered":"<div class=\"wpb-content-wrapper\"><p>[vc_row][vc_column width=&#8221;1\/1&#8243;]<div class=\"spacer\" style=\"height: 40px;\"><\/div>[rev_slider_vc alias=&#8221;jugendsport&#8221;][vc_column_text]<strong>Termin: 08.02 &#8211; 16.02.2019 r.<\/strong><\/p>\n<p><strong>Zakwaterowanie: Jugendsporthotel Leitner w miejscowo\u015bci Troepolach<\/strong><\/p>\n<p>JUGENDSPORTHOTEL LEITNER po\u0142o\u017cony w miejscowo\u015bci Troepolach, 500 m od o\u015brodka narciarskiego. Do dyspozycji go\u015bci s\u0105 pokoje 6 osobowe ( \u0142\u00f3\u017cka pi\u0119trowe) z \u0142azienkami\/ WC i z balkonem. W ka\u017cdym pokoju znajduje si\u0119 st\u00f3\u0142 i miejsce do siedzenia. Posi\u0142ki ( \u015bniadanie, obiad, kolacja) serwowane w jadalni w formie bufetu. Na stoku znajduje si\u0119 chatka z ciep\u0142ymi napojami (w cenie). Na terenie Jugendsporthotel Leitner znajduj\u0105 si\u0119 3 boiska og\u00f3lnosportowe ( pi\u0142ka no\u017cna, koszyk\u00f3wka, pi\u0142ka r\u0119czna, itp.), sala kinowa, pi\u0142karzyki, ping pong, bilard, sala z rzutnikiem do wieczornej videonalizy oraz 3 hotelowe dyskoteki. Dost\u0119p do Wi-Fi.<\/p>\n<hr \/>\n<p><strong>O\u015brodek narciarski Nassfeld w Austrii<\/strong><br \/>\nHermagor-Nassfeld jest najbardziej \u015bnie\u017cnym regionem Alp Wschodnich. Arena narciarska Nassfeld to najwi\u0119kszy i najnowocze\u015bniejszy teren narciarski Karyntii z 30 wyci\u0105gami i ponad 110 kilometrami nartostrad o r\u00f3\u017cnym stopniu trudno\u015bci. Region wyr\u00f3\u017cnia si\u0119 nowoczesn\u0105 architektur\u0105. W\u0142a\u015bnie tutaj znajdziecie najd\u0142u\u017csz\u0105 i najszybsz\u0105 kolejk\u0119 gondolow\u0105 w Alpach &#8211; Millenium Express &#8211; licz\u0105ca ponad 6 km d\u0142ugo\u015bci.<br \/>\nTutejsze trasy zjazdowe s\u0105 szerokie, prowadz\u0105 przez bezdrzewne obszary (na wysoko\u015bciach 600-2020 m n.p.m.) i najlepiej nadaj\u0105 si\u0119 dla \u015brednio zaawansowanych narciarzy. W o\u015brodku czeka ponadto 100 km tras biegowych, o\u015bwietlone tory saneczkowe, szlaki w\u0119drowne, lodowiska i wiele innych atrakcji.<br \/>\nO\u015brodek jest miejscem bardzo przyjaznym dzieciom. Opr\u00f3cz przedszkoli i szk\u00f3\u0142ek narciarskich dla najm\u0142odszych przygotowano te\u017c specjalne wyci\u0105gi i ogrodzone tereny przystosowane do nauki jazdy. R\u00f3wnie\u017c znajduj\u0105 si\u0119 tereny do freeride\u2019u, snowpark, i trasy \u201cski movie\u201d.<\/p>\n<p><strong>Orientacyjny program dnia na obozie:<br \/>\n<\/strong>7.30 &#8211; pobudka,<br \/>\n8.00 &#8211; 8.30 &#8211; \u015bniadanie,<br \/>\n9.00 &#8211; wyjazd do stacji narciarskiej,<br \/>\n9.15 &#8211; 12.00 &#8211; szkolenie narciarskie,<br \/>\n12.00 &#8211; 13.00 &#8211; przerwa na lunch,<br \/>\n13.00 &#8211; 15.15 &#8211; szkolenie narciarskie,<br \/>\n16.15 &#8211; 17.45 &#8211; zaj\u0119cia zorganizowane,<br \/>\n18.30 &#8211; obiadokolacja,<br \/>\n19.30 &#8211; 20.30 &#8211; przygotowanie sprz\u0119tu i ekwipunku na dzie\u0144 nast\u0119pny, podsumowanie dnia,<br \/>\n21.30 &#8211; 7.30 &#8211; cisza nocna.<\/p>\n<hr \/>\n<p><strong>Cena:<\/strong><br \/>\n3 290 z\u0142 dzieci z rocznik\u00f3w 2010-2004<br \/>\n3 190 z\u0142 cz\u0142onkowie klubu (2010-2004)<br \/>\n3 420 z\u0142 dzieci z rocznik\u00f3w 2003-2001<br \/>\n3 320 z\u0142 cz\u0142onkowie klubu (2003-2001)<\/p>\n<p><strong>Zni\u017cka dla rodze\u0144stw \u2013 50 z\u0142\/dziecko\/ ob\u00f3z<\/strong><\/p>\n<p><strong>Cena wyjazdu zawiera:<\/strong><br \/>\n&#8211; zakwaterowanie: Jugendsporthotel Leitner w miejscowo\u015bci Troepolach<br \/>\n&#8211; wy\u017cywienie: 3 posi\u0142ki dziennie (\u015bniadanie, obiad, kolacja)<br \/>\n&#8211; 6-dniowy karnet narciarski<br \/>\n&#8211; opiek\u0119 i szkolenie (trenerzy i instruktorzy WTS DeSki)<br \/>\n&#8211; ubezpieczenie (KL, NNW, OC)<\/p>\n<p>* Uwaga: cena\u00a0wyjazdu mo\u017ce ulec zmianie przy wzro\u015bcie kursu euro ponad 4,50 z\u0142.<\/p>\n<p><strong>Warunki p\u0142atno\u015bci:<\/strong><br \/>\n1 500 z\u0142 \u2013 zaliczka (od osoby) p\u0142atna w momencie zapisu na ob\u00f3z, pozosta\u0142a kwota p\u0142atna najp\u00f3\u017aniej na 21 przed rozpocz\u0119ciem obozu.<br \/>\nFormalno\u015bci: przes\u0142a\u0107 do biura WTS DeSki formularz zg\u0142oszeniowy[\/vc_column_text][\/vc_column][\/vc_row][vc_row][vc_column width=&#8221;1\/1&#8243;]<div class=\"spacer\" style=\"height: 30px;\"><\/div><div class=\"single_image wpb_content_element align-left    \" data-animation=\"none\" data-delay=\"0\"><img loading=\"lazy\" decoding=\"async\" width=\"1024\" height=\"175\" src=\"https:\/\/deski.org\/wp-content\/uploads\/2016\/02\/pasek-oboz-zapisz-sie.jpg\" class=\"attachment-full\" alt=\"\" title=\"pasek oboz zapisz sie\" srcset=\"https:\/\/deski.org\/wp-content\/uploads\/2016\/02\/pasek-oboz-zapisz-sie.jpg 1024w, https:\/\/deski.org\/wp-content\/uploads\/2016\/02\/pasek-oboz-zapisz-sie-300x51.jpg 300w, https:\/\/deski.org\/wp-content\/uploads\/2016\/02\/pasek-oboz-zapisz-sie-768x131.jpg 768w\" sizes=\"auto, (max-width: 1024px) 100vw, 1024px\" \/><\/div>[vc_column_text]<p class=\"wpcf7-contact-form-not-found\"><strong>Error:<\/strong> Contact form not found.<\/p>[\/vc_column_text][\/vc_column][\/vc_row][vc_row][vc_column width=&#8221;1\/3&#8243;]<a href=\"https:\/\/deski.org\/wp-content\/uploads\/2016\/08\/2013_regulamin_narty_snowboard.pdf\" target=\"_blank\" class=\"button color-3 full \" style=\"border-radius: 2px;\"><i class='fa sl-emoticon-smile'><\/i>REGULAMIN OBOZ\u00d3W &#8211; pdf<\/a>[\/vc_column][vc_column width=&#8221;1\/3&#8243;]<a href=\"https:\/\/deski.org\/wp-content\/uploads\/2016\/03\/karta-obozowa.pdf\" target=\"_blank\" class=\"button color-3 full \" style=\"border-radius: 2px;\"><i class='fa sl-pencil'><\/i>KARTA OBOZOWA &#8211; pdf<\/a>[\/vc_column][vc_column width=&#8221;1\/3&#8243;]<a href=\"https:\/\/deski.org\/wp-content\/uploads\/2016\/08\/lista-rzeczy-do-zabrania-narty.pdf\" target=\"_blank\" class=\"button color-3 full \" style=\"border-radius: 2px;\"><i class='fa sl-list'><\/i>CO ZABRA\u0106 ZE SOB\u0104 &#8211; pdf<\/a>[\/vc_column][\/vc_row][vc_row][vc_column width=&#8221;1\/1&#8243;]<div class=\"spacer\" style=\"height: 40px;\"><\/div>[\/vc_column][\/vc_row][vc_row type=&#8221;full_width_section&#8221;][vc_column width=&#8221;1\/1&#8243;]<div class=\"single_image wpb_content_element align-left    \" data-animation=\"none\" data-delay=\"0\"><img loading=\"lazy\" decoding=\"async\" width=\"1024\" height=\"86\" src=\"https:\/\/deski.org\/wp-content\/uploads\/2016\/02\/pasek-oboz-zaliczka3.jpg\" class=\"attachment-full\" alt=\"\" title=\"pasek oboz zaliczka3\" srcset=\"https:\/\/deski.org\/wp-content\/uploads\/2016\/02\/pasek-oboz-zaliczka3.jpg 1024w, https:\/\/deski.org\/wp-content\/uploads\/2016\/02\/pasek-oboz-zaliczka3-300x25.jpg 300w, https:\/\/deski.org\/wp-content\/uploads\/2016\/02\/pasek-oboz-zaliczka3-768x64.jpg 768w\" sizes=\"auto, (max-width: 1024px) 100vw, 1024px\" \/><\/div>[\/vc_column][\/vc_row]<\/p>\n<\/div>","protected":false},"excerpt":{"rendered":"<p>[vc_row][vc_column width=&#8221;1\/1&#8243;][rev_slider_vc alias=&#8221;jugendsport&#8221;][vc_column_text]Termin: 08.02 &#8211; 16.02.2019 r. Zakwaterowanie: Jugendsporthotel Leitner w miejscowo\u015bci Troepolach JUGENDSPORTHOTEL LEITNER po\u0142o\u017cony w miejscowo\u015bci Troepolach, 500 m od o\u015brodka narciarskiego. Do dyspozycji go\u015bci s\u0105 pokoje 6 osobowe ( \u0142\u00f3\u017cka pi\u0119trowe) z \u0142azienkami\/ WC i z balkonem. W ka\u017cdym pokoju znajduje si\u0119 st\u00f3\u0142 i miejsce do siedzenia. Posi\u0142ki ( \u015bniadanie, obiad, kolacja) serwowane w jadalni w formie bufetu. Na stoku znajduje si\u0119 chatka z ciep\u0142ymi napojami (w cenie). Na terenie Jugendsporthotel Leitner znajduj\u0105 si\u0119 3 boiska og\u00f3lnosportowe ( pi\u0142ka no\u017cna, koszyk\u00f3wka, pi\u0142ka r\u0119czna, itp.), sala kinowa, pi\u0142karzyki, ping pong, bilard, sala z rzutnikiem do wieczornej videonalizy oraz 3 hotelowe dyskoteki. Dost\u0119p do Wi-Fi. O\u015brodek narciarski Nassfeld w Austrii Hermagor-Nassfeld jest najbardziej \u015bnie\u017cnym regionem Alp Wschodnich. Arena narciarska Nassfeld to najwi\u0119kszy i najnowocze\u015bniejszy teren narciarski Karyntii z 30 wyci\u0105gami i ponad 110 kilometrami nartostrad o r\u00f3\u017cnym stopniu trudno\u015bci. Region wyr\u00f3\u017cnia si\u0119 nowoczesn\u0105 architektur\u0105. W\u0142a\u015bnie tutaj znajdziecie najd\u0142u\u017csz\u0105 i najszybsz\u0105 kolejk\u0119 gondolow\u0105 w Alpach &#8211; Millenium Express &#8211; licz\u0105ca ponad 6 km d\u0142ugo\u015bci. Tutejsze trasy zjazdowe s\u0105 szerokie, prowadz\u0105 przez bezdrzewne obszary (na wysoko\u015bciach 600-2020 m n.p.m.) i najlepiej nadaj\u0105 si\u0119 dla \u015brednio zaawansowanych narciarzy. W o\u015brodku czeka ponadto 100 km tras biegowych, o\u015bwietlone tory saneczkowe, szlaki w\u0119drowne, lodowiska [&hellip;]<\/p>\n","protected":false},"author":6,"featured_media":0,"parent":0,"menu_order":0,"comment_status":"closed","ping_status":"closed","template":"","meta":{"_acf_changed":false,"_mo_disable_npp":"","_vp_format_video_url":"","_vp_image_focal_point":[],"footnotes":""},"class_list":["post-5369","page","type-page","status-publish","hentry"],"acf":[],"aioseo_notices":[],"_links":{"self":[{"href":"https:\/\/deski.org\/en\/wp-json\/wp\/v2\/pages\/5369","targetHints":{"allow":["GET"]}}],"collection":[{"href":"https:\/\/deski.org\/en\/wp-json\/wp\/v2\/pages"}],"about":[{"href":"https:\/\/deski.org\/en\/wp-json\/wp\/v2\/types\/page"}],"author":[{"embeddable":true,"href":"https:\/\/deski.org\/en\/wp-json\/wp\/v2\/users\/6"}],"replies":[{"embeddable":true,"href":"https:\/\/deski.org\/en\/wp-json\/wp\/v2\/comments?post=5369"}],"version-history":[{"count":6,"href":"https:\/\/deski.org\/en\/wp-json\/wp\/v2\/pages\/5369\/revisions"}],"predecessor-version":[{"id":5380,"href":"https:\/\/deski.org\/en\/wp-json\/wp\/v2\/pages\/5369\/revisions\/5380"}],"wp:attachment":[{"href":"https:\/\/deski.org\/en\/wp-json\/wp\/v2\/media?parent=5369"}],"curies":[{"name":"wp","href":"https:\/\/api.w.org\/{rel}","templated":true}]}}