{"id":5549,"date":"2018-12-12T14:46:13","date_gmt":"2018-12-12T14:46:13","guid":{"rendered":"https:\/\/deski.org\/?page_id=5549"},"modified":"2018-12-12T14:48:32","modified_gmt":"2018-12-12T14:48:32","slug":"piotr-molasy","status":"publish","type":"page","link":"https:\/\/deski.org\/en\/narty\/piotr-molasy\/","title":{"rendered":"Piotr Molasy"},"content":{"rendered":"<div class=\"wpb-content-wrapper\"><p>[vc_row][vc_column width=&#8221;1\/2&#8243;]<div class=\"single_image wpb_content_element align-left    \" data-animation=\"none\" data-delay=\"0\"><img loading=\"lazy\" decoding=\"async\" width=\"757\" height=\"568\" src=\"https:\/\/deski.org\/wp-content\/uploads\/2018\/12\/piotr-molasy.jpg\" class=\"attachment-full\" alt=\"\" title=\"piotr molasy\" srcset=\"https:\/\/deski.org\/wp-content\/uploads\/2018\/12\/piotr-molasy.jpg 757w, https:\/\/deski.org\/wp-content\/uploads\/2018\/12\/piotr-molasy-300x225.jpg 300w, https:\/\/deski.org\/wp-content\/uploads\/2018\/12\/piotr-molasy-24x18.jpg 24w, https:\/\/deski.org\/wp-content\/uploads\/2018\/12\/piotr-molasy-36x27.jpg 36w, https:\/\/deski.org\/wp-content\/uploads\/2018\/12\/piotr-molasy-48x36.jpg 48w\" sizes=\"auto, (max-width: 757px) 100vw, 757px\" \/><\/div>[\/vc_column][vc_column width=&#8221;1\/2&#8243;][vc_column_text]W DeSkach od 2017 r. jest kierownikiem sekcji przygotowania motorycznego.<\/p>\n<p>Trener przygotowania motorycznego, za\u0142o\u017cyciel <a href=\"https:\/\/deski.org\/trening-indywidualny\/\" target=\"_blank\" rel=\"noopener\">PROS \u2013<\/a><br \/>\ncentrum przygotowania motorycznego, absolwent Akademii Wychowania<br \/>\nFizycznego w Warszawie.<br \/>\nW pracy kieruje si\u0119 komplementarnym podej\u015bciem do treningu oraz<br \/>\ndzia\u0142aniami opartymi na badaniach naukowych, a tak\u017ce wieloletnich<br \/>\ndo\u015bwiadczeniach w pracy ze sportowcami. W swojej karierze zawodowej<br \/>\npracowa\u0142 z tenisistami, zawodnikami brazylijskiego jiu jitsu,<br \/>\nmarato\u0144czykami oraz zespo\u0142ami pi\u0142ki siatkowej i pi\u0142ki no\u017cnej.<br \/>\nWykorzystuj\u0105c wieloletnie do\u015bwiadczenie sportowe, czerpie wzorce z wielu<br \/>\ndyscyplin sportowych. Ka\u017cd\u0105 jednostk\u0119 treningow\u0105 programuje w<br \/>\nnajmniejszych szczeg\u00f3\u0142ach, bo to szczeg\u00f3\u0142y decyduj\u0105 o przysz\u0142ym sukcesie.<br \/>\nZdoby\u0142 wicemistrzostwo w Polskiej Lidze Futbolu Ameryka\u0144skiego w<br \/>\nodmianie 8-osobowej.[\/vc_column_text][\/vc_column][\/vc_row]<\/p>\n<\/div>","protected":false},"excerpt":{"rendered":"<p>[vc_row][vc_column width=&#8221;1\/2&#8243;][\/vc_column][vc_column width=&#8221;1\/2&#8243;][vc_column_text]W DeSkach od 2017 r. jest kierownikiem sekcji przygotowania motorycznego. Trener przygotowania motorycznego, za\u0142o\u017cyciel PROS \u2013 centrum przygotowania motorycznego, absolwent Akademii Wychowania Fizycznego w Warszawie. W pracy kieruje si\u0119 komplementarnym podej\u015bciem do treningu oraz dzia\u0142aniami opartymi na badaniach naukowych, a tak\u017ce wieloletnich do\u015bwiadczeniach w pracy ze sportowcami. W swojej karierze zawodowej pracowa\u0142 z tenisistami, zawodnikami brazylijskiego jiu jitsu, marato\u0144czykami oraz zespo\u0142ami pi\u0142ki siatkowej i pi\u0142ki no\u017cnej. Wykorzystuj\u0105c wieloletnie do\u015bwiadczenie sportowe, czerpie wzorce z wielu dyscyplin sportowych. Ka\u017cd\u0105 jednostk\u0119 treningow\u0105 programuje w najmniejszych szczeg\u00f3\u0142ach, bo to szczeg\u00f3\u0142y decyduj\u0105 o przysz\u0142ym sukcesie. Zdoby\u0142 wicemistrzostwo w Polskiej Lidze Futbolu Ameryka\u0144skiego w odmianie 8-osobowej.[\/vc_column_text][\/vc_column][\/vc_row]<\/p>\n","protected":false},"author":6,"featured_media":0,"parent":13,"menu_order":0,"comment_status":"closed","ping_status":"closed","template":"","meta":{"_acf_changed":false,"_mo_disable_npp":"","_vp_format_video_url":"","_vp_image_focal_point":[],"footnotes":""},"class_list":["post-5549","page","type-page","status-publish","hentry"],"acf":[],"aioseo_notices":[],"_links":{"self":[{"href":"https:\/\/deski.org\/en\/wp-json\/wp\/v2\/pages\/5549","targetHints":{"allow":["GET"]}}],"collection":[{"href":"https:\/\/deski.org\/en\/wp-json\/wp\/v2\/pages"}],"about":[{"href":"https:\/\/deski.org\/en\/wp-json\/wp\/v2\/types\/page"}],"author":[{"embeddable":true,"href":"https:\/\/deski.org\/en\/wp-json\/wp\/v2\/users\/6"}],"replies":[{"embeddable":true,"href":"https:\/\/deski.org\/en\/wp-json\/wp\/v2\/comments?post=5549"}],"version-history":[{"count":3,"href":"https:\/\/deski.org\/en\/wp-json\/wp\/v2\/pages\/5549\/revisions"}],"predecessor-version":[{"id":5553,"href":"https:\/\/deski.org\/en\/wp-json\/wp\/v2\/pages\/5549\/revisions\/5553"}],"up":[{"embeddable":true,"href":"https:\/\/deski.org\/en\/wp-json\/wp\/v2\/pages\/13"}],"wp:attachment":[{"href":"https:\/\/deski.org\/en\/wp-json\/wp\/v2\/media?parent=5549"}],"curies":[{"name":"wp","href":"https:\/\/api.w.org\/{rel}","templated":true}]}}