{"id":5569,"date":"2018-12-12T21:06:24","date_gmt":"2018-12-12T21:06:24","guid":{"rendered":"https:\/\/deski.org\/?page_id=5569"},"modified":"2019-01-11T14:04:50","modified_gmt":"2019-01-11T14:04:50","slug":"natalia-krzywda","status":"publish","type":"page","link":"https:\/\/deski.org\/en\/snowboard\/natalia-krzywda\/","title":{"rendered":"Natalia Krzywda"},"content":{"rendered":"<div class=\"wpb-content-wrapper\"><p>[vc_row][vc_column width=&#8221;1\/2&#8243;]<div class=\"single_image wpb_content_element align-left    \" data-animation=\"none\" data-delay=\"0\"><img loading=\"lazy\" decoding=\"async\" width=\"746\" height=\"960\" src=\"https:\/\/deski.org\/wp-content\/uploads\/2019\/01\/NATALIA-KRZYWDA1.jpg\" class=\"attachment-full\" alt=\"\" title=\"NATALIA KRZYWDA1\" srcset=\"https:\/\/deski.org\/wp-content\/uploads\/2019\/01\/NATALIA-KRZYWDA1.jpg 746w, https:\/\/deski.org\/wp-content\/uploads\/2019\/01\/NATALIA-KRZYWDA1-233x300.jpg 233w, https:\/\/deski.org\/wp-content\/uploads\/2019\/01\/NATALIA-KRZYWDA1-19x24.jpg 19w, https:\/\/deski.org\/wp-content\/uploads\/2019\/01\/NATALIA-KRZYWDA1-28x36.jpg 28w, https:\/\/deski.org\/wp-content\/uploads\/2019\/01\/NATALIA-KRZYWDA1-37x48.jpg 37w\" sizes=\"auto, (max-width: 746px) 100vw, 746px\" \/><\/div>[\/vc_column][vc_column width=&#8221;1\/2&#8243;][vc_column_text]Swoj\u0105 przygod\u0119 z klubem Deski zacz\u0119\u0142am jako kursantka na letnich obozach windsurfingowych w #najlepszabazanapolwyspie, gdzie po kilku latach r\u00f3wnie\u017c pracowa\u0142am. W mi\u0119dzyczasie zmieni\u0142am narty na snowboard i zacz\u0119\u0142am te\u017c bra\u0107 udzia\u0142 w zimowych wyjazdach Desek. Trenowa\u0142am pod okiem Marcina Bociana w pierwszym roku istnienia sekcji snowboardowej, kt\u00f3r\u0105 teraz mam przyjemno\u015b\u0107 ni\u0105 kierowa\u0107. Uda\u0142o mi si\u0119 wtedy wywalczy\u0107 m.in. 3-cie miejsce na zawodach Pucharu Polski w snowboardcrossie. Poza \u201eparapetem\u201d moj\u0105 najwi\u0119ksz\u0105 pasj\u0105 jest windsurfing i ca\u0142e wakacje sp\u0119dzam poza Polsk\u0105 szkol\u0105c \ud83d\ude09 Uda\u0142o mi si\u0119 nawet zaj\u0105\u0107 2-gie i 3-cie miejsce na King of Hell, czyli Mistrzostwach Polski we freestyle windsurfingu.<\/p>\n<p>Moi podopieczni nie musz\u0105 si\u0119 jednak martwi\u0107, poniewa\u017c w szkolenie na obu deskach wk\u0142adam tyle samo serca i energii \ud83d\ude42 Na co dzie\u0144 studiuj\u0119 weterynari\u0119 na SGGW w Warszawie. Mam te\u017c psa \u2013 Shak\u0119, kt\u00f3ra towarzyszy mi we wszystkich moich podr\u00f3\u017cach, bliskich i dalekich ;)[\/vc_column_text][\/vc_column][\/vc_row]<\/p>\n<\/div>","protected":false},"excerpt":{"rendered":"<p>[vc_row][vc_column width=&#8221;1\/2&#8243;][\/vc_column][vc_column width=&#8221;1\/2&#8243;][vc_column_text]Swoj\u0105 przygod\u0119 z klubem Deski zacz\u0119\u0142am jako kursantka na letnich obozach windsurfingowych w #najlepszabazanapolwyspie, gdzie po kilku latach r\u00f3wnie\u017c pracowa\u0142am. W mi\u0119dzyczasie zmieni\u0142am narty na snowboard i zacz\u0119\u0142am te\u017c bra\u0107 udzia\u0142 w zimowych wyjazdach Desek. Trenowa\u0142am pod okiem Marcina Bociana w pierwszym roku istnienia sekcji snowboardowej, kt\u00f3r\u0105 teraz mam przyjemno\u015b\u0107 ni\u0105 kierowa\u0107. Uda\u0142o mi si\u0119 wtedy wywalczy\u0107 m.in. 3-cie miejsce na zawodach Pucharu Polski w snowboardcrossie. Poza \u201eparapetem\u201d moj\u0105 najwi\u0119ksz\u0105 pasj\u0105 jest windsurfing i ca\u0142e wakacje sp\u0119dzam poza Polsk\u0105 szkol\u0105c \ud83d\ude09 Uda\u0142o mi si\u0119 nawet zaj\u0105\u0107 2-gie i 3-cie miejsce na King of Hell, czyli Mistrzostwach Polski we freestyle windsurfingu. Moi podopieczni nie musz\u0105 si\u0119 jednak martwi\u0107, poniewa\u017c w szkolenie na obu deskach wk\u0142adam tyle samo serca i energii \ud83d\ude42 Na co dzie\u0144 studiuj\u0119 weterynari\u0119 na SGGW w Warszawie. Mam te\u017c psa \u2013 Shak\u0119, kt\u00f3ra towarzyszy mi we wszystkich moich podr\u00f3\u017cach, bliskich i dalekich ;)[\/vc_column_text][\/vc_column][\/vc_row]<\/p>\n","protected":false},"author":6,"featured_media":0,"parent":15,"menu_order":0,"comment_status":"closed","ping_status":"closed","template":"","meta":{"_acf_changed":false,"_mo_disable_npp":"","_vp_format_video_url":"","_vp_image_focal_point":[],"footnotes":""},"class_list":["post-5569","page","type-page","status-publish","hentry"],"acf":[],"aioseo_notices":[],"_links":{"self":[{"href":"https:\/\/deski.org\/en\/wp-json\/wp\/v2\/pages\/5569","targetHints":{"allow":["GET"]}}],"collection":[{"href":"https:\/\/deski.org\/en\/wp-json\/wp\/v2\/pages"}],"about":[{"href":"https:\/\/deski.org\/en\/wp-json\/wp\/v2\/types\/page"}],"author":[{"embeddable":true,"href":"https:\/\/deski.org\/en\/wp-json\/wp\/v2\/users\/6"}],"replies":[{"embeddable":true,"href":"https:\/\/deski.org\/en\/wp-json\/wp\/v2\/comments?post=5569"}],"version-history":[{"count":4,"href":"https:\/\/deski.org\/en\/wp-json\/wp\/v2\/pages\/5569\/revisions"}],"predecessor-version":[{"id":5734,"href":"https:\/\/deski.org\/en\/wp-json\/wp\/v2\/pages\/5569\/revisions\/5734"}],"up":[{"embeddable":true,"href":"https:\/\/deski.org\/en\/wp-json\/wp\/v2\/pages\/15"}],"wp:attachment":[{"href":"https:\/\/deski.org\/en\/wp-json\/wp\/v2\/media?parent=5569"}],"curies":[{"name":"wp","href":"https:\/\/api.w.org\/{rel}","templated":true}]}}