{"id":5681,"date":"2018-12-19T13:10:28","date_gmt":"2018-12-19T13:10:28","guid":{"rendered":"https:\/\/deski.org\/?page_id=5681"},"modified":"2023-08-03T13:49:58","modified_gmt":"2023-08-03T13:49:58","slug":"polkolonie-tenisowe-ferie","status":"publish","type":"page","link":"https:\/\/deski.org\/en\/tenis\/polkolonie-tenisowe-ferie\/","title":{"rendered":"P\u00f3\u0142kolonie tenisowe Ferie"},"content":{"rendered":"<div class=\"wpb-content-wrapper\"><p>[vc_row][vc_column width=&#8221;1\/6&#8243;][\/vc_column][vc_column width=&#8221;2\/3&#8243;][vc_raw_html]JTVCbWV0YXNsaWRlciUyMGlkJTNEJTIyODU5MyUyMiU1RA==[\/vc_raw_html][\/vc_column][vc_column width=&#8221;1\/6&#8243;][\/vc_column][\/vc_row][vc_row][vc_column width=&#8221;1\/1&#8243;]<div class=\"spacer\" style=\"height: 40px;\"><\/div>[vc_column_text]<strong>UWAGA! ZAPISY WSTRZYMANE<\/strong><\/p>\n<p>P\u00f3\u0142kolonie dedykowane s\u0105 dzieciom w wieku od 6-12 roku \u017cycia.<\/p>\n<p><strong>TERMIN:<\/strong><br \/>\n11-15.01.2021 r<br \/>\nZaj\u0119cia poniedzia\u0142ek- pi\u0105tek od 8:00 do 16:00<\/p>\n<p><strong>MIEJSCE:<br \/>\n<\/strong>ul. Zaruskiego 8, Warszawa<br \/>\n<strong><br \/>\nPROGRAM DNIA:<\/strong><br \/>\n8:00 \u2013 8:30 zbi\u00f3rka w klubie<br \/>\n8:30 \u2013 9:00 \u015bniadanie<br \/>\n9:00 \u2013 10:30 tenis, gry dru\u017cynowe<br \/>\n10:30 \u2013 12:30 dodatkowe atrakcje<br \/>\n12:30 \u2013 13:30 obiad<br \/>\n13:30 \u2013 15:00 filmy\/ gry planszowe\/ sjesta<br \/>\n15:00 \u2013 16:00 tenis<br \/>\n16:00 \u2013 odbi\u00f3r dzieci przez rodzic\u00f3w<\/p>\n<p>*Z\u00a0racji r\u00f3\u017cnych grup wiekowych i umiej\u0119tno\u015bci dzieci, istnieje mo\u017cliwo\u015b\u0107 ma\u0142ych modyfikacji planu p\u00f3\u0142kolonii.<\/p>\n<p><strong>CODZIENNE AKTYWNO\u015aCI:<\/strong><br \/>\n\u2013 zaj\u0119cia tenisowe 2h<br \/>\n\u2013 gry dru\u017cynowe: pi\u0142ka no\u017cna, r\u0119czna, unihokej<br \/>\n\u2013 zabawy integracyjne<br \/>\n\u2013 pokazy chemiczne<br \/>\n\u2013 warsztaty plastyczne (tworzenie myde\u0142, \u015bwiec itp.)<br \/>\n\u2013 archerygames strzelanie \u0142ukami statyczne i w rozgrywkach terenowych<br \/>\n\u2013 bubble football\/ bumper ball<br \/>\n\u2013 gry i zabawy w terenie<br \/>\n\u2013\u00a0stretching<\/p>\n<p>*Z powodu obecnej sytuacji pandemicznej zastrzegamy sobie prawo do zmian dodatkowych aktywno\u015bci.<\/p>\n<p><strong>CENA : 990 z\u0142 \u00a0\u00a0<\/strong><br \/>\nZaliczka\u00a0<u>600\u00a0<\/u>z\u0142 (stanowi potwierdzenie rezerwacji miejsca)<br \/>\nDop\u0142ata\u00a0<u>390<\/u>\u00a0z\u0142<\/p>\n<p><strong>Zni\u017cka dla rodze\u0144stw 30 z\u0142\/os.\u00a0<\/strong><\/p>\n<p><strong>CENA OBEJMUJE:<\/strong><br \/>\n<strong>\u2013\u00a0<\/strong>ubezpieczenie<br \/>\n\u2013 treningi sportowe<br \/>\n\u2013 wst\u0119p na obiekty: kort tenisowy, sal\u0119 fitness<br \/>\n\u2013 opiek\u0119 trenersk\u0105<br \/>\n\u2013 \u015bniadanie<br \/>\n\u2013 obiad<br \/>\n\u2013 podwieczorek<br \/>\n\u2013 wypo\u017cyczenie rakiet tenisowych (je\u015bli uczestnik nie posiada swojej)<\/p>\n<p><strong>LISTA RZECZY DO ZABRANIA:<\/strong><br \/>\n\u2013\u00a0kurtka, czapka, spodnie narciarskie, r\u0119kawiczki, skarpetki<strong><br \/>\n<\/strong>\u2013 spodnie dresowe i bluza<br \/>\n\u2013 spodenki i t-shirt<br \/>\n\u2013 rakieta tenisowa \u2013 je\u017celi\u00a0dziecko\u00a0posiada<br \/>\n\u2013 woda do picia\/ bidon<br \/>\n\u2013 obuwie sportowe 2 pary (na kort i w teren)<\/p>\n<p>[\/vc_column_text][\/vc_column][\/vc_row]<\/p>\n<\/div>","protected":false},"excerpt":{"rendered":"<p>[vc_row][vc_column width=&#8221;1\/6&#8243;][\/vc_column][vc_column width=&#8221;2\/3&#8243;][vc_raw_html]JTVCbWV0YXNsaWRlciUyMGlkJTNEJTIyODU5MyUyMiU1RA==[\/vc_raw_html][\/vc_column][vc_column width=&#8221;1\/6&#8243;][\/vc_column][\/vc_row][vc_row][vc_column width=&#8221;1\/1&#8243;][vc_column_text]UWAGA! ZAPISY WSTRZYMANE P\u00f3\u0142kolonie dedykowane s\u0105 dzieciom w wieku od 6-12 roku \u017cycia. TERMIN: 11-15.01.2021 r Zaj\u0119cia poniedzia\u0142ek- pi\u0105tek od 8:00 do 16:00 MIEJSCE: ul. Zaruskiego 8, Warszawa PROGRAM DNIA: 8:00 \u2013 8:30 zbi\u00f3rka w klubie 8:30 \u2013 9:00 \u015bniadanie 9:00 \u2013 10:30 tenis, gry dru\u017cynowe 10:30 \u2013 12:30 dodatkowe atrakcje 12:30 \u2013 13:30 obiad 13:30 \u2013 15:00 filmy\/ gry planszowe\/ sjesta 15:00 \u2013 16:00 tenis 16:00 \u2013 odbi\u00f3r dzieci przez rodzic\u00f3w *Z\u00a0racji r\u00f3\u017cnych grup wiekowych i umiej\u0119tno\u015bci dzieci, istnieje mo\u017cliwo\u015b\u0107 ma\u0142ych modyfikacji planu p\u00f3\u0142kolonii. CODZIENNE AKTYWNO\u015aCI: \u2013 zaj\u0119cia tenisowe 2h \u2013 gry dru\u017cynowe: pi\u0142ka no\u017cna, r\u0119czna, unihokej \u2013 zabawy integracyjne \u2013 pokazy chemiczne \u2013 warsztaty plastyczne (tworzenie myde\u0142, \u015bwiec itp.) \u2013 archerygames strzelanie \u0142ukami statyczne i w rozgrywkach terenowych \u2013 bubble football\/ bumper ball \u2013 gry i zabawy w terenie \u2013\u00a0stretching *Z powodu obecnej sytuacji pandemicznej zastrzegamy sobie prawo do zmian dodatkowych aktywno\u015bci. CENA : 990 z\u0142 \u00a0\u00a0 Zaliczka\u00a0600\u00a0z\u0142 (stanowi potwierdzenie rezerwacji miejsca) Dop\u0142ata\u00a0390\u00a0z\u0142 Zni\u017cka dla rodze\u0144stw 30 z\u0142\/os.\u00a0 CENA OBEJMUJE: \u2013\u00a0ubezpieczenie \u2013 treningi sportowe \u2013 wst\u0119p na obiekty: kort tenisowy, sal\u0119 fitness \u2013 opiek\u0119 trenersk\u0105 \u2013 \u015bniadanie \u2013 obiad \u2013 podwieczorek \u2013 wypo\u017cyczenie rakiet tenisowych (je\u015bli uczestnik nie posiada swojej) LISTA RZECZY DO ZABRANIA: [&hellip;]<\/p>\n","protected":false},"author":6,"featured_media":0,"parent":17,"menu_order":0,"comment_status":"closed","ping_status":"closed","template":"","meta":{"_acf_changed":false,"_mo_disable_npp":"","_vp_format_video_url":"","_vp_image_focal_point":[],"footnotes":""},"class_list":["post-5681","page","type-page","status-publish","hentry"],"acf":[],"aioseo_notices":[],"_links":{"self":[{"href":"https:\/\/deski.org\/en\/wp-json\/wp\/v2\/pages\/5681","targetHints":{"allow":["GET"]}}],"collection":[{"href":"https:\/\/deski.org\/en\/wp-json\/wp\/v2\/pages"}],"about":[{"href":"https:\/\/deski.org\/en\/wp-json\/wp\/v2\/types\/page"}],"author":[{"embeddable":true,"href":"https:\/\/deski.org\/en\/wp-json\/wp\/v2\/users\/6"}],"replies":[{"embeddable":true,"href":"https:\/\/deski.org\/en\/wp-json\/wp\/v2\/comments?post=5681"}],"version-history":[{"count":24,"href":"https:\/\/deski.org\/en\/wp-json\/wp\/v2\/pages\/5681\/revisions"}],"predecessor-version":[{"id":19231,"href":"https:\/\/deski.org\/en\/wp-json\/wp\/v2\/pages\/5681\/revisions\/19231"}],"up":[{"embeddable":true,"href":"https:\/\/deski.org\/en\/wp-json\/wp\/v2\/pages\/17"}],"wp:attachment":[{"href":"https:\/\/deski.org\/en\/wp-json\/wp\/v2\/media?parent=5681"}],"curies":[{"name":"wp","href":"https:\/\/api.w.org\/{rel}","templated":true}]}}