{"id":6049,"date":"2019-02-28T14:39:49","date_gmt":"2019-02-28T14:39:49","guid":{"rendered":"https:\/\/deski.org\/?page_id=6049"},"modified":"2020-03-10T16:28:46","modified_gmt":"2020-03-10T16:28:46","slug":"tenisowa-majowka","status":"publish","type":"page","link":"https:\/\/deski.org\/en\/tenis\/tenisowa-majowka\/","title":{"rendered":"Tenisowa Maj\u00f3wka 2020"},"content":{"rendered":"<div class=\"wpb-content-wrapper\"><p>[vc_row][vc_column width=&#8221;1\/1&#8243;][vc_row_inner][vc_column_inner width=&#8221;1\/6&#8243;][\/vc_column_inner][vc_column_inner width=&#8221;2\/3&#8243;][vc_column_text][rev_slider alias=&#8221;tenisowa majowka&#8221;][\/vc_column_text][\/vc_column_inner][vc_column_inner width=&#8221;1\/6&#8243;][\/vc_column_inner][\/vc_row_inner][vc_column_text]<strong>Termin: 26.04- 03.05.2020<\/strong><\/p>\n<p>UPDATE: Uwaga! Zapraszamy r\u00f3wnie\u017c rodzic\u00f3w!<\/p>\n<p>Serdecznie zapraszamy na kolejny wyjazd z cyklu &#8221; Tenisowa maj\u00f3wka by DeSki&#8221; tym razem na Krecie \ud83d\ude42<\/p>\n<p>Program wyjazdu zak\u0142ada:<\/p>\n<ul>\n<li><strong>2 treningi tenisowe po 1,5 h dziennie plus ewentualne sparingi oraz turniej na zako\u0144czenie obozu;<\/strong><\/li>\n<li><strong>2 treningi og\u00f3lnorozwojowe dziennie po 1h, z czego przynajmniej jeden specjalistyczny- ukierunkowany tenisowo;<\/strong><br \/>\nCzas pomi\u0119dzy treningami: p\u0142ywanie, backhand z freesbe , pi\u0142ka no\u017cna pla\u017cowa lub inna,\u00a0 ca\u0142y czas na sportowo.<\/li>\n<\/ul>\n<p><strong>Kadra:<\/strong> Sebastian Tomaszewski, Piotr Michorowski<\/p>\n<p>Wyjazd przeznaczony jest dla dzieci i m\u0142odzie\u017cy w wieku 9-17 lat, tj. urodzonych w latach 2002-2010.<br \/>\nIlo\u015b\u0107 miejsc jest ograniczona (16).<br \/>\nPierwsze\u0144stwo rezerwacji posiadaj\u0105 uczestnicy grup sportowych i szk\u00f3\u0142ek tenisowych WTS DeSki.<br \/>\nSzczeg\u00f3\u0142owych informacji udzielaj\u0105 trenerzy pod nr :<br \/>\n<a href=\"tel:+48501%20025%20574\">+48501 025 574<\/a><\/p>\n<p><strong>Koszt:<\/strong><\/p>\n<p>Pok\u00f3j 4-osobowy: 3500 z\u0142<br \/>\nPok\u00f3j 2-osobowy: 3650 z\u0142<\/p>\n<p>Cena zawiera:<\/p>\n<p>* bilet lotniczy, op\u0142at\u0119 lotniskow\u0105, ubezpieczenie lotnicze,\u00a0 * zakwaterowanie w wybranym hotelu 4*,<br \/>\n* wy\u017cywienie All Incl. wed\u0142ug opisu hotelu, * transfer lotnisko \u2013 hotel \u2013 lotnisko,<br \/>\n* opiek\u0119 polskoj\u0119zycznego rezydenta,\u00a0 * ubezpieczenie KL, NW, baga\u017c w &#8220;EUROPEJSKIE&#8221;,<br \/>\n* podatek VAT, opiek\u0119 trenersk\u0105 i szkolenie<br \/>\n* rezerwacj\u0119 2 kort\u00f3w tenisowych<\/p>\n<p><strong>Miejsce:<\/strong> ANNABELLE BEACH RESORT- Kreta<\/p>\n<p><strong>Wy\u017cywienie: All Inclusive<\/strong><\/p>\n<p><strong>JAK SI\u0118 ZAPISA\u0106???<\/strong><\/p>\n<p>Wp\u0142aci\u0107 zaliczk\u0119 1500pln ( lub ca\u0142o\u015b\u0107) na konto WTS lub osobi\u015bcie w biurze. O rezerwacji miejsca decyduje kolejno\u015b\u0107 wp\u0142at !!<\/p>\n<p>Uwaga! Nale\u017cy posiada\u0107 dokument to\u017csamo\u015bci wa\u017cny minimum 40 dni od daty wyjazdu.<\/p>\n<p>Gor\u0105co zapraszamy do wsp\u00f3lnego wyjazdu.[\/vc_column_text]<div class=\"spacer\" style=\"height: 10px;\"><\/div>[\/vc_column][\/vc_row][vc_row][vc_column width=&#8221;1\/2&#8243;]<a href=\"https:\/\/deski.org\/wp-content\/uploads\/2019\/03\/Regulamin-oboz\u00f3w-tenisowych-organizowanych-przez-Warszawskie-Towarzystwo-Sportowe-DeSki.pdf\" target=\"_blank\" class=\"button color-3 full \" style=\"border-radius: 2px;\"><i class='fa sl-emoticon-smile'><\/i>REGULAMIN OBOZ\u00d3W &#8211; pdf<\/a>[\/vc_column][vc_column width=&#8221;1\/2&#8243;]<a href=\"https:\/\/deski.org\/wp-content\/uploads\/2018\/06\/karta_uczestnika_-wypoczynku-2018.pdf\" target=\"_blank\" class=\"button color-3 full \" style=\"border-radius: 2px;\"><i class='fa sl-pencil'><\/i>KARTA OBOZOWA &#8211; pdf<\/a>[\/vc_column][\/vc_row][vc_row][vc_column width=&#8221;1\/1&#8243;]<div class=\"spacer\" style=\"height: 40px;\"><\/div>[\/vc_column][\/vc_row][vc_row type=&#8221;full_width_section&#8221;][vc_column width=&#8221;1\/1&#8243;]<div class=\"single_image wpb_content_element align-left    \" data-animation=\"none\" data-delay=\"0\"><img loading=\"lazy\" decoding=\"async\" width=\"1024\" height=\"86\" src=\"https:\/\/deski.org\/wp-content\/uploads\/2016\/02\/pasek-oboz-zaliczka3.jpg\" class=\"attachment-full\" alt=\"\" title=\"pasek oboz zaliczka3\" srcset=\"https:\/\/deski.org\/wp-content\/uploads\/2016\/02\/pasek-oboz-zaliczka3.jpg 1024w, https:\/\/deski.org\/wp-content\/uploads\/2016\/02\/pasek-oboz-zaliczka3-300x25.jpg 300w, https:\/\/deski.org\/wp-content\/uploads\/2016\/02\/pasek-oboz-zaliczka3-768x64.jpg 768w\" sizes=\"auto, (max-width: 1024px) 100vw, 1024px\" \/><\/div>[\/vc_column][\/vc_row]<\/p>\n<\/div>","protected":false},"excerpt":{"rendered":"<p>[vc_row][vc_column width=&#8221;1\/1&#8243;][vc_row_inner][vc_column_inner width=&#8221;1\/6&#8243;][\/vc_column_inner][vc_column_inner width=&#8221;2\/3&#8243;][vc_column_text][rev_slider alias=&#8221;tenisowa majowka&#8221;][\/vc_column_text][\/vc_column_inner][vc_column_inner width=&#8221;1\/6&#8243;][\/vc_column_inner][\/vc_row_inner][vc_column_text]Termin: 26.04- 03.05.2020 UPDATE: Uwaga! Zapraszamy r\u00f3wnie\u017c rodzic\u00f3w! Serdecznie zapraszamy na kolejny wyjazd z cyklu &#8221; Tenisowa maj\u00f3wka by DeSki&#8221; tym razem na Krecie \ud83d\ude42 Program wyjazdu zak\u0142ada: 2 treningi tenisowe po 1,5 h dziennie plus ewentualne sparingi oraz turniej na zako\u0144czenie obozu; 2 treningi og\u00f3lnorozwojowe dziennie po 1h, z czego przynajmniej jeden specjalistyczny- ukierunkowany tenisowo; Czas pomi\u0119dzy treningami: p\u0142ywanie, backhand z freesbe , pi\u0142ka no\u017cna pla\u017cowa lub inna,\u00a0 ca\u0142y czas na sportowo. Kadra: Sebastian Tomaszewski, Piotr Michorowski Wyjazd przeznaczony jest dla dzieci i m\u0142odzie\u017cy w wieku 9-17 lat, tj. urodzonych w latach 2002-2010. Ilo\u015b\u0107 miejsc jest ograniczona (16). Pierwsze\u0144stwo rezerwacji posiadaj\u0105 uczestnicy grup sportowych i szk\u00f3\u0142ek tenisowych WTS DeSki. Szczeg\u00f3\u0142owych informacji udzielaj\u0105 trenerzy pod nr : +48501 025 574 Koszt: Pok\u00f3j 4-osobowy: 3500 z\u0142 Pok\u00f3j 2-osobowy: 3650 z\u0142 Cena zawiera: * bilet lotniczy, op\u0142at\u0119 lotniskow\u0105, ubezpieczenie lotnicze,\u00a0 * zakwaterowanie w wybranym hotelu 4*, * wy\u017cywienie All Incl. wed\u0142ug opisu hotelu, * transfer lotnisko \u2013 hotel \u2013 lotnisko, * opiek\u0119 polskoj\u0119zycznego rezydenta,\u00a0 * ubezpieczenie KL, NW, baga\u017c w &#8220;EUROPEJSKIE&#8221;, * podatek VAT, opiek\u0119 trenersk\u0105 i szkolenie * rezerwacj\u0119 2 kort\u00f3w tenisowych Miejsce: ANNABELLE BEACH RESORT- Kreta Wy\u017cywienie: All Inclusive JAK SI\u0118 ZAPISA\u0106??? Wp\u0142aci\u0107 zaliczk\u0119 [&hellip;]<\/p>\n","protected":false},"author":6,"featured_media":0,"parent":17,"menu_order":0,"comment_status":"closed","ping_status":"closed","template":"","meta":{"_acf_changed":false,"_mo_disable_npp":"","_vp_format_video_url":"","_vp_image_focal_point":[],"footnotes":""},"class_list":["post-6049","page","type-page","status-publish","hentry"],"acf":[],"aioseo_notices":[],"_links":{"self":[{"href":"https:\/\/deski.org\/en\/wp-json\/wp\/v2\/pages\/6049","targetHints":{"allow":["GET"]}}],"collection":[{"href":"https:\/\/deski.org\/en\/wp-json\/wp\/v2\/pages"}],"about":[{"href":"https:\/\/deski.org\/en\/wp-json\/wp\/v2\/types\/page"}],"author":[{"embeddable":true,"href":"https:\/\/deski.org\/en\/wp-json\/wp\/v2\/users\/6"}],"replies":[{"embeddable":true,"href":"https:\/\/deski.org\/en\/wp-json\/wp\/v2\/comments?post=6049"}],"version-history":[{"count":32,"href":"https:\/\/deski.org\/en\/wp-json\/wp\/v2\/pages\/6049\/revisions"}],"predecessor-version":[{"id":7303,"href":"https:\/\/deski.org\/en\/wp-json\/wp\/v2\/pages\/6049\/revisions\/7303"}],"up":[{"embeddable":true,"href":"https:\/\/deski.org\/en\/wp-json\/wp\/v2\/pages\/17"}],"wp:attachment":[{"href":"https:\/\/deski.org\/en\/wp-json\/wp\/v2\/media?parent=6049"}],"curies":[{"name":"wp","href":"https:\/\/api.w.org\/{rel}","templated":true}]}}