{"id":7654,"date":"2020-08-08T10:46:49","date_gmt":"2020-08-08T10:46:49","guid":{"rendered":"https:\/\/deski.org\/?page_id=7654"},"modified":"2020-08-08T10:46:49","modified_gmt":"2020-08-08T10:46:49","slug":"zgoda-marketingowa","status":"publish","type":"page","link":"https:\/\/deski.org\/en\/zgoda-marketingowa\/","title":{"rendered":"Zgoda marketingowa"},"content":{"rendered":"<p><span class=\"wpcf7-list-item-label\">Wyra\u017cam zgod\u0119 na przetwarzanie moich danych osobowych, w celu wysy\u0142ania informacji handlowych drog\u0105 elektroniczn\u0105 przez Stowarzyszenie Warszawskie Towarzystwo Sportowe DeSki zgodnie z europejskim rozporz\u0105dzeniem o ochronie danych osobowych z dnia 27 kwietnia 2016 r. (Dz. Urz. UE L nr 119, str. 1) oraz ustaw\u0105 z dnia 18 lipca 2002 r. o \u015bwiadczeniu us\u0142ug drog\u0105 elektroniczn\u0105 (Dz.U. 2002 nr 144 poz. 1204z zm.) R\u00f3wnocze\u015bnie o\u015bwiadczam, \u017ce poinformowano mnie o tym, \u017ce podanie moich danych osobowych jest dobrowolne, oraz o przys\u0142uguj\u0105cych mi prawach w tym w szczeg\u00f3lno\u015bci do dost\u0119pu do danych osobowych, sprostowania danych osobowych, usuni\u0119cia danych osobowych, ograniczenia przetwarzania danych osobowych, przeniesienia danych osobowych, wniesienia skargi do organu ochrony danych osobowych, cofni\u0119cia w ka\u017cdym czasie zgody bez podania przyczyny oraz bez wp\u0142ywu na przetwarzanie, kt\u00f3rego dokonano na podstawie zgody przed jej cofni\u0119ciem, a ponad to do sprzeciwu wobec przetwarzania danych.<\/span><\/p>\n","protected":false},"excerpt":{"rendered":"<p>Wyra\u017cam zgod\u0119 na przetwarzanie moich danych osobowych, w celu wysy\u0142ania informacji handlowych drog\u0105 elektroniczn\u0105 przez Stowarzyszenie Warszawskie Towarzystwo Sportowe DeSki zgodnie z europejskim rozporz\u0105dzeniem o ochronie danych osobowych z dnia 27 kwietnia 2016 r. (Dz. Urz. UE L nr 119, str. 1) oraz ustaw\u0105 z dnia 18 lipca 2002 r. o \u015bwiadczeniu us\u0142ug drog\u0105 elektroniczn\u0105 (Dz.U. 2002 nr 144 poz. 1204z zm.) R\u00f3wnocze\u015bnie o\u015bwiadczam, \u017ce poinformowano mnie o tym, \u017ce podanie moich danych osobowych jest dobrowolne, oraz o przys\u0142uguj\u0105cych mi prawach w tym w szczeg\u00f3lno\u015bci do dost\u0119pu do danych osobowych, sprostowania danych osobowych, usuni\u0119cia danych osobowych, ograniczenia przetwarzania danych osobowych, przeniesienia danych osobowych, wniesienia skargi do organu ochrony danych osobowych, cofni\u0119cia w ka\u017cdym czasie zgody bez podania przyczyny oraz bez wp\u0142ywu na przetwarzanie, kt\u00f3rego dokonano na podstawie zgody przed jej cofni\u0119ciem, a ponad to do sprzeciwu wobec przetwarzania danych.<\/p>\n","protected":false},"author":6,"featured_media":0,"parent":0,"menu_order":0,"comment_status":"closed","ping_status":"closed","template":"","meta":{"_acf_changed":false,"_mo_disable_npp":"","_vp_format_video_url":"","_vp_image_focal_point":[],"footnotes":""},"class_list":["post-7654","page","type-page","status-publish","hentry"],"acf":[],"aioseo_notices":[],"_links":{"self":[{"href":"https:\/\/deski.org\/en\/wp-json\/wp\/v2\/pages\/7654","targetHints":{"allow":["GET"]}}],"collection":[{"href":"https:\/\/deski.org\/en\/wp-json\/wp\/v2\/pages"}],"about":[{"href":"https:\/\/deski.org\/en\/wp-json\/wp\/v2\/types\/page"}],"author":[{"embeddable":true,"href":"https:\/\/deski.org\/en\/wp-json\/wp\/v2\/users\/6"}],"replies":[{"embeddable":true,"href":"https:\/\/deski.org\/en\/wp-json\/wp\/v2\/comments?post=7654"}],"version-history":[{"count":1,"href":"https:\/\/deski.org\/en\/wp-json\/wp\/v2\/pages\/7654\/revisions"}],"predecessor-version":[{"id":7655,"href":"https:\/\/deski.org\/en\/wp-json\/wp\/v2\/pages\/7654\/revisions\/7655"}],"wp:attachment":[{"href":"https:\/\/deski.org\/en\/wp-json\/wp\/v2\/media?parent=7654"}],"curies":[{"name":"wp","href":"https:\/\/api.w.org\/{rel}","templated":true}]}}