{"id":8075,"date":"2020-09-18T13:24:40","date_gmt":"2020-09-18T13:24:40","guid":{"rendered":"https:\/\/deski.org\/?page_id=8075"},"modified":"2021-11-04T08:41:22","modified_gmt":"2021-11-04T08:41:22","slug":"freeski-la-grave","status":"publish","type":"page","link":"https:\/\/deski.org\/en\/obozy-narciarskie\/freeski-la-grave\/","title":{"rendered":"FREESKI La Grave #1"},"content":{"rendered":"<div class=\"wpb-content-wrapper\"><p>[vc_row][vc_column width=&#8221;1\/6&#8243;][\/vc_column][vc_column width=&#8221;2\/3&#8243;][vc_raw_html]JTVCbWV0YXNsaWRlciUyMGlkJTNEJTIyODI1OSUyMiU1RA==[\/vc_raw_html][\/vc_column][vc_column width=&#8221;1\/6&#8243;][\/vc_column][\/vc_row][vc_row][vc_column width=&#8221;1\/1&#8243;]<div class=\"spacer\" style=\"height: 40px;\"><\/div>[vc_column_text]Termin: <strong>12.03 &#8211; 19.03.2022<\/strong><br \/>\nWyjazd dla os\u00f3b pe\u0142noletnich bardzo dobrze je\u017cd\u017c\u0105cych, posiadaj\u0105cych co najmniej tatrza\u0144skie do\u015bwiadczenie w je\u017cd\u017ceniu na nartach poza trasami.<\/p>\n<p>Op\u0142ata: <strong>4 550 z\u0142<\/strong><\/p>\n<p>Cena zawiera:<\/p>\n<ul>\n<li>zakwaterowanie i wy\u017cywienie (\u015bniadania i obiadokolacje)<\/li>\n<li>transport na miejscu (odbi\u00f3r\/dow\u00f3z Grenoble , lotniska Grenoble i Lyon)<\/li>\n<li style=\"text-align: left;\">6 dni narciarstwa, w tym 4 dni z miejscowymi przewodnikami<\/li>\n<\/ul>\n<p>Dodatkowo:<\/p>\n<ul>\n<li>Dojazd w\u0142asny<\/li>\n<li>Ubezpieczenie we w\u0142asnym zakresie (Sugerowane ubezpieczenie ALPEN VERRIEN lub PZU BEZPIECZNY POWR\u00d3T)<\/li>\n<li>Karnety narciarskie (ok 300 euro\/tydzie\u0144)<\/li>\n<\/ul>\n<p>2 000 z\u0142 \u2013 zaliczka (od osoby) p\u0142atna w momencie zapisu na ob\u00f3z, pozosta\u0142a kwota p\u0142atna najp\u00f3\u017aniej na 30 dni przed rozpocz\u0119ciem obozu.<\/p>\n<p><strong>Zakwaterowanie:<\/strong><br \/>\nLa Grave to ma\u0142a \u015bredniowieczna wioska zupe\u0142nie r\u00f3\u017cnica si\u0119 klimatem i wygl\u0105dem od typowego francuskiego kurortu. G\u0142\u00f3wnym punktem na mapie wioski jest oczywi\u015bcie dolna stacja kolejki. Obydwa miejsca w kt\u00f3rym \u015bpimy znajduj\u0105 si\u0119 3 minuty pieszo od tego kluczowego miejsca.<\/p>\n<p><strong>Gite le Rocher<\/strong><br \/>\nPierwszy budynek za tabliczka \u201eLa Grave\u201d. Miejsce bardzo charakterystyczne i nie chodzi o kszta\u0142t budynku tylko to jak go\u015bcie si\u0119 czuj\u0105 w \u015brodku, a czuj\u0105 si\u0119 jak rodzina. My\u015bl\u0119 ze miejsce nale\u017cy okre\u015bli\u0107 jako po\u0142\u0105czenie schroniska g\u00f3rskiego i hostelu w francuskim stylu. Tutaj \u015bpi cz\u0119\u015b\u0107 grupy oraz tutaj jemy \u015bniadania i obiadokolacje. Czasem odbywaj\u0105 si\u0119 tu kameralne koncerty a czasem po prostu po \u015bwietnym obiedzie siedzi si\u0119 do p\u00f3\u017anych godzin przy kieliszku czerwonego wina. Kto nie by\u0142 nigdy w Gite le Rocher nie by\u0142 nigdy w La Grave!<br \/>\nwww.gite-lerocher.fr<\/p>\n<p><strong>Program wyjazdu:<\/strong><br \/>\n6 dni narciarstwa w tym 4 dni z miejscowymi przewodnikami ivbv. 2 dni przeznaczone s\u0105 na opcjonalny odpoczynek lub jazd\u0119 na nartach w jednym z o\u015brodk\u00f3w obok (La Chazalet, Sierre Chevalier, Les 2 Alps, Alp 2 Huez). Standardowy dzie\u0144 w La Grave to \u015bniadanie 7:30. O 9:00 rusza pierwsza kolejka do g\u00f3ry. Zale\u017cnie od warunk\u00f3w atmosferycznych oraz zagro\u017cenia lawinowego przewodnicy podejmuj\u0105 decyzje na program dnia (tak\u017ce to jaki sprz\u0119t zabra\u0107 narty freeridowe\/narty ski turowe+foki, raki,czekan). W La Grave cz\u0119sto je\u017adzi si\u0119 powy\u017cej 3000 m npm a klasyczne zjazdy (tzw.\u201droad run\u201d) to cz\u0119sto 2400 m r\u00f3\u017cnicy wzniesie\u0144 bez przerwy \u2013 dlatego dwa dni przeznaczone s\u0105 na nieco mniej m\u0119cz\u0105ce cele. Narty zdejmujemy z n\u00f3g oko\u0142o 16 -wtedy tez spotykamy si\u0119 na klasyczny Apr\u00e8s Ski pod hotelem Castilian. Zastanawiacie si\u0119 czy Marzec to dobry miesi\u0105c na freeride ? Marzec to miesi\u0105c w kt\u00f3rym dni s\u0142oneczne mieszaj\u0105 si\u0119 z tymi z \u015bwie\u017cym opadem. To miesi\u0105c kiedy p\u00f3\u0142nocne stoki La Meji, kryj\u0105 puch w \u017clebach i kiedy zachodz\u0105ce s\u0142o\u0144ce ogrzewa ekipy przyjaci\u00f3\u0142 wznosz\u0105cych toast, za kolejny udany dzie\u0144 przed hotelem Castilan. Piwo smakuje tam lepiej. Poza narciarstwem czekaj\u0105 nas r\u00f3wnie\u017c wizyta w najlepszej restauracji w La Grave, jam session na kt\u00f3rym miejscowi zapraszaj\u0105 do mikrofonu ka\u017cdego niezale\u017cnie od j\u0119zyka w kt\u00f3rym \u015bpiewa oraz tradycyjna pi\u0105tkowa impreza w barze k2 przy muzyce na \u017cywo.<\/p>\n<p><strong>Obowi\u0105zkowe wyposa\u017cenie uczestnika:<\/strong><\/p>\n<ul>\n<li>Narty skitour \/ freeride lub splitboard z fokami<\/li>\n<li>Kijki<\/li>\n<li>ABC lawinowe \/ plecak lawinowy(opcjonalnie)<\/li>\n<li>Buty narciarskie z opcj\u0105 walk<\/li>\n<li>Kask<\/li>\n<li>Plecak z mo\u017cliwo\u015bci\u0105 przytroczenia nart<\/li>\n<li>Raki, czekan (dziabka), uprz\u0105\u017c<\/li>\n<li>Czo\u0142\u00f3wka<\/li>\n<li>Okulary przeciws\u0142oneczne g\u00f3rskie + gogle<\/li>\n<li>2 pary r\u0119kawiczek<\/li>\n<li>Odzie\u017c termiczna (trzeba ubiera\u0107 si\u0119 na \u201ccebulk\u0119\u201d)<\/li>\n<li>Sugerowane ubezpieczenie ALPEN VERRIEN lub PZU BEZPIECZNY POWR\u00d3T<\/li>\n<\/ul>\n<p><strong>Prowadz\u0105cy:<\/strong> Witold \u0141aszek[\/vc_column_text][vc_raw_html]JTNDc2NyaXB0JTIwc3JjJTNEJTIyaHR0cHMlM0ElMkYlMkZkZXNraS5za2FsZW8ucGwlMkZ3cC1jb250ZW50JTJGdGhlbWVzJTJGc2thbGVvJTJGanMlMkZpZnJhbWVSZXNpemVyLm1pbi5qcyUzRnYlM0QxLjclMjIlM0UlM0MlMkZzY3JpcHQlM0UlM0NpZnJhbWUlMjBjbGFzcyUzRCUyMnNrYWxlby1pZnJhbWUlMjIlMjBpZCUzRCUyMmlGcmFtZVNrYWxlbzgxOCUyMiUyMHNyYyUzRCUyMmh0dHBzJTNBJTJGJTJGZGVza2kuc2thbGVvLnBsJTJGd3lqYXpkeSUyRmZyZWVza2ktbGEtZ3JhdmUtMTItMDMtMTktMDMtMjAyMiUyRiUzRnJlZ2lzdHJhdGlvbiUzRHBvcHVwJTI2c2luZ2xlc19vbmx5JTNEZmFsc2UlMjIlMjAlMjBzdHlsZSUzRCUyMndpZHRoJTNBMXB4JTNCJTIwbWluLXdpZHRoJTNBJTIwMTAwJTI1JTNCbWF4LXdpZHRoJTNBJTIwMTAwJTI1JTNCJTIwYm9yZGVyJTNBbm9uZSUzQiUyMG1hcmdpbiUzQTAlM0IlMjBwYWRkaW5nJTNBMCUzQiUyMG92ZXJmbG93JTNBaGlkZGVuJTNCJTIyJTNFJTNDJTJGaWZyYW1lJTNF[\/vc_raw_html][\/vc_column][\/vc_row]<\/p>\n<\/div>","protected":false},"excerpt":{"rendered":"<p>[vc_row][vc_column width=&#8221;1\/6&#8243;][\/vc_column][vc_column width=&#8221;2\/3&#8243;][vc_raw_html]JTVCbWV0YXNsaWRlciUyMGlkJTNEJTIyODI1OSUyMiU1RA==[\/vc_raw_html][\/vc_column][vc_column width=&#8221;1\/6&#8243;][\/vc_column][\/vc_row][vc_row][vc_column width=&#8221;1\/1&#8243;][vc_column_text]Termin: 12.03 &#8211; 19.03.2022 Wyjazd dla os\u00f3b pe\u0142noletnich bardzo dobrze je\u017cd\u017c\u0105cych, posiadaj\u0105cych co najmniej tatrza\u0144skie do\u015bwiadczenie w je\u017cd\u017ceniu na nartach poza trasami. Op\u0142ata: 4 550 z\u0142 Cena zawiera: zakwaterowanie i wy\u017cywienie (\u015bniadania i obiadokolacje) transport na miejscu (odbi\u00f3r\/dow\u00f3z Grenoble , lotniska Grenoble i Lyon) 6 dni narciarstwa, w tym 4 dni z miejscowymi przewodnikami Dodatkowo: Dojazd w\u0142asny Ubezpieczenie we w\u0142asnym zakresie (Sugerowane ubezpieczenie ALPEN VERRIEN lub PZU BEZPIECZNY POWR\u00d3T) Karnety narciarskie (ok 300 euro\/tydzie\u0144) 2 000 z\u0142 \u2013 zaliczka (od osoby) p\u0142atna w momencie zapisu na ob\u00f3z, pozosta\u0142a kwota p\u0142atna najp\u00f3\u017aniej na 30 dni przed rozpocz\u0119ciem obozu. Zakwaterowanie: La Grave to ma\u0142a \u015bredniowieczna wioska zupe\u0142nie r\u00f3\u017cnica si\u0119 klimatem i wygl\u0105dem od typowego francuskiego kurortu. G\u0142\u00f3wnym punktem na mapie wioski jest oczywi\u015bcie dolna stacja kolejki. Obydwa miejsca w kt\u00f3rym \u015bpimy znajduj\u0105 si\u0119 3 minuty pieszo od tego kluczowego miejsca. Gite le Rocher Pierwszy budynek za tabliczka \u201eLa Grave\u201d. Miejsce bardzo charakterystyczne i nie chodzi o kszta\u0142t budynku tylko to jak go\u015bcie si\u0119 czuj\u0105 w \u015brodku, a czuj\u0105 si\u0119 jak rodzina. My\u015bl\u0119 ze miejsce nale\u017cy okre\u015bli\u0107 jako po\u0142\u0105czenie schroniska g\u00f3rskiego i hostelu w francuskim stylu. Tutaj \u015bpi cz\u0119\u015b\u0107 grupy oraz tutaj jemy \u015bniadania i obiadokolacje. Czasem odbywaj\u0105 si\u0119 [&hellip;]<\/p>\n","protected":false},"author":6,"featured_media":0,"parent":66,"menu_order":0,"comment_status":"closed","ping_status":"closed","template":"","meta":{"_acf_changed":false,"_mo_disable_npp":"","_vp_format_video_url":"","_vp_image_focal_point":[],"footnotes":""},"class_list":["post-8075","page","type-page","status-publish","hentry"],"acf":[],"aioseo_notices":[],"_links":{"self":[{"href":"https:\/\/deski.org\/en\/wp-json\/wp\/v2\/pages\/8075","targetHints":{"allow":["GET"]}}],"collection":[{"href":"https:\/\/deski.org\/en\/wp-json\/wp\/v2\/pages"}],"about":[{"href":"https:\/\/deski.org\/en\/wp-json\/wp\/v2\/types\/page"}],"author":[{"embeddable":true,"href":"https:\/\/deski.org\/en\/wp-json\/wp\/v2\/users\/6"}],"replies":[{"embeddable":true,"href":"https:\/\/deski.org\/en\/wp-json\/wp\/v2\/comments?post=8075"}],"version-history":[{"count":17,"href":"https:\/\/deski.org\/en\/wp-json\/wp\/v2\/pages\/8075\/revisions"}],"predecessor-version":[{"id":12930,"href":"https:\/\/deski.org\/en\/wp-json\/wp\/v2\/pages\/8075\/revisions\/12930"}],"up":[{"embeddable":true,"href":"https:\/\/deski.org\/en\/wp-json\/wp\/v2\/pages\/66"}],"wp:attachment":[{"href":"https:\/\/deski.org\/en\/wp-json\/wp\/v2\/media?parent=8075"}],"curies":[{"name":"wp","href":"https:\/\/api.w.org\/{rel}","templated":true}]}}